{"id":10468,"date":"2025-07-15T15:05:02","date_gmt":"2025-07-15T18:05:02","guid":{"rendered":"https:\/\/consbahiablanca.esteri.it\/?page_id=10468"},"modified":"2025-11-24T13:33:01","modified_gmt":"2025-11-24T16:33:01","slug":"otras-actas-de-estado-civil","status":"publish","type":"page","link":"https:\/\/consbahiablanca.esteri.it\/es\/servizi-consolari-e-visti\/servizi-per-il-cittadino-italiano\/stato-civile\/otras-actas-de-estado-civil\/","title":{"rendered":"Otras actas de estado civil"},"content":{"rendered":"<p><strong>Reestablecimiento del apellido<\/strong><\/p>\n<p>Esta solicitud debe ser enviada a trav\u00e9s mail a <a href=\"mailto:aire.bahiablanca@esteri.it\">aire.bahiablanca@esteri.it<\/a> , y para ello, se deber\u00e1 presentar la siguiente documentaci\u00f3n:<\/p>\n<ul>\n<li>formulario de solicitud completado y firmado (<strong><a href=\"https:\/\/consbahiablanca.esteri.it\/wp-content\/uploads\/2025\/07\/Istanza-ripristino-cognome-maggiorenne.pdf\">mayor de edad<\/a> &#8211; <a href=\"https:\/\/consbahiablanca.esteri.it\/wp-content\/uploads\/2025\/07\/Istanza-ripristino-cognome-minore.pdf\">menor de edad<\/a><\/strong><strong>).<\/strong><\/li>\n<\/ul>\n<p><strong>Cambio de nombre o apellido<\/strong><\/p>\n<p>De acuerdo con los art\u00edculos 84 y siguientes del D.P.R. 396 del 3.11.2000, para cambiar su nombre o apellido, la persona interesada debe presentar una solicitud por escrito.<\/p>\n<p>Esta solicitud puede ser enviada directamente a la Prefectura por parte del interesado o a trav\u00e9s del Consulado General, enviando un mail a aire.bahiablanca@esteri.it<\/p>\n<p><strong>Se se\u00f1ala que para cada solicitud se debe realizar un pago dell&#8217;<em>imposta di bollo<\/em> por 16 euros.<\/strong><\/p>\n<p><strong><u>COORDINATE BANCARIE PAGAMENTO IMPOSTA DI BOLLO <\/u>\u00a0<\/strong><\/p>\n<p><strong>BENEFICIARIO: Ministero dell\u2019Economia e delle Finanze<\/strong><\/p>\n<p><strong>IBAN: IT79Z0100003245BE00000000QK<\/strong><\/p>\n<p><strong>BIC: BITAITRRENT<\/strong><\/p>\n<p><strong>CAUSALE: \u2018codice fiscale del contribuente\u2019 \u2013 Bollo su istanza Prefettura \u2013 anno di riferimento (AAAA) oppure mese\/anno (MM\/AAAA)<\/strong><\/p>\n<p><strong>IMPORTO: 16 euro<\/strong><\/p>\n<p>Para el caso de <u>mayores de edad<\/u>, ser\u00e1 necesario presentar la siguiente documentaci\u00f3n:<\/p>\n<ul>\n<li><strong> Declaraci\u00f3n de actualizaci\u00f3n de datos<\/strong> completa y firmada. (<em><a href=\"https:\/\/consbahiablanca.esteri.it\/wp-content\/uploads\/2025\/07\/1-DECLARACION-ACTUALIZACION-DE-DATOS.pdf\">DECLARACION ACTUALIZACION DE DATOS<\/a><\/em>)<\/li>\n<li><strong>Acta de nacimiento con anotaci\u00f3n marginal de adici\u00f3n del apellido materno<\/strong>, original, traducida al italiano por traductor p\u00fablico matriculado. NO se aceptan actas biling\u00fces para este servicio.<\/li>\n<li><strong>Solicitud de adici\u00f3n de apellido<\/strong> (<em><a href=\"https:\/\/consbahiablanca.esteri.it\/wp-content\/uploads\/2025\/07\/4-Mod_A_cambio_cognome_maggiorenni_Riconoscimento.pdf\">Mod_A_cambio_cognome_maggiorenni_<\/a><\/em>)<\/li>\n<li><strong>Declaraci\u00f3n jurada<\/strong> (<em><a href=\"https:\/\/consbahiablanca.esteri.it\/wp-content\/uploads\/2025\/07\/3-Autocertificazione-MAGGIORENNE.pdf\">Autocertificazione MAGGIORENNE<\/a><\/em>)<\/li>\n<li>Copia del DNI (ambos lados) con domicilio actualizado y comprobante de residencia. *Se recuerda que las declaraciones sustitutivas estar\u00e1n sujetas a verificaci\u00f3n y que en caso de declaraciones falsas se proceder\u00e1 a denunciar ante las Autoridades judiciales.<\/li>\n<li>Modelo de declaraci\u00f3n de consentimiento de familiares, firmadas (madre, padre, hermanos\/as) completas. (<em><a href=\"https:\/\/consbahiablanca.esteri.it\/wp-content\/uploads\/2025\/07\/2-ASSENSO-DI-EVENTUALI-COINTERESSATI-bilingue_riconoscimento.pdf\">ASSENSO DI EVENTUALI COINTERESSATI bilingue<\/a><\/em>) <strong>con copia DNI<\/strong>, ambos lados, de los familiares declarantes.<\/li>\n<li>Recibo del pago de 16 euros realizado en favor del Bilancio dello Stato.<\/li>\n<\/ul>\n<p>IMPORTANTE: donde dice IL\/LA Sottoscritto\/a, debe completar <strong>con su apellido<\/strong> as\u00ed como est\u00e1 <strong>registrado en Italia<\/strong>, no puede completar con ambos apellidos hasta cuando no se autorice el cambio.<\/p>\n<p>IMPORTANTE: si el familiar que da su consentimiento no tiene ciudadan\u00eda deber\u00e1 completar y firmar ante un escribano p\u00fablico que certifique la firma. Si el familiar tiene ciudadan\u00eda italiana no es necesaria la certificaci\u00f3n de la firma.<\/p>\n<p>Para el caso de <u>menores de edad<\/u>, ser\u00e1 necesario presentar la siguiente documentaci\u00f3n:<\/p>\n<ul>\n<li><strong>Declaraci\u00f3n de actualizaci\u00f3n de datos<\/strong> completa y firmada por el padre y\/o madre italiano\/a. (<em><a href=\"https:\/\/consbahiablanca.esteri.it\/wp-content\/uploads\/2025\/07\/1-DECLARACION-ACTUALIZACION-DE-DATOS.pdf\">DECLARACION ACTUALIZACION DE DATOS<\/a><\/em>)<\/li>\n<li><strong>Acta de nacimiento con anotaci\u00f3n marginal de adici\u00f3n del apellido materno<\/strong>, original, traducida al italiano por traductor p\u00fablico matriculado. NO se aceptan actas biling\u00fces para este servicio.<\/li>\n<li><strong>Solicitud de adici\u00f3n de apellido<\/strong> (<em><a href=\"https:\/\/consbahiablanca.esteri.it\/wp-content\/uploads\/2025\/07\/4-Mod.C.-ISTANZA_cognome_minore.pdf\">Mod. C. Istanza di cambiamento del cognome per minore<\/a><\/em>).<\/li>\n<li><strong>Declaraci\u00f3n jurada<\/strong> (<em><a href=\"https:\/\/consbahiablanca.esteri.it\/wp-content\/uploads\/2025\/07\/3-Autocertificazione-per-MINORENNE.pdf\">Autocertificazione MINORENNE<\/a><\/em>)<\/li>\n<li><strong>Copia del DNI<\/strong> (ambos lados) con domicilio actualizado y comprobante de residencia.<\/li>\n<li>Modelo de declaraci\u00f3n de consentimiento de familiares, firmadas (madre, padre, hermanos\/as) completas. (<em><a href=\"https:\/\/consbahiablanca.esteri.it\/wp-content\/uploads\/2025\/07\/2-ASSENSO-DI-EVENTUALI-COINTERESSATI-bilingue_riconoscimento.pdf\">2-ASSENSO DI EVENTUALI COINTERESSATI bilingue<\/a><\/em>) <strong>con copia DNI<\/strong>, ambos lados, de los familiares declarantes.<\/li>\n<li>Recibo del pago de 16 euros realizado en favor del Bilancio dello Stato.<\/li>\n<\/ul>\n<p>IMPORTANTE: donde dice IL\/LA Sottoscritto\/a, debe completar <strong>con su apellido<\/strong> as\u00ed como est\u00e1 <strong>registrado en Italia<\/strong>, no puede completar con ambos apellidos hasta cuando no se autorice el cambio.<\/p>\n<p>IMPORTANTE: si el familiar que da su consentimiento no tiene ciudadan\u00eda deber\u00e1 completar y firmar ante un escribano p\u00fablico que certifique la firma. Si el familiar tiene ciudadan\u00eda italiana no es necesaria la certificaci\u00f3n de la firma.<\/p>\n<p><strong>Cambio de g\u00e9nero<\/strong><\/p>\n<p>Para solicitar el registro del cambio de g\u00e9nero, ser\u00e1 necesario enviar la siguiente documentaci\u00f3n a la Oficina de Estado Civil (bahiablanca.statociv@esteri.it):<\/p>\n<ul>\n<li>autocertificaci\u00f3n completada y firmada, indicando que el procedimiento a realizar es el \u00abcambio de g\u00e9nero\u00bb;<\/li>\n<li>documento de identidad actualizado;<\/li>\n<li>copia completa del acta de nacimiento original emitida por el Registro Civil con legalizaci\u00f3n digital en formato GEDO;<\/li>\n<li>disposici\u00f3n administrativa argentina que solicita la modificaci\u00f3n del registro de sexo y nombre;<\/li>\n<li>nuevo acta redactada de acuerdo con la disposici\u00f3n.<\/li>\n<\/ul>\n<p>Todos los documentos deben estar acompa\u00f1ados de una apostilla digital emitida por el Ministerio de Asuntos Exteriores local o por el Colegio de Escribanos, junto con su traducci\u00f3n completa al italiano.<\/p>\n<p>*Se informa que\u00a0<u>la documentaci\u00f3n presentada en el Consulado General se enviar\u00e1 al Municipio correspondiente en Italia, donde un responsable de la Oficina de Estado Civil encargado de transcribir las actas puede solicitar toda la informaci\u00f3n necesaria para llevar a cabo dicha transcripci\u00f3n<\/u>.<\/p>\n","protected":false},"excerpt":{"rendered":"Reestablecimiento del apellido Esta solicitud debe ser enviada a trav\u00e9s mail a aire.bahiablanca@esteri.it , y para ello, se deber\u00e1 presentar la siguiente documentaci\u00f3n: formulario de solicitud completado y firmado (mayor de edad &#8211; menor de edad). Cambio de nombre o apellido De acuerdo con los art\u00edculos 84 y siguientes del D.P.R. 396 del 3.11.2000, para [&hellip;]","protected":false},"author":5,"featured_media":0,"parent":214,"menu_order":5,"comment_status":"closed","ping_status":"closed","template":"","meta":{"footnotes":""},"class_list":["post-10468","page","type-page","status-publish","hentry"],"_links":{"self":[{"href":"https:\/\/consbahiablanca.esteri.it\/es\/wp-json\/wp\/v2\/pages\/10468","targetHints":{"allow":["GET"]}}],"collection":[{"href":"https:\/\/consbahiablanca.esteri.it\/es\/wp-json\/wp\/v2\/pages"}],"about":[{"href":"https:\/\/consbahiablanca.esteri.it\/es\/wp-json\/wp\/v2\/types\/page"}],"author":[{"embeddable":true,"href":"https:\/\/consbahiablanca.esteri.it\/es\/wp-json\/wp\/v2\/users\/5"}],"replies":[{"embeddable":true,"href":"https:\/\/consbahiablanca.esteri.it\/es\/wp-json\/wp\/v2\/comments?post=10468"}],"version-history":[{"count":5,"href":"https:\/\/consbahiablanca.esteri.it\/es\/wp-json\/wp\/v2\/pages\/10468\/revisions"}],"predecessor-version":[{"id":12129,"href":"https:\/\/consbahiablanca.esteri.it\/es\/wp-json\/wp\/v2\/pages\/10468\/revisions\/12129"}],"up":[{"embeddable":true,"href":"https:\/\/consbahiablanca.esteri.it\/es\/wp-json\/wp\/v2\/pages\/214"}],"wp:attachment":[{"href":"https:\/\/consbahiablanca.esteri.it\/es\/wp-json\/wp\/v2\/media?parent=10468"}],"curies":[{"name":"wp","href":"https:\/\/api.w.org\/{rel}","templated":true}]}}