{"id":10737,"date":"2025-08-21T09:09:59","date_gmt":"2025-08-21T12:09:59","guid":{"rendered":"https:\/\/consbahiablanca.esteri.it\/?page_id=10737"},"modified":"2025-08-21T09:21:06","modified_gmt":"2025-08-21T12:21:06","slug":"readquisicion-de-la-ciudadania-por-adhesion-al-acuerdo-italo-argentino-sobre-doble-ciudadania","status":"publish","type":"page","link":"https:\/\/consbahiablanca.esteri.it\/es\/servizi-consolari-e-visti\/servizi-per-il-cittadino-straniero\/cittadinanza\/readquisicion-de-la-ciudadania-por-adhesion-al-acuerdo-italo-argentino-sobre-doble-ciudadania\/","title":{"rendered":"Readquisici\u00f3n de la ciudadan\u00eda por adhesi\u00f3n al Acuerdo \u00edtalo-argentino sobre doble ciudadan\u00eda"},"content":{"rendered":"<p>Desde el\u00a0<strong>12 de septiembre de 1974<\/strong>, existe un Acuerdo, destinado exclusivamente a\u00a0<strong>ciudadanos italianos desde el nacimiento<\/strong>, que establece que\u00a0<strong>la adquisici\u00f3n de la ciudadan\u00eda argentina no implica la p\u00e9rdida de la ciudadan\u00eda italiana.<\/strong><\/p>\n<ul>\n<li>Si la\u00a0<strong>naturalizaci\u00f3n<\/strong>\u00a0se produjo\u00a0<strong>antes del 12 de septiembre de 1974<\/strong>, es posible solicitar la\u00a0<strong>adhesi\u00f3n a dicho Acuerdo ante el Poder Judicial argentino con el fin de\u00a0<u>readquirir<\/u>\u00a0la ciudadan\u00eda\u00a0<\/strong>italiana \u201c<em>quiescente<\/em>\u201d, es decir, sin poder ejercer los derechos civiles vinculados a dicha ciudadan\u00eda.<\/li>\n<\/ul>\n<p>Quien haya adherido al Acuerdo y posea, por tanto, la ciudadan\u00eda italiana \u201c<em>quiescente<\/em>\u201d,\u00a0<strong>puede<\/strong>\u00a0<strong>readquirir la \u201c<em>ciudadan\u00eda plena<\/em>\u201d,<\/strong>\u00a0realizando la \u201c<em>revocaci\u00f3n del Acuerdo\u201d<\/em>. Para ello, ser\u00e1 necesario enviar un correo electr\u00f3nico a la oficina de Ciudadan\u00eda (<a href=\"mailto:cittadinanza.buenosaires@esteri.it\"><strong>citt.bahiablanca@esteri.it<\/strong><\/a>) adjuntando la siguiente documentaci\u00f3n:<\/p>\n<ul>\n<li>acta de nacimiento;<\/li>\n<li>copia certificada de la sentencia de naturalizaci\u00f3n;<\/li>\n<li>copia certificada de la sentencia de adhesi\u00f3n al Acuerdo;<\/li>\n<li>documento de identidad vigente;<\/li>\n<li>datos de contacto (nombre, tel\u00e9fono y correo electr\u00f3nico).<\/li>\n<\/ul>\n<ul>\n<li>Si la\u00a0<strong>naturalizaci\u00f3n<\/strong>\u00a0se produjo\u00a0<strong>despu\u00e9s del 12 de septiembre de 1974<\/strong>\u00a0y en el momento de la misma\u00a0<strong>se manifest\u00f3 la voluntad de adhesi\u00f3n al Acuerdo, la ciudadan\u00eda italiana se mantuvo, pero en estado \u201c<em>quiescente<\/em>\u201d.<\/strong><\/li>\n<\/ul>\n<p><strong>Para readquirir la<\/strong>\u00a0<strong>\u201c<em>ciudadan\u00eda plena<\/em>\u201d<\/strong>, es posible realizar la\u00a0<em>\u201crevocaci\u00f3n del Acuerdo\u201d<\/em>. Para ello, ser\u00e1 necesario enviar un correo electr\u00f3nico a la oficina de Ciudadan\u00eda (<a href=\"mailto:cittadinanza.buenosaires@esteri.it\"><strong>citt.buenosaires@esteri.it<\/strong><\/a>), adjuntando la siguiente documentaci\u00f3n:<\/p>\n<ul>\n<li>copia certificada de la sentencia de naturalizaci\u00f3n donde conste expresamente la adhesi\u00f3n al Acuerdo;<\/li>\n<li>documento de identidad vigente;<\/li>\n<li>datos de contacto (nombre, tel\u00e9fono y correo electr\u00f3nico).<\/li>\n<\/ul>\n<ul>\n<li>Si la\u00a0<strong>naturalizaci\u00f3n<\/strong>\u00a0se produjo\u00a0<strong>despu\u00e9s del 12 de septiembre de 1974 y no se manifest\u00f3 contextualmente la voluntad de adherir al Acuerdo, la ciudadan\u00eda italiana puede readquirirse conforme a las siguientes disposiciones:<\/strong><\/li>\n<li><strong>Art\u00edculo 13 de la Ley 91\/92:<\/strong><\/li>\n<\/ul>\n<ol>\n<li><em>\u201cQuien haya perdido la ciudadan\u00eda la readquiere:<\/em><\/li>\n<\/ol>\n<p><em>a) si presta servicio militar efectivo para el Estado italiano y declara previamente su voluntad de readquirirla;<\/em><\/p>\n<p><em>b) si, al asumir o haber asumido un empleo p\u00fablico dependiente del Estado, incluso en el exterior, declara su voluntad de readquirirla;<\/em><\/p>\n<p><em>c) si declara su voluntad de readquirirla y ha establecido o establece, dentro del a\u00f1o siguiente a la declaraci\u00f3n, residencia en el territorio de la Rep\u00fablica Italiana;<\/em><\/p>\n<p><em>d) luego de un a\u00f1o desde que ha fijado residencia en el territorio de la Rep\u00fablica Italiana, salvo renuncia expresa dentro del mismo plazo;<\/em><\/p>\n<p><em>e) si, habi\u00e9ndola perdido por no haber cumplido con la intimaci\u00f3n de abandonar un cargo o empleo aceptado en un Estado, entidad p\u00fablica extranjera o entidad internacional, o por prestar servicio militar en un Estado extranjero, declara su voluntad de readquirirla, siempre que haya residido al menos dos a\u00f1os en el territorio de la Rep\u00fablica y demuestre haber abandonado el cargo, empleo o servicio militar aceptado o prestado en contravenci\u00f3n a lo establecido en el art\u00edculo 12, inciso 1.<\/em><\/p>\n<ol start=\"2\">\n<li><em>No se admite la readquisici\u00f3n de la ciudadan\u00eda a favor de quien la haya perdido conforme al art\u00edculo 3, inciso 3, y al art\u00edculo 12, inciso 2.<\/em><\/li>\n<li><em>En los casos indicados en el inciso 1, letras c), d) y e), la readquisici\u00f3n no surtir\u00e1 efecto si es impedida por decreto del Ministro del Interior por motivos graves y debidamente comprobados, y con dictamen conforme del Consejo de Estado. Dicha inhibici\u00f3n podr\u00e1 disponerse dentro del plazo de un a\u00f1o desde que se verificaron las condiciones establecidas.<\/em>\u201d<\/li>\n<\/ol>\n<ul>\n<li><strong><u>Art\u00edculo 17 de la Ley 91\/92, modificado por la\u00a0<a href=\"https:\/\/www.gazzettaufficiale.it\/eli\/id\/2025\/05\/23\/25G00082\/SG\">Ley n.\u00ba 74 del 24 de mayo de 2025<\/a>,\u00a0<\/u><\/strong><u>el cual prev\u00e9 la posibilidad de realizar una declaraci\u00f3n en tal sentido a partir del 1 de julio de 2025 y hasta el 31 de diciembre de 2027.<\/u><\/li>\n<\/ul>\n","protected":false},"excerpt":{"rendered":"Desde el\u00a012 de septiembre de 1974, existe un Acuerdo, destinado exclusivamente a\u00a0ciudadanos italianos desde el nacimiento, que establece que\u00a0la adquisici\u00f3n de la ciudadan\u00eda argentina no implica la p\u00e9rdida de la ciudadan\u00eda italiana. Si la\u00a0naturalizaci\u00f3n\u00a0se produjo\u00a0antes del 12 de septiembre de 1974, es posible solicitar la\u00a0adhesi\u00f3n a dicho Acuerdo ante el Poder Judicial argentino con el [&hellip;]","protected":false},"author":5,"featured_media":0,"parent":224,"menu_order":10,"comment_status":"closed","ping_status":"closed","template":"","meta":{"footnotes":""},"class_list":["post-10737","page","type-page","status-publish","hentry"],"_links":{"self":[{"href":"https:\/\/consbahiablanca.esteri.it\/es\/wp-json\/wp\/v2\/pages\/10737","targetHints":{"allow":["GET"]}}],"collection":[{"href":"https:\/\/consbahiablanca.esteri.it\/es\/wp-json\/wp\/v2\/pages"}],"about":[{"href":"https:\/\/consbahiablanca.esteri.it\/es\/wp-json\/wp\/v2\/types\/page"}],"author":[{"embeddable":true,"href":"https:\/\/consbahiablanca.esteri.it\/es\/wp-json\/wp\/v2\/users\/5"}],"replies":[{"embeddable":true,"href":"https:\/\/consbahiablanca.esteri.it\/es\/wp-json\/wp\/v2\/comments?post=10737"}],"version-history":[{"count":4,"href":"https:\/\/consbahiablanca.esteri.it\/es\/wp-json\/wp\/v2\/pages\/10737\/revisions"}],"predecessor-version":[{"id":10745,"href":"https:\/\/consbahiablanca.esteri.it\/es\/wp-json\/wp\/v2\/pages\/10737\/revisions\/10745"}],"up":[{"embeddable":true,"href":"https:\/\/consbahiablanca.esteri.it\/es\/wp-json\/wp\/v2\/pages\/224"}],"wp:attachment":[{"href":"https:\/\/consbahiablanca.esteri.it\/es\/wp-json\/wp\/v2\/media?parent=10737"}],"curies":[{"name":"wp","href":"https:\/\/api.w.org\/{rel}","templated":true}]}}