{"id":10760,"date":"2025-08-22T13:20:32","date_gmt":"2025-08-22T16:20:32","guid":{"rendered":"https:\/\/consbahiablanca.esteri.it\/?page_id=10760"},"modified":"2025-08-22T13:31:03","modified_gmt":"2025-08-22T16:31:03","slug":"declaraciones-de-valor-de-titulos-de-estudio","status":"publish","type":"page","link":"https:\/\/consbahiablanca.esteri.it\/es\/servizi-consolari-e-visti\/servizi-per-il-cittadino-straniero\/declaraciones-de-valor-de-titulos-de-estudio\/","title":{"rendered":"Declaraciones de valor de t\u00edtulos de estudio"},"content":{"rendered":"<p>La declaraci\u00f3n de valor debe ser solicitada en el Consulado\u00a0<strong><u>competente territorialmente<\/u><\/strong>, es decir, en el\u00a0<strong>territorio donde fue expedido el t\u00edtulo<\/strong>\u00a0(ver Circunscripci\u00f3n Consular de Bah\u00eda Blanca:\u00a0<a href=\"https:\/\/consbahiablanca.esteri.it\/consolato_bahiablanca\/es\/il_consolato\/la_rete_consolare\/la-rete-consolare.html\">https:\/\/consbahiablanca.esteri.it\/consolato_bahiablanca\/es\/il_consolato\/la_rete_consolare\/la-rete-consolare.html<\/a>\u00a0).<\/p>\n<p>Es importante aclarar que \u201cLa Declaraci\u00f3n de Valor\u00a0<u>no implica reconocimiento alguno, equivalencia u homologaci\u00f3n<\/u>\u00a0del t\u00edtulo de estudio al que se hace referencia; es un documento de naturaleza exclusivamente informativa, que tiene como \u00fanica finalidad la de describir el valor adquirido del t\u00edtulo de estudio del pa\u00eds de origen. El reconocimiento o la equivalencia de los t\u00edtulos son de competencia de las espec\u00edficas Autoridades italianas\u201d.<\/p>\n<p>El t\u00edtulo debe haber sido emitido en la Circunscripci\u00f3n Consular de Bah\u00eda Blanca y\u00a0<u>debe indicar el promedio final<\/u>.<\/p>\n<p>Es necesario presentar la siguiente documentaci\u00f3n:<\/p>\n<p>Si se trata del\u00a0<strong>t\u00edtulo secundario<\/strong>:<\/p>\n<ul>\n<li><u>T\u00edtulo y Anal\u00edtico original<\/u>\u00a0con la Apostilla \u2013 Convenci\u00f3n de la Haya (Ministerio de Relaciones Exteriores, Comercio internacional y Culto) y su correspondiente traducci\u00f3n realizada por traductor p\u00fablico matriculado (puede consultar una lista de traductores con firma registrada en este Consulado en el siguiente enlace:\u00a0<a href=\"https:\/\/consbahiablanca.esteri.it\/es\/servizi-consolari-e-visti\/servizi-per-il-cittadino-italiano\/traduzione-e-legalizzazione-dei-documenti\/\">Traducci\u00f3n y legalizaci\u00f3n de documentos \u2013 Consolato Generale d\u2019Italia Bahia Blanca (esteri.it)<\/a>;\u00a0<strong>como indicado en el link anterior, la firma del traductor debe estar legalizada por el Colegio de Traductores competente y posteriormente debe estar apostillado.<\/strong><\/li>\n<li>Una copia del DNI del interesado\/a;<\/li>\n<li>M\u00f3dulo <a href=\"https:\/\/consbahiablanca.esteri.it\/wp-content\/uploads\/2025\/05\/MODULO-RICHIESTA-POLISPORTELLO-aggiornato-2025.pdf\">Polisportello<\/a> completo con sus datos personales, fechado y firmado en original;<\/li>\n<li>El comprobante de pago por la Declaraci\u00f3n de Valor (consultar por los valores actualizados y la modalidad de pago del Art. 66 en el siguiente enlace:\u00a0<a href=\"https:\/\/consbahiablanca.esteri.it\/consolato_bahiablanca\/it\/i_servizi\/per_i_cittadini\/tariffe-consolari.html\">https:\/\/consbahiablanca.esteri.it\/consolato_bahiablanca\/it\/i_servizi\/per_i_cittadini\/tariffe-consolari.html<\/a>\u00a0).\u00a0<strong><u>Atenci\u00f3n:<\/u><\/strong>\u00a0<strong><u>NO<\/u><\/strong>\u00a0realizar el pago hasta tanto se confirme la asignaci\u00f3n del turno y se env\u00eden las indicaciones pertinentes.<\/li>\n<\/ul>\n<p>Si se trata de un\u00a0<strong>t\u00edtulo universitario \/ terciario<\/strong>\u00a0o de un\u00a0<strong>t\u00edtulo de especializaci\u00f3n post secundario<\/strong>\u00a0(de duraci\u00f3n bienal o trienal):<\/p>\n<p>Es necesario que el interesado se informe directamente con la instituci\u00f3n italiana que solicita la declaraci\u00f3n de valor, si necesita tambi\u00e9n la declaraci\u00f3n de valor del t\u00edtulo de secundaria, o si solo requiere la declaraci\u00f3n de valor del t\u00edtulo universitario\/terciario o del t\u00edtulo de especializaci\u00f3n postsecundaria (de duraci\u00f3n bienal o trienal). Esta Oficina no es responsable de eventuales solicitudes en Italia de declaraciones de valor complementarias.<\/p>\n<ul>\n<li><strong><u>T\u00edtulo y Anal\u00edtico original<\/u><\/strong> con la Apostilla \u2013 Convenci\u00f3n de la Haya (Ministerio de Relaciones Exteriores, Comercio Internacional y Culto) y su correspondiente traducci\u00f3n realizada por traductor p\u00fablico matriculado (puede consultar una lista de traductores con firma registrada en este Consulado en el siguiente enlace<a href=\"https:\/\/consbahiablanca.esteri.it\/es\/servizi-consolari-e-visti\/servizi-per-il-cittadino-italiano\/traduzione-e-legalizzazione-dei-documenti\/\">:\u00a0Traducci\u00f3n y legalizaci\u00f3n de documentos \u2013 Consolato Generale d\u2019Italia Bahia Blanca (esteri.it)<\/a>;\u00a0<strong>como indicado en el link anterior, la firma del traductor debe estar legalizada por el Colegio de Traductores competente y posteriormente debe estar apostillado.<\/strong><\/li>\n<li>Una copia del DNI del interesado\/a;<\/li>\n<li><strong>Programas de estudio en curso \/ o del curso de grado de cada materia<\/strong>\u00a0(sellados y numerados por la Instituci\u00f3n competente) no es necesaria la legalizaci\u00f3n ni la traducci\u00f3n;<\/li>\n<li><strong>Certificaci\u00f3n original en papel membretado otorgada por la Universidad \/ Instituto<\/strong>\u00a0en la cual resulten\u00a0<strong>los a\u00f1os de estudio previstos para obtener el t\u00edtulo, el a\u00f1o de ingreso a dicha instituci\u00f3n y el de egreso<\/strong>. No es necesaria la legalizaci\u00f3n ni la traducci\u00f3n;<\/li>\n<li><strong>Certificaci\u00f3n original en papel membretado otorgada por la Universidad \/ Instituto<\/strong>\u00a0donde se especifique el\u00a0<strong>alcance del t\u00edtulo obtenido y la resoluci\u00f3n relativa al plan de estudio<\/strong>. No es necesaria la legalizaci\u00f3n ni la traducci\u00f3n;<\/li>\n<li>En el caso de\u00a0<strong>t\u00edtulos post secundarios (no universitarios) otorgados por instituciones privadas<\/strong>\u00a0deber\u00e1 presentarse la\u00a0<strong>copia de la resoluci\u00f3n ministerial argentina que reconoce la validez del curso<\/strong>\u00a0(sin legalizaci\u00f3n ni traducci\u00f3n);<\/li>\n<li>En el caso de que la \u201cDichiarazione di Valore\u201d sea solicitada para obtener el\u00a0<u>reconocimiento del t\u00edtulo profesional o acad\u00e9mico en Italia<\/u>\u00a0es necesario presentar\u00a0<strong>Certificaci\u00f3n otorgada por la Autoridad competente donde resulte la inscripci\u00f3n en el Colegio Profesional y el relativo n\u00famero de matr\u00edcula, en original<\/strong>, legalizada con la Apostilla de La Haya y la traducci\u00f3n en italiano por traductor p\u00fablico (rigen las mismas indicaciones que para el t\u00edtulo, la certificaci\u00f3n debe ser traducida, la firma del traductor debe esta legalizada por el Colegio de Traductores competente, y luego se debe apostillar).<\/li>\n<li>M\u00f3dulo\u00a0<a href=\"https:\/\/consbahiablanca.esteri.it\/wp-content\/uploads\/2025\/05\/MODULO-RICHIESTA-POLISPORTELLO-aggiornato-2025.pdf\">Polisportello<\/a> completo con datos personales, fechado y firmado en original.<\/li>\n<li>El comprobante de pago por la Declaraci\u00f3n de Valor (consultar por los valores actualizados y la modalidad de pago del Art. 66 en el siguiente enlace:\u00a0<a href=\"https:\/\/consbahiablanca.esteri.it\/consolato_bahiablanca\/it\/i_servizi\/per_i_cittadini\/tariffe-consolari.html\">https:\/\/consbahiablanca.esteri.it\/consolato_bahiablanca\/it\/i_servizi\/per_i_cittadini\/tariffe-consolari.html<\/a>\u00a0).\u00a0<strong><u>Atenci\u00f3n:<\/u><\/strong>\u00a0<strong><u>NO<\/u><\/strong>\u00a0realizar el pago hasta tanto se confirme la asignaci\u00f3n del turno y se env\u00eden las indicaciones pertinentes.<\/li>\n<\/ul>\n<p><strong>\u00a0<\/strong><strong><u>La documentaci\u00f3n debe ser enviada y entregada ante el consulado en el orden indicado.<\/u><\/strong><\/p>\n<p><strong>\u00a0<\/strong>Al momento de enviar el escaneo,\u00a0<strong>debe indicar en el texto del mail<\/strong>:<\/p>\n<ol>\n<li><u>Denominaci\u00f3n del t\u00edtulo<\/u>\u00a0sobre el que se solicita la declaraci\u00f3n de valor. Si se trata de un t\u00edtulo universitario o superior indicar\u00a0<u>duraci\u00f3n legal de la carrera<\/u>;<\/li>\n<li>En el caso de t\u00edtulos universitarios\u00a0<u>indicar los estudios que dieron acceso a la universidad<\/u>: primario, secundario, terciario, estudios cursados en el extranjero, etc. Indicar qu\u00e9 instituci\u00f3n emiti\u00f3 el t\u00edtulo que dio acceso a la universidad.<\/li>\n<li><u>Motivo<\/u>\u00a0por el que se solicita la declaraci\u00f3n de valor: continuaci\u00f3n de estudios, homologaci\u00f3n o reconocimiento del t\u00edtulo con fines laborales o profesionales.<\/li>\n<\/ol>\n<p><strong><u>Nota:<\/u><\/strong>\u00a0el tr\u00e1mite es gratuito por\u00a0<u>motivos de estudio documentados<\/u>\u00a0(por ejemplo, con carta de aceptaci\u00f3n de la Universidad, inscripci\u00f3n, mail formal de la Universidad con el cual se solicita la DV, etc.).<\/p>\n<p>La documentaci\u00f3n puede ser presentada por otra persona en su nombre siempre que disponga de una nota de\u00a0<u>autorizaci\u00f3n firmada por el interesado<\/u>.<\/p>\n<p>Es necesario que se env\u00ede copia de la documentaci\u00f3n solicitada para su control a este mismo correo electr\u00f3nico\u00a0<strong>previo a la solicitud del turno<\/strong>, preferentemente en formato PDF (IMPORTANTE no es posible abrir links de Google Drive o similar). Una vez realizado el control, se asignar\u00e1 un turno para presentar la <strong>documentaci\u00f3n en original<\/strong>.<\/p>\n<p><strong><u>Importante<\/u><\/strong>: el tr\u00e1mite tiene una demora de 7 d\u00edas posteriores a la recepci\u00f3n de la documentaci\u00f3n original.<\/p>\n<p>En ausencia de la documentaci\u00f3n anteriormente detallada, el Consulado General NO podr\u00e1 emitir la \u00abDichiarazione di Valore\u00bb.<\/p>\n<p>El mail a utilizar para el servicio de \u201cDichiarazione di Valore\u201d es\u00a0<a href=\"mailto:notarile.bahiablanca@esteri.it\">notarile.bahiablanca@esteri.it<\/a><\/p>\n","protected":false},"excerpt":{"rendered":"La declaraci\u00f3n de valor debe ser solicitada en el Consulado\u00a0competente territorialmente, es decir, en el\u00a0territorio donde fue expedido el t\u00edtulo\u00a0(ver Circunscripci\u00f3n Consular de Bah\u00eda Blanca:\u00a0https:\/\/consbahiablanca.esteri.it\/consolato_bahiablanca\/es\/il_consolato\/la_rete_consolare\/la-rete-consolare.html\u00a0). Es importante aclarar que \u201cLa Declaraci\u00f3n de Valor\u00a0no implica reconocimiento alguno, equivalencia u homologaci\u00f3n\u00a0del t\u00edtulo de estudio al que se hace referencia; es un documento de naturaleza exclusivamente informativa, que [&hellip;]","protected":false},"author":5,"featured_media":0,"parent":206,"menu_order":10,"comment_status":"closed","ping_status":"closed","template":"","meta":{"footnotes":""},"class_list":["post-10760","page","type-page","status-publish","hentry"],"_links":{"self":[{"href":"https:\/\/consbahiablanca.esteri.it\/es\/wp-json\/wp\/v2\/pages\/10760","targetHints":{"allow":["GET"]}}],"collection":[{"href":"https:\/\/consbahiablanca.esteri.it\/es\/wp-json\/wp\/v2\/pages"}],"about":[{"href":"https:\/\/consbahiablanca.esteri.it\/es\/wp-json\/wp\/v2\/types\/page"}],"author":[{"embeddable":true,"href":"https:\/\/consbahiablanca.esteri.it\/es\/wp-json\/wp\/v2\/users\/5"}],"replies":[{"embeddable":true,"href":"https:\/\/consbahiablanca.esteri.it\/es\/wp-json\/wp\/v2\/comments?post=10760"}],"version-history":[{"count":2,"href":"https:\/\/consbahiablanca.esteri.it\/es\/wp-json\/wp\/v2\/pages\/10760\/revisions"}],"predecessor-version":[{"id":10768,"href":"https:\/\/consbahiablanca.esteri.it\/es\/wp-json\/wp\/v2\/pages\/10760\/revisions\/10768"}],"up":[{"embeddable":true,"href":"https:\/\/consbahiablanca.esteri.it\/es\/wp-json\/wp\/v2\/pages\/206"}],"wp:attachment":[{"href":"https:\/\/consbahiablanca.esteri.it\/es\/wp-json\/wp\/v2\/media?parent=10760"}],"curies":[{"name":"wp","href":"https:\/\/api.w.org\/{rel}","templated":true}]}}