{"id":12761,"date":"2026-01-16T09:12:11","date_gmt":"2026-01-16T12:12:11","guid":{"rendered":"https:\/\/consbahiablanca.esteri.it\/?page_id=12761"},"modified":"2026-03-03T08:49:42","modified_gmt":"2026-03-03T11:49:42","slug":"referendum-constitucional-confirmativo-22-y-23-marzo-2026","status":"publish","type":"page","link":"https:\/\/consbahiablanca.esteri.it\/es\/servizi-consolari-e-visti\/servizi-per-il-cittadino-italiano\/servizi-elettorali\/referendum-constitucional-confirmativo-22-y-23-marzo-2026\/","title":{"rendered":"Referendum Constitucional Confirmativo \u2013 22 y 23 marzo 2026"},"content":{"rendered":"<p data-start=\"51\" data-end=\"156\">Toda la informaci\u00f3n, los comunicados, los formularios y el calendario se publicar\u00e1n en esta secci\u00f3n.<\/p>\n<p data-start=\"158\" data-end=\"286\">Se ruega enviar cualquier consulta en materia electoral a la direcci\u00f3n de correo electr\u00f3nico: <a class=\"decorated-link cursor-pointer\" href=\"mailto:bahiablanca.elezioni@esteri.it\" rel=\"noopener\" data-start=\"256\" data-end=\"286\">bahiablanca.elezioni@esteri.it<\/a><\/p>\n<ul>\n<li data-start=\"288\" data-end=\"430\">Comunicado de convocatoria de las consultas y opci\u00f3n de voto en Italia para los electores inscritos en el A.I.R.E (<a href=\"https:\/\/consbahiablanca.esteri.it\/it\/news\/dal_consolato\/2026\/01\/voto-per-corrispondenza-dei-cittadini-italiani-allestero-e-opzione-per-il-voto-in-italia\/\">link a la noticia<\/a>).<\/li>\n<li data-start=\"288\" data-end=\"430\">Brochure informativa del Refer\u00e9ndum constitucional confirmatorio 2026 [<a href=\"https:\/\/consbahiablanca.esteri.it\/wp-content\/uploads\/2026\/01\/All.-1-Brochure-informativa-Referendum-2026.pdf\">DESCARGA LA BROCHURE<\/a>]: se recuerda que se enviar\u00e1n a Italia para el escrutinio solo las boletas que hayan sido entregadas a la oficina consular de referencia <strong>NO M\u00c1S TARDE de las 16:00 hora local del jueves 19 de MARZO de 2026<\/strong>.<\/li>\n<li data-start=\"288\" data-end=\"430\">Opci\u00f3n de los electores tempor\u00e1neamente en el exterior [<a href=\"https:\/\/consbahiablanca.esteri.it\/wp-content\/uploads\/2026\/01\/Allegato-comunicato-elettori-temporanei.pdf\">LINK AL COMUNICADO<\/a>] y [<a href=\"https:\/\/consbahiablanca.esteri.it\/wp-content\/uploads\/2026\/01\/Modello-Opzione-Temporanei-Referendum-2026.pdf\">LINK AL MODULO DE SOLICITUD<\/a>].<\/li>\n<li data-start=\"288\" data-end=\"430\"><a href=\"https:\/\/consbahiablanca.esteri.it\/es\/news\/dal_consolato\/2026\/02\/referendum-confirmativo-2026-riforma-della-giustizia-envio-de-los-sobres-electorales\/\">Indicaciones para votar y restituir el sobre electoral al Consulado<\/a> [link al <a href=\"https:\/\/consbahiablanca.esteri.it\/wp-content\/uploads\/2026\/02\/Foglio-informativo-Referendum-Riforma-della-giustizia.pdf\">foglio informativo<\/a>]<\/li>\n<li data-start=\"288\" data-end=\"430\">Solicitud y emisi\u00f3n de duplicados \u2013 <a href=\"https:\/\/consbahiablanca.esteri.it\/es\/news\/dal_consolato\/2026\/03\/referendum-constitucional-2026-emision-de-duplicados\/\">leer el comunicado<\/a><\/li>\n<\/ul>\n","protected":false},"excerpt":{"rendered":"Toda la informaci\u00f3n, los comunicados, los formularios y el calendario se publicar\u00e1n en esta secci\u00f3n. Se ruega enviar cualquier consulta en materia electoral a la direcci\u00f3n de correo electr\u00f3nico: bahiablanca.elezioni@esteri.it Comunicado de convocatoria de las consultas y opci\u00f3n de voto en Italia para los electores inscritos en el A.I.R.E (link a la noticia). Brochure informativa [&hellip;]","protected":false},"author":5,"featured_media":0,"parent":216,"menu_order":0,"comment_status":"closed","ping_status":"closed","template":"","meta":{"footnotes":""},"class_list":["post-12761","page","type-page","status-publish","hentry"],"_links":{"self":[{"href":"https:\/\/consbahiablanca.esteri.it\/es\/wp-json\/wp\/v2\/pages\/12761","targetHints":{"allow":["GET"]}}],"collection":[{"href":"https:\/\/consbahiablanca.esteri.it\/es\/wp-json\/wp\/v2\/pages"}],"about":[{"href":"https:\/\/consbahiablanca.esteri.it\/es\/wp-json\/wp\/v2\/types\/page"}],"author":[{"embeddable":true,"href":"https:\/\/consbahiablanca.esteri.it\/es\/wp-json\/wp\/v2\/users\/5"}],"replies":[{"embeddable":true,"href":"https:\/\/consbahiablanca.esteri.it\/es\/wp-json\/wp\/v2\/comments?post=12761"}],"version-history":[{"count":6,"href":"https:\/\/consbahiablanca.esteri.it\/es\/wp-json\/wp\/v2\/pages\/12761\/revisions"}],"predecessor-version":[{"id":13034,"href":"https:\/\/consbahiablanca.esteri.it\/es\/wp-json\/wp\/v2\/pages\/12761\/revisions\/13034"}],"up":[{"embeddable":true,"href":"https:\/\/consbahiablanca.esteri.it\/es\/wp-json\/wp\/v2\/pages\/216"}],"wp:attachment":[{"href":"https:\/\/consbahiablanca.esteri.it\/es\/wp-json\/wp\/v2\/media?parent=12761"}],"curies":[{"name":"wp","href":"https:\/\/api.w.org\/{rel}","templated":true}]}}