{"id":155,"date":"2023-08-02T16:04:16","date_gmt":"2023-08-02T14:04:16","guid":{"rendered":"https:\/\/consbahiablanca.esteri.it\/chi-siamo\/il-console-generale\/"},"modified":"2023-09-26T17:00:39","modified_gmt":"2023-09-26T15:00:39","slug":"il-console-generale","status":"publish","type":"page","link":"https:\/\/consbahiablanca.esteri.it\/es\/chi-siamo\/il-console-generale\/","title":{"rendered":"El C\u00f3nsul General"},"content":{"rendered":"<figure id=\"attachment_517\" aria-describedby=\"caption-attachment-517\" style=\"width: 282px\" class=\"wp-caption alignnone\"><img loading=\"lazy\" decoding=\"async\" class=\"size-medium wp-image-517 img-fluid\" src=\"https:\/\/consbahiablanca.esteri.it\/wp-content\/uploads\/2023\/09\/DSC_872008_23-282x300.jpg\" alt=\"\" width=\"282\" height=\"300\" srcset=\"https:\/\/consbahiablanca.esteri.it\/wp-content\/uploads\/2023\/09\/DSC_872008_23-282x300.jpg 282w, https:\/\/consbahiablanca.esteri.it\/wp-content\/uploads\/2023\/09\/DSC_872008_23-961x1024.jpg 961w, https:\/\/consbahiablanca.esteri.it\/wp-content\/uploads\/2023\/09\/DSC_872008_23-768x818.jpg 768w, https:\/\/consbahiablanca.esteri.it\/wp-content\/uploads\/2023\/09\/DSC_872008_23.jpg 1920w\" sizes=\"auto, (max-width: 282px) 100vw, 282px\" \/><figcaption id=\"caption-attachment-517\" class=\"wp-caption-text\">Il Console Generale Nicola Bazzani<\/figcaption><\/figure>\n<p style=\"text-align: justify;\"><strong>Nicola Bazzani<\/strong><\/p>\n<p style=\"text-align: justify;\">Graduado en Derecho por la Universidad de Estudios de Siena.<\/p>\n<p style=\"text-align: justify;\">Graduado en Ciencias Pol\u00edticas, Relaciones Internacionales, Universidad de Firenze (Escuela de Ciencias Pol\u00edticas \u201cCesare Alfieri\u201d).<\/p>\n<p style=\"text-align: justify;\">Magister Juris por la Universidad de Oxford (Christ Church College): Master en derecho internacional, comparado y comercial.<\/p>\n<p style=\"text-align: justify;\">Abogado.<\/p>\n<p style=\"text-align: justify;\">Agente de la Polizia di Stato.<\/p>\n<p style=\"text-align: justify;\">Desde el 2004 en la carrera diplom\u00e1tica. En la Farnesina me ocup\u00e9 inicialmente de Naciones Unidas y, sucesivamente, de Am\u00e9rica del Norte, Cooperaci\u00f3n cultural y Cooperaci\u00f3n para el desarrollo.<\/p>\n<p style=\"text-align: justify;\">Prest\u00e9 servicio en la Embajada de Italia en Irak como Primer Secretario. He sido Vicario del Jefe de Misi\u00f3n en la Embajada Italiana en Nigeria (que cubre tambi\u00e9n Ben\u00edn y la Comunidad Econ\u00f3mica de los Estados de \u00c1frica Occidental) y Vicario del Jefe de Misi\u00f3n en la Embajada Italiana en Afganist\u00e1n.<\/p>\n<p style=\"text-align: justify;\">He trabajado para el Servicio Europeo para la Acci\u00f3n Externa-SEAE en la delegaci\u00f3n de la Uni\u00f3n Europea en Bagdad, ocup\u00e1ndome de cuestiones energ\u00e9ticas, derechos humanos, pol\u00edtica interna.<\/p>\n<p style=\"text-align: justify;\">Recientemente he sido Subjefe de la secci\u00f3n de Energ\u00eda, Clima y Transici\u00f3n Ecol\u00f3gica del Ministerio de Relaciones Exteriores y de la Cooperaci\u00f3n Internacional. Entre mis funciones principales, he dirigido la delegaci\u00f3n italiana en los grupos de trabajo G20 Energ\u00eda; he representado a Italia en la\u00a0<i>International Energy Agency<\/i>\u00a0(<i>Vice-Chair<\/i>\u00a0del\u00a0<i>Standing Committee for Global Energy Dialogue<\/i>), en la\u00a0<i>International Renewable Energy Agency<\/i>, en el\u00a0<i>International Energy Forum<\/i>\u00a0y en el\u00a0<i>International Solar Alliance<\/i>.<\/p>\n<p style=\"text-align: justify;\">He corrido maratones, he competido en nataci\u00f3n y practiqu\u00e9 triatl\u00f3n. Sin embargo, mi verdadera pasi\u00f3n es el ciclismo de ruta.<\/p>\n","protected":false},"excerpt":{"rendered":"Nicola Bazzani Graduado en Derecho por la Universidad de Estudios de Siena. Graduado en Ciencias Pol\u00edticas, Relaciones Internacionales, Universidad de Firenze (Escuela de Ciencias Pol\u00edticas \u201cCesare Alfieri\u201d). Magister Juris por la Universidad de Oxford (Christ Church College): Master en derecho internacional, comparado y comercial. Abogado. Agente de la Polizia di Stato. Desde el 2004 en [&hellip;]","protected":false},"author":1,"featured_media":0,"parent":153,"menu_order":0,"comment_status":"closed","ping_status":"closed","template":"","meta":{"footnotes":""},"class_list":["post-155","page","type-page","status-publish","hentry"],"_links":{"self":[{"href":"https:\/\/consbahiablanca.esteri.it\/es\/wp-json\/wp\/v2\/pages\/155","targetHints":{"allow":["GET"]}}],"collection":[{"href":"https:\/\/consbahiablanca.esteri.it\/es\/wp-json\/wp\/v2\/pages"}],"about":[{"href":"https:\/\/consbahiablanca.esteri.it\/es\/wp-json\/wp\/v2\/types\/page"}],"author":[{"embeddable":true,"href":"https:\/\/consbahiablanca.esteri.it\/es\/wp-json\/wp\/v2\/users\/1"}],"replies":[{"embeddable":true,"href":"https:\/\/consbahiablanca.esteri.it\/es\/wp-json\/wp\/v2\/comments?post=155"}],"version-history":[{"count":9,"href":"https:\/\/consbahiablanca.esteri.it\/es\/wp-json\/wp\/v2\/pages\/155\/revisions"}],"predecessor-version":[{"id":818,"href":"https:\/\/consbahiablanca.esteri.it\/es\/wp-json\/wp\/v2\/pages\/155\/revisions\/818"}],"up":[{"embeddable":true,"href":"https:\/\/consbahiablanca.esteri.it\/es\/wp-json\/wp\/v2\/pages\/153"}],"wp:attachment":[{"href":"https:\/\/consbahiablanca.esteri.it\/es\/wp-json\/wp\/v2\/media?parent=155"}],"curies":[{"name":"wp","href":"https:\/\/api.w.org\/{rel}","templated":true}]}}