{"id":157,"date":"2023-04-03T19:15:30","date_gmt":"2023-04-03T22:15:30","guid":{"rendered":"https:\/\/consbahiablanca.esteri.it\/chi-siamo\/la-sede\/"},"modified":"2023-09-28T13:21:11","modified_gmt":"2023-09-28T16:21:11","slug":"la-sede","status":"publish","type":"page","link":"https:\/\/consbahiablanca.esteri.it\/es\/chi-siamo\/la-sede\/","title":{"rendered":"Sede"},"content":{"rendered":"<p><img loading=\"lazy\" decoding=\"async\" class=\"wp-image-505 img-fluid aligncenter\" src=\"https:\/\/consbahiablanca.esteri.it\/wp-content\/uploads\/2023\/08\/Consolato-per-sito3-300x196.jpg\" alt=\"\" width=\"466\" height=\"304\" srcset=\"https:\/\/consbahiablanca.esteri.it\/wp-content\/uploads\/2023\/08\/Consolato-per-sito3-300x196.jpg 300w, https:\/\/consbahiablanca.esteri.it\/wp-content\/uploads\/2023\/08\/Consolato-per-sito3-768x501.jpg 768w, https:\/\/consbahiablanca.esteri.it\/wp-content\/uploads\/2023\/08\/Consolato-per-sito3.jpg 896w\" sizes=\"auto, (max-width: 466px) 100vw, 466px\" \/><\/p>\n<div class=\"entry-content\">\n<p style=\"text-align: center;\">La sede del Consulado General de Italia en Bahia Blanca esta&#8217; en:<\/p>\n<p style=\"text-align: center;\">Avenida Leandro Niceforo Alem, 309 (8000) Bah\u00eda Blanca<\/p>\n<p>Respondemos de lunes a viernes de las 9.30 a las 13.30 al siguiente n\u00famero de tel\u00e9fono: 0054 9 291 442 8255 (no SMS) Dada la gran cantidad de llamadas, si la espera supera los 5 minutos agradeceremos que vuelva a contactarse m\u00e1s tarde<\/p>\n<p>Nuestro mail oficial es: consolato.bahiablanca@esteri.it<\/p>\n<p>&nbsp;<\/p>\n<\/div>\n","protected":false},"excerpt":{"rendered":"La sede del Consulado General de Italia en Bahia Blanca esta&#8217; en: Avenida Leandro Niceforo Alem, 309 (8000) Bah\u00eda Blanca Respondemos de lunes a viernes de las 9.30 a las 13.30 al siguiente n\u00famero de tel\u00e9fono: 0054 9 291 442 8255 (no SMS) Dada la gran cantidad de llamadas, si la espera supera los 5 [&hellip;]","protected":false},"author":1,"featured_media":0,"parent":153,"menu_order":2,"comment_status":"closed","ping_status":"closed","template":"","meta":{"footnotes":""},"class_list":["post-157","page","type-page","status-publish","hentry"],"_links":{"self":[{"href":"https:\/\/consbahiablanca.esteri.it\/es\/wp-json\/wp\/v2\/pages\/157","targetHints":{"allow":["GET"]}}],"collection":[{"href":"https:\/\/consbahiablanca.esteri.it\/es\/wp-json\/wp\/v2\/pages"}],"about":[{"href":"https:\/\/consbahiablanca.esteri.it\/es\/wp-json\/wp\/v2\/types\/page"}],"author":[{"embeddable":true,"href":"https:\/\/consbahiablanca.esteri.it\/es\/wp-json\/wp\/v2\/users\/1"}],"replies":[{"embeddable":true,"href":"https:\/\/consbahiablanca.esteri.it\/es\/wp-json\/wp\/v2\/comments?post=157"}],"version-history":[{"count":6,"href":"https:\/\/consbahiablanca.esteri.it\/es\/wp-json\/wp\/v2\/pages\/157\/revisions"}],"predecessor-version":[{"id":951,"href":"https:\/\/consbahiablanca.esteri.it\/es\/wp-json\/wp\/v2\/pages\/157\/revisions\/951"}],"up":[{"embeddable":true,"href":"https:\/\/consbahiablanca.esteri.it\/es\/wp-json\/wp\/v2\/pages\/153"}],"wp:attachment":[{"href":"https:\/\/consbahiablanca.esteri.it\/es\/wp-json\/wp\/v2\/media?parent=157"}],"curies":[{"name":"wp","href":"https:\/\/api.w.org\/{rel}","templated":true}]}}