{"id":159,"date":"2023-04-03T19:15:59","date_gmt":"2023-04-03T22:15:59","guid":{"rendered":"https:\/\/consbahiablanca.esteri.it\/chi-siamo\/contatti\/"},"modified":"2025-06-27T12:37:04","modified_gmt":"2025-06-27T15:37:04","slug":"contatti","status":"publish","type":"page","link":"https:\/\/consbahiablanca.esteri.it\/es\/chi-siamo\/contatti\/","title":{"rendered":"Contactos"},"content":{"rendered":"<p style=\"text-align: center;\">Secretar\u00eda C\u00f3nsul General: <a href=\"mailto:segr.bahiablanca@esteri.it\">segr.bahiablanca@esteri.it<\/a><\/p>\n<p style=\"text-align: center;\">Ciudadan\u00eda: <a href=\"mailto:cittadinanza.bahiablanca@esteri.it\">citt.bahiablanca@esteri.it<\/a><\/p>\n<p style=\"text-align: center;\">Hijos directos: <a href=\"mailto:bahiablanca.figlidiretti@esteri.it\">bahiablanca.figlidiretti@esteri.it<\/a><\/p>\n<p style=\"text-align: center;\">Ciudadan\u00eda por matrimonio &#8211; Visas &#8211; Certificado de Ciudadan\u00eda: <a href=\"mailto:bahiablanca.nat@esteri.it\">bahiablanca.nat@esteri.it<\/a><\/p>\n<p style=\"text-align: center;\">Electoral: <a href=\"mailto:bahiablanca.elezioni@esteri.it\">bahiablanca.elezioni@esteri.it<\/a><\/p>\n<p style=\"text-align: center;\">C\u00f3digo fiscal: <a href=\"mailto:notarile.bahiablanca@esteri.it\">notarile.bahiablanca@esteri.it<\/a><\/p>\n<p style=\"text-align: center;\">Pasaportes: <a href=\"mailto:passaporti.bahiablanca@esteri.it\">pass.bahiablanca@esteri.it<\/a><\/p>\n<p style=\"text-align: center;\">An\u00e1grafe: <a href=\"mailto:aire.bahiablanca@esteri.it\">aire.bahiablanca@esteri.it<\/a><\/p>\n<p style=\"text-align: center;\">Estado Civil:\u00a0 <a href=\"mailto:bahiablanca.statocivile@esteri.it\">bahiablanca.statociv@esteri.it<\/a><\/p>\n<p style=\"text-align: center;\">Notarial y Pensiones: <a href=\"mailto:notarile.bahiablanca@esteri.it\">notarile.bahiablanca@esteri.it<\/a><\/p>\n<p style=\"text-align: center;\">Declaraciones de valor: <a href=\"mailto:notarile.bahiablanca@esteri.it\">notarile.bahiablanca@esteri.it<\/a><\/p>\n<p style=\"text-align: center;\">Asistencia social: <a href=\"mailto:assist.bahiablanca@esteri.it\">assist.bahiablanca@esteri.it<\/a><\/p>\n<p style=\"text-align: center;\">Actividades Culturas y de Promocion de Italia: <a href=\"mailto:scuole.buenosaires@esteri.it\">bahiablanca.cultura@esteri.it<\/a><\/p>\n<p style=\"text-align: center;\">Escuelas: segr.bahiablanca@esteri.it<\/p>\n<p align=\"center\">Secretaria del C\u00f3nsul General: <a href=\"mailto:segr.bahiablanca@esteri.it\">segr.bahiablanca@esteri.it<\/a><\/p>\n<p style=\"text-align: center;\">Oficina de contabilidad\/administraci\u00f3n: <a href=\"mailto:segr.bahiablanca@esteri.it\">bahiablanca.cont@esteri.it<\/a><\/p>\n<p>&nbsp;<\/p>\n<p>Se recomienda revisar siempre la casilla Spam.<\/p>\n<p><strong>Atenci\u00f3n: direcciones habilitadas exclusivamente para la recepci\u00f3n de correo electr\u00f3nico certificado (PEC)<\/strong><\/p>\n<p>Correo Electr\u00f3nico Certificado del Consulado General: <a href=\"http:\/\/con.bahiablanca@cert.esteri.it\">con.bahiablanca@cert.esteri.it<\/a><\/p>\n<p>Correo Electr\u00f3nico Certificado Oficina de Pasaportes: <a href=\"http:\/\/con.bahiablanca.pass@cert.esteri.it\">con.bahiablanca.pass@cert.esteri.it<\/a><\/p>\n<p>Correo Electr\u00f3nico Certificado Oficina de Ciudadan\u00eda: <a href=\"http:\/\/citt.bahiablanca@cert.esteri.it\">citt.bahiablanca@cert.esteri.it<\/a><\/p>\n<p>Correo Electr\u00f3nico Certificado Oficina AIRE: <a href=\"http:\/\/aire.bahiablanca@cert.esteri.it\">aire.bahiablanca@cert.esteri.it<\/a><\/p>\n<p><a rel=\"noopener\">\u00a0<\/a><\/p>\n","protected":false},"excerpt":{"rendered":"Secretar\u00eda C\u00f3nsul General: segr.bahiablanca@esteri.it Ciudadan\u00eda: citt.bahiablanca@esteri.it Hijos directos: bahiablanca.figlidiretti@esteri.it Ciudadan\u00eda por matrimonio &#8211; Visas &#8211; Certificado de Ciudadan\u00eda: bahiablanca.nat@esteri.it Electoral: bahiablanca.elezioni@esteri.it C\u00f3digo fiscal: notarile.bahiablanca@esteri.it Pasaportes: pass.bahiablanca@esteri.it An\u00e1grafe: aire.bahiablanca@esteri.it Estado Civil:\u00a0 bahiablanca.statociv@esteri.it Notarial y Pensiones: notarile.bahiablanca@esteri.it Declaraciones de valor: notarile.bahiablanca@esteri.it Asistencia social: assist.bahiablanca@esteri.it Actividades Culturas y de Promocion de Italia: bahiablanca.cultura@esteri.it Escuelas: segr.bahiablanca@esteri.it Secretaria del C\u00f3nsul [&hellip;]","protected":false},"author":1,"featured_media":0,"parent":153,"menu_order":8,"comment_status":"closed","ping_status":"closed","template":"","meta":{"footnotes":""},"class_list":["post-159","page","type-page","status-publish","hentry"],"_links":{"self":[{"href":"https:\/\/consbahiablanca.esteri.it\/es\/wp-json\/wp\/v2\/pages\/159","targetHints":{"allow":["GET"]}}],"collection":[{"href":"https:\/\/consbahiablanca.esteri.it\/es\/wp-json\/wp\/v2\/pages"}],"about":[{"href":"https:\/\/consbahiablanca.esteri.it\/es\/wp-json\/wp\/v2\/types\/page"}],"author":[{"embeddable":true,"href":"https:\/\/consbahiablanca.esteri.it\/es\/wp-json\/wp\/v2\/users\/1"}],"replies":[{"embeddable":true,"href":"https:\/\/consbahiablanca.esteri.it\/es\/wp-json\/wp\/v2\/comments?post=159"}],"version-history":[{"count":9,"href":"https:\/\/consbahiablanca.esteri.it\/es\/wp-json\/wp\/v2\/pages\/159\/revisions"}],"predecessor-version":[{"id":10259,"href":"https:\/\/consbahiablanca.esteri.it\/es\/wp-json\/wp\/v2\/pages\/159\/revisions\/10259"}],"up":[{"embeddable":true,"href":"https:\/\/consbahiablanca.esteri.it\/es\/wp-json\/wp\/v2\/pages\/153"}],"wp:attachment":[{"href":"https:\/\/consbahiablanca.esteri.it\/es\/wp-json\/wp\/v2\/media?parent=159"}],"curies":[{"name":"wp","href":"https:\/\/api.w.org\/{rel}","templated":true}]}}