{"id":160,"date":"2023-04-03T19:16:15","date_gmt":"2023-04-03T22:16:15","guid":{"rendered":"https:\/\/consbahiablanca.esteri.it\/chi-siamo\/numeri-di-emergenza\/"},"modified":"2023-09-28T15:03:07","modified_gmt":"2023-09-28T18:03:07","slug":"numeri-di-emergenza","status":"publish","type":"page","link":"https:\/\/consbahiablanca.esteri.it\/es\/chi-siamo\/numeri-di-emergenza\/","title":{"rendered":"N\u00fameros de emergencia"},"content":{"rendered":"<p>En caso de emergencias graves,\u00a0<span style=\"text-decoration: underline;\"><strong>y en ning\u00fan caso para informaciones generales<\/strong><\/span>, se encuentra activo hasta las 22.00hs el n\u00famero 0291 15 5089 580 (desde Italia +54 9291 5089 580). Solo en caso de emergencias graves es posible llamar al n\u00famero de la Unit\u00e0 di Crisi del Ministero degli Affari Esteri e della Cooperazione Internazionale \u00b1390636225.<\/p>\n","protected":false},"excerpt":{"rendered":"En caso de emergencias graves,\u00a0y en ning\u00fan caso para informaciones generales, se encuentra activo hasta las 22.00hs el n\u00famero 0291 15 5089 580 (desde Italia +54 9291 5089 580). Solo en caso de emergencias graves es posible llamar al n\u00famero de la Unit\u00e0 di Crisi del Ministero degli Affari Esteri e della Cooperazione Internazionale \u00b1390636225.","protected":false},"author":1,"featured_media":0,"parent":153,"menu_order":10,"comment_status":"closed","ping_status":"closed","template":"","meta":{"footnotes":""},"class_list":["post-160","page","type-page","status-publish","hentry"],"_links":{"self":[{"href":"https:\/\/consbahiablanca.esteri.it\/es\/wp-json\/wp\/v2\/pages\/160","targetHints":{"allow":["GET"]}}],"collection":[{"href":"https:\/\/consbahiablanca.esteri.it\/es\/wp-json\/wp\/v2\/pages"}],"about":[{"href":"https:\/\/consbahiablanca.esteri.it\/es\/wp-json\/wp\/v2\/types\/page"}],"author":[{"embeddable":true,"href":"https:\/\/consbahiablanca.esteri.it\/es\/wp-json\/wp\/v2\/users\/1"}],"replies":[{"embeddable":true,"href":"https:\/\/consbahiablanca.esteri.it\/es\/wp-json\/wp\/v2\/comments?post=160"}],"version-history":[{"count":4,"href":"https:\/\/consbahiablanca.esteri.it\/es\/wp-json\/wp\/v2\/pages\/160\/revisions"}],"predecessor-version":[{"id":2194,"href":"https:\/\/consbahiablanca.esteri.it\/es\/wp-json\/wp\/v2\/pages\/160\/revisions\/2194"}],"up":[{"embeddable":true,"href":"https:\/\/consbahiablanca.esteri.it\/es\/wp-json\/wp\/v2\/pages\/153"}],"wp:attachment":[{"href":"https:\/\/consbahiablanca.esteri.it\/es\/wp-json\/wp\/v2\/media?parent=160"}],"curies":[{"name":"wp","href":"https:\/\/api.w.org\/{rel}","templated":true}]}}