{"id":161,"date":"2023-04-03T19:16:29","date_gmt":"2023-04-03T22:16:29","guid":{"rendered":"https:\/\/consbahiablanca.esteri.it\/chi-siamo\/la-rete-consolare\/"},"modified":"2026-03-18T08:50:03","modified_gmt":"2026-03-18T11:50:03","slug":"la-rete-consolare","status":"publish","type":"page","link":"https:\/\/consbahiablanca.esteri.it\/es\/chi-siamo\/la-rete-consolare\/","title":{"rendered":"La Red Consular"},"content":{"rendered":"<p style=\"text-align: justify;\"><strong>Circunscripci\u00f3n consular del Consulado General de Italia en Bah\u00eda Blanca<\/strong>: las Provincias de Chubut, La Pampa, Neuqu\u00e9n, R\u00edo Negro, Santa Cruz, Tierra del Fuego e los siguientes partidos de la Provincia de Buenos Aires: Adolfo Alsina, Bah\u00eda Blanca, Coronel Dorrego, Monte Hermoso, Coronel Pringles, Coronel Rosales, Coronel Su\u00e1rez, Daireaux, Adolfo Gonzales Chaves, Guamin\u00ed, Patagones, Pu\u00e1n, Saavedra, Tornquist, Tres Arroyos, Villarino.<\/p>\n<p><strong><span style=\"text-decoration: underline;\">Provincia de Buenos Aires<\/span>:<\/strong><\/p>\n<p><strong>TRES ARROYOS<\/strong><br \/>\nCorresponsal consular honorario: Rosana Beatriz FUSARO<\/p>\n<p>Tel. +54 2983 642427<\/p>\n<p>Recibe los martes de 15:00 a 18:00 con cita previa por correo electr\u00f3nico o WhatsApp (es obligatorio indicar nombre, DNI, si tiene ciudadan\u00eda italiana y motivo de la consulta). Responde a mensajes en WhatsApp y llamadas por la ma\u00f1ana.<\/p>\n<p><a href=\"mailto:corrispondente.tresarroyos.it@gmail.com\">corrispondente.tresarroyos.it@gmail.com<\/a><\/p>\n<p><a href=\"https:\/\/consbahiablanca.esteri.it\/wp-content\/uploads\/2024\/01\/Decreto-nomina-Tres-Arroyos-Fusaro.pdf\">Decreto di nomina<\/a><\/p>\n<p><strong>MONTE HERMOSO<\/strong><br \/>\nCorresponsal consular honorario: Romina PLIACONIS<\/p>\n<p><a href=\"mailto:rominapliaconis@hotmail.com\">rominapliaconis@hotmail.com<\/a><\/p>\n<p><a href=\"https:\/\/consbahiablanca.esteri.it\/wp-content\/uploads\/2023\/09\/PLIACONIS-SITO.pdf\">Funzioni Nomina<\/a><\/p>\n<p><strong>CORONEL SU\u00c1REZ<\/strong><\/p>\n<p>Corresponsal consular honorario: Martin Rossi<\/p>\n<p><span class=\"x1lliihq x1plvlek xryxfnj x1n2onr6 xyejjpt x15dsfln x193iq5w xeuugli x1fj9vlw x13faqbe x1vvkbs x1s928wv xhkezso x1gmr53x x1cpjm7i x1fgarty x1943h6x x1i0vuye xvs91rp x1s688f x5n08af x10wh9bi xpm28yp x8viiok x1o7cslx\" dir=\"auto\">Asociaci\u00f3n Italiana de S. M. e I. \u201cLuciano Manara\u201d, Cnel. Su\u00e1rez<\/span>, Mitre 1263<\/p>\n<p>d\u00edas y horarios de atenci\u00f3n: en actualizaci\u00f3n<\/p>\n<p><a href=\"mailto:corrispondente.suarez.it@gmail.com\">corrispondente.cs.it@gmail.com<\/a><\/p>\n<p><a href=\"https:\/\/consbahiablanca.esteri.it\/wp-content\/uploads\/2025\/09\/decreto-nomina-CCO-Coronel-Suarez.pdf\">Decreto di Nomina<\/a><\/p>\n<p>&nbsp;<\/p>\n<p><strong><span style=\"text-decoration: underline;\">Provincia di Chubut<\/span>:<\/strong><\/p>\n<p><strong>PUERTO MADRYN<\/strong><br \/>\nAgente Consular honorario: Fabiana Andrea SCICOLONE \u2013 25 de mayo 226 \u2013 9120 PUERTO MADRYN<\/p>\n<p>Martes y Jueves 17.30 \u2013 19.00<br \/>\nTel. 0280 \u2013 4453369 fax:471318<\/p>\n<p><a href=\"mailto:agenciaconsularitaliapm@gmail.com\">agenciaconsularitaliapm@gmail.com<\/a><br \/>\n<a href=\"mailto:puertomadryn.onorario@esteri.it\">puertomadryn.onorario@esteri.it<\/a><\/p>\n<p>ATENCI\u00d3N: la oficina no ser\u00e1 operativa el jueves 19 de marzo y durante la semana del 23 de marzo 2026.<\/p>\n<p><a href=\"https:\/\/consbahiablanca.esteri.it\/wp-content\/uploads\/2023\/09\/SCICOLONE-SITO.pdf\">Funzioni Nomina<\/a><\/p>\n<p><strong>TRELEW<br \/>\n<\/strong>Corrispondente Consolare onorario: Natalia DONATI<br \/>\n<a href=\"http:\/\/onoraria.trelew@gmail.com\">onoraria.trelew@gmail.com<\/a><\/p>\n<p>Turno pasaporte menores de 12 a\u00f1os por WhatsApp: +39 393 753 4154<\/p>\n<p>Lunes a Viernes de 10.00 a 12.00 con turno confirmado por WA<\/p>\n<p>A. P. Bell 366 1er piso &#8211; Oficina 1 (Trelew)<\/p>\n<p><a href=\"https:\/\/consbahiablanca.esteri.it\/wp-content\/uploads\/2023\/09\/DONATI-SITO.pdf\">Funzioni Nomina<\/a><\/p>\n<p><strong><span style=\"text-decoration: underline;\">Provincia di La Pampa<\/span>:<\/strong><br \/>\n<strong><br \/>\nSANTA ROSA <\/strong><\/p>\n<p>Vice C\u00f3nsul Honorario: Dr. Santiago Martin LORDA CALLIARI \u2013 Pellegrini 444 \u2013 6300 Santa Rosa<\/p>\n<p>Tel. fax 02954 683250<\/p>\n<p>Lunes 10.00 \u2013 12.00 telef\u00f3nicamente<\/p>\n<p>Jueves 12.00 \u2013 14.00 con turno por whatsapp al 2954683250 (indicando: nombre, DNI, si es ciudadano italiano y motivo de la consulta)<\/p>\n<p><a href=\"mailto:santarosa.onorario@esteri.it\">santarosa.onorario@esteri.it<\/a><a>\u00a0<\/a><\/p>\n<p><a href=\"https:\/\/consbahiablanca.esteri.it\/wp-content\/uploads\/2026\/02\/GU-33-Santa-Rosa-10.02.2026-Decreto-limitazione-funzioni-consolari.pdf\">Funzioni Nomina<\/a><\/p>\n<p><strong>Provincia di Santa Cruz:<\/strong><\/p>\n<p><strong>RIO GALLEGOS<\/strong><br \/>\nCorresponsal consular honorario: Miguel GROSSUD \u2013 Luciano Carrera 1225 \u2013 9400 Rio Gallegos<\/p>\n<p>Tel . 02966 426085 \u2013 02966 15476072<br \/>\n<a href=\"mailto:miguelgrossud@hotmail.com\">miguel.grossud@gmail.com<\/a><\/p>\n<p><a href=\"https:\/\/consbahiablanca.esteri.it\/wp-content\/uploads\/2023\/09\/GROSSUD-SITO.pdf\">Funzioni Nomina<\/a><\/p>\n<p><strong><span style=\"text-decoration: underline;\">Provincia di R\u00edo Negro<\/span>:<\/strong><\/p>\n<p><strong>VIEDMA<\/strong><br \/>\nVice C\u00f3nsul Honorario: Victor Hugo BAZANI \u2013 Gallardo n. 17 \u2013 8500 \u2013 Viedma<\/p>\n<p>Tel. 02920 423328<br \/>\nLunes y Martes de 19.00 a 20.30.<br \/>\n<a href=\"mailto:vitrubazani@yahoo.com.ar\">vitrubazani@yahoo.com.ar<\/a><\/p>\n<p><a href=\"https:\/\/consbahiablanca.esteri.it\/wp-content\/uploads\/2023\/09\/BAZANI-SITO.pdf\">Funzioni Nomina<\/a><\/p>\n<p><strong>GENERAL ROCA<\/strong><br \/>\nCorresponsal consular honorario: Teresa Maria A. TALEVI \u2013 Sarmiento 1742 \u2013 8332 ROCA.<\/p>\n<p>Tel.fax 0298-4423596<br \/>\nMartes y jueves de 9.00 a 12.00<\/p>\n<p><a href=\"mailto:teresatalevi48@gmail.com\">teresatalevi48@gmail.com<\/a><\/p>\n<p><a href=\"https:\/\/consbahiablanca.esteri.it\/wp-content\/uploads\/2023\/09\/TALEVI-SITO.pdf\">Funzioni Nomina<\/a><\/p>\n<p><strong>VILLA REGINA<\/strong><\/p>\n<p>Corresponsal consular honorario: Walter Anibal VENTURA<\/p>\n<p><a href=\"mailto:corrispondente.villaregina.it@gmail.com\">corrispondente.villaregina.it@gmail.com<\/a><\/p>\n<p><a href=\"https:\/\/consbahiablanca.esteri.it\/wp-content\/uploads\/2024\/01\/Decreto-nomina-Villa-Regina-Ventura.pdf\">Decreto di nomina<\/a><\/p>\n<p><span style=\"text-decoration: underline;\"><strong>Provincia de Neuqu\u00e9n<\/strong><\/span><\/p>\n<p><strong>NEUQU\u00c9N<\/strong><\/p>\n<p>Corresponsal consular honorario: Marcelo J. MEDORI &#8211; San Antonio n. 162 (Neuqu\u00e9n)<\/p>\n<p>Se recibe <span style=\"text-decoration: underline;\"><strong>con turno<\/strong><\/span> &#8211; Para solicitarlo escribir a <a href=\"mailto:corrispondente.neuquen.it@gmail.com\">corrispondente.neuquen.it@gmail.com<\/a><\/p>\n<p><a href=\"https:\/\/consbahiablanca.esteri.it\/wp-content\/uploads\/2024\/01\/Decreto-nomina-Neuquen-Medori-1.pdf\">Decreto di nomina<\/a><\/p>\n<p><span style=\"text-decoration: underline;\"><strong>Provincia di Tierra del Fuego<\/strong><\/span>:<\/p>\n<p><strong>USHUAIA<\/strong><\/p>\n<p>Agente Consular Honorario: Moreno SALVATORE \u2013 Los Salesianos 3537 \u2013 9410 (Ushuaia)<br \/>\nSe recibe con turno los d\u00edas martes.<br \/>\nCell. +54 9 2901 501794 \u2013 <a>ushuaia.onorario@esteri.it<\/a><\/p>\n<p><a href=\"https:\/\/consbahiablanca.esteri.it\/wp-content\/uploads\/2023\/12\/Moreno-Salvatore-Ushuaia-Decreto-limitazione-funzioni-consolari.pdf\">Funzioni nomina<\/a><\/p>\n","protected":false},"excerpt":{"rendered":"Circunscripci\u00f3n consular del Consulado General de Italia en Bah\u00eda Blanca: las Provincias de Chubut, La Pampa, Neuqu\u00e9n, R\u00edo Negro, Santa Cruz, Tierra del Fuego e los siguientes partidos de la Provincia de Buenos Aires: Adolfo Alsina, Bah\u00eda Blanca, Coronel Dorrego, Monte Hermoso, Coronel Pringles, Coronel Rosales, Coronel Su\u00e1rez, Daireaux, Adolfo Gonzales Chaves, Guamin\u00ed, Patagones, Pu\u00e1n, [&hellip;]","protected":false},"author":1,"featured_media":0,"parent":153,"menu_order":12,"comment_status":"closed","ping_status":"closed","template":"","meta":{"footnotes":""},"class_list":["post-161","page","type-page","status-publish","hentry"],"_links":{"self":[{"href":"https:\/\/consbahiablanca.esteri.it\/es\/wp-json\/wp\/v2\/pages\/161","targetHints":{"allow":["GET"]}}],"collection":[{"href":"https:\/\/consbahiablanca.esteri.it\/es\/wp-json\/wp\/v2\/pages"}],"about":[{"href":"https:\/\/consbahiablanca.esteri.it\/es\/wp-json\/wp\/v2\/types\/page"}],"author":[{"embeddable":true,"href":"https:\/\/consbahiablanca.esteri.it\/es\/wp-json\/wp\/v2\/users\/1"}],"replies":[{"embeddable":true,"href":"https:\/\/consbahiablanca.esteri.it\/es\/wp-json\/wp\/v2\/comments?post=161"}],"version-history":[{"count":10,"href":"https:\/\/consbahiablanca.esteri.it\/es\/wp-json\/wp\/v2\/pages\/161\/revisions"}],"predecessor-version":[{"id":13109,"href":"https:\/\/consbahiablanca.esteri.it\/es\/wp-json\/wp\/v2\/pages\/161\/revisions\/13109"}],"up":[{"embeddable":true,"href":"https:\/\/consbahiablanca.esteri.it\/es\/wp-json\/wp\/v2\/pages\/153"}],"wp:attachment":[{"href":"https:\/\/consbahiablanca.esteri.it\/es\/wp-json\/wp\/v2\/media?parent=161"}],"curies":[{"name":"wp","href":"https:\/\/api.w.org\/{rel}","templated":true}]}}