{"id":164,"date":"2023-04-03T19:26:04","date_gmt":"2023-04-03T22:26:04","guid":{"rendered":"https:\/\/consbahiablanca.esteri.it\/italia-e-argentina\/diplomazia-economica\/fare-affari-in-argentina\/"},"modified":"2024-03-15T14:50:29","modified_gmt":"2024-03-15T17:50:29","slug":"fare-affari-in-argentina","status":"publish","type":"page","link":"https:\/\/consbahiablanca.esteri.it\/es\/italia-e-argentina\/diplomazia-economica\/fare-affari-in-argentina\/","title":{"rendered":"Hacer negocios en Argentina"},"content":{"rendered":"<p>Las empresas italianas pueden aprovechar una amplia gama de herramientas p\u00fablicas que apoyan la internacionalizaci\u00f3n.<\/p>\n<p>El Ministerio de Actividades Productivas ha elaborado una Gu\u00eda destinada a proporcionar a los operadores una base informativa sencilla sobre las herramientas facilitadoras que el Sistema P\u00fablico pone a disposici\u00f3n de las empresas italianas para apoyar sus proyectos de internacionalizaci\u00f3n. Adem\u00e1s de las herramientas \u00abtradicionales\u00bb, destinadas a apoyar a la empresa en la fase de internacionalizaci\u00f3n denominada \u00abcomercial\u00bb, caracterizada por la activaci\u00f3n de los flujos de exportaci\u00f3n de sus productos a los mercados exteriores, el texto analiza las nuevas herramientas facilitadoras, creadas en el \u00faltimos a\u00f1os con el objetivo de apoyar la internacionalizaci\u00f3n \u00abproductiva\u00bb de la empresa, es decir, la transferencia al extranjero de fases productivas o cadenas de producci\u00f3n enteras, en una l\u00f3gica de \u00abmultilocalizaci\u00f3n\u00bb que arraiga a las empresas en diferentes mercados y las hace cada vez m\u00e1s competitivas.<\/p>\n<p>Los fondos de capital riesgo tienen como objetivo apoyar las inversiones de empresas italianas en zonas geogr\u00e1ficas consideradas de extrema importancia estrat\u00e9gica para el desarrollo de nuestro sistema Pa\u00eds. El car\u00e1cter de rotaci\u00f3n de los mismos permite la activaci\u00f3n de un mecanismo de retroalimentaci\u00f3n de los fondos que garantiza la continua disponibilidad de los recursos financieros destinados a tal fin.<\/p>\n<p>Se opt\u00f3 conscientemente por favorecer la claridad y la comprensi\u00f3n en lugar de la exhaustividad del debate. Para ello, la descripci\u00f3n de las herramientas de facilitaci\u00f3n se ha organizado en fichas, que resumen los tipos de intervenci\u00f3n previstas, las principales referencias normativas, los recursos disponibles, los procedimientos y los tiempos necesarios para obtener la facilitaci\u00f3n.<\/p>\n","protected":false},"excerpt":{"rendered":"Las empresas italianas pueden aprovechar una amplia gama de herramientas p\u00fablicas que apoyan la internacionalizaci\u00f3n. El Ministerio de Actividades Productivas ha elaborado una Gu\u00eda destinada a proporcionar a los operadores una base informativa sencilla sobre las herramientas facilitadoras que el Sistema P\u00fablico pone a disposici\u00f3n de las empresas italianas para apoyar sus proyectos de internacionalizaci\u00f3n. [&hellip;]","protected":false},"author":1,"featured_media":0,"parent":163,"menu_order":0,"comment_status":"closed","ping_status":"closed","template":"","meta":{"footnotes":""},"class_list":["post-164","page","type-page","status-publish","hentry"],"_links":{"self":[{"href":"https:\/\/consbahiablanca.esteri.it\/es\/wp-json\/wp\/v2\/pages\/164","targetHints":{"allow":["GET"]}}],"collection":[{"href":"https:\/\/consbahiablanca.esteri.it\/es\/wp-json\/wp\/v2\/pages"}],"about":[{"href":"https:\/\/consbahiablanca.esteri.it\/es\/wp-json\/wp\/v2\/types\/page"}],"author":[{"embeddable":true,"href":"https:\/\/consbahiablanca.esteri.it\/es\/wp-json\/wp\/v2\/users\/1"}],"replies":[{"embeddable":true,"href":"https:\/\/consbahiablanca.esteri.it\/es\/wp-json\/wp\/v2\/comments?post=164"}],"version-history":[{"count":4,"href":"https:\/\/consbahiablanca.esteri.it\/es\/wp-json\/wp\/v2\/pages\/164\/revisions"}],"predecessor-version":[{"id":3470,"href":"https:\/\/consbahiablanca.esteri.it\/es\/wp-json\/wp\/v2\/pages\/164\/revisions\/3470"}],"up":[{"embeddable":true,"href":"https:\/\/consbahiablanca.esteri.it\/es\/wp-json\/wp\/v2\/pages\/163"}],"wp:attachment":[{"href":"https:\/\/consbahiablanca.esteri.it\/es\/wp-json\/wp\/v2\/media?parent=164"}],"curies":[{"name":"wp","href":"https:\/\/api.w.org\/{rel}","templated":true}]}}