{"id":173,"date":"2023-04-03T19:25:07","date_gmt":"2023-04-03T17:25:07","guid":{"rendered":"https:\/\/consbahiablanca.esteri.it\/servizi-consolari-e-visti\/servizi-per-il-cittadino-italiano\/"},"modified":"2023-09-26T17:52:34","modified_gmt":"2023-09-26T15:52:34","slug":"servizi-per-il-cittadino-italiano","status":"publish","type":"page","link":"https:\/\/consbahiablanca.esteri.it\/es\/servizi-consolari-e-visti\/servizi-per-il-cittadino-italiano\/","title":{"rendered":"Servicios para el ciudadano italiano"},"content":{"rendered":"<p style=\"text-align: center;\"><strong>IMPORTANTE<\/strong><\/p>\n<p style=\"text-align: justify;\"><strong> Fuera del personal de este Consulado General y Oficinas honorarias ubicadas en el territorio, nadie est\u00e1 autorizado en nombre del Consulado General de Italia para dar informaci\u00f3n o asesoramiento sobre los servicios consulares que se ofrecen.<\/strong><\/p>\n<p style=\"text-align: justify;\">Los servicios consulares se proporcionan de acuerdo con los principios de igualdad, equidad, eficiencia y \u00a0transparencia.<\/p>\n<p style=\"text-align: justify;\">Los Consulados aseguran a todos los ciudadanos italianos la protecci\u00f3n en caso de violaci\u00f3n de sus derechos fundamentales y la restricci\u00f3n o privaci\u00f3n de su libertad personal. Tambi\u00e9n aseguran la asistencia para los casos de emergencia, localizar a los miembros de su familia, asistencia en los procedimientos iniciados en el extranjero de sucesi\u00f3n y \u00a0para la repatriaci\u00f3n de los restos.<\/p>\n<p style=\"text-align: justify;\">Incluso los ciudadanos de los estados miembros de la UE tienen derecho a ser protegidos por el consulado italiano en el pa\u00eds en que se encuentran no hay una representaci\u00f3n diplom\u00e1tica de su pa\u00eds.<\/p>\n<p style=\"text-align: justify;\">Pueden encontrar el conjunto de servicios prestados y la legislaci\u00f3n vigente <a href=\"https:\/\/www.esteri.it\/it\/servizi-consolari-e-visti\/\">en el siguente link.<\/a><\/p>\n","protected":false},"excerpt":{"rendered":"IMPORTANTE Fuera del personal de este Consulado General y Oficinas honorarias ubicadas en el territorio, nadie est\u00e1 autorizado en nombre del Consulado General de Italia para dar informaci\u00f3n o asesoramiento sobre los servicios consulares que se ofrecen. Los servicios consulares se proporcionan de acuerdo con los principios de igualdad, equidad, eficiencia y \u00a0transparencia. Los Consulados [&hellip;]","protected":false},"author":1,"featured_media":0,"parent":172,"menu_order":0,"comment_status":"closed","ping_status":"closed","template":"","meta":{"footnotes":""},"class_list":["post-173","page","type-page","status-publish","hentry"],"_links":{"self":[{"href":"https:\/\/consbahiablanca.esteri.it\/es\/wp-json\/wp\/v2\/pages\/173","targetHints":{"allow":["GET"]}}],"collection":[{"href":"https:\/\/consbahiablanca.esteri.it\/es\/wp-json\/wp\/v2\/pages"}],"about":[{"href":"https:\/\/consbahiablanca.esteri.it\/es\/wp-json\/wp\/v2\/types\/page"}],"author":[{"embeddable":true,"href":"https:\/\/consbahiablanca.esteri.it\/es\/wp-json\/wp\/v2\/users\/1"}],"replies":[{"embeddable":true,"href":"https:\/\/consbahiablanca.esteri.it\/es\/wp-json\/wp\/v2\/comments?post=173"}],"version-history":[{"count":10,"href":"https:\/\/consbahiablanca.esteri.it\/es\/wp-json\/wp\/v2\/pages\/173\/revisions"}],"predecessor-version":[{"id":832,"href":"https:\/\/consbahiablanca.esteri.it\/es\/wp-json\/wp\/v2\/pages\/173\/revisions\/832"}],"up":[{"embeddable":true,"href":"https:\/\/consbahiablanca.esteri.it\/es\/wp-json\/wp\/v2\/pages\/172"}],"wp:attachment":[{"href":"https:\/\/consbahiablanca.esteri.it\/es\/wp-json\/wp\/v2\/media?parent=173"}],"curies":[{"name":"wp","href":"https:\/\/api.w.org\/{rel}","templated":true}]}}