{"id":174,"date":"2023-04-03T19:27:59","date_gmt":"2023-04-03T22:27:59","guid":{"rendered":"https:\/\/consbahiablanca.esteri.it\/servizi-consolari-e-visti\/servizi-per-il-cittadino-italiano\/passaporti-e-carte-didentita\/"},"modified":"2026-01-26T09:13:28","modified_gmt":"2026-01-26T12:13:28","slug":"passaporti-e-carte-didentita","status":"publish","type":"page","link":"https:\/\/consbahiablanca.esteri.it\/es\/servizi-consolari-e-visti\/servizi-per-il-cittadino-italiano\/passaporti-e-carte-didentita\/","title":{"rendered":"Pasaportes"},"content":{"rendered":"<div>\n<p>Los turnos para la presentaci\u00f3n de la solicitud de pasaporte se reservan en la plataforma Prenot@mi (<a href=\"https:\/\/prenotami.esteri.it\/\">https:\/\/prenotami.esteri.it\/<\/a>).<\/p>\n<p>Quienes no posean otra ciudadan\u00eda adem\u00e1s de la italiana\u00a0y quienes son mayores de 75 a\u00f1os podr\u00e1n reservar un turno escribiendo a:\u00a0<a href=\"mailto:pass.bahiablanca@esteri.it\">pass.bahiablanca@esteri.it<\/a><\/p>\n<\/div>\n<div>\n<p style=\"text-align: justify;\"><strong>REQUISITOS NECESARIOS PARA LA EMISI\u00d3N DEL PASAPORTE<\/strong><\/p>\n<p style=\"text-align: justify;\">El Consulado se reserva la facultad de solicitar eventualmente, luego de haber examinado cada caso en particular, toda otra documentaci\u00f3n que considere necesaria.<\/p>\n<p style=\"text-align: justify;\">EL PASAPORTE NO SER\u00c1 EMITIDO SI LA DOCUMENTACI\u00d3N NO EST\u00c1 COMPLETA<\/p>\n<p style=\"text-align: justify;\"><strong>Ciudadanos nacidos en Italia<\/strong><\/p>\n<p style=\"text-align: justify;\">\u2022 Ultimo pasaporte italiano;<br \/>\n\u2022 D.N.I. para extranjeros con domicilio actualizado (original y fotocopia simple) o en su defecto, un certificado de la \u201cC\u00e1mara Nacional Electoral\u201d argentina (25 de Mayo 245 \u2013 1002 Buenos Aires) en la que conste que no se ha naturalizado argentino o, de lo contrario, la fecha de su naturalizaci\u00f3n.<br \/>\n\u2022 2 fotograf\u00edas iguales, formato 35 x 43 mm, color, sobre fondo blanco, que muestren el rostro de frente, a media distancia de enfoque (rostro y cuello completo, hasta la altura de inicio de los hombros), rostro y orejas descubiertas, expresi\u00f3n neutra y boca cerrada. No se aceptaran fotos con sombras, reflejos u ojos rojos (<a href=\"https:\/\/consbahiablanca.esteri.it\/wp-content\/uploads\/2023\/09\/fotografia_passaporto_web.pdf\">Instrucciones<\/a>).<\/p>\n<p><strong>Ciudadanos nacidos en el exterior<\/strong><\/p>\n<p style=\"text-align: justify;\">\u2022 Ultimo pasaporte italiano;<br \/>\n\u2022 D.N.I. con domicilio actualizado (original y fotocopia simple).<br \/>\n\u2022 2 fotograf\u00edas iguales, formato 35 x 43 mm, color, sobre fondo blanco, que muestren el rostro de frente, a media distancia de enfoque (rostro y cuello completo, hasta la altura de inicio de los hombros), rostro y orejas descubiertas, expresi\u00f3n neutra y boca cerrada. No se aceptaran fotos con sombras, reflejos u ojos rojos.<\/p>\n<p><strong>SOLICITANTES CON HIJOS MENORES DE 18 A\u00d1OS<\/strong><\/p>\n<p style=\"text-align: justify;\">Tras la publicaci\u00f3n en la Gazzetta Ufficiale del decreto ley 69 del 13\/06\/2023, art. 3 apartado B de la ley 1185\/1967, que regula la emisi\u00f3n del pasaporte, los padres con hijos menores que presenten solicitud de emisi\u00f3n de pasaporte despu\u00e9s del 14\/06\/2023 ya no estar\u00e1n obligados a presentar el consentimiento del otro progenitor, bastando que el interesado autocertifique que no es objeto de ninguna disposici\u00f3n que proh\u00edba la emisi\u00f3n del propio pasaporte. El art\u00edculo 3-bis de la Ley 1185\/1967 indica que, si hubiese un riesgo concreto motivado por el traslado al extranjero del solicitante -padre de hijos menores- que a causa de ello incumpliera sus obligaciones para con sus hijos, podr\u00e1 el otro progenitor solicitar una medida cautelar para que no se emita el documento. La referida medida podr\u00e1 presentarse ante el juez competente en el Tribunal Ordinario en el que el menor tenga su residencia habitual o, si el menor es residente en el extranjero, el Juzgado en cuya jurisdicci\u00f3n est\u00e9 radicado su Registro Municipal de AIRE.<\/p>\n<p style=\"text-align: justify;\">En caso de fallecimiento de uno de los dos progenitores, se deber\u00e1 presentar la partida de defunci\u00f3n.<\/p>\n<h2><strong>Solicitantes menores de 18 a\u00f1os<\/strong><\/h2>\n<p>Con la entrada en vigencia de los nuevos pasaportes con huellas digitales ya no es m\u00e1s posible inscribir en el pasaporte de uno de los dos padres a los hijos menores para los cuales, por lo tanto, se deber\u00e1 solicitar la emisi\u00f3n de un pasaporte propio.<\/p>\n<p>La validez es la siguiente:<br \/>\n3 a\u00f1os para los menores de 0 a 3 a\u00f1os;<br \/>\n5 a\u00f1os para los menores de 3 a 18 a\u00f1os.<\/p>\n<p><strong>SIEMPRE ES NECESARIA la presencia del menor para el cual se solicita el pasaporte y la autorizaci\u00f3n (atto di assenso) expresa de ambos progenitores.<\/strong><\/p>\n<p>La ley italiana requiere el consentimiento de ambos padres cuando se solicita el pasaporte para un menor de edad; El mismo puede manifestarse de una de las siguientes formas:<\/p>\n<ul>\n<li>personalmente en este Consulado General el d\u00eda del turno (se recuerda que la persona que otorga el consentimiento deber\u00e1 llevar el DNI, en original y copia simple);<\/li>\n<li>personalmente en cualquier Oficina de la Administraci\u00f3n P\u00fablica Italiana (habilitada para autenticar firmas, por ejemplo, la Questura u otras representaciones diplom\u00e1tico-consulares);<\/li>\n<li>mediante un \u00abpoder\u00bb espec\u00edfico firmado ante un escribano argentino (<a href=\"https:\/\/consbahiablanca.esteri.it\/wp-content\/uploads\/2023\/10\/1.-Atto-di-assenso-non-UE.pdf\">fac simile<\/a>).<\/li>\n<\/ul>\n<p>Los ciudadanos de la Uni\u00f3n Europea pueden manifestar su consentimiento completando y firmando el <strong><a href=\"https:\/\/consbahiablanca.esteri.it\/wp-content\/uploads\/2023\/10\/2.-Atto-di-assenso-UE-COMPLETO.pdf\">formulario correspondiente<\/a><\/strong>, y adjuntando una copia de un documento emitido por un pa\u00eds de la Uni\u00f3n Europea en el que aparezca la firma del declarante.<\/p>\n<p>La firma del ciudadano no comunitario residente en el extranjero se autenticar\u00e1 en la forma exigida por la legislaci\u00f3n vigente por el funcionario que reciba la declaraci\u00f3n, previa identificaci\u00f3n del declarante, o mediante autenticaci\u00f3n por autoridad extranjera, debidamente apostillada o legalizada, seg\u00fan el caso.<\/p>\n<p><strong>Qu\u00e9 hacer en caso de denegaci\u00f3n del consentimiento<\/strong><\/p>\n<p>Las razones que pueden argumentarse para negar el consentimiento est\u00e1n relacionadas con el incumplimiento de las obligaciones alimentarias y de manutenci\u00f3n de los menores.<br \/>\nEn ausencia del consentimiento del otro padre, el C\u00f3nsul General, en su calidad de Juez Tutelar de los menores residentes en su Circunscripci\u00f3n Consular, despu\u00e9s de realizar una serie de verificaciones, podr\u00e1 evaluar si autorizar, mediante un Decreto Consular espec\u00edfico, la emisi\u00f3n del pasaporte del menor. Para ello, el progenitor que otorga el consentimiento deber\u00e1 presentar una carta firmada (por mail a pass.bahiablanca@esteri.it) en la cual se deben explicar las razones por las cuales el otro progenitor, del cual se debe proporcionar la direcci\u00f3n completa y cualquier n\u00famero de tel\u00e9fono correspondiente, se niega a firmar el acta de consentimiento.<\/p>\n<p style=\"text-align: justify;\">La documentaci\u00f3n requerida es la misma citada previamente. Se recuerda que ser\u00e1 necesario presentar el \u00faltimo pasaporte italiano, aunque vencido, en los que se encontraban las foto y los datos del menor.<\/p>\n<p style=\"text-align: justify;\"><strong>Solicitantes menores de 12 a\u00f1os residentes en la circunscripci\u00f3n de viceconsulados, agencias consulares y corresponsal\u00edas (<a href=\"https:\/\/consbahiablanca.esteri.it\/es\/chi-siamo\/la-rete-consolare\/\">ver listado<\/a>)<\/strong><\/p>\n<p style=\"text-align: justify;\">Los menores de 12 a\u00f1os\u00a0<strong>QUE NO RESIDAN<\/strong>\u00a0en Bah\u00eda Blanca o zona de influencia\u00a0<strong>DEBEN<\/strong>\u00a0realizar el tr\u00e1mite de pasaporte en una de las oficinas honorarias de la circunscripci\u00f3n Consultar la secci\u00f3n \u201c<a href=\"https:\/\/consbahiablanca.esteri.it\/Consolato_BahiaBlanca\/it\/il_consolato\/la_rete_consolare\/la-rete-consolare.html\">Red Consular<\/a>\u201d en la p\u00e1gina web de este Consulado General.<\/p>\n<p style=\"text-align: justify;\">Los menores de 12 a\u00f1os residentes en Bah\u00eda Blanca o zona de influencia DEBEN reservar turno a trav\u00e9s del Prenot@mi y concurrir al Consulado el d\u00eda del turno.<\/p>\n<\/div>\n<p><strong>COSTO DEL PASAPORTE Y COMO PAGARLO<\/strong><\/p>\n<div>\n<p style=\"text-align: justify;\">El importe en pesos est\u00e1 sujeto al tipo de cambio Euros\/Pesos, por lo tanto puede sufrir variaciones. Puede consultar en\u00a0<a href=\"https:\/\/consbahiablanca.esteri.it\/es\/servizi-consolari-e-visti\/servizi-per-il-cittadino-italiano\/tarifas-consulares\/\">esta pagina<\/a>\u00a0el importe actualizado.<\/p>\n<p style=\"text-align: justify;\">EL PASAPORTE NO SER\u00c1 EMITIDO SI NO HA SIDO PAGADO EL RELATIVO IMPORTE EXACTO.<\/p>\n<p style=\"text-align: justify;\">Se recuerda que deber\u00e1 consultar el valor a pagar\u00a0<strong>el d\u00eda h\u00e1bil previo al d\u00eda del turno<\/strong>\u00a0y deber\u00e1 realizar el pago seg\u00fan lo indicado en en\u00a0<a href=\"https:\/\/consbahiablanca.esteri.it\/es\/servizi-consolari-e-visti\/servizi-per-il-cittadino-italiano\/tarifas-consulares\/\">esta pagina<\/a>.<\/p>\n<p><strong><u>IMPORTANTE<\/u><\/strong><\/p>\n<p><u>A partir del 1 de diciembre de 2025<\/u>, el precio del pasaporte se modificar\u00e1.<\/p>\n<p>Por lo tanto, quienes ya hayan reservado y realizado el pago para un turno a partir del 1 de diciembre de 2025, deber\u00e1n abonar el importe correcto que es posible verificar <a href=\"https:\/\/consbahiablanca.esteri.it\/es\/servizi-consolari-e-visti\/servizi-per-il-cittadino-italiano\/tarifas-consulares\/\">en esta p\u00e1gina<\/a>, realizando la integraci\u00f3n correspondiente.<\/p>\n<p style=\"text-align: justify;\"><strong>Est\u00e1 terminantemente prohibido abonar cualquier arancel consular en nuestras oficinas o en las oficinas consulares honorarias dependientes.<\/strong><\/p>\n<p style=\"text-align: justify;\">El d\u00eda del turno el usuario deber\u00e1 OBLIGATORIAMENTE presentarse con el recibo original del pago y una fotocopia simple, su DNI (original y fotocopia) y las fotos, de lo contrario el interesado no ser\u00e1 atendido.<\/p>\n<p style=\"text-align: justify;\"><strong>Si el importe pagado no corresponde al costo exacto del pasaporte el usuario no ser\u00e1 atendido.<\/strong><\/p>\n<p style=\"text-align: justify;\"><strong>ATENCI\u00d3N: El pago del importe establecido no da derecho por s\u00ed solo al pasaporte, cuya emisi\u00f3n estar\u00e1 subordinada al cumplimiento de los requisitos previstos por la normativa vigente.<\/strong><\/p>\n<p><strong>MENORES DE 14 A\u00d1OS QUE NO VIAJAN CON SUS PADRES<\/strong><\/p>\n<div>\n<p style=\"text-align: justify;\">Los titulares de pasaporte menores de 14 a\u00f1os no pueden viajar solos, sino que deber\u00e1n hacerlo acompa\u00f1ados por uno de los padres o por un acompa\u00f1ante. Por esta raz\u00f3n, en el pasaporte de los menores de 14 a\u00f1os deben ser obligatoriamente indicados el nombre, apellido, lugar y fecha de nacimiento de ambos padres o tutores.<br \/>\nPara los acompa\u00f1antes autorizados no se prev\u00e9 la inscripci\u00f3n obligatoria en el pasaporte, pero se debe presentar ante el Consulado una declaraci\u00f3n firmada por ambos padres, o por quien otorgue la autorizaci\u00f3n, en la que conste el nombre de la persona, Ente\/Instituci\u00f3n o de la Compa\u00f1\u00eda de transporte al cual el menor es confiado.<\/p>\n<p><strong>DOCUMENTOS A PRESENTAR EN CASO DE ROBO O DE EXTRAV\u00cdO DEL PASAPORTE<\/strong><\/p>\n<p style=\"text-align: justify;\">En caso de robo o extrav\u00edo del pasaporte italiano puede consultar las indicaciones en este link <a href=\"https:\/\/consbahiablanca.esteri.it\/es\/servizi-consolari-e-visti\/servizi-per-il-cittadino-italiano\/emergency-travel-documents-etd\/\">ETD (Emergency Travel Document)<\/a>.<\/p>\n<p style=\"text-align: justify;\"><strong>INFORMACIONES GENERALES<\/strong><\/p>\n<p style=\"text-align: justify;\">LA VALIDEZ DEL PASAPORTE var\u00eda seg\u00fan la EDAD DEL TITULAR:<br \/>\n\u2022 Mayores de 18 a\u00f1os: 10 a\u00f1os de validez<br \/>\n\u2022 Menores de 3 a 18 a\u00f1os: 5 a\u00f1os de validez<br \/>\n\u2022 Menores de 0 a 3 a\u00f1os: 3 a\u00f1os de validez<br \/>\nVencidos los plazos, se debe solicitar la emisi\u00f3n de un nuevo pasaporte.<\/p>\n<p style=\"text-align: justify;\">El pasaporte es un documento de viaje y de identidad y es emitido por la \u201cPolic\u00eda Estatal\u201d (Questura) en Italia y por los Consulados en el Exterior.<br \/>\nLa Oficina de Pasaportes del Consulado se ocupa de la emisi\u00f3n de los pasaportes de ciudadanos italianos. En todos los casos es necesario esperar la autorizaci\u00f3n (\u201cnulla osta\u201d y\/o delega) de la autoridad italiana competente por territorio (Questura u otro Consulado italiano).<\/p>\n<p style=\"text-align: justify;\">Le recordamos que es obligaci\u00f3n del ciudadano informar el Consulado de cualquier cambio en sus datos personales o de estado civil. En caso de adici\u00f3n de nombre\/apellido, cambio de domicilio, matrimonio, fallecimiento del c\u00f3nyuge, divorcio, nacimiento de hijos, etc., deber\u00e1 actualizar\u00a0 su situaci\u00f3n\u00a0 escribiendo a\u00a0<a href=\"mailto:aire.bahiablanca@esteri.it\">aire.bahiablanca@esteri.it<\/a>).<br \/>\nA partir del 26 de octubre de 2006, Italia ha adoptado el \u201cpasaporte electr\u00f3nico\u201d. El mismo est\u00e1 dotado de particulares caracter\u00edsticas de impresi\u00f3n anti falsificaci\u00f3n y de un microchip que permite el registro de los datos, certificados electr\u00f3nicamente, relativos al titular del documento y a la Autoridad que lo ha emitido.<\/p>\n<p style=\"text-align: justify;\">Desde el 20 de mayo de 2010 est\u00e1 en vigencia el nuevo pasaporte electr\u00f3nico que registra, adem\u00e1s de los datos ya citados, tambi\u00e9n las huellas digitales y la firma del titular del pasaporte, adem\u00e1s de otros datos certificados electr\u00f3nicamente. Tanto para las huellas digitales como para la firma est\u00e1n previstas algunas excepciones temporarias o permanentes (por ejemplo para los menores de 12 a\u00f1os no se preveen las huellas digitales)<\/p>\n<p><strong>CONTACTOS<\/strong><\/p>\n<p>Tel. 0054 9 291 442 8255 (de lunes a viernes de 9.30 a 13.30)<\/p>\n<p>Informaciones:\u00a0<a href=\"mailto:pass.bahiablanca@esteri.it\">pass.bahiablanca@esteri.it<\/a><\/p>\n<\/div>\n<\/div>\n","protected":false},"excerpt":{"rendered":"Los turnos para la presentaci\u00f3n de la solicitud de pasaporte se reservan en la plataforma Prenot@mi (https:\/\/prenotami.esteri.it\/). Quienes no posean otra ciudadan\u00eda adem\u00e1s de la italiana\u00a0y quienes son mayores de 75 a\u00f1os podr\u00e1n reservar un turno escribiendo a:\u00a0pass.bahiablanca@esteri.it REQUISITOS NECESARIOS PARA LA EMISI\u00d3N DEL PASAPORTE El Consulado se reserva la facultad de solicitar eventualmente, luego [&hellip;]","protected":false},"author":1,"featured_media":0,"parent":173,"menu_order":1,"comment_status":"closed","ping_status":"closed","template":"","meta":{"footnotes":""},"class_list":["post-174","page","type-page","status-publish","hentry"],"_links":{"self":[{"href":"https:\/\/consbahiablanca.esteri.it\/es\/wp-json\/wp\/v2\/pages\/174","targetHints":{"allow":["GET"]}}],"collection":[{"href":"https:\/\/consbahiablanca.esteri.it\/es\/wp-json\/wp\/v2\/pages"}],"about":[{"href":"https:\/\/consbahiablanca.esteri.it\/es\/wp-json\/wp\/v2\/types\/page"}],"author":[{"embeddable":true,"href":"https:\/\/consbahiablanca.esteri.it\/es\/wp-json\/wp\/v2\/users\/1"}],"replies":[{"embeddable":true,"href":"https:\/\/consbahiablanca.esteri.it\/es\/wp-json\/wp\/v2\/comments?post=174"}],"version-history":[{"count":7,"href":"https:\/\/consbahiablanca.esteri.it\/es\/wp-json\/wp\/v2\/pages\/174\/revisions"}],"predecessor-version":[{"id":12839,"href":"https:\/\/consbahiablanca.esteri.it\/es\/wp-json\/wp\/v2\/pages\/174\/revisions\/12839"}],"up":[{"embeddable":true,"href":"https:\/\/consbahiablanca.esteri.it\/es\/wp-json\/wp\/v2\/pages\/173"}],"wp:attachment":[{"href":"https:\/\/consbahiablanca.esteri.it\/es\/wp-json\/wp\/v2\/media?parent=174"}],"curies":[{"name":"wp","href":"https:\/\/api.w.org\/{rel}","templated":true}]}}