{"id":212,"date":"2023-04-03T19:28:33","date_gmt":"2023-04-03T22:28:33","guid":{"rendered":"https:\/\/consbahiablanca.esteri.it\/servizi-consolari-e-visti\/servizi-per-il-cittadino-italiano\/emergency-travel-documents-etd\/"},"modified":"2025-12-02T15:06:45","modified_gmt":"2025-12-02T18:06:45","slug":"emergency-travel-documents-etd","status":"publish","type":"page","link":"https:\/\/consbahiablanca.esteri.it\/es\/servizi-consolari-e-visti\/servizi-per-il-cittadino-italiano\/emergency-travel-documents-etd\/","title":{"rendered":"Documento de Viaje de Emergencia (ETD)"},"content":{"rendered":"<div class=\"entry-content\">\n<p data-start=\"58\" data-end=\"471\">En caso de robo o p\u00e9rdida del pasaporte, el ciudadano italiano o el ciudadano de otros pa\u00edses de la UE sin su propia representaci\u00f3n consular en la circunscripci\u00f3n competente puede solicitar la emisi\u00f3n de un<strong> documento de viaje provisional (ETD \u2013 <em data-start=\"303\" data-end=\"330\">Emergency Travel Document<\/em>)<\/strong>, v\u00e1lido exclusivamente para el viaje de regreso a Italia, al pa\u00eds extranjero en el que reside o, en casos particulares, hacia otro destino.<\/p>\n<p data-start=\"473\" data-end=\"744\"><strong>A partir del 9 de diciembre de 2025<\/strong>, el nuevo modelo de <span style=\"text-decoration: underline;\">ETD de la UE consta de un formulario y de una etiqueta adhesiva uniforme<\/span> (considerados como impresos de valor), conformes a las prescripciones de las directivas de la UE, identificados por un n\u00famero de serie propio.<\/p>\n<p data-start=\"746\" data-end=\"1054\">El interesado podr\u00e1 presentar la <em>Domanda di documento di viaggio provvisorio dell&#8217;UE uniforme<\/em> ante el Consulado General de Italia en Bah\u00eda Blanca, present\u00e1ndose personalmente en la ventanilla o mediante correo electr\u00f3nico a la direcci\u00f3n <strong data-start=\"984\" data-end=\"1014\"><a class=\"decorated-link cursor-pointer\" rel=\"noopener\" data-start=\"986\" data-end=\"1012\">pass.bahiablanca@esteri.it<\/a><\/strong>, adjuntando la siguiente documentaci\u00f3n:<\/p>\n<ul data-start=\"1055\" data-end=\"1437\">\n<li data-start=\"1055\" data-end=\"1121\">\n<p data-start=\"1057\" data-end=\"1121\"><span style=\"text-decoration: underline;\">Formulario uniforme<\/span> completo (<a href=\"https:\/\/consbahiablanca.esteri.it\/wp-content\/uploads\/2025\/12\/ALL.1-MODULO-UNIFORME.pdf\">descargar formulario<\/a>);<\/p>\n<\/li>\n<li data-start=\"1122\" data-end=\"1172\">\n<p data-start=\"1124\" data-end=\"1172\">Documento de identidad (o copia);<\/p>\n<\/li>\n<li data-start=\"1173\" data-end=\"1267\">\n<p data-start=\"1175\" data-end=\"1267\">Denuncia de robo o p\u00e9rdida del pasaporte presentada ante las Autoridades de Polic\u00eda locales;<\/p>\n<\/li>\n<li data-start=\"1268\" data-end=\"1387\">\n<p data-start=\"1270\" data-end=\"1387\">2 fotograf\u00edas tipo carn\u00e9 (35\u00d740 mm) <strong data-start=\"1306\" data-end=\"1322\">NO digitales<\/strong>, en color, con fondo blanco, expresi\u00f3n neutra y la boca cerrada;<\/p>\n<\/li>\n<li data-start=\"1388\" data-end=\"1437\">\n<p data-start=\"1390\" data-end=\"1437\">Fotocopia del pasaje de regreso.<\/p>\n<\/li>\n<\/ul>\n<p data-start=\"1439\" data-end=\"1762\">El ETD de la UE se expide de forma gratuita, excepto por el costo del impreso de valor (para los costos consultar la <a href=\"https:\/\/consbahiablanca.esteri.it\/es\/servizi-consolari-e-visti\/servizi-per-il-cittadino-italiano\/tarifas-consulares\/\">Tabla de derechos consulares<\/a>: arts. N13C, N13D, N13E, N13F), adem\u00e1s de los eventuales gastos de env\u00edo del documento, en caso de que el solicitante no pueda retirarlo personalmente.<\/p>\n<p data-start=\"1764\" data-end=\"2201\">Se recuerda que <strong>el beneficiario de un ETD de la UE tiene la obligaci\u00f3n de devolver el documento a su llegada al destino<\/strong> a la polic\u00eda fronteriza u otra dependencia policial, independientemente de la validez restante. En caso de viajar a un pa\u00eds distinto de Italia, el beneficiario est\u00e1 obligado a devolver el documento a la Oficina consular italiana territorialmente competente para la circunscripci\u00f3n de residencia en el pa\u00eds de destino.<\/p>\n<p data-start=\"2203\" data-end=\"2393\"><strong>La validez del ETD est\u00e1 limitada al tiempo estrictamente necesario para llegar al destino final del viaje<\/strong>, y en ning\u00fan caso puede superar los 15 d\u00edas desde la fecha de emisi\u00f3n del documento.<\/p>\n<\/div>\n","protected":false},"excerpt":{"rendered":"En caso de robo o p\u00e9rdida del pasaporte, el ciudadano italiano o el ciudadano de otros pa\u00edses de la UE sin su propia representaci\u00f3n consular en la circunscripci\u00f3n competente puede solicitar la emisi\u00f3n de un documento de viaje provisional (ETD \u2013 Emergency Travel Document), v\u00e1lido exclusivamente para el viaje de regreso a Italia, al pa\u00eds [&hellip;]","protected":false},"author":1,"featured_media":0,"parent":173,"menu_order":2,"comment_status":"closed","ping_status":"closed","template":"","meta":{"footnotes":""},"class_list":["post-212","page","type-page","status-publish","hentry"],"_links":{"self":[{"href":"https:\/\/consbahiablanca.esteri.it\/es\/wp-json\/wp\/v2\/pages\/212","targetHints":{"allow":["GET"]}}],"collection":[{"href":"https:\/\/consbahiablanca.esteri.it\/es\/wp-json\/wp\/v2\/pages"}],"about":[{"href":"https:\/\/consbahiablanca.esteri.it\/es\/wp-json\/wp\/v2\/types\/page"}],"author":[{"embeddable":true,"href":"https:\/\/consbahiablanca.esteri.it\/es\/wp-json\/wp\/v2\/users\/1"}],"replies":[{"embeddable":true,"href":"https:\/\/consbahiablanca.esteri.it\/es\/wp-json\/wp\/v2\/comments?post=212"}],"version-history":[{"count":5,"href":"https:\/\/consbahiablanca.esteri.it\/es\/wp-json\/wp\/v2\/pages\/212\/revisions"}],"predecessor-version":[{"id":12229,"href":"https:\/\/consbahiablanca.esteri.it\/es\/wp-json\/wp\/v2\/pages\/212\/revisions\/12229"}],"up":[{"embeddable":true,"href":"https:\/\/consbahiablanca.esteri.it\/es\/wp-json\/wp\/v2\/pages\/173"}],"wp:attachment":[{"href":"https:\/\/consbahiablanca.esteri.it\/es\/wp-json\/wp\/v2\/media?parent=212"}],"curies":[{"name":"wp","href":"https:\/\/api.w.org\/{rel}","templated":true}]}}