{"id":214,"date":"2023-04-03T19:29:02","date_gmt":"2023-04-03T22:29:02","guid":{"rendered":"https:\/\/consbahiablanca.esteri.it\/servizi-consolari-e-visti\/servizi-per-il-cittadino-italiano\/stato-civile\/"},"modified":"2025-07-23T09:43:10","modified_gmt":"2025-07-23T12:43:10","slug":"stato-civile","status":"publish","type":"page","link":"https:\/\/consbahiablanca.esteri.it\/es\/servizi-consolari-e-visti\/servizi-per-il-cittadino-italiano\/stato-civile\/","title":{"rendered":"Estado civil"},"content":{"rendered":"<p style=\"text-align: justify;\">El Registro Civil constata y registra los eventos esenciales relativos al ciudadano: nacimiento, matrimonio, defunci\u00f3n, divorcio etc.\u00a0Todos los ciudadanos italianos tienen la obligaci\u00f3n de comunicarle r\u00e1pidamente a la Administraci\u00f3n P\u00fablica toda variaci\u00f3n relativa al propio estado civil y a la composici\u00f3n del propio n\u00facleo familiar.<\/p>\n<p style=\"text-align: justify;\">A tal efecto deber\u00e1 presentar las correspondientes actas formalmente perfeccionadas (y traducidas al idioma italiano por Traductor P\u00fablico matriculado) en el Consulado correspondiente a la residencia o ante el Consulado competente por el lugar en donde ha ocurrido el evento o directamente ante la Comuna italiana de pertenencia.<\/p>\n<p style=\"text-align: justify;\">El registro de las actas y la actualizaci\u00f3n de los datos AIRE en el portal <a href=\"https:\/\/serviziconsolari.esteri.it\/ScoFE\/index.sco\"><strong><em>Fast It<\/em><\/strong><\/a> permitir\u00e1n a los ciudadanos italianos beneficiarse de los servicios consulares (emisi\u00f3n del pasaporte, asistencia, etc.), obtener certificados o documentos tanto de la Comuna como de la Oficina consular as\u00ed como tambi\u00e9n ejercer el derecho al voto en el exterior.<\/p>\n<p><strong>PRESENTACI\u00d3N DE ACTAS DE ESTADO CIVIL<\/strong><i><\/i><\/p>\n<p style=\"text-align: justify;\"><strong><i>A partir del 01\/03\/2023, la modalidad de presentaci\u00f3n de las solicitudes de transmisi\u00f3n de las actas de Estado Civil a las Comunas italianas es \u00fanica y exclusivamente a trav\u00e9s del portal\u00a0<\/i><i><a href=\"https:\/\/serviziconsolari.esteri.it\/ScoFE\/index.sco\">Fast It<\/a><\/i><i>, secci\u00f3n\u00a0\u00abAtti di Stato Civile\u00bb, accesible a todos los conciudadanos que ya se encuentren registrados en el mencionado portal y hayan obtenido la activaci\u00f3n de su cuenta.<\/i><\/strong><\/p>\n<p style=\"text-align: justify;\">A trav\u00e9s de esa secci\u00f3n, es posible presentar los siguientes documentos<\/p>\n<ul style=\"text-align: justify;\">\n<li>certificati di nascita di figli minori <a href=\"https:\/\/consbahiablanca.esteri.it\/it\/servizi-consolari-e-visti\/servizi-per-il-cittadino-italiano\/stato-civile\/nascita-di-un-figlio-minore\/\">(figli minorenni di cittadini italiani per nascita che trasmettono automaticamente la cittadinanza (art. 3-bis L. 91\/1992)<\/a><\/li>\n<li>actas de matrimonio<\/li>\n<li>actas de defunci\u00f3n<\/li>\n<li>sentencias de divorcio<\/li>\n<\/ul>\n<p style=\"text-align: justify;\">Se recomienda consultar online el\u00a0manual (<a href=\"https:\/\/consbahiablanca.esteri.it\/wp-content\/uploads\/2023\/09\/manuale_fast_it_stato_civile_bahia_blanca.pdf\">descargar aqu\u00ed Manual FastIt<\/a>)\u00a0con las indicaciones para la presentaci\u00f3n de las actas a trav\u00e9s del Portal.<\/p>\n<p style=\"text-align: justify;\">La presentaci\u00f3n de las actas de estado civil deber\u00e1 estar siempre acompa\u00f1ada del <a href=\"https:\/\/consbahiablanca.esteri.it\/wp-content\/uploads\/2025\/02\/modello_unico_-_aggiornamento_-_iscrizione_aire_sc-aire.doc\">Modello unico aggiornamento iscrizione AIRE<\/a>\u00a0y de una copia del DNI de todos los miembros del n\u00facleo familiar, con domicilio actualizado y un\u00a0Comprobante\u00a0de residencia.<\/p>\n<p style=\"text-align: justify;\">En virtud de las disposiciones del art\u00edculo 3 del Decreto Legislativo 223\/2012 los ciudadanos italianos en el exterior deben acompa\u00f1ar su solicitud de inscripci\u00f3n\/variaci\u00f3n en el AIRE (Registro de los Italianos en el Exterior) con documentaci\u00f3n que permita comprobar su domicilio de residencia.<\/p>\n<p style=\"text-align: justify;\">Es posible presentar:<\/p>\n<ul style=\"text-align: justify;\">\n<li>Facturas de servicios residenciales (luz, gas, tel\u00e9fono fijo, TV por cable, internet).<\/li>\n<li>Recibo de sueldo, certificado laboral expedido por el empleador o constancia de inscripci\u00f3n como monotributista \u2013 solo en caso de ser trabajador aut\u00f3nomo.<\/li>\n<li>Certificado o constancia de afiliaci\u00f3n a obra social (o factura mensual);<\/li>\n<li>Contrato de alquiler;<\/li>\n<li>Certificado de alumno regular.<\/li>\n<\/ul>\n<p style=\"text-align: justify;\"><strong>No se aceptan impuestos, certificados policiales, facturas de agua facturas, de telefon\u00eda m\u00f3vil, ni seguros.<\/strong><\/p>\n<p style=\"text-align: justify;\">\u00danicamente en lo que respecta la presentaci\u00f3n de actas de defunci\u00f3n de un ciudadano italiano inscripto en este Consulado por parte de un familiar\/pariente extranjero (no italiano), es posible contactar directamente la Oficina por mail y coordinar la modalidad de entrega.<\/p>\n<p><strong>REQUISITOS DE LAS ACTAS DE ESTADO CIVIL<\/strong><\/p>\n<p><strong>IMPORTANTE:<\/strong><\/p>\n<p style=\"text-align: justify;\">1) El Consulado General de Italia en Bah\u00eda Blanca acepta dos formatos de partidas (actas) emitidas por el Registro Civil argentino:<\/p>\n<ul style=\"text-align: justify;\">\n<li>Las partidas (actas) digitales, que no requieren Apostilla de La Haya pero ser\u00e1n consideradas v\u00e1lidas s\u00f3lo si acompa\u00f1adas de la \u201choja adicional de firmas\u201d.<\/li>\n<li>Las partidas (actas) emitidas por las Oficinas del Registro Civil o por el Registro de las Personas que deben presentarse legalizadas (con firma y sello en original) por la autoridad competente.<\/li>\n<\/ul>\n<p style=\"text-align: justify;\">Seg\u00fan lo establecido por el Acuerdo italo-argentina sobre el intercambio de actas de estado civil, para las provincias que han adherido al mismo, es posible presentar las actas originales no traducidas,\u00a0acompa\u00f1adas por el modelo biling\u00fce (ambos expedidos en la misma fecha) a condici\u00f3n de que las mismas no presenten ANOTACIONES MARGINALES; EN ESTE CASO DEBER\u00c1N SER TRADUCIDAS.<\/p>\n<p>2)Es posible dirigirse a cualquier traductor p\u00fablico regularmente matriculado en un Colegio Profesional de la Rep\u00fablica Argentina, independientemente del hecho de que opere en esta jurisdicci\u00f3n y de que su firma se encuentre registrada en este Consulado General.<\/p>\n<p>Actas y traducciones deber\u00e1n ser entregadas en original y no ser\u00e1n restituidas.<\/p>\n<p><strong>3)\u00a0Las partidas emitidas antes del 01\/07\/1990 deber\u00e1n tambi\u00e9n ser legalizadas por el Ministerio de Relaciones Exteriores argentino con la relativa Apostille de la Haya.<\/strong><\/p>\n<p style=\"text-align: justify;\"><strong>Eventos acontecidos en otra Circunscripci\u00f3n Consular (fuera del territorio de la Rep\u00fablica Argentina)<\/strong><\/p>\n<p style=\"text-align: justify;\">Los ciudadanos italianos residentes en esta circunscripci\u00f3n consular inscritos regularmente en el AIRE, podr\u00e1n presentar en este Consulado General las actas de estado civil y las sentencias emitidas fuera del territorio de la Rep\u00fablica Argentina. Tales actas\/sentencias deber\u00e1n ser legalizadas con apostillas en<strong> el pa\u00eds de origen. <\/strong>Las traducciones unicamente del idioma original al italiano, pueden ser realizadas en el pais de origen o en Argentina y siempre deber\u00e1n ser apostilladas en el pa\u00eds donde se realice la traducci\u00f3n.<\/p>\n<p style=\"text-align: justify;\">Excepci\u00f3n: actas de estado civil de Pa\u00edses UE, que podr\u00e1n ser presentadas en formulario pluriling\u00fce.<\/p>\n<p>En caso de actas extranjeras, previamente a ser traducidas, las mismas deber\u00e1n ser legalizadas con Apostilla, si el pa\u00eds es miembro de la Convenci\u00f3n de La Haya, o equivalente en caso de no formar parte de la misma. Adem\u00e1s, la traducci\u00f3n deber\u00e1 realizarse en el pa\u00eds de origen\u00a0<strong>directamente del idioma original al italiano<\/strong>\u00a0y contar con la conformidad de traducci\u00f3n del Consulado Italiano de dicha circunscripci\u00f3n o con Apostilla de la Haya (solo pa\u00edses miembros) tambi\u00e9n sobre la traducci\u00f3n.<\/p>\n<p><strong>CONTROL DE DATOS EN ACTAS Y TRADUCCIONES<\/strong><\/p>\n<p style=\"text-align: justify;\">Antes de presentar las actas se sugiere verificar la exactitud de los datos contenidos en ellas (en particular, nombre, apellido, lugar y fecha de nacimiento de los nombrados); como tambi\u00e9n controlar las traducciones. En caso de error en el documento original, ser\u00e1 necesario solicitar la rectificaci\u00f3n administrativa por parte de la instituci\u00f3n emisora. En el caso de error en la traducci\u00f3n, ser\u00e1 necesario solicitar una nueva traducci\u00f3n.<\/p>\n<p align=\"center\"><strong>LOS INVITAMOS A CONSULTAR CON ATENCI\u00d3N LA SECCI\u00d3N ESTADO CIVIL DE NUESTRO SITIO WEB ANTES DE ENVIAR CORREOS ELECTR\u00d3NICOS SOLICITANDO INFORMACI\u00d3N.<\/strong><\/p>\n<p align=\"center\"><strong>ESTE CONSULADO GENERAL NO RESPONDER\u00c1 A LOS CORREOS QUE SOLICITEN INFORMACIONES YA DISPONIBLES EN NUESTRO SITIO.<\/strong><\/p>\n","protected":false},"excerpt":{"rendered":"El Registro Civil constata y registra los eventos esenciales relativos al ciudadano: nacimiento, matrimonio, defunci\u00f3n, divorcio etc.\u00a0Todos los ciudadanos italianos tienen la obligaci\u00f3n de comunicarle r\u00e1pidamente a la Administraci\u00f3n P\u00fablica toda variaci\u00f3n relativa al propio estado civil y a la composici\u00f3n del propio n\u00facleo familiar. A tal efecto deber\u00e1 presentar las correspondientes actas formalmente perfeccionadas [&hellip;]","protected":false},"author":1,"featured_media":0,"parent":173,"menu_order":10,"comment_status":"closed","ping_status":"closed","template":"","meta":{"footnotes":""},"class_list":["post-214","page","type-page","status-publish","hentry"],"_links":{"self":[{"href":"https:\/\/consbahiablanca.esteri.it\/es\/wp-json\/wp\/v2\/pages\/214","targetHints":{"allow":["GET"]}}],"collection":[{"href":"https:\/\/consbahiablanca.esteri.it\/es\/wp-json\/wp\/v2\/pages"}],"about":[{"href":"https:\/\/consbahiablanca.esteri.it\/es\/wp-json\/wp\/v2\/types\/page"}],"author":[{"embeddable":true,"href":"https:\/\/consbahiablanca.esteri.it\/es\/wp-json\/wp\/v2\/users\/1"}],"replies":[{"embeddable":true,"href":"https:\/\/consbahiablanca.esteri.it\/es\/wp-json\/wp\/v2\/comments?post=214"}],"version-history":[{"count":7,"href":"https:\/\/consbahiablanca.esteri.it\/es\/wp-json\/wp\/v2\/pages\/214\/revisions"}],"predecessor-version":[{"id":10510,"href":"https:\/\/consbahiablanca.esteri.it\/es\/wp-json\/wp\/v2\/pages\/214\/revisions\/10510"}],"up":[{"embeddable":true,"href":"https:\/\/consbahiablanca.esteri.it\/es\/wp-json\/wp\/v2\/pages\/173"}],"wp:attachment":[{"href":"https:\/\/consbahiablanca.esteri.it\/es\/wp-json\/wp\/v2\/media?parent=214"}],"curies":[{"name":"wp","href":"https:\/\/api.w.org\/{rel}","templated":true}]}}