{"id":215,"date":"2023-04-03T19:29:13","date_gmt":"2023-04-03T22:29:13","guid":{"rendered":"https:\/\/consbahiablanca.esteri.it\/servizi-consolari-e-visti\/servizi-per-il-cittadino-italiano\/assistenza-ai-cittadini-allestero\/"},"modified":"2026-03-24T14:16:25","modified_gmt":"2026-03-24T17:16:25","slug":"assistenza-ai-cittadini-allestero","status":"publish","type":"page","link":"https:\/\/consbahiablanca.esteri.it\/es\/servizi-consolari-e-visti\/servizi-per-il-cittadino-italiano\/assistenza-ai-cittadini-allestero\/","title":{"rendered":"Asistencia a ciudadanos en el extranjero"},"content":{"rendered":"<p class=\"\" data-start=\"65\" data-end=\"303\">El servicio de asistencia social est\u00e1 destinado a los ciudadanos italianos que se encuentren en una situaci\u00f3n de indigencia o en un estado de necesidad ocasional y grave, seg\u00fan el reglamento adoptado con el <a href=\"https:\/\/consbahiablanca.esteri.it\/wp-content\/uploads\/2026\/03\/Decreto-regolamento-sussidi-26-2026_Firmato.pdf\">decreto consolare 26-2026<\/a>.<\/p>\n<p class=\"\" data-start=\"305\" data-end=\"450\">Para solicitar la asistencia y\/o recibir m\u00e1s informaci\u00f3n, se puede descargar el formulario de solicitud y escribir a <a href=\"mailto:assist.bahiablanca@esteri.it\" rel=\"noopener\" data-start=\"422\" data-end=\"449\">assist.bahiablanca@esteri.it<\/a><\/p>\n<p class=\"\" data-start=\"452\" data-end=\"477\"><strong data-start=\"452\" data-end=\"477\">PREGUNTAS FRECUENTES:<\/strong><\/p>\n<ol>\n<li data-start=\"482\" data-end=\"502\"><strong>\u00bfQu\u00e9 es un subsidio?<\/strong><\/li>\n<\/ol>\n<p class=\"\" data-start=\"504\" data-end=\"603\">Un subsidio es una ayuda asistencial econ\u00f3mica que se concede por un per\u00edodo de tiempo determinado.<\/p>\n<ol start=\"2\" data-start=\"605\" data-end=\"633\">\n<li class=\"\" data-start=\"605\" data-end=\"633\">\n<p class=\"\" data-start=\"608\" data-end=\"633\"><strong>\u00bfQui\u00e9n puede solicitarlo?<\/strong><\/p>\n<\/li>\n<\/ol>\n<p class=\"\" data-start=\"635\" data-end=\"876\">Cualquier ciudadano italiano, residente en la circunscripci\u00f3n de competencia del Consulado General de Bah\u00eda Blanca y que se encuentre en estado de indigencia o en estado de necesidad ocasional y grave, puede solicitarlo al Consulado General.<\/p>\n<ol start=\"3\" data-start=\"878\" data-end=\"904\">\n<li class=\"\" data-start=\"878\" data-end=\"904\">\n<p class=\"\" data-start=\"881\" data-end=\"904\"><strong>\u00bfQui\u00e9n tiene prioridad?<\/strong><\/p>\n<\/li>\n<\/ol>\n<p class=\"\" data-start=\"906\" data-end=\"923\">Tienen prioridad:<\/p>\n<ul data-start=\"925\" data-end=\"1187\">\n<li class=\"\" data-start=\"925\" data-end=\"963\">\n<p class=\"\" data-start=\"927\" data-end=\"963\">Ciudadanos exclusivamente italianos;<\/p>\n<\/li>\n<li class=\"\" data-start=\"964\" data-end=\"999\">\n<p class=\"\" data-start=\"966\" data-end=\"999\">Connacionales mayores de 70 a\u00f1os;<\/p>\n<\/li>\n<li class=\"\" data-start=\"1000\" data-end=\"1082\">\n<p class=\"\" data-start=\"1002\" data-end=\"1082\">Connacionales sin ninguna forma de asistencia econ\u00f3mica por parte de familiares;<\/p>\n<\/li>\n<li class=\"\" data-start=\"1083\" data-end=\"1187\">\n<p class=\"\" data-start=\"1085\" data-end=\"1187\">Connacionales bajo tratamientos m\u00e9dicos prolongados o afectados por enfermedades cr\u00f3nicas o graves.<\/p>\n<\/li>\n<\/ul>\n<p class=\"\" data-start=\"1085\" data-end=\"1187\"><strong>4. <\/strong><strong>Si mi asistencia m\u00e9dica no cubre los costos de los medicamentos y no tengo medios para cubrir el gasto, \u00bfpuedo solicitar ayuda sanitaria al Consulado?<\/strong><\/p>\n<p class=\"\" data-start=\"192\" data-end=\"226\"><strong data-start=\"192\" data-end=\"226\">a) Asistencia m\u00e9dico-sanitaria<\/strong><\/p>\n<p class=\"\" data-start=\"228\" data-end=\"507\">Al ciudadano italiano residente en situaci\u00f3n de indigencia (<a href=\"https:\/\/consbahiablanca.esteri.it\/wp-content\/uploads\/2026\/03\/Decreto-regolamento-sussidi-26-2026_Firmato.pdf\">decreto 26-2026<\/a>) y que no reciba ning\u00fan otro tipo de asistencia local, o en caso de que la asistencia local no sea adecuada seg\u00fan los est\u00e1ndares europeos, se le pueden proporcionar las siguientes formas de intervenci\u00f3n:<\/p>\n<ul data-start=\"509\" data-end=\"672\">\n<li class=\"\" data-start=\"509\" data-end=\"561\">\n<p class=\"\" data-start=\"511\" data-end=\"561\">pago directo de servicios m\u00e9dicos u hospitalarios;<\/p>\n<\/li>\n<li class=\"\" data-start=\"563\" data-end=\"617\">\n<p class=\"\" data-start=\"565\" data-end=\"617\">compra directa de medicamentos y material sanitario;<\/p>\n<\/li>\n<li class=\"\" data-start=\"619\" data-end=\"672\">\n<p class=\"\" data-start=\"621\" data-end=\"672\">subsidio como contribuci\u00f3n a los gastos sanitarios.<\/p>\n<\/li>\n<\/ul>\n<p class=\"\" data-start=\"674\" data-end=\"715\"><strong data-start=\"674\" data-end=\"715\">b) P\u00f3lizas de seguro m\u00e9dico-sanitario<\/strong><\/p>\n<p class=\"\" data-start=\"717\" data-end=\"1284\">El Consulado puede evaluar la posibilidad de contratar p\u00f3lizas de seguro de asistencia sanitaria en favor de los ciudadanos italianos indigentes (<a href=\"https:\/\/consbahiablanca.esteri.it\/wp-content\/uploads\/2026\/03\/Decreto-regolamento-sussidi-26-2026_Firmato.pdf\">decreto 26-2026<\/a>) residentes en el extranjero. El beneficiario de dichas p\u00f3lizas no puede beneficiarse simult\u00e1neamente de otras formas de asistencia m\u00e9dico-sanitaria. En caso de peligro de vida y de dificultades econ\u00f3micas comprobadas de un ciudadano italiano no residente en la circunscripci\u00f3n, el Consulado puede adelantar la cobertura de los gastos sanitarios de urgencia en forma de pr\u00e9stamo con promesa de devoluci\u00f3n.<\/p>\n<p class=\"\" data-start=\"1765\" data-end=\"1815\"><strong>5. \u00bfCu\u00e1ntas veces al a\u00f1o puedo solicitar un subsidio?<\/strong><\/p>\n<p class=\"\" data-start=\"1817\" data-end=\"1900\">El subsidio se concede solo una vez al a\u00f1o, salvo en casos de urgencia excepcional.<\/p>\n<p class=\"\" data-start=\"1905\" data-end=\"1936\"><strong>6. \u00bfA cu\u00e1nto asciende el subsidio?<\/strong><\/p>\n<p class=\"\" data-start=\"1938\" data-end=\"2103\">El monto est\u00e1 relacionado con la necesidad del solicitante y con los l\u00edmites establecidos anualmente. Se remite al reglamento del <a href=\"https:\/\/consbahiablanca.esteri.it\/wp-content\/uploads\/2026\/03\/Decreto-regolamento-sussidi-26-2026_Firmato.pdf\">decreto 26-2026<\/a> para m\u00e1s detalles.<\/p>\n<p class=\"\" data-start=\"2108\" data-end=\"2136\"><strong>7. \u00bfEl subsidio es una pensi\u00f3n?<\/strong><\/p>\n<p class=\"\" data-start=\"2138\" data-end=\"2250\">El subsidio no es una pensi\u00f3n, sino solo una ayuda eventual para mejorar la situaci\u00f3n econ\u00f3mica del solicitante.<\/p>\n<p class=\"\" data-start=\"2255\" data-end=\"2302\"><strong>8. \u00bfC\u00f3mo puedo solicitar el subsidio al Consulado?<\/strong><\/p>\n<p class=\"\" data-start=\"2304\" data-end=\"2527\">El interesado debe descargar el <a href=\"https:\/\/consbahiablanca.esteri.it\/wp-content\/uploads\/2025\/04\/Ufficio-Sociale-Formulari-richiesta-assistenza-economica-1.pdf\">formulario<\/a>\u00a0correspondiente, completarlo y enviarlo, junto con los elementos de evaluaci\u00f3n, al correo electr\u00f3nico <a href=\"mailto:assist.bahiablanca@esteri.it\" rel=\"noopener\" data-start=\"422\" data-end=\"449\">assist.bahiablanca@esteri.it<\/a> para la evaluaci\u00f3n preliminar del caso espec\u00edfico.\u00a0Posteriormente, el Consulado realizar\u00e1 los controles sobre lo proporcionado, incluida una posible visita domiciliaria para verificar la veracidad de los datos y la informaci\u00f3n suministrada.<\/p>\n<p class=\"\" data-start=\"2724\" data-end=\"2760\"><strong>9. \u00bfQu\u00e9 documentaci\u00f3n debe presentarse?<\/strong><\/p>\n<p class=\"\" data-start=\"2762\" data-end=\"2874\">Es importante presentar los siguientes elementos de evaluaci\u00f3n adem\u00e1s de un documento de identificaci\u00f3n vigente.<\/p>\n<p class=\"\" data-start=\"2880\" data-end=\"2926\"><strong>10. \u00bfC\u00f3mo se puede acceder a la asistencia social?<\/strong><\/p>\n<p class=\"\" data-start=\"2928\" data-end=\"3047\">Se puede escribir para informar sobre la situaci\u00f3n personal y solicitar una intervenci\u00f3n a <a href=\"mailto:assist.bahiablanca@esteri.it\" rel=\"noopener\" data-start=\"422\" data-end=\"449\">assist.bahiablanca@esteri.it<\/a>.<\/p>\n<p class=\"\" data-start=\"3053\" data-end=\"3092\"><strong data-start=\"3053\" data-end=\"3092\">11. Pr\u00e9stamos con promesa de devoluci\u00f3n<\/strong><\/p>\n<p class=\"\" data-start=\"3094\" data-end=\"3856\">El pr\u00e9stamo con promesa de devoluci\u00f3n se concede normalmente a los italianos que se encuentren en el extranjero en un estado ocasional de grave necesidad (por ejemplo, que hayan perdido documentos y dinero; que hayan sido robados; que sean v\u00edctimas de desastres naturales) y deban regresar a Italia. Tales pr\u00e9stamos a favor de los connacionales pueden ser efectuados, en caso de robo o p\u00e9rdida, solo previa denuncia a la polic\u00eda local y no pueden superar los l\u00edmites establecidos por las disposiciones ministeriales. Deben ser devueltos por el interesado al Tesoro, una vez regresado a Italia, siguiendo las <a href=\"https:\/\/consbahiablanca.esteri.it\/wp-content\/uploads\/2025\/04\/Istruzioni-modalita-di-pagamento-prestito-per-informazioni-personali.pdf\">instrucciones<\/a>\u00a0. Los connacionales sin documentos de viaje tambi\u00e9n podr\u00e1n solicitar la emisi\u00f3n de documentos de viaje necesarios para el regreso a su pa\u00eds.<\/p>\n","protected":false},"excerpt":{"rendered":"El servicio de asistencia social est\u00e1 destinado a los ciudadanos italianos que se encuentren en una situaci\u00f3n de indigencia o en un estado de necesidad ocasional y grave, seg\u00fan el reglamento adoptado con el decreto consolare 26-2026. Para solicitar la asistencia y\/o recibir m\u00e1s informaci\u00f3n, se puede descargar el formulario de solicitud y escribir a [&hellip;]","protected":false},"author":1,"featured_media":0,"parent":173,"menu_order":20,"comment_status":"closed","ping_status":"closed","template":"","meta":{"footnotes":""},"class_list":["post-215","page","type-page","status-publish","hentry"],"_links":{"self":[{"href":"https:\/\/consbahiablanca.esteri.it\/es\/wp-json\/wp\/v2\/pages\/215","targetHints":{"allow":["GET"]}}],"collection":[{"href":"https:\/\/consbahiablanca.esteri.it\/es\/wp-json\/wp\/v2\/pages"}],"about":[{"href":"https:\/\/consbahiablanca.esteri.it\/es\/wp-json\/wp\/v2\/types\/page"}],"author":[{"embeddable":true,"href":"https:\/\/consbahiablanca.esteri.it\/es\/wp-json\/wp\/v2\/users\/1"}],"replies":[{"embeddable":true,"href":"https:\/\/consbahiablanca.esteri.it\/es\/wp-json\/wp\/v2\/comments?post=215"}],"version-history":[{"count":8,"href":"https:\/\/consbahiablanca.esteri.it\/es\/wp-json\/wp\/v2\/pages\/215\/revisions"}],"predecessor-version":[{"id":13190,"href":"https:\/\/consbahiablanca.esteri.it\/es\/wp-json\/wp\/v2\/pages\/215\/revisions\/13190"}],"up":[{"embeddable":true,"href":"https:\/\/consbahiablanca.esteri.it\/es\/wp-json\/wp\/v2\/pages\/173"}],"wp:attachment":[{"href":"https:\/\/consbahiablanca.esteri.it\/es\/wp-json\/wp\/v2\/media?parent=215"}],"curies":[{"name":"wp","href":"https:\/\/api.w.org\/{rel}","templated":true}]}}