{"id":223,"date":"2023-04-03T19:30:48","date_gmt":"2023-04-03T22:30:48","guid":{"rendered":"https:\/\/consbahiablanca.esteri.it\/servizi-consolari-e-visti\/servizi-per-il-cittadino-straniero\/visti\/"},"modified":"2025-01-14T13:57:13","modified_gmt":"2025-01-14T16:57:13","slug":"visti","status":"publish","type":"page","link":"https:\/\/consbahiablanca.esteri.it\/es\/servizi-consolari-e-visti\/servizi-per-il-cittadino-straniero\/visti\/","title":{"rendered":"Visas"},"content":{"rendered":"<p>Los usuarios que deseen solicitar una visa para Italia deben visitar los siguientes sitios web: <a href=\"https:\/\/vistoperitalia.esteri.it\/\">https:\/\/vistoperitalia.esteri.it\/<\/a> para conocer los requisitos necesarios para la expedici\u00f3n de una visa.<\/p>\n<p><strong>Importante\u00a0<\/strong><\/p>\n<p>Las solicitudes de visa para Italia en Argentina son procesadas por el Consulado General de Italia en Buenos Aires. Las solicitudes de visa se solicitan a trav\u00e9s de la plataforma Prenot@mi, en el sitio web del Consulado General de Italia en Buenos Aires.<\/p>\n<p>Sin embargo, para evitar largos desplazamientos a los usuarios, las solicitudes de visa con la documentaci\u00f3n pertinente de residentes en esta Jurisdicci\u00f3n Consular pueden presentarse ante este Consulado General (Avenida Alem 309, 0291-4545140) que posteriormente las remitir\u00e1 al Consulado General de Buenos Aires.<\/p>\n<p>Dado que la documentaci\u00f3n debe ser enviada al Consulado General de Italia en Buenos Aires, los costos de env\u00edo de la documentaci\u00f3n propiamente dicha con un correo especial asegurado a Buenos Aires y los de devoluci\u00f3n del pasaporte con la visa puesta ser\u00e1n a cargo del interesado.<\/p>\n<p>Los tiempos necesarios para completar el tr\u00e1mite de visa son particularmente largos, por lo que, en casos de urgencia, se recomienda contactar directamente el Consulado General de Italia en Buenos Aires (visti.buenosaires@esteri.it). Recuerde que los ciudadanos italianos, italo-argentinos e incluso los ciudadanos argentinos que vayan a Italia por motivos de turismo o negocios por per\u00edodos inferiores a 90 d\u00edas NO necesitan solicitar visa.<\/p>\n<p>Todos los solicitantes de VSU (Visa Schengen Uniforme (tipo \u201cC\u201d), v\u00e1lida para tr\u00e1nsito y estad\u00eda en el territorio de todos los estados miembros, con una duraci\u00f3n m\u00e1xima de 90 d\u00edas cada 180 d\u00edas, independientemente del lugar de residencia, deben dirigirse directamente a la Consulado General en Buenos Aires, ya que ser\u00e1 necesario tomar las huellas dactilares pertinentes.<\/p>\n<p>Se informa que a partir del 11 de enero de 2025, es obligatoria la <strong>toma de las huellas digitales de los solicitantes<\/strong> para la emisi\u00f3n de <strong>Visas categor\u00eda D<\/strong>.<\/p>\n<p>Por lo tanto, todos los solicitantes de Visa D deber\u00e1n <strong>presentarse personalmente en el Consulado General de Italia en Buenos Aires, previa solicitud de turno,<\/strong> para la toma de las huellas digitales.<\/p>\n<p>El Consolato Generale a Bah\u00eda Blanca no se encuentra habilitado para tal operaci\u00f3n: los usuarios podr\u00e1n dirigirse a este Consulado General para la verificaci\u00f3n de la documentaci\u00f3n de la solicitud de visa, siempre con la condici\u00f3n de la solicitud de turno al Consulado General de Italia en Buenos Aires para la necesaria toma de las huellas digitales.<\/p>\n<p>Para obtener informaci\u00f3n puede escribir un correo electr\u00f3nico a <a href=\"mailto:bahiablanca.nat@esteri.it\">bahiablanca.nat@esteri.it<\/a> especificando:<\/p>\n<ol>\n<li>motivo del viaje,<\/li>\n<li>duraci\u00f3n de la estancia en Italia,<\/li>\n<li>fecha prevista de salida,<\/li>\n<li>ciudadan\u00eda y fecha de nacimiento del solicitante<\/li>\n<li>Lugar de residencia (tal como figura en el DNI).<\/li>\n<\/ol>\n","protected":false},"excerpt":{"rendered":"Los usuarios que deseen solicitar una visa para Italia deben visitar los siguientes sitios web: https:\/\/vistoperitalia.esteri.it\/ para conocer los requisitos necesarios para la expedici\u00f3n de una visa. Importante\u00a0 Las solicitudes de visa para Italia en Argentina son procesadas por el Consulado General de Italia en Buenos Aires. Las solicitudes de visa se solicitan a trav\u00e9s [&hellip;]","protected":false},"author":1,"featured_media":0,"parent":206,"menu_order":0,"comment_status":"closed","ping_status":"closed","template":"","meta":{"footnotes":""},"class_list":["post-223","page","type-page","status-publish","hentry"],"_links":{"self":[{"href":"https:\/\/consbahiablanca.esteri.it\/es\/wp-json\/wp\/v2\/pages\/223","targetHints":{"allow":["GET"]}}],"collection":[{"href":"https:\/\/consbahiablanca.esteri.it\/es\/wp-json\/wp\/v2\/pages"}],"about":[{"href":"https:\/\/consbahiablanca.esteri.it\/es\/wp-json\/wp\/v2\/types\/page"}],"author":[{"embeddable":true,"href":"https:\/\/consbahiablanca.esteri.it\/es\/wp-json\/wp\/v2\/users\/1"}],"replies":[{"embeddable":true,"href":"https:\/\/consbahiablanca.esteri.it\/es\/wp-json\/wp\/v2\/comments?post=223"}],"version-history":[{"count":6,"href":"https:\/\/consbahiablanca.esteri.it\/es\/wp-json\/wp\/v2\/pages\/223\/revisions"}],"predecessor-version":[{"id":8596,"href":"https:\/\/consbahiablanca.esteri.it\/es\/wp-json\/wp\/v2\/pages\/223\/revisions\/8596"}],"up":[{"embeddable":true,"href":"https:\/\/consbahiablanca.esteri.it\/es\/wp-json\/wp\/v2\/pages\/206"}],"wp:attachment":[{"href":"https:\/\/consbahiablanca.esteri.it\/es\/wp-json\/wp\/v2\/media?parent=223"}],"curies":[{"name":"wp","href":"https:\/\/api.w.org\/{rel}","templated":true}]}}