{"id":224,"date":"2023-04-03T19:30:58","date_gmt":"2023-04-03T22:30:58","guid":{"rendered":"https:\/\/consbahiablanca.esteri.it\/servizi-consolari-e-visti\/servizi-per-il-cittadino-straniero\/cittadinanza\/"},"modified":"2025-07-29T15:14:14","modified_gmt":"2025-07-29T18:14:14","slug":"cittadinanza","status":"publish","type":"page","link":"https:\/\/consbahiablanca.esteri.it\/es\/servizi-consolari-e-visti\/servizi-per-il-cittadino-straniero\/cittadinanza\/","title":{"rendered":"Ciudadan\u00eda y Adopci\u00f3n"},"content":{"rendered":"<p><strong>El decreto-ley del 28 de marzo de 2025, n.\u00ba 36, ha sido convertido con modificaciones en la ley del 23 de mayo de 2025, n.\u00ba 74, con vigencia a partir del 24 de mayo de 2025.<\/strong><\/p>\n<p><em>In deroga agli articoli 1, 2, 3, 14 e 20 della presente legge, all\u2019articolo 5 della legge 21 aprile 1983, n. 123, agli articoli 1, 2, 7, 10, 12 e 19 della legge 13 giugno 1912, n. 555, nonch\u00e9 agli articoli 4, 5, 7, 8 e 9 del codice civile approvato con regio decreto 25 giugno 1865, n. 2358, \u00e8 considerato non avere mai acquistato la cittadinanza italiana chi \u00e8 nato all\u2019estero anche prima della data di entrata in vigore del presente articolo ed \u00e8 in possesso di altra cittadinanza, salvo che ricorra una delle seguenti condizioni:<\/em><\/p>\n<p><em>\u00a0 \u00a0 \u00a0 \u00a0 a) lo stato di cittadino dell\u2019interessato \u00e8 riconosciuto, nel rispetto della normativa applicabile al 27 marzo 2025, a seguito di domanda, corredata della necessaria documentazione, presentata all\u2019ufficio consolare o al sindaco competenti non oltre le 23:59, ora di Roma, della medesima data;<\/em><\/p>\n<p><em>\u00a0 \u00a0 \u00a0 \u00a0 a-bis) lo stato di cittadino dell\u2019interessato \u00e8 riconosciuto, nel rispetto della normativa applicabile al 27 marzo 2025, a seguito di domanda, corredata della necessaria documentazione, presentata all\u2019ufficio consolare o al sindaco competenti nel giorno indicato da appuntamento comunicato all\u2019interessato dall\u2019ufficio competente entro le 23:59, ora di Roma, della medesima data del 27 marzo 2025;<\/em><\/p>\n<p><em>\u00a0 \u00a0 \u00a0 \u00a0 b) lo stato di cittadino dell\u2019interessato \u00e8 accertato giudizialmente, nel rispetto della normativa applicabile al 27 marzo 2025, a seguito di domanda giudiziale presentata non oltre le 23:59, ora di Roma, della medesima data;<\/em><\/p>\n<p><em>\u00a0 \u00a0 \u00a0 \u00a0 c) un ascendente di primo o di secondo grado possiede, o possedeva al momento della morte, esclusivamente la cittadinanza italiana;<\/em><\/p>\n<p><em>\u00a0 \u00a0 \u00a0 \u00a0d) un genitore o adottante \u00e8 stato residente in Italia per almeno due anni continuativi successivamente all\u2019acquisto della cittadinanza italiana e prima della data di nascita o di adozione del figlio.<\/em><\/p>\n<p>\u2014 \u2014 \u2014<\/p>\n<p>Por lo tanto, seg\u00fan la nueva Ley n.\u00ba n. 91 del 1992, se reconoce como ciudadano italiano\u00a0<em>iure sanguinis<\/em>\u00a0(desde el nacimiento):<\/p>\n<ul>\n<li>al solicitante\u00a0<strong>nacido en Italia<\/strong>\u00a0en cualquier fecha;<\/li>\n<li>al solicitante que posee exclusivamente la ciudadan\u00eda italiana,\u00a0<strong>es decir que no tiene ni puede tener ninguna otra ciudadan\u00eda<\/strong>;<\/li>\n<li>al solicitante que se encuentra en\u00a0<strong>alguno de los casos<\/strong>\u00a0indicados\u00a0<strong>en los incisos a), a-bis), b), c) y d) del art\u00edculo 3-bis<\/strong>.<\/li>\n<\/ul>\n<p>A la luz de la nueva ley, se precisa que:<\/p>\n<ol>\n<li><strong>Solo las solicitudes presentadas antes del 27 de marzo de 2025 a las 23:59 (hora italiana, 19:59 en Argentina), acompa\u00f1adas de la documentaci\u00f3n necesaria, se rigen por la\u00a0<\/strong><a href=\"https:\/\/consbahiablanca.esteri.it\/wp-content\/uploads\/2025\/04\/Cittadinanza-per-ricostruzione-Normativa-applicabile-fino-al-Decr-Leg-36_2025-it.pdf\"><strong>normativa anterior<\/strong><\/a><strong>.<\/strong><\/li>\n<\/ol>\n<p>Estas solicitudes (punto 1) son exclusivamente aquellas entregadas al Consulado General antes de la fecha y hora indicadas, con la documentaci\u00f3n completa.<\/p>\n<p>1. <strong>Solo las solicitudes, acompa\u00f1adas de la documentaci\u00f3n necesaria, presentadas en la oficina consular el d\u00eda indicado por una cita confirmada al interesado por la oficina competente antes de las 23:59 (hora de Roma, 19:59 en Argentina) del 27 de marzo de 2025, se rigen por la <\/strong><a href=\"https:\/\/consbahiablanca.esteri.it\/wp-content\/uploads\/2025\/04\/Cittadinanza-per-ricostruzione-Normativa-applicabile-fino-al-Decr-Leg-36_2025-it.pdf\"><strong>normativa anterior<\/strong><\/a><\/p>\n<p>Estas solicitudes (punto 2) son exclusivamente aquellas entregadas al Consulado General, con la documentaci\u00f3n completa, en la fecha indicada en la cita <u>comunicada al interesado<\/u> mediante correo electr\u00f3nico del sistema \u201cPrenot@mi\u201d antes de la fecha y hora m\u00e1s arriba indicadas.<\/p>\n<p>2.<strong> En cualquier otra circunstancia, las solicitudes se rigen por la nueva normativa.<\/strong><\/p>\n<p><strong>Documentaci\u00f3n requerida seg\u00fan la Circular K.28.1 del 8 de abril de 1991 del Ministerio del Interior:<\/strong><\/p>\n<ol>\n<li>Extracto del acta de nacimiento del antepasado italiano emigrado al extranjero, emitido por el Municipio italiano donde naci\u00f3;<\/li>\n<li>Actas de nacimiento, con traducci\u00f3n oficial al italiano, de todos sus descendientes en l\u00ednea recta, incluida la de la persona que reclama la solicitante;<\/li>\n<li>Acta de matrimonio del antepasado italiano emigrado al extranjero, con traducci\u00f3n oficial al italiano si fue emitida en el extranjero;<\/li>\n<li>Actas de matrimonio de sus descendientes en l\u00ednea recta, incluida la de los padres del solicitante;<\/li>\n<li>Certificado emitido por las autoridades competentes del Estado extranjero de emigraci\u00f3n, con traducci\u00f3n oficial al italiano, que acredite que el antepasado italiano no adquiri\u00f3 la ciudadan\u00eda del pa\u00eds de emigraci\u00f3n antes del nacimiento del ascendiente del solicitante.<\/li>\n<li>Certificado emitido por la autoridad consular italiana competente que acredite que ni los ascendientes en l\u00ednea directa ni el solicitante han renunciado jam\u00e1s a la ciudadan\u00eda italiana seg\u00fan lo dispuesto en el art\u00edculo 7 de la Ley del 13 de junio de 1912, n.\u00ba 555;<\/li>\n<li>Certificado de residencia.<\/li>\n<\/ol>\n<p>Para la aplicaci\u00f3n de la\u00a0<strong>nueva normativa<\/strong>,\u00a0<u>tambi\u00e9n<\/u>\u00a0<u>se deber\u00e1 presentar<\/u>:<\/p>\n<ul>\n<li>Para demostrar la posesi\u00f3n exclusiva de la ciudadan\u00eda italiana (a modo de ejemplo):<\/li>\n<li>Certificados negativos de ciudadan\u00eda;<\/li>\n<li>Declaraciones de renuncia a la ciudadan\u00eda;<\/li>\n<li>Certificados de no inscripci\u00f3n en listas electorales;<\/li>\n<li>Para demostrar la residencia en Italia durante al menos dos a\u00f1os continuos:<\/li>\n<li>Certificado hist\u00f3rico de ciudadan\u00eda (emitido por el municipio italiano).<\/li>\n<\/ul>\n<p><u>M\u00e1s detalles acerca de la documentaci\u00f3n necesaria y de los requisitos formales disponible en el enlace \u201c Reconstrucci\u00f3n\u201d<\/u><\/p>\n<p>&nbsp;<\/p>\n<p><strong>Pago<\/strong><\/p>\n<p>El pago se realiza no antes de las 48 horas anteriores a la fecha del turno exclusivamente mediante transferencia bancaria en pesos argentinos por el importe vigente en la fecha de la cita. El importe actualizado puede ser consultado en el siguiente enlace: <a href=\"https:\/\/consbahiablanca.esteri.it\/es\/servizi-consolari-e-visti\/servizi-per-il-cittadino-italiano\/tarifas-consulares\/\">Tarifas consulares \u2013 Consolato Generale d&#8217;Italia Bah\u00eda Blanca<\/a><\/p>\n<p>A trav\u00e9s de los enlaces a la derecha, es posible acceder a la informaci\u00f3n sobre otras modalidades espec\u00edficas de adquisici\u00f3n de la Ciudadan\u00eda italiana:<\/p>\n<ul>\n<li>Reconstrucci\u00f3n<\/li>\n<li>Adquisici\u00f3n de la ciudadan\u00eda por \u201cbeneficio de ley\u201d (hijos menores)<\/li>\n<li>Adquisici\u00f3n de la ciudadan\u00eda por hijos menores convivientes con un padre que no es ciudadano desde el nacimiento<\/li>\n<li>Re-adquisici\u00f3n de la ciudadan\u00eda<\/li>\n<li>Naturalizaci\u00f3n por matrimonio<\/li>\n<li>Reconocimiento en base a leyes especiales<\/li>\n<li>Certificado de \u201cno renuncia\u201d<\/li>\n<li>Turnos<\/li>\n<\/ul>\n","protected":false},"excerpt":{"rendered":"El decreto-ley del 28 de marzo de 2025, n.\u00ba 36, ha sido convertido con modificaciones en la ley del 23 de mayo de 2025, n.\u00ba 74, con vigencia a partir del 24 de mayo de 2025. In deroga agli articoli 1, 2, 3, 14 e 20 della presente legge, all\u2019articolo 5 della legge 21 aprile [&hellip;]","protected":false},"author":1,"featured_media":0,"parent":206,"menu_order":1,"comment_status":"closed","ping_status":"closed","template":"","meta":{"footnotes":""},"class_list":["post-224","page","type-page","status-publish","hentry"],"_links":{"self":[{"href":"https:\/\/consbahiablanca.esteri.it\/es\/wp-json\/wp\/v2\/pages\/224","targetHints":{"allow":["GET"]}}],"collection":[{"href":"https:\/\/consbahiablanca.esteri.it\/es\/wp-json\/wp\/v2\/pages"}],"about":[{"href":"https:\/\/consbahiablanca.esteri.it\/es\/wp-json\/wp\/v2\/types\/page"}],"author":[{"embeddable":true,"href":"https:\/\/consbahiablanca.esteri.it\/es\/wp-json\/wp\/v2\/users\/1"}],"replies":[{"embeddable":true,"href":"https:\/\/consbahiablanca.esteri.it\/es\/wp-json\/wp\/v2\/comments?post=224"}],"version-history":[{"count":8,"href":"https:\/\/consbahiablanca.esteri.it\/es\/wp-json\/wp\/v2\/pages\/224\/revisions"}],"predecessor-version":[{"id":10668,"href":"https:\/\/consbahiablanca.esteri.it\/es\/wp-json\/wp\/v2\/pages\/224\/revisions\/10668"}],"up":[{"embeddable":true,"href":"https:\/\/consbahiablanca.esteri.it\/es\/wp-json\/wp\/v2\/pages\/206"}],"wp:attachment":[{"href":"https:\/\/consbahiablanca.esteri.it\/es\/wp-json\/wp\/v2\/media?parent=224"}],"curies":[{"name":"wp","href":"https:\/\/api.w.org\/{rel}","templated":true}]}}