{"id":252,"date":"2023-04-03T19:29:59","date_gmt":"2023-04-03T22:29:59","guid":{"rendered":"https:\/\/consbahiablanca.esteri.it\/servizi-consolari-e-visti\/servizi-per-il-cittadino-italiano\/autoveicoli-e-patenti-di-guida\/"},"modified":"2025-10-06T10:44:25","modified_gmt":"2025-10-06T13:44:25","slug":"autoveicoli-e-patenti-di-guida","status":"publish","type":"page","link":"https:\/\/consbahiablanca.esteri.it\/es\/servizi-consolari-e-visti\/servizi-per-il-cittadino-italiano\/autoveicoli-e-patenti-di-guida\/","title":{"rendered":"Veh\u00edculos a motor y permisos de conducci\u00f3n"},"content":{"rendered":"<p><strong>Renovaci\u00f3n del Permiso de Conducir Italiano<\/strong><\/p>\n<p>La renovaci\u00f3n del permiso de conducir italiano puede ser solicitada EXCLUSIVAMENTE por ciudadanos italianos residentes en la circunscripci\u00f3n consular de Bah\u00eda Blanca y debidamente inscritos en el AIRE, es decir, por ciudadanos que residan en el extranjero por un per\u00edodo de al menos 6 meses, o por ciudadanos inscritos en el registro consular con el procedimiento de inscripci\u00f3n en el AIRE ya iniciado.<\/p>\n<p>Para que el permiso pueda ser renovado en el Consulado, no debe haber expirado hace m\u00e1s de 5 a\u00f1os. El interesado debe enviar por correo electr\u00f3nico (<a rel=\"noopener\">segr.bahiablanca@esteri.it<\/a>) una copia escaneada de:<\/p>\n<ul>\n<li>Un documento de identidad v\u00e1lido (DNI, pasaporte y\/o carta de identidad italiana).<\/li>\n<li>Prueba de residencia efectiva en la circunscripci\u00f3n consular (como DNI, incluso provisional, o recibos de servicios).<\/li>\n<li>El permiso de conducir original + 1 fotocopia.<\/li>\n<li>Recibo del pago (art. 66 de la tabla de derechos consulares). Para el pago del servicio consular, leer <a href=\"https:\/\/consbahiablanca.esteri.it\/consolato_bahiablanca\/it\/i_servizi\/per_i_cittadini\/tariffe-consolari.html\" target=\"_new\" rel=\"noopener\">aqu\u00ed<\/a>.<\/li>\n<li><a href=\"https:\/\/consbahiablanca.esteri.it\/wp-content\/uploads\/2025\/04\/MODULO-RICHIESTA-POLISPORTELLO-aggiornato-2025.pdf\">Formulario Polisportello<\/a>;<\/li>\n<li>Certificado m\u00e9dico emitido por un m\u00e9dico de confianza de este Consulado General.<\/li>\n<\/ul>\n<p>El certificado m\u00e9dico tiene un costo, a cargo del solicitante, y el pago debe realizarse directamente al m\u00e9dico.<\/p>\n<p>M\u00e9dicos de confianza de este Consulado General para la renovaci\u00f3n del permiso de conducir:<\/p>\n<ul>\n<li>Dra. Rosana Tupone (Bah\u00eda Blanca) Tel\u00e9fono: celular 291 4126133<\/li>\n<li>Dott. Gerardo Jose\u00b4 Deblauwe (Bahia Blanca) celular 2915 088389<\/li>\n<li>Dr. Daniel Pio Baradello (Neuqu\u00e9n) Tel\u00e9fono: 299-4427216 &#8211; celular 299-6301502<\/li>\n<li>Dra. Claudia Esther Cots (Ushuaia) Tel\u00e9fono: 54 9 2901 490471<\/li>\n<\/ul>\n<p>En el caso de residentes distantes de Bah\u00eda Blanca, los certificados ser\u00e1n evaluados caso por caso.<\/p>\n","protected":false},"excerpt":{"rendered":"Renovaci\u00f3n del Permiso de Conducir Italiano La renovaci\u00f3n del permiso de conducir italiano puede ser solicitada EXCLUSIVAMENTE por ciudadanos italianos residentes en la circunscripci\u00f3n consular de Bah\u00eda Blanca y debidamente inscritos en el AIRE, es decir, por ciudadanos que residan en el extranjero por un per\u00edodo de al menos 6 meses, o por ciudadanos inscritos [&hellip;]","protected":false},"author":1,"featured_media":0,"parent":173,"menu_order":16,"comment_status":"closed","ping_status":"closed","template":"","meta":{"footnotes":""},"class_list":["post-252","page","type-page","status-publish","hentry"],"_links":{"self":[{"href":"https:\/\/consbahiablanca.esteri.it\/es\/wp-json\/wp\/v2\/pages\/252","targetHints":{"allow":["GET"]}}],"collection":[{"href":"https:\/\/consbahiablanca.esteri.it\/es\/wp-json\/wp\/v2\/pages"}],"about":[{"href":"https:\/\/consbahiablanca.esteri.it\/es\/wp-json\/wp\/v2\/types\/page"}],"author":[{"embeddable":true,"href":"https:\/\/consbahiablanca.esteri.it\/es\/wp-json\/wp\/v2\/users\/1"}],"replies":[{"embeddable":true,"href":"https:\/\/consbahiablanca.esteri.it\/es\/wp-json\/wp\/v2\/comments?post=252"}],"version-history":[{"count":6,"href":"https:\/\/consbahiablanca.esteri.it\/es\/wp-json\/wp\/v2\/pages\/252\/revisions"}],"predecessor-version":[{"id":11387,"href":"https:\/\/consbahiablanca.esteri.it\/es\/wp-json\/wp\/v2\/pages\/252\/revisions\/11387"}],"up":[{"embeddable":true,"href":"https:\/\/consbahiablanca.esteri.it\/es\/wp-json\/wp\/v2\/pages\/173"}],"wp:attachment":[{"href":"https:\/\/consbahiablanca.esteri.it\/es\/wp-json\/wp\/v2\/media?parent=252"}],"curies":[{"name":"wp","href":"https:\/\/api.w.org\/{rel}","templated":true}]}}