{"id":3734,"date":"2024-04-29T09:12:11","date_gmt":"2024-04-29T12:12:11","guid":{"rendered":"https:\/\/consbahiablanca.esteri.it\/?page_id=3734"},"modified":"2025-11-17T13:19:33","modified_gmt":"2025-11-17T16:19:33","slug":"cie-carta-de-identidad-electronica","status":"publish","type":"page","link":"https:\/\/consbahiablanca.esteri.it\/es\/servizi-consolari-e-visti\/servizi-per-il-cittadino-italiano\/cie-carta-de-identidad-electronica\/","title":{"rendered":"CIE &#8211; Carta de Identidad Electr\u00f3nica"},"content":{"rendered":"<h2 style=\"text-align: center;\"><strong><u>La CIE NO puede ser utilizada para salir de Argentina.<\/u><\/strong><\/h2>\n<h3><strong>Qu\u00e9 es la Carta de Identidad Electr\u00f3nica (CIE)?<\/strong><\/h3>\n<p>La\u00a0<strong>Carta de Identidad Electr\u00f3nica<\/strong>\u00a0(CIE) es un documento personal, v\u00e1lido para identificarse y circular dentro de la Uni\u00f3n Europea, en algunos Estados adherentes al Acuerdo Schengen y en otros Estados con los cuales hayan acuerdos bilaterales. Antes de empezar un viaje se recomienda consultar el listado \u201cschede Paese\u201d en el sitio\u00a0<a href=\"http:\/\/www.viaggiaresicuri.it\/\">www.viaggiaresicuri.it<\/a>.<\/p>\n<h3><strong>A qui\u00e9n se le puede emitir la Carta de Identidad Electr\u00f3nica?<\/strong><\/h3>\n<p>A efectos de la emisi\u00f3n de la CIE es imprescindible que el solicitante:<\/p>\n<ul>\n<li>Sea ciudadano italiano regularmente residente en la Circunscripci\u00f3n consular del Consulado General de Bahia Blanca;<\/li>\n<li>Se encuentre inscripto en el AIRE y su nombre y apellido completos est\u00e9n indicados en la base de datos correspondiente en la Comuna italiana de referencia;<\/li>\n<li>Su certificado de nacimiento se encuentre transcripto en Italia, ya que los detalles de la transcripci\u00f3n deben ser reportados en el CIE;<\/li>\n<li>Haya actualizado su posici\u00f3n en los archivos consulares en caso de cambio de domicilio, cambio de estado civil o nacimiento de hijos. En este caso, deber\u00e1 ponerse en contacto con los servicios competentes (Oficinas AIRE o estado civil seg\u00fan corresponda) antes de solicitar un turno para tramitar la carta de identidad.<\/li>\n<\/ul>\n<p>Para m\u00e1s informaciones sobre el registro en el AIRE y la actualizaci\u00f3n de sus datos, consulte las secciones correspondientes del sitio o el \u00abChatbot\u00bb en la p\u00e1gina principal.<\/p>\n<h3><strong>C\u00f3mo se solicita la Carta de Identidad Electr\u00f3nica (CIE)?<\/strong><\/h3>\n<p>La solicitud de la carta de identidad electr\u00f3nica debe realizarse utilizando \u00fanicamente la plataforma\u00a0<a href=\"https:\/\/prenotami.esteri.it\/\">Prenot@mi<\/a><\/p>\n<p><strong>ATENCI\u00d3N:<\/strong>\u00a0en caso que tras las verificaciones, no sea posible proceder a la emisi\u00f3n de la CIE, se cancelar\u00e1 el turno. El interesado ser\u00e1 informado de los motivos del rechazo y tendr\u00e1 que repetir el procedimiento en el portal Prenot@mi una vez que su situaci\u00f3n haya sido regularizada de acuerdo a lo comunicado por el Consulado.<\/p>\n<h3><strong>\u00bfEs posible solicitar turno para mis hijos menores de edad?<\/strong><\/h3>\n<p>De momento, dado el car\u00e1cter experimental de la emisi\u00f3n, si se desea solicitar un turno para un menor es necesario especificar los datos personales del mismo en el campo de notas durante la fase de reserva.<\/p>\n<p><strong>Se informa a los ciudadanos italianos que posean hijos menores de edad que a partir del 14 de junio de 2023 no ser\u00e1 necesario presentar el acta de consentimiento (<em>atto di assenso<\/em>) del otro progenitor para la emisi\u00f3n el propio documento de identidad (pasaporte o CIE), en virtud del D.L. 69\/2023.<\/strong><\/p>\n<p>En lo espec\u00edfico, la modificaci\u00f3n del art\u00edculo 3-bis de la Ley 1185\/1967 indica que, cuando existe un peligro actual y concreto de que una mudanza al exterior de un progenitor pueda derivar en el incumplimiento de sus obligaciones para con su hijo\/a, el otro progenitor podr\u00e1 solicitar una inhibici\u00f3n a la emisi\u00f3n del documento.<\/p>\n<p>El recurso podr\u00e1 ser presentado ante el juez competente en el Tribunal ordinario donde el menor posea la residencia habitual en Italia o, en caso que el menor resida en el exterior, deber\u00e1 ser presentado en el Tribunal correspondiente de acuerdo a la Comuna de inscripci\u00f3n AIRE.<\/p>\n<p>En lo que respecta a la emisi\u00f3n del documento (pasaporte o CIE) para los menores, se mantiene invariable la obligaci\u00f3n del consentimiento firmado por ambos progenitores o por quien ejerza la patria potestad.<\/p>\n<p>El consentimiento para la expedici\u00f3n de la CIE para un menor podr\u00e1 prestarse de una de las siguientes formas:<\/p>\n<ul>\n<li>personalmente en este Consulado el d\u00eda del turno (tenga en cuenta que la persona que otorgue el consentimiento debe poseer un documento de identidad v\u00e1lido, en original y fotocopia simple);<\/li>\n<li>personalmente en cualquier Oficina de la Administraci\u00f3n P\u00fablica italiana autorizada para autenticar firmas: por ejemplo, Questura u otras representaciones diplom\u00e1tico-consulares;<\/li>\n<li>mediante un \u00abpoder\u00bb espec\u00edfico firmado ante un escribano argentino (v\u00e9ase archivo al pie de p\u00e1gina).<\/li>\n<\/ul>\n<p>Los ciudadanos de la Uni\u00f3n Europea pueden expresar su consentimiento completando y firmando el\u00a0<a href=\"https:\/\/consbahiablanca.esteri.it\/wp-content\/uploads\/2024\/04\/2.-Atto-di-assenso-CIE-UE-COMPLETO.pdf\"><u>formulario correspondiente<\/u><\/a>\u00a0y\u00a0<strong>adjuntando una copia de un documento expedido por un pa\u00eds de la Uni\u00f3n Europea en el que figure la firma del declarante.<\/strong><\/p>\n<h3><strong>Cu\u00e1l es la documentaci\u00f3n necesaria que debo traer el d\u00eda del turno?<\/strong><\/h3>\n<p>El solicitante debe presentarse al turno con:<\/p>\n<ol>\n<li>Una foto carnet de formato biom\u00e9trico (reciente, fondo blanco, a color formato 35 x 45 mm).<\/li>\n<li>DNI argentino y, en caso de estar en posesi\u00f3n, la c\u00e9dula de identidad anterior;<\/li>\n<li>Acta de consentimiento de ambos progenitores en el caso en que el solicitante sea un menor de 18 a\u00f1os.<\/li>\n<li>Denuncia de p\u00e9rdida\/robo de la carta anterior en caso de posesi\u00f3n.<\/li>\n<\/ol>\n<h3><strong>Cu\u00e1les son las operaciones que ser\u00e1n efectuadas el d\u00eda del turno?<\/strong><\/h3>\n<p>El d\u00eda del turno, el operador consular adquiere la documentaci\u00f3n indicada anteriormente, realiza el reconocimiento y verificaci\u00f3n de la foto y adquiere las huellas dactilares y la firma. Contextualmente el d\u00eda del turno, se anular\u00e1 la carta de identidad precedente o CIE vigente, <u>aunque el solicitante no disponga de ning\u00fan otro documento de identidad<\/u>. Por lo tanto, es aconsejable, si el solicitante no dispone de otro documento de identidad v\u00e1lido, comunicarlo al operador.<\/p>\n<h3><strong>C\u00f3mo se recibe la CIE?<\/strong><\/h3>\n<p><strong>El documento no se emite en el d\u00eda del turno<\/strong>: la CIE es producida por el\u00a0<em>Istituto Poligrafico e Zecca dello Stato<\/em>\u00a0y posteriormente enviada por correo certificado a cargo de\u00a0<em>Poste Italiane<\/em>\u00a0al domicilio personal o a la direcci\u00f3n indicada por el solicitante. El solicitante debe seguir el env\u00edo de forma independiente online, a trav\u00e9s del c\u00f3digo de seguimiento.<\/p>\n<p><strong>El Consulado no se hace cargo de eventuales problemas de env\u00edo, para lo cual es necesario dirigirse a Poste Italiane.<\/strong><\/p>\n<h3><strong>Cu\u00e1l es la validez temporal de la CIE? <\/strong><\/h3>\n<p>La validez del CIE var\u00eda en funci\u00f3n de la edad del titular y es:<\/p>\n<p>\u2013 3 a\u00f1os para ni\u00f1os de 0 a 3 a\u00f1os;<\/p>\n<p>\u2013 5 a\u00f1os para menores de entre 4 y 18 a\u00f1os;<\/p>\n<p>\u2013 10 a\u00f1os para mayores de 18 a\u00f1os.<\/p>\n<h3><strong><span class=\"HwtZe\" lang=\"es\"><span class=\"jCAhz ChMk0b\"><span class=\"ryNqvb\">Cu\u00e1l es el m\u00e9todo de pago?<\/span><\/span><\/span>?<\/strong><\/h3>\n<p><span class=\"HwtZe\" lang=\"es\"><span class=\"jCAhz ChMk0b\"><span class=\"ryNqvb\">Para conocer el coste de la CIE y la forma de pago correspondiente consulta la pagina<\/span><\/span><\/span> <a href=\"https:\/\/consbahiablanca.esteri.it\/es\/servizi-consolari-e-visti\/servizi-per-il-cittadino-italiano\/tarifas-consulares\/\">Tarifas Consulares<\/a> de este sitio web.<\/p>\n<p>Preguntas frecuentes y contactos utiles \u2192 \u00a0<a href=\"https:\/\/consbahiablanca.esteri.it\/wp-content\/uploads\/2024\/12\/Cie-es.pdf\">Cie Asistencia al ciudadano<\/a><\/p>\n","protected":false},"excerpt":{"rendered":"La CIE NO puede ser utilizada para salir de Argentina. Qu\u00e9 es la Carta de Identidad Electr\u00f3nica (CIE)? La\u00a0Carta de Identidad Electr\u00f3nica\u00a0(CIE) es un documento personal, v\u00e1lido para identificarse y circular dentro de la Uni\u00f3n Europea, en algunos Estados adherentes al Acuerdo Schengen y en otros Estados con los cuales hayan acuerdos bilaterales. Antes de [&hellip;]","protected":false},"author":3,"featured_media":3721,"parent":173,"menu_order":3,"comment_status":"closed","ping_status":"closed","template":"","meta":{"footnotes":""},"class_list":["post-3734","page","type-page","status-publish","has-post-thumbnail","hentry"],"_links":{"self":[{"href":"https:\/\/consbahiablanca.esteri.it\/es\/wp-json\/wp\/v2\/pages\/3734","targetHints":{"allow":["GET"]}}],"collection":[{"href":"https:\/\/consbahiablanca.esteri.it\/es\/wp-json\/wp\/v2\/pages"}],"about":[{"href":"https:\/\/consbahiablanca.esteri.it\/es\/wp-json\/wp\/v2\/types\/page"}],"author":[{"embeddable":true,"href":"https:\/\/consbahiablanca.esteri.it\/es\/wp-json\/wp\/v2\/users\/3"}],"replies":[{"embeddable":true,"href":"https:\/\/consbahiablanca.esteri.it\/es\/wp-json\/wp\/v2\/comments?post=3734"}],"version-history":[{"count":6,"href":"https:\/\/consbahiablanca.esteri.it\/es\/wp-json\/wp\/v2\/pages\/3734\/revisions"}],"predecessor-version":[{"id":12015,"href":"https:\/\/consbahiablanca.esteri.it\/es\/wp-json\/wp\/v2\/pages\/3734\/revisions\/12015"}],"up":[{"embeddable":true,"href":"https:\/\/consbahiablanca.esteri.it\/es\/wp-json\/wp\/v2\/pages\/173"}],"wp:featuredmedia":[{"embeddable":true,"href":"https:\/\/consbahiablanca.esteri.it\/es\/wp-json\/wp\/v2\/media\/3721"}],"wp:attachment":[{"href":"https:\/\/consbahiablanca.esteri.it\/es\/wp-json\/wp\/v2\/media?parent=3734"}],"curies":[{"name":"wp","href":"https:\/\/api.w.org\/{rel}","templated":true}]}}