{"id":3984,"date":"2024-06-04T09:07:37","date_gmt":"2024-06-04T12:07:37","guid":{"rendered":"https:\/\/consbahiablanca.esteri.it\/?page_id=3984"},"modified":"2024-11-15T11:37:50","modified_gmt":"2024-11-15T14:37:50","slug":"solicitudes-para-residentes-a-la-pampa","status":"publish","type":"page","link":"https:\/\/consbahiablanca.esteri.it\/es\/servizi-consolari-e-visti\/servizi-per-il-cittadino-italiano\/passaporti-e-carte-didentita\/solicitudes-para-residentes-a-la-pampa\/","title":{"rendered":"Solicitudes de pasaportes para italianos residentes en la provincia de La Pampa"},"content":{"rendered":"<p style=\"text-align: justify;\">Para los <strong>Ciudadanos italianos exclusivamente residentes en la Provincia de La Pampa<\/strong> ser\u00e1 posible reservar turnos para obtener o renovar el <strong>pasaporte<\/strong> <strong>en la oficina del Viceconsulado Honorario en Santa Rosa<\/strong>, solamente a <strong>trav\u00e9s del sistema de reservas \u00abPrenot@mi\u00bb.<\/strong><\/p>\n<p style=\"text-align: justify;\">Deber\u00e1n seguir las instrucciones a continuaci\u00f3n para asegurarse de que su turno est\u00e9 confirmado.<\/p>\n<p style=\"text-align: justify;\">&#8211; Deber\u00e1 cargarse El DNI por ambas caras durante la fase de reserva. Durante la fase de verificaci\u00f3n, si el domicilio no se encuentra en la provincia de La Pampa o el domicilio de residencia no coincide con el que consta en nuestros archivos, el turno ser\u00e1 cancelado. M\u00e1s informaci\u00f3n sobre c\u00f3mo actualizar su direcci\u00f3n <a href=\"https:\/\/consbahiablanca.esteri.it\/it\/servizi-consolari-e-visti\/servizi-per-il-cittadino-italiano\/anagrafe-degli-italiani-residenti-allestero-aire\/cambio-di-residenza\/\">aqu\u00ed<\/a>;<\/p>\n<p style=\"text-align: justify;\">&#8211; En caso de inconsistencia entre los datos comunicados en fase de reserva y los datos en poder del Consulado, el turno ser\u00e1 cancelado.<\/p>\n<p>&#8211; Recomendamos, antes de reservar un turno, de consultar la ficha de los datos personales para comprobar que toda la informaci\u00f3n de nuestros archivos sea correcta, siguiendo <a href=\"https:\/\/consbahiablanca.esteri.it\/es\/servizi-consolari-e-visti\/servizi-per-il-cittadino-italiano\/anagrafe-degli-italiani-residenti-allestero-aire\/visualizar-la-ficha-personal-del-registro-consular\/\">estas instrucciones<\/a>.<\/p>\n<p>Luego de iniciar sesi\u00f3n en el portal, haga clic en el servicio \u201cProvincia La Pampa &#8211; Pasaportes\u201d.<\/p>\n<p>Complete todos los campos requeridos y en el siguiente paso seleccione el d\u00eda y hora del turno entre los disponibles;<\/p>\n<p>En el caso de una reserva realizada para varias personas (siempre del mismo n\u00facleo familiar), seleccione la opci\u00f3n \u00abreserva m\u00faltiple\u00bb e indique para cu\u00e1ntas personas &#8211; adem\u00e1s del solicitante &#8211; se requiere el turno. En el caso de turno solicitado solamente para un menor, seleccione reserva \u00fanica e introduzca en las notas: turno solicitado para el menor <em>\u00abapellido, nombre\u00bb.<\/em><\/p>\n<p>Espere por el mail con el c\u00f3digo OTP y ingr\u00e9selo en el cuadro correspondiente.<\/p>\n<p>Si la operaci\u00f3n se concluye positivamente, recibir\u00e1 un correo electr\u00f3nico con informaci\u00f3n adicional sobre su turno.<\/p>\n<p>Recordamos que la solicitud, tanto de menores como de mayores, deber\u00e1 presentarse siempre de forma presencial.<\/p>\n","protected":false},"excerpt":{"rendered":"Para los Ciudadanos italianos exclusivamente residentes en la Provincia de La Pampa ser\u00e1 posible reservar turnos para obtener o renovar el pasaporte en la oficina del Viceconsulado Honorario en Santa Rosa, solamente a trav\u00e9s del sistema de reservas \u00abPrenot@mi\u00bb. Deber\u00e1n seguir las instrucciones a continuaci\u00f3n para asegurarse de que su turno est\u00e9 confirmado. &#8211; Deber\u00e1 [&hellip;]","protected":false},"author":3,"featured_media":0,"parent":174,"menu_order":2,"comment_status":"closed","ping_status":"closed","template":"","meta":{"footnotes":""},"class_list":["post-3984","page","type-page","status-publish","hentry"],"_links":{"self":[{"href":"https:\/\/consbahiablanca.esteri.it\/es\/wp-json\/wp\/v2\/pages\/3984","targetHints":{"allow":["GET"]}}],"collection":[{"href":"https:\/\/consbahiablanca.esteri.it\/es\/wp-json\/wp\/v2\/pages"}],"about":[{"href":"https:\/\/consbahiablanca.esteri.it\/es\/wp-json\/wp\/v2\/types\/page"}],"author":[{"embeddable":true,"href":"https:\/\/consbahiablanca.esteri.it\/es\/wp-json\/wp\/v2\/users\/3"}],"replies":[{"embeddable":true,"href":"https:\/\/consbahiablanca.esteri.it\/es\/wp-json\/wp\/v2\/comments?post=3984"}],"version-history":[{"count":2,"href":"https:\/\/consbahiablanca.esteri.it\/es\/wp-json\/wp\/v2\/pages\/3984\/revisions"}],"predecessor-version":[{"id":6084,"href":"https:\/\/consbahiablanca.esteri.it\/es\/wp-json\/wp\/v2\/pages\/3984\/revisions\/6084"}],"up":[{"embeddable":true,"href":"https:\/\/consbahiablanca.esteri.it\/es\/wp-json\/wp\/v2\/pages\/174"}],"wp:attachment":[{"href":"https:\/\/consbahiablanca.esteri.it\/es\/wp-json\/wp\/v2\/media?parent=3984"}],"curies":[{"name":"wp","href":"https:\/\/api.w.org\/{rel}","templated":true}]}}