{"id":472,"date":"2023-05-24T17:24:11","date_gmt":"2023-05-24T15:24:11","guid":{"rendered":"https:\/\/consbahiablanca.esteri.it\/servizi-consolari-e-visti\/servizi-per-il-cittadino-italiano\/anagrafe-degli-italiani-residenti-allestero-aire\/iscrizione-aire\/"},"modified":"2023-09-26T18:23:34","modified_gmt":"2023-09-26T16:23:34","slug":"iscrizione-aire","status":"publish","type":"page","link":"https:\/\/consbahiablanca.esteri.it\/es\/servizi-consolari-e-visti\/servizi-per-il-cittadino-italiano\/anagrafe-degli-italiani-residenti-allestero-aire\/iscrizione-aire\/","title":{"rendered":"Inscripci\u00f3n en el Registro de los Italianos Residentes en el Exterior (AIRE)"},"content":{"rendered":"<div>\n<p><strong>Solicitar la inscripci\u00f3n en el Registro de los Italianos Residentes en el Exterior <i>(AIRE)<\/i><\/strong><\/p>\n<p style=\"text-align: justify;\">La solicitud de inscripci\u00f3n al AIRE debe ser efectuada exclusivamente a trav\u00e9s del portal\u00a0<a href=\"https:\/\/serviziconsolarionline.esteri.it\/ScoFE\/index.sco\">Fast It:<\/a><\/p>\n<p style=\"text-align: justify;\">Cada ciudadano italiano MAYOR DE EDAD deber\u00e1 presentar su propia solicitud individual adjuntando una prueba (de no m\u00e1s de 3 meses) de su residencia. Cabe precisar que, a pesar de que el sistema permite incluir el nombre de c\u00f3nyuge conviviente y\/o hijos mayores de edad, \u00e9stos deber\u00e1n proceder individualmente con una solicitud an\u00e1loga y la documentaci\u00f3n necesaria.<\/p>\n<p style=\"text-align: justify;\">Antes de iniciar el procedimiento on-line se aconseja disponer de los siguientes documentos y leer con atenci\u00f3n las instrucciones.<\/p>\n<p><strong>ADJUNTO 1<\/strong><\/p>\n<p>Formulario debidamente <strong>completo y firmado a mano<\/strong>.<\/p>\n<ul>\n<li style=\"text-align: justify;\">Se genera on-line desde la plataforma durante el procedimiento. El usuario lo debe descargar, imprimir, firmar y escanear.<\/li>\n<li style=\"text-align: justify;\">No se aceptan firmas digitales ni firmas hechas con computadoras.<\/li>\n<li style=\"text-align: justify;\">Completar verificando que sus datos y los de sus familiares declarados sean correctos y completos: nombre, apellido, ciudad y fecha de nacimiento como resultan en su acta de nacimiento\/DNI.<\/li>\n<li style=\"text-align: justify;\">Si en la declaraci\u00f3n resultan menores de edad con ciudadan\u00eda italiana, el otro progenitor <i>no ciudadano UE<\/i>, deber\u00e1 prestar su <a href=\"https:\/\/consbahiablanca.esteri.it\/wp-content\/uploads\/2023\/09\/assenso_iscrizione-variazione_aire.docx\">consentimiento<\/a> para la inscripci\u00f3n del menor, firmando ante escribano p\u00fablico, solo en caso de que los padres NO est\u00e9n casados y adem\u00e1s no convivan (distinto domicilio en el DNI). Este consentimiento debe ser presentado en original, envi\u00e1ndolo por correo postal o entreg\u00e1ndolo personalmente (buz\u00f3n o guardia de seguridad) en el Consulado, en un sobre dirigido a la oficina AIRE; o bien, present\u00e1ndolo ante una de las Oficinas dependientes de\u00a0la\u00a0<a href=\"https:\/\/consbahiablanca.esteri.it\/Consolato_BahiaBlanca\/it\/il_consolato\/la_rete_consolare\/la-rete-consolare.html\">Red Consular Honoraria de la Circunscripci\u00f3n<\/a>.<\/li>\n<\/ul>\n<p style=\"text-align: justify;\">En cambio, si el otro progenitor <i>es ciudadano UE<\/i> no conviviente, deber\u00e1 completar y firmar el formulario de <a href=\"https:\/\/consbahiablanca.esteri.it\/wp-content\/uploads\/2023\/09\/modello_unico_-_aggiornamento_-_iscrizione_aire_sc-aire1.doc\">actualizaci\u00f3n d e datos<\/a>y \u00e9ste deber\u00e1 ser adjuntado a la solicitud en <a href=\"https:\/\/serviziconsolari.esteri.it\/ScoFE\/index.sco\">Fast It<\/a>.<\/p>\n<p style=\"text-align: justify;\">Si el padre\/madre de hijos menores no es declarado, la solicitud ser\u00e1 rechazada.<\/p>\n<ul>\n<li style=\"text-align: justify;\">En caso de que el formulario este incompleto o los datos ingresados no sean correctos, la solicitud ser\u00e1 rechazada y se deber\u00e1 presentar una nueva.<\/li>\n<\/ul>\n<p><strong>ADJUNTO 2<\/strong><\/p>\n<p style=\"text-align: justify;\">Copia de los DNI argentinos (ambos lados) en curso de validez de todos los miembros de la familia declarados (convivientes y no convivientes).<\/p>\n<p><strong>ADJUNTO 3<\/strong><\/p>\n<p style=\"text-align: justify;\"><a href=\"https:\/\/consbahiablanca.esteri.it\/wp-content\/uploads\/2023\/09\/comprovanti_di_residenza.aire_.doc\">Comprobante de residencia<\/a> en la circunscripci\u00f3n consular reciente (de no m\u00e1s de 3 meses) a nombre del solicitante.<\/p>\n<p style=\"text-align: justify;\">Debe incluir el nombre y el domicilio del interesado. En caso de personas casadas, se aceptar\u00e1 documentaci\u00f3n a nombre del c\u00f3nyuge, solo si ya ha sido presentada previamente la correspondiente acta de matrimonio.<\/p>\n<p style=\"text-align: justify;\">Si no se dispone de un comprobante de residencia a nombre del interesado o c\u00f3nyuge, no ser\u00e1 posible solicitar la inscripci\u00f3n al AIRE.<\/p>\n<p style=\"text-align: justify;\"><strong>ADJUNTO 4 (obligatorio solo para quienes solicitaron el reconocimiento de la ciudadan\u00eda en Italia y piden la inscripci\u00f3n al AIRE por primera vez)<\/strong><\/p>\n<p style=\"text-align: justify;\">Documentos italianos en su poder: passaporto, carta d\u2019identit\u00e0, estratto dell\u2019atto di nascita, estremi di trascrizione dell\u2019atto, Decreto di concessione cittadinanza, etc.<\/p>\n<p><strong>\u00a0<\/strong><\/p>\n<p style=\"text-align: justify;\"><strong>IMPORTANTE: quienes hayan solicitado la ciudadan\u00eda italiana <em>iure sanguinis<\/em> mediante Sentencia Judicial en Italia y se inscriban al AIRE por primera vez<\/strong>, adem\u00e1s de los adjuntos mencionados anteriormente que se deben presentar por FAST IT, deber\u00e1n presentar la copia autenticada de la Sentencia Judicial, envi\u00e1ndola por correo postal o entreg\u00e1ndola personalmente (buz\u00f3n o guardia de seguridad) en el Consulado; o bien, present\u00e1ndolo ante una de las Oficinas dependientes de\u00a0la\u00a0<a href=\"https:\/\/consbahiablanca.esteri.it\/Consolato_BahiaBlanca\/it\/il_consolato\/la_rete_consolare\/la-rete-consolare.html\">Red Consular Honoraria de la Circunscripci\u00f3n<\/a>. En alternativa, el abogado deber\u00e1 enviar la Sentencia Judicial por PEC con firma digital.<\/p>\n<p style=\"text-align: justify;\">Si las actas se encuentran en poder del solicitante (le fueron devueltas por el abogado), deber\u00e1n ser presentadas en original al Consulado para poder trasmitirlas al Municipio italiano competente.<\/p>\n<p style=\"text-align: justify;\">Si en cambio las actas fueron enviadas por el abogado al Municipio competente para su transcripci\u00f3n, se deber\u00e1 presentar copia <em>dell\u2019estratto dell\u2019atto di nascita<\/em>.<\/p>\n<p><strong>\u00a0<\/strong><\/p>\n<p><strong>Instrucciones operativas<\/strong><\/p>\n<p style=\"text-align: justify;\"><strong>IMPORTANTE: <\/strong>si usted viene de otra sede consular y ya tiene un usuario creado en el portal FAST IT, a trav\u00e9s del cual visualiza su ficha de datos registrados en la sede previa, deber\u00e1 solicitar el servicio \u201c<i>Comunicar un cambio de domicilio<\/i>\u201d e ir al paso 6 de la siguiente explicaci\u00f3n. Si en cambio NO visualiza su ficha de datos de la sede previa, deber\u00e1 cancelar el usuario actual y generar uno nuevo (puede utilizar el mismo correo electr\u00f3nico y la misma contrase\u00f1a, si as\u00ed lo desea), declarando el domicilio en esta circunscripci\u00f3n y siguiendo los pasos que se describen a continuaci\u00f3n.<\/p>\n<p style=\"text-align: justify;\">1. Registrarse como usuario en Fast It:\u00a0<a href=\"https:\/\/serviziconsolarionline.esteri.it\/ScoFE\/index.sco\">https:\/\/serviziconsolarionline.esteri.it<\/a>.<\/p>\n<p style=\"text-align: justify;\">2. Activar la cuenta.<\/p>\n<p style=\"text-align: justify;\">3. Acceder al portal.<\/p>\n<p style=\"text-align: justify;\">4. Hacer click en\u00a0<i>\u201cAnagrafe consular y AIRE\u201d<\/i>.<\/p>\n<p style=\"text-align: justify;\">5. Hacer click en \u201c<i>Solicitar la inscripci\u00f3n en el Registro de los Italianos Residentes en el Exterior (A.I.R.E.)<\/i>\u201d.<\/p>\n<p style=\"text-align: justify;\">6. Completar todos los campos requeridos.<\/p>\n<p style=\"text-align: justify;\">7. Adjuntar la documentaci\u00f3n necesaria (ADJUNTOS 1, 2, 3 y 4) y enviar la solicitud.<\/p>\n<p style=\"text-align: justify;\">8. Aguardar e-mail de confirmaci\u00f3n por parte del Consulado.<\/p>\n<p style=\"text-align: justify;\"><strong>IMPORTANTE<\/strong>: el portal FAST IT permite enviar respuestas al email del usuario; \u00e9stas son unidireccionales y se utilizan a fin de comunicar posibles rechazos o problemas con los documentos presentados. <strong>NO se dar\u00e1 respuesta a eventuales conversaciones empezadas a trav\u00e9s del portal.<\/strong><\/p>\n<p style=\"text-align: justify;\">El interesado podr\u00e1 acceder a otros servicios consulares cuando haya recibido v\u00eda e-mail confirmaci\u00f3n por parte de la Oficina de <em>Anagrafe<\/em> del Consulado de conclusi\u00f3n del tr\u00e1mite (independientemente del estado del tr\u00e1mite en el portal Fast It) o cuando el estado del tr\u00e1mite en el portal sea \u201c<i>Enviado a la Municipalidad<\/i>\u201d.<\/p>\n<p style=\"text-align: justify;\"><strong>IMPORTANTE:\u00a0<\/strong>Cabe recordar que el plazo m\u00e1ximo de ley para los tr\u00e1mites de inscripci\u00f3n o actualizaci\u00f3n del Registro es de 180 d\u00edas a partir de la presentaci\u00f3n de la solicitud completa con toda la documentaci\u00f3n necesaria.<\/p>\n<p style=\"text-align: justify;\">La solicitud no se considera autom\u00e1ticamente aceptada. Se podr\u00e1 consultar su estado a trav\u00e9s del portal. Cuando el tr\u00e1mite finalice, se enviar\u00e1 v\u00eda e-mail una comunicaci\u00f3n directamente al interesado (estado final del tr\u00e1mite: <i>Enviado a la Municipalidad<\/i>).<\/p>\n<p style=\"text-align: justify;\">En caso de que la solicitud resulte incompleta, la misma ser\u00e1 rechazada y deber\u00e1 presentarse una nueva.<\/p>\n<p style=\"text-align: justify;\"><strong>ADVERTENCIA:<\/strong> el estado \u00abNo inscripto\u201d, en el apartado \u201cAIRE\u201d, podr\u00eda no reflejar completamente la situaci\u00f3n real. Esto es v\u00e1lido, en especial, para quien no haya enviado la solicitud de inscripci\u00f3n a trav\u00e9s del portal de los Servicios Consulares.<\/p>\n<p style=\"text-align: justify;\"><strong>IMPORTANTE:<\/strong>\u00a0se informa que el n\u00famero PIN al que se hace referencia en el portal no es necesario para inscribirse en el Registro de los Italianos Residentes en el Exterior. Las funciones del portal para las cuales se prev\u00e9 el uso del PIN a\u00fan no han sido habilitadas. Cuando este servicio est\u00e9 disponible, la informaci\u00f3n ser\u00e1 publicada en la p\u00e1gina web del Consulado.<\/p>\n<\/div>\n","protected":false},"excerpt":{"rendered":"Solicitar la inscripci\u00f3n en el Registro de los Italianos Residentes en el Exterior (AIRE) La solicitud de inscripci\u00f3n al AIRE debe ser efectuada exclusivamente a trav\u00e9s del portal\u00a0Fast It: Cada ciudadano italiano MAYOR DE EDAD deber\u00e1 presentar su propia solicitud individual adjuntando una prueba (de no m\u00e1s de 3 meses) de su residencia. Cabe precisar [&hellip;]","protected":false},"author":3,"featured_media":0,"parent":213,"menu_order":10,"comment_status":"closed","ping_status":"closed","template":"","meta":{"footnotes":""},"class_list":["post-472","page","type-page","status-publish","hentry"],"_links":{"self":[{"href":"https:\/\/consbahiablanca.esteri.it\/es\/wp-json\/wp\/v2\/pages\/472","targetHints":{"allow":["GET"]}}],"collection":[{"href":"https:\/\/consbahiablanca.esteri.it\/es\/wp-json\/wp\/v2\/pages"}],"about":[{"href":"https:\/\/consbahiablanca.esteri.it\/es\/wp-json\/wp\/v2\/types\/page"}],"author":[{"embeddable":true,"href":"https:\/\/consbahiablanca.esteri.it\/es\/wp-json\/wp\/v2\/users\/3"}],"replies":[{"embeddable":true,"href":"https:\/\/consbahiablanca.esteri.it\/es\/wp-json\/wp\/v2\/comments?post=472"}],"version-history":[{"count":5,"href":"https:\/\/consbahiablanca.esteri.it\/es\/wp-json\/wp\/v2\/pages\/472\/revisions"}],"predecessor-version":[{"id":838,"href":"https:\/\/consbahiablanca.esteri.it\/es\/wp-json\/wp\/v2\/pages\/472\/revisions\/838"}],"up":[{"embeddable":true,"href":"https:\/\/consbahiablanca.esteri.it\/es\/wp-json\/wp\/v2\/pages\/213"}],"wp:attachment":[{"href":"https:\/\/consbahiablanca.esteri.it\/es\/wp-json\/wp\/v2\/media?parent=472"}],"curies":[{"name":"wp","href":"https:\/\/api.w.org\/{rel}","templated":true}]}}