{"id":475,"date":"2023-05-24T17:25:02","date_gmt":"2023-05-24T15:25:02","guid":{"rendered":"https:\/\/consbahiablanca.esteri.it\/?page_id=475"},"modified":"2023-09-26T18:24:58","modified_gmt":"2023-09-26T16:24:58","slug":"visualizar-la-ficha-personal-del-registro-consular","status":"publish","type":"page","link":"https:\/\/consbahiablanca.esteri.it\/es\/servizi-consolari-e-visti\/servizi-per-il-cittadino-italiano\/anagrafe-degli-italiani-residenti-allestero-aire\/visualizar-la-ficha-personal-del-registro-consular\/","title":{"rendered":"Visualizar la ficha personal del registro consular"},"content":{"rendered":"<p><strong>El procedimiento de\u00a0<i>Associazione Online<\/i><\/strong><\/p>\n<p style=\"text-align: justify;\"><i>Associazione Online<\/i>\u00a0es el nombre de un procedimiento muy simple a trav\u00e9s del cual un ciudadano italiano residente en el exterior, inscripto en este registro consular y ya registrado como usuario en Fast It, puede visualizar su ficha personal del registro consular, verificar que los datos est\u00e9n completos y correctos y, si es necesario:<\/p>\n<ul style=\"text-align: justify;\">\n<li>Solicitar que se actualice su domicilio\u00a0(a trav\u00e9s del <a href=\"https:\/\/consbahiablanca.esteri.it\/es\/servizi-consolari-e-visti\/servizi-per-il-cittadino-italiano\/anagrafe-degli-italiani-residenti-allestero-aire\/cambio-di-residenza\/\">servicio<\/a> disponible\u00a0a tal fin);<\/li>\n<li>Solicitar que se actualicen sus datos de contacto (tel\u00e9fono, e-mail) por correo electr\u00f3nico a la oficina AIRE: <a href=\"mailto:aire.bahiablanca@esteri.it\">aire.bahiablanca@esteri.it<\/a>;<\/li>\n<li>Solicitar la actualizaci\u00f3n del estado civil seg\u00fan las instrucciones que se detallan <a href=\"https:\/\/consbahiablanca.esteri.it\/es\/servizi-consolari-e-visti\/servizi-per-il-cittadino-italiano\/stato-civile\/\">aqu\u00ed<\/a>.<\/li>\n<\/ul>\n<p style=\"text-align: justify;\">De esta manera, el ciudadano puede visualizar una s\u00edntesis de sus datos personales en tiempo real y conocer el estado de otros tr\u00e1mites iniciados en el Consulado.<\/p>\n<p><strong>Instrucciones operativas<\/strong><\/p>\n<p style=\"text-align: justify;\">1. Registrarse como usuario en\u00a0<em><a href=\"https:\/\/serviziconsolari.esteri.it\/ScoFE\/index.sco\">Fast It<\/a><\/em>.<\/p>\n<p style=\"text-align: justify;\">2. Activar la cuenta.<\/p>\n<p style=\"text-align: justify;\">3. Acceder al portal.<\/p>\n<p style=\"text-align: justify;\">4. Hacer click en\u00a0<em>Registro consular y A.I.R.E<\/em>.<\/p>\n<p style=\"text-align: justify;\">5. Hacer click en\u00a0<i>Visualizar su ficha de datos personales<\/i>.<\/p>\n<p style=\"text-align: justify;\">6. Completar todos los campos requeridos.<\/p>\n<p style=\"text-align: justify;\">7. Adjuntar copia del DNI argentino (ambos lados) en curso de validez y enviar la solicitud.<\/p>\n<p style=\"text-align: justify;\">8. Aguardar E-mail de confirmaci\u00f3n por parte del Consulado.<\/p>\n<p style=\"text-align: justify;\"><strong>IMPORTANTE<\/strong>: si el servicio indica error y no puede solicitarlo, deber\u00e1 verificar haber declarado correctamente sus datos personales (nombre, apellido, lugar y fecha de nacimiento como en su acta de nacimiento\/DNI, modificables desde el link Account que se encuentra arriba a la derecha en la Home page y accediendo a la ficha \u00abDati personali\u00bb) y reintentar solicirarlo. Si a\u00fan as\u00ed el problema persisite, deber\u00e1 enviar un correo electr\u00f3nico a la oficina AIRE (<a href=\"mailto:aire.bahiablanca@esteri.it\">aire.bahiablanca@esteri.it<\/a>) informando el error y adjuntando copia de su DNI argentino (ambos lados).<\/p>\n<p style=\"text-align: justify;\"><strong>ADVERTENCIA:<\/strong> el estado \u00abNo inscripto\u201d, en el apartado \u201cAIRE\u201d, podr\u00eda no reflejar completamente la situaci\u00f3n real. Esto es v\u00e1lido, en especial, para quien no haya enviado la solicitud de inscripci\u00f3n a trav\u00e9s del portal de los Servicios Consulares.<\/p>\n<p style=\"text-align: justify;\"><strong>IMPORTANTE<\/strong>: el portal FAST IT permite enviar respuestas al email del usuario; \u00e9stas son unidireccionales y se utilizan a fin de comunicar posibles rechazos o problemas con los documentos presentados. <strong>NO se dar\u00e1 respuesta a eventuales conversaciones empezadas a trav\u00e9s del portal<\/strong>.<\/p>\n<p style=\"text-align: justify;\"><strong>IMPORTANTE<\/strong>: se informa que el n\u00famero PIN al que se hace referencia en el portal no es necesario para visualizar la ficha personal del registro consular. Las funciones del portal para las cuales se prev\u00e9 el uso del PIN a\u00fan no han sido habilitadas. Cuando este servicio est\u00e9 disponible, la informaci\u00f3n ser\u00e1 publicada en la p\u00e1gina web del Consulado.<\/p>\n","protected":false},"excerpt":{"rendered":"El procedimiento de\u00a0Associazione Online Associazione Online\u00a0es el nombre de un procedimiento muy simple a trav\u00e9s del cual un ciudadano italiano residente en el exterior, inscripto en este registro consular y ya registrado como usuario en Fast It, puede visualizar su ficha personal del registro consular, verificar que los datos est\u00e9n completos y correctos y, si [&hellip;]","protected":false},"author":3,"featured_media":0,"parent":213,"menu_order":15,"comment_status":"closed","ping_status":"closed","template":"","meta":{"footnotes":""},"class_list":["post-475","page","type-page","status-publish","hentry"],"_links":{"self":[{"href":"https:\/\/consbahiablanca.esteri.it\/es\/wp-json\/wp\/v2\/pages\/475","targetHints":{"allow":["GET"]}}],"collection":[{"href":"https:\/\/consbahiablanca.esteri.it\/es\/wp-json\/wp\/v2\/pages"}],"about":[{"href":"https:\/\/consbahiablanca.esteri.it\/es\/wp-json\/wp\/v2\/types\/page"}],"author":[{"embeddable":true,"href":"https:\/\/consbahiablanca.esteri.it\/es\/wp-json\/wp\/v2\/users\/3"}],"replies":[{"embeddable":true,"href":"https:\/\/consbahiablanca.esteri.it\/es\/wp-json\/wp\/v2\/comments?post=475"}],"version-history":[{"count":4,"href":"https:\/\/consbahiablanca.esteri.it\/es\/wp-json\/wp\/v2\/pages\/475\/revisions"}],"predecessor-version":[{"id":839,"href":"https:\/\/consbahiablanca.esteri.it\/es\/wp-json\/wp\/v2\/pages\/475\/revisions\/839"}],"up":[{"embeddable":true,"href":"https:\/\/consbahiablanca.esteri.it\/es\/wp-json\/wp\/v2\/pages\/213"}],"wp:attachment":[{"href":"https:\/\/consbahiablanca.esteri.it\/es\/wp-json\/wp\/v2\/media?parent=475"}],"curies":[{"name":"wp","href":"https:\/\/api.w.org\/{rel}","templated":true}]}}