{"id":592,"date":"2023-05-24T17:56:08","date_gmt":"2023-05-24T20:56:08","guid":{"rendered":"https:\/\/consbahiablanca.esteri.it\/?page_id=592"},"modified":"2025-07-23T09:33:43","modified_gmt":"2025-07-23T12:33:43","slug":"nacimiento-de-un-hijo-menor","status":"publish","type":"page","link":"https:\/\/consbahiablanca.esteri.it\/es\/servizi-consolari-e-visti\/servizi-per-il-cittadino-italiano\/stato-civile\/nacimiento-de-un-hijo-menor\/","title":{"rendered":"Nacimiento de un hijo (menor)"},"content":{"rendered":"<p data-start=\"64\" data-end=\"197\"><strong data-start=\"64\" data-end=\"197\">Hijos menores de edad de ciudadanos italianos por nacimiento que transmiten autom\u00e1ticamente la ciudadan\u00eda (art. 3-bis L. 91\/1992)<\/strong><\/p>\n<p data-start=\"199\" data-end=\"308\">El menor es ciudadano italiano <strong><em data-start=\"230\" data-end=\"246\">iure sanguinis<\/em><\/strong> solo si se cumple <span style=\"text-decoration: underline;\"><strong>al menos una de las siguientes condiciones<\/strong><\/span>:<\/p>\n<ol data-start=\"310\" data-end=\"767\">\n<li data-start=\"310\" data-end=\"512\">\n<p data-start=\"313\" data-end=\"512\"><strong>El padre o la madre ciudadano\/a italiano\/a ha residido en Italia durante al menos 2 a\u00f1os consecutivos despu\u00e9s de haber adquirido la ciudadan\u00eda italiana y antes de la fecha de nacimiento del hijo\/a.<\/strong><\/p>\n<\/li>\n<li data-start=\"513\" data-end=\"586\">\n<p data-start=\"516\" data-end=\"586\"><strong>Uno de los progenitores posee exclusivamente la ciudadan\u00eda italiana.<\/strong><\/p>\n<\/li>\n<li data-start=\"587\" data-end=\"729\">\n<p data-start=\"590\" data-end=\"729\"><strong>Un abuelo o abuela posee \u2014en el momento del nacimiento del menor o al momento de su fallecimiento\u2014 exclusivamente la ciudadan\u00eda italiana.<\/strong><\/p>\n<\/li>\n<li data-start=\"730\" data-end=\"767\">\n<p data-start=\"733\" data-end=\"767\"><strong>El menor no posee otra ciudadan\u00eda.<\/strong><\/p>\n<\/li>\n<\/ol>\n<p data-start=\"769\" data-end=\"945\"><strong>Si no se cumple ninguna de las condiciones anteriores<\/strong>, es posible solicitar la <strong>ciudadan\u00eda por beneficio de ley<\/strong>, cuyas instrucciones se encuentran en el siguiente <a href=\"https:\/\/consbahiablanca.esteri.it\/it\/servizi-consolari-e-visti\/servizi-per-il-cittadino-straniero\/cittadinanza\/acquisto-della-cittadinanza-per-beneficio-di-legge-figli-minori-nati-allestero\/\">enlace<\/a>.<\/p>\n<p data-start=\"947\" data-end=\"1273\">Para la inscripci\u00f3n de un hijo por parte de un padre o madre ciudadano\/a italiano\/a por nacimiento que pueda transmitir autom\u00e1ticamente la ciudadan\u00eda italiana, se deber\u00e1 presentar la documentaci\u00f3n indicada a continuaci\u00f3n <strong>a trav\u00e9s de FAST IT (Stato Civile), seleccionando la opci\u00f3n \u201cAtto di nascita (Art. 3-bis L. 91\/1992)\u201d<\/strong>:<\/p>\n<ul data-start=\"1275\" data-end=\"2356\">\n<li data-start=\"1275\" data-end=\"1354\">\n<p data-start=\"1277\" data-end=\"1354\"><strong>Acta de nacimiento original del menor, apostillada y traducida al italiano<\/strong>;<\/p>\n<\/li>\n<li data-start=\"1355\" data-end=\"1490\">\n<p data-start=\"1357\" data-end=\"1490\"><a href=\"https:\/\/consbahiablanca.esteri.it\/wp-content\/uploads\/2025\/07\/FORMULARIO-ANAGRAFICO.pdf\">Formulario anagr\u00e1fico actualizado<\/a>\u00a0(en caso de no conocer el Comune de referencia en Italia, ese campo puede dejarse sin completar);<\/p>\n<\/li>\n<li data-start=\"1491\" data-end=\"1659\">\n<p data-start=\"1493\" data-end=\"1659\">Copia de un <strong>DNI (anverso y reverso) vigente de ambos progenitores y del\/de los hijo\/s<\/strong> para los que se desea efectuar la declaraci\u00f3n de adquisici\u00f3n de la ciudadan\u00eda;<\/p>\n<\/li>\n<li data-start=\"1660\" data-end=\"2356\">\n<p data-start=\"1662\" data-end=\"2356\"><strong>Prueba de residencia<\/strong> en esta circunscripci\u00f3n consular: facturas de servicios de luz, gas, tel\u00e9fono fijo, internet y televisi\u00f3n por cable; certificados de asistencia escolar o universitaria o de institutos de formaci\u00f3n que otorguen t\u00edtulos reconocidos por las autoridades locales; certificado de afiliaci\u00f3n a obras sociales o factura mensual; contrato de alquiler a nombre del solicitante de la inscripci\u00f3n\/actualizaci\u00f3n o recibos de pago del alquiler efectuado por el solicitante; certificados de inscripci\u00f3n en colegios profesionales que operen en la circunscripci\u00f3n consular; recibo de sueldo o inscripci\u00f3n en la AFIP como trabajador independiente; certificados de ANSES en caso de jubilados.<\/p>\n<\/li>\n<\/ul>\n<p data-start=\"2358\" data-end=\"2568\"><strong data-start=\"2358\" data-end=\"2377\">No se aceptar\u00e1n<\/strong>: licencia de conducir, certificados de domicilio emitidos por la Polic\u00eda o por la Oficina del Registro Civil, impuestos provinciales o municipales, incluidas las tasas relativas a veh\u00edculos.<\/p>\n<ul data-start=\"2570\" data-end=\"3165\">\n<li data-start=\"2570\" data-end=\"2941\">\n<p data-start=\"2572\" data-end=\"2941\">Si es necesario (casos de los puntos 2 y 3 mencionados anteriormente), certificaci\u00f3n negativa de ciudadan\u00eda argentina del padre\/madre o abuelos (Certificado de no naturalizaci\u00f3n argentina: Form. 003 de la \u201cC\u00e1mara Nacional Electoral\u201d), con la Apostilla; y certificaci\u00f3n negativa de ciudadan\u00eda de otro pa\u00eds en el que hayan residido (apostilla + traducci\u00f3n + apostilla);<\/p>\n<\/li>\n<li data-start=\"2942\" data-end=\"3165\">\n<p data-start=\"2944\" data-end=\"3165\">Si es necesario (casos del punto 1 mencionado anteriormente), certificado hist\u00f3rico de residencia del progenitor emitido por el Comune competente que demuestre los dos a\u00f1os de residencia en Italia como ciudadano italiano.<\/p>\n<\/li>\n<\/ul>\n","protected":false},"excerpt":{"rendered":"Hijos menores de edad de ciudadanos italianos por nacimiento que transmiten autom\u00e1ticamente la ciudadan\u00eda (art. 3-bis L. 91\/1992) El menor es ciudadano italiano iure sanguinis solo si se cumple al menos una de las siguientes condiciones: El padre o la madre ciudadano\/a italiano\/a ha residido en Italia durante al menos 2 a\u00f1os consecutivos despu\u00e9s de [&hellip;]","protected":false},"author":3,"featured_media":0,"parent":214,"menu_order":1,"comment_status":"closed","ping_status":"closed","template":"","meta":{"footnotes":""},"class_list":["post-592","page","type-page","status-publish","hentry"],"_links":{"self":[{"href":"https:\/\/consbahiablanca.esteri.it\/es\/wp-json\/wp\/v2\/pages\/592","targetHints":{"allow":["GET"]}}],"collection":[{"href":"https:\/\/consbahiablanca.esteri.it\/es\/wp-json\/wp\/v2\/pages"}],"about":[{"href":"https:\/\/consbahiablanca.esteri.it\/es\/wp-json\/wp\/v2\/types\/page"}],"author":[{"embeddable":true,"href":"https:\/\/consbahiablanca.esteri.it\/es\/wp-json\/wp\/v2\/users\/3"}],"replies":[{"embeddable":true,"href":"https:\/\/consbahiablanca.esteri.it\/es\/wp-json\/wp\/v2\/comments?post=592"}],"version-history":[{"count":6,"href":"https:\/\/consbahiablanca.esteri.it\/es\/wp-json\/wp\/v2\/pages\/592\/revisions"}],"predecessor-version":[{"id":10504,"href":"https:\/\/consbahiablanca.esteri.it\/es\/wp-json\/wp\/v2\/pages\/592\/revisions\/10504"}],"up":[{"embeddable":true,"href":"https:\/\/consbahiablanca.esteri.it\/es\/wp-json\/wp\/v2\/pages\/214"}],"wp:attachment":[{"href":"https:\/\/consbahiablanca.esteri.it\/es\/wp-json\/wp\/v2\/media?parent=592"}],"curies":[{"name":"wp","href":"https:\/\/api.w.org\/{rel}","templated":true}]}}