{"id":595,"date":"2023-05-24T17:57:33","date_gmt":"2023-05-24T20:57:33","guid":{"rendered":"https:\/\/consbahiablanca.esteri.it\/?page_id=595"},"modified":"2023-09-26T18:36:41","modified_gmt":"2023-09-26T16:36:41","slug":"casamiento","status":"publish","type":"page","link":"https:\/\/consbahiablanca.esteri.it\/es\/servizi-consolari-e-visti\/servizi-per-il-cittadino-italiano\/stato-civile\/casamiento\/","title":{"rendered":"Casamiento"},"content":{"rendered":"<p style=\"text-align: justify;\">Para que el matrimonio celebrado en el exterior tenga valor en Italia debe ser transcrito en la Comuna italiana competente.<br \/>\nPara registrar el matrimonio es necesario presentar:<\/p>\n<ul style=\"text-align: justify;\">\n<li>Formulario de actualizaci\u00f3n de datos\u00a0\u201c<a href=\"https:\/\/consbahiablanca.esteri.it\/wp-content\/uploads\/2023\/09\/modello_unico_-_aggiornamento_-_iscrizione_aire_sc-aire1.doc\"><i>Modello Unico di iscrizione\/aggiornamento AIRE<\/i><\/a>\u201d\u00a0completo en todas sus partes, declarando los hijos menores, sin dejar casilleros en blanco, fechado y firmado.<\/li>\n<li>Acta de matrimonio en original (\u201cno certificados\u201d), emitida por el Registro Civil, con traducci\u00f3n integral en italiano.<\/li>\n<li>Comprobantes\u00a0de residencia<\/li>\n<li>Fotocopia del DNI de los miembros del n\u00facleo familiar con domicilio actualizado.<\/li>\n<\/ul>\n<p style=\"text-align: justify;\">En virtud de las disposiciones del art\u00edculo 3 del Decreto Legislativo 223\/2012 los ciudadanos italianos en el exterior deben acompa\u00f1ar su solicitud de inscripci\u00f3n\/variaci\u00f3n en el AIRE (Registro de los Italianos en el Exterior) con documentaci\u00f3n que permita comprobar su domicilio de residencia.<\/p>\n<p style=\"text-align: justify;\">Es posible presentar:<\/p>\n<ul style=\"text-align: justify;\">\n<li>Facturas de servicios residenciales (luz, gas, tel\u00e9fono fijo, TV por cable, internet).<\/li>\n<li>Recibo de sueldo, certificado laboral expedido por el empleador o constancia de inscripci\u00f3n como monotributista \u2013 solo en caso de ser trabajador aut\u00f3nomo.<\/li>\n<li>Certificado o constancia de afiliaci\u00f3n a obra social (o factura mensual);<\/li>\n<li>Contrato de alquiler;<\/li>\n<li>Certificado de alumno regular.<\/li>\n<\/ul>\n<p style=\"text-align: justify;\"><strong>No se aceptan impuestos, certificados policiales, facturas de agua facturas, de telefon\u00eda m\u00f3vil, ni seguros.<\/strong><\/p>\n<ul>\n<li style=\"text-align: justify;\"><strong>Si est\u00e1 divorciado, no es suficiente presentar el acta de matrimonio con la anotaci\u00f3n marginal. Deber\u00e1 presentar la sentencia completa; ver instrucciones\u00a0en la secci\u00f3n\u00a0Transmisi\u00f3n de la sentencia de divorcio.<\/strong><\/li>\n<\/ul>\n<p style=\"text-align: justify;\"><strong>IMPORTANTE:<\/strong>\u00a0deben ser transmitidos a Italia todos los matrimonios contra\u00eddos; no es posible transmitir un matrimonio sin que hayan sido registrados los matrimonios anteriores y las sentencias de divorcio correspondientes.<\/p>\n","protected":false},"excerpt":{"rendered":"Para que el matrimonio celebrado en el exterior tenga valor en Italia debe ser transcrito en la Comuna italiana competente. Para registrar el matrimonio es necesario presentar: Formulario de actualizaci\u00f3n de datos\u00a0\u201cModello Unico di iscrizione\/aggiornamento AIRE\u201d\u00a0completo en todas sus partes, declarando los hijos menores, sin dejar casilleros en blanco, fechado y firmado. Acta de matrimonio [&hellip;]","protected":false},"author":3,"featured_media":0,"parent":214,"menu_order":10,"comment_status":"closed","ping_status":"closed","template":"","meta":{"footnotes":""},"class_list":["post-595","page","type-page","status-publish","hentry"],"_links":{"self":[{"href":"https:\/\/consbahiablanca.esteri.it\/es\/wp-json\/wp\/v2\/pages\/595","targetHints":{"allow":["GET"]}}],"collection":[{"href":"https:\/\/consbahiablanca.esteri.it\/es\/wp-json\/wp\/v2\/pages"}],"about":[{"href":"https:\/\/consbahiablanca.esteri.it\/es\/wp-json\/wp\/v2\/types\/page"}],"author":[{"embeddable":true,"href":"https:\/\/consbahiablanca.esteri.it\/es\/wp-json\/wp\/v2\/users\/3"}],"replies":[{"embeddable":true,"href":"https:\/\/consbahiablanca.esteri.it\/es\/wp-json\/wp\/v2\/comments?post=595"}],"version-history":[{"count":5,"href":"https:\/\/consbahiablanca.esteri.it\/es\/wp-json\/wp\/v2\/pages\/595\/revisions"}],"predecessor-version":[{"id":846,"href":"https:\/\/consbahiablanca.esteri.it\/es\/wp-json\/wp\/v2\/pages\/595\/revisions\/846"}],"up":[{"embeddable":true,"href":"https:\/\/consbahiablanca.esteri.it\/es\/wp-json\/wp\/v2\/pages\/214"}],"wp:attachment":[{"href":"https:\/\/consbahiablanca.esteri.it\/es\/wp-json\/wp\/v2\/media?parent=595"}],"curies":[{"name":"wp","href":"https:\/\/api.w.org\/{rel}","templated":true}]}}