{"id":598,"date":"2023-05-24T17:58:49","date_gmt":"2023-05-24T20:58:49","guid":{"rendered":"https:\/\/consbahiablanca.esteri.it\/?page_id=598"},"modified":"2023-09-26T18:37:24","modified_gmt":"2023-09-26T16:37:24","slug":"union-civil","status":"publish","type":"page","link":"https:\/\/consbahiablanca.esteri.it\/es\/servizi-consolari-e-visti\/servizi-per-il-cittadino-italiano\/stato-civile\/union-civil\/","title":{"rendered":"Matrimonio igualitario"},"content":{"rendered":"<p><strong>Matrimonio igualitario<\/strong><\/p>\n<p style=\"text-align: justify;\">A partir de la entrada en vigencia del Decreto n. 144 del 23 de julio de 2016 del Presidente del Consejo de los Ministros publicado en la GU n. 175 del 28 de julio de 2016 y con vigencia a partir del 29\/07\/2016, es posible solicitar la inscripci\u00f3n de los matrimonios entre personas del mismo g\u00e9nero y celebrados en la Rep\u00fablica Argentina, en virtud de la ley n.76 del 20 de mayo de 2016, en el registro provisorio de las uniones civiles instituidos en las Comunas Italianas. Cabe subrayar que el ciudadano italiano que aqu\u00ed o en otro Estado (fuera de Italia) haya contra\u00eddo matrimonio o uni\u00f3n civil conforme a la ley local incluso antes de la entrada en vigencia de la ley 76\/2016, tiene la obligaci\u00f3n de informar a la sede Consular competente por residencia.<\/p>\n<p style=\"text-align: justify;\">Para poder registrar el matrimonio entre personas del mismo g\u00e9nero, es necesario presentar: la siguiente documentaci\u00f3n:<\/p>\n<ul style=\"text-align: justify;\">\n<li>Formulario de actualizaci\u00f3n de datos\u00a0\u201c<a href=\"https:\/\/consbahiablanca.esteri.it\/wp-content\/uploads\/2023\/09\/modello_unico_-_aggiornamento_-_iscrizione_aire_sc-aire1.doc\"><i>Modello Unico di iscrizione\/aggiornamento AIRE<\/i><\/a>\u201d\u00a0completo en todas sus partes, declarando los hijos menores, sin dejar casilleros en blanco, fechado y firmado.<\/li>\n<li>Copias de DNI del n\u00facleo familiar<\/li>\n<li>Acta de matrimonio en original (\u201cno certificados\u201d), emitida por el Registro Civil, con traducci\u00f3n integral en italiano.<\/li>\n<li>Comprobantes\u00a0de residencia<\/li>\n<\/ul>\n<p style=\"text-align: justify;\">En virtud de las disposiciones del art\u00edculo 3 del Decreto Legislativo 223\/2012 los ciudadanos italianos en el exterior deben acompa\u00f1ar su solicitud de inscripci\u00f3n\/variaci\u00f3n en el AIRE (Registro de los Italianos en el Exterior) con documentaci\u00f3n que permita comprobar su domicilio de residencia.<\/p>\n<p style=\"text-align: justify;\">Es posible presentar:<\/p>\n<ul style=\"text-align: justify;\">\n<li>Facturas de servicios residenciales (luz, gas, tel\u00e9fono fijo, TV por cable, internet).<\/li>\n<li>Recibo de sueldo, certificado laboral expedido por el empleador o constancia de inscripci\u00f3n como monotributista \u2013 solo en caso de ser trabajador aut\u00f3nomo.<\/li>\n<li>Certificado o constancia de afiliaci\u00f3n a obra social (o factura mensual);<\/li>\n<li>Contrato de alquiler;<\/li>\n<li>Certificado de alumno regular.<\/li>\n<\/ul>\n<p style=\"text-align: justify;\"><strong>No se aceptan impuestos, certificados policiales, facturas de agua facturas, de telefon\u00eda m\u00f3vil, ni seguros.<\/strong><\/p>\n<p style=\"text-align: justify;\"><strong>Si est\u00e1 divorciado, no es suficiente presentar el acta de matrimonio con la anotaci\u00f3n marginal. Deber\u00e1 presentar la sentencia completa; ver instrucciones en la secci\u00f3n\u00a0Transmisi\u00f3n de la sentencia de divorcio.<\/strong><\/p>\n","protected":false},"excerpt":{"rendered":"Matrimonio igualitario A partir de la entrada en vigencia del Decreto n. 144 del 23 de julio de 2016 del Presidente del Consejo de los Ministros publicado en la GU n. 175 del 28 de julio de 2016 y con vigencia a partir del 29\/07\/2016, es posible solicitar la inscripci\u00f3n de los matrimonios entre personas [&hellip;]","protected":false},"author":3,"featured_media":0,"parent":214,"menu_order":15,"comment_status":"closed","ping_status":"closed","template":"","meta":{"footnotes":""},"class_list":["post-598","page","type-page","status-publish","hentry"],"_links":{"self":[{"href":"https:\/\/consbahiablanca.esteri.it\/es\/wp-json\/wp\/v2\/pages\/598","targetHints":{"allow":["GET"]}}],"collection":[{"href":"https:\/\/consbahiablanca.esteri.it\/es\/wp-json\/wp\/v2\/pages"}],"about":[{"href":"https:\/\/consbahiablanca.esteri.it\/es\/wp-json\/wp\/v2\/types\/page"}],"author":[{"embeddable":true,"href":"https:\/\/consbahiablanca.esteri.it\/es\/wp-json\/wp\/v2\/users\/3"}],"replies":[{"embeddable":true,"href":"https:\/\/consbahiablanca.esteri.it\/es\/wp-json\/wp\/v2\/comments?post=598"}],"version-history":[{"count":5,"href":"https:\/\/consbahiablanca.esteri.it\/es\/wp-json\/wp\/v2\/pages\/598\/revisions"}],"predecessor-version":[{"id":847,"href":"https:\/\/consbahiablanca.esteri.it\/es\/wp-json\/wp\/v2\/pages\/598\/revisions\/847"}],"up":[{"embeddable":true,"href":"https:\/\/consbahiablanca.esteri.it\/es\/wp-json\/wp\/v2\/pages\/214"}],"wp:attachment":[{"href":"https:\/\/consbahiablanca.esteri.it\/es\/wp-json\/wp\/v2\/media?parent=598"}],"curies":[{"name":"wp","href":"https:\/\/api.w.org\/{rel}","templated":true}]}}