{"id":602,"date":"2023-05-24T17:59:55","date_gmt":"2023-05-24T20:59:55","guid":{"rendered":"https:\/\/consbahiablanca.esteri.it\/?page_id=602"},"modified":"2023-09-26T18:37:53","modified_gmt":"2023-09-26T16:37:53","slug":"fallecimiento-de-un-familiar","status":"publish","type":"page","link":"https:\/\/consbahiablanca.esteri.it\/es\/servizi-consolari-e-visti\/servizi-per-il-cittadino-italiano\/stato-civile\/fallecimiento-de-un-familiar\/","title":{"rendered":"Fallecimiento de un familiar"},"content":{"rendered":"<p style=\"text-align: justify;\">La defunci\u00f3n de un ciudadano italiano ocurrida en el exterior debe ser registrada en Italia. Para registrar la defunci\u00f3n de un familiar es necesario presentar la siguiente documentaci\u00f3n:<\/p>\n<ul>\n<li style=\"text-align: justify;\">Partida de defunci\u00f3n en original (no \u201ccertificados\u201d), emitida por el Registro Civil, con traducci\u00f3n integral en italiano.<\/li>\n<\/ul>\n","protected":false},"excerpt":{"rendered":"La defunci\u00f3n de un ciudadano italiano ocurrida en el exterior debe ser registrada en Italia. Para registrar la defunci\u00f3n de un familiar es necesario presentar la siguiente documentaci\u00f3n: Partida de defunci\u00f3n en original (no \u201ccertificados\u201d), emitida por el Registro Civil, con traducci\u00f3n integral en italiano.","protected":false},"author":3,"featured_media":0,"parent":214,"menu_order":20,"comment_status":"closed","ping_status":"closed","template":"","meta":{"footnotes":""},"class_list":["post-602","page","type-page","status-publish","hentry"],"_links":{"self":[{"href":"https:\/\/consbahiablanca.esteri.it\/es\/wp-json\/wp\/v2\/pages\/602","targetHints":{"allow":["GET"]}}],"collection":[{"href":"https:\/\/consbahiablanca.esteri.it\/es\/wp-json\/wp\/v2\/pages"}],"about":[{"href":"https:\/\/consbahiablanca.esteri.it\/es\/wp-json\/wp\/v2\/types\/page"}],"author":[{"embeddable":true,"href":"https:\/\/consbahiablanca.esteri.it\/es\/wp-json\/wp\/v2\/users\/3"}],"replies":[{"embeddable":true,"href":"https:\/\/consbahiablanca.esteri.it\/es\/wp-json\/wp\/v2\/comments?post=602"}],"version-history":[{"count":3,"href":"https:\/\/consbahiablanca.esteri.it\/es\/wp-json\/wp\/v2\/pages\/602\/revisions"}],"predecessor-version":[{"id":848,"href":"https:\/\/consbahiablanca.esteri.it\/es\/wp-json\/wp\/v2\/pages\/602\/revisions\/848"}],"up":[{"embeddable":true,"href":"https:\/\/consbahiablanca.esteri.it\/es\/wp-json\/wp\/v2\/pages\/214"}],"wp:attachment":[{"href":"https:\/\/consbahiablanca.esteri.it\/es\/wp-json\/wp\/v2\/media?parent=602"}],"curies":[{"name":"wp","href":"https:\/\/api.w.org\/{rel}","templated":true}]}}