{"id":605,"date":"2023-05-24T18:00:37","date_gmt":"2023-05-24T21:00:37","guid":{"rendered":"https:\/\/consbahiablanca.esteri.it\/?page_id=605"},"modified":"2023-09-26T18:38:26","modified_gmt":"2023-09-26T16:38:26","slug":"divorcio","status":"publish","type":"page","link":"https:\/\/consbahiablanca.esteri.it\/es\/servizi-consolari-e-visti\/servizi-per-il-cittadino-italiano\/stato-civile\/divorcio\/","title":{"rendered":"Divorcio"},"content":{"rendered":"<p style=\"text-align: justify;\">Para registrar en Italia una sentencia de divorcio es necesario presentar:<\/p>\n<ul style=\"text-align: justify;\">\n<li>Formulario de actualizaci\u00f3n de datos\u00a0\u201c<a href=\"https:\/\/consbahiablanca.esteri.it\/wp-content\/uploads\/2023\/09\/modello_unico_-_aggiornamento_-_iscrizione_aire_sc-aire1.doc\"><i>Modello Unico di iscrizione\/aggiornamento AIRE<\/i><\/a>\u201d completo en todas sus partes, sin dejar casilleros en blanco, fechado y firmado.<\/li>\n<li>Comprobantes\u00a0de residencia<\/li>\n<li>Fotocopia del DNI de los miembros del n\u00facleo familiar con domicilio actualizado.<\/li>\n<\/ul>\n<ul>\n<li style=\"text-align: justify;\">La sentencia integral \u2013 completa en original (deber\u00e1 contener: AUTOS; VISTOS; CONSIDERANDO; FALLO); si existe sentencia de separaci\u00f3n personal de conformidad con el art. 67 bis, es necesario tambi\u00e9n presentar esta \u00faltima. En presencia de hijos menores, la sentencia deber\u00e1 especificar el r\u00e9gimen de la tenencia de los mismos;<\/li>\n<li style=\"text-align: justify;\">En la sentencia, (o en una declaraci\u00f3n adjunta del Tribunal) deber\u00e1 estar especificado que se trata de una sentencia firme o consentida o ejecutoriada y que revista el car\u00e1cter de COSA JUZGADA; deber\u00e1 adem\u00e1s estar indicada la fecha desde cuando la sentencia reviste el car\u00e1cter de cosa juzgada<\/li>\n<li style=\"text-align: justify;\">Toda la documentaci\u00f3n solicitada, a entregarse en original, deber\u00e1 ser autenticada por el Tribunal competente, legalizada por la C\u00e1mara Nacional de Apelaciones del Poder Judicial competente y por el Ministerio de Relaciones Exteriores Argentino con Apostilla de la Haya y traducida al idioma italiano.<\/li>\n<li style=\"text-align: justify;\">\u201c<i>Richiesta trascrizione e dichiarazione sostitutiva divorzio<\/i>\u201d\u00a0<a href=\"https:\/\/consbahiablanca.esteri.it\/wp-content\/uploads\/2023\/09\/richiesta_trascrizione_e_dichiarazione_sostitutiva_divorzio.doc\">(descargar)<\/a>.<\/li>\n<\/ul>\n","protected":false},"excerpt":{"rendered":"Para registrar en Italia una sentencia de divorcio es necesario presentar: Formulario de actualizaci\u00f3n de datos\u00a0\u201cModello Unico di iscrizione\/aggiornamento AIRE\u201d completo en todas sus partes, sin dejar casilleros en blanco, fechado y firmado. Comprobantes\u00a0de residencia Fotocopia del DNI de los miembros del n\u00facleo familiar con domicilio actualizado. La sentencia integral \u2013 completa en original (deber\u00e1 [&hellip;]","protected":false},"author":3,"featured_media":0,"parent":214,"menu_order":25,"comment_status":"closed","ping_status":"closed","template":"","meta":{"footnotes":""},"class_list":["post-605","page","type-page","status-publish","hentry"],"_links":{"self":[{"href":"https:\/\/consbahiablanca.esteri.it\/es\/wp-json\/wp\/v2\/pages\/605","targetHints":{"allow":["GET"]}}],"collection":[{"href":"https:\/\/consbahiablanca.esteri.it\/es\/wp-json\/wp\/v2\/pages"}],"about":[{"href":"https:\/\/consbahiablanca.esteri.it\/es\/wp-json\/wp\/v2\/types\/page"}],"author":[{"embeddable":true,"href":"https:\/\/consbahiablanca.esteri.it\/es\/wp-json\/wp\/v2\/users\/3"}],"replies":[{"embeddable":true,"href":"https:\/\/consbahiablanca.esteri.it\/es\/wp-json\/wp\/v2\/comments?post=605"}],"version-history":[{"count":6,"href":"https:\/\/consbahiablanca.esteri.it\/es\/wp-json\/wp\/v2\/pages\/605\/revisions"}],"predecessor-version":[{"id":849,"href":"https:\/\/consbahiablanca.esteri.it\/es\/wp-json\/wp\/v2\/pages\/605\/revisions\/849"}],"up":[{"embeddable":true,"href":"https:\/\/consbahiablanca.esteri.it\/es\/wp-json\/wp\/v2\/pages\/214"}],"wp:attachment":[{"href":"https:\/\/consbahiablanca.esteri.it\/es\/wp-json\/wp\/v2\/media?parent=605"}],"curies":[{"name":"wp","href":"https:\/\/api.w.org\/{rel}","templated":true}]}}