{"id":608,"date":"2023-05-24T18:01:45","date_gmt":"2023-05-24T21:01:45","guid":{"rendered":"https:\/\/consbahiablanca.esteri.it\/?page_id=608"},"modified":"2023-09-26T18:39:05","modified_gmt":"2023-09-26T16:39:05","slug":"sentencias-de-adopcion","status":"publish","type":"page","link":"https:\/\/consbahiablanca.esteri.it\/es\/servizi-consolari-e-visti\/servizi-per-il-cittadino-italiano\/stato-civile\/sentencias-de-adopcion\/","title":{"rendered":"Sentencias de adopci\u00f3n"},"content":{"rendered":"<p style=\"text-align: justify;\">Para el reconocimiento de una sentencia extranjera de adopci\u00f3n es necesario presentar:<\/p>\n<ul>\n<li style=\"text-align: justify;\">Acta de nacimiento con los nombres de los padres adoptivos (obligatorio) y de los biol\u00f3gicos (facultativo);<\/li>\n<li style=\"text-align: justify;\">La sentencia completa original (deber\u00e1 contener: AUTOS; VISTOS; CONSIDERANDO; FALLO),<\/li>\n<li style=\"text-align: justify;\">La sentencia deber\u00e1 especificar el estado de abandono del menor o la autorizaci\u00f3n del o de los padres biol\u00f3gicos a los fines de la adopci\u00f3n<\/li>\n<li style=\"text-align: justify;\">En la sentencia (o en una declaraci\u00f3n adjunta del Tribunal) deber\u00e1 estar especificado que se trata de una sentencia firme o consentida o ejecutoriada y que revista el car\u00e1cter de COSA JUZGADA; (deber\u00e1 adem\u00e1s estar indicada la fecha desde cuando la sentencia reviste el car\u00e1cter de cosa juzgada).<\/li>\n<li style=\"text-align: justify;\">Toda la documentaci\u00f3n, a entregarse en original, deber\u00e1 ser traducida al italiano y presentada en original; autenticada por el Tribunal competente, legalizada por la C\u00e1mara Nacional de Apelaciones del Poder Judicial competente y por el Ministerio de Relaciones Exteriores Argentino con Apostilla de la Haya y traducida al italiano.<\/li>\n<li style=\"text-align: justify;\">Solicitud y declaraci\u00f3n jurada (escribir a\u00a0<a href=\"mailto:bahiablanca.nat@esteri.it\">bahiablanca.nat@esteri.it<\/a>).<\/li>\n<\/ul>\n","protected":false},"excerpt":{"rendered":"Para el reconocimiento de una sentencia extranjera de adopci\u00f3n es necesario presentar: Acta de nacimiento con los nombres de los padres adoptivos (obligatorio) y de los biol\u00f3gicos (facultativo); La sentencia completa original (deber\u00e1 contener: AUTOS; VISTOS; CONSIDERANDO; FALLO), La sentencia deber\u00e1 especificar el estado de abandono del menor o la autorizaci\u00f3n del o de los [&hellip;]","protected":false},"author":3,"featured_media":0,"parent":214,"menu_order":30,"comment_status":"closed","ping_status":"closed","template":"","meta":{"footnotes":""},"class_list":["post-608","page","type-page","status-publish","hentry"],"_links":{"self":[{"href":"https:\/\/consbahiablanca.esteri.it\/es\/wp-json\/wp\/v2\/pages\/608","targetHints":{"allow":["GET"]}}],"collection":[{"href":"https:\/\/consbahiablanca.esteri.it\/es\/wp-json\/wp\/v2\/pages"}],"about":[{"href":"https:\/\/consbahiablanca.esteri.it\/es\/wp-json\/wp\/v2\/types\/page"}],"author":[{"embeddable":true,"href":"https:\/\/consbahiablanca.esteri.it\/es\/wp-json\/wp\/v2\/users\/3"}],"replies":[{"embeddable":true,"href":"https:\/\/consbahiablanca.esteri.it\/es\/wp-json\/wp\/v2\/comments?post=608"}],"version-history":[{"count":4,"href":"https:\/\/consbahiablanca.esteri.it\/es\/wp-json\/wp\/v2\/pages\/608\/revisions"}],"predecessor-version":[{"id":850,"href":"https:\/\/consbahiablanca.esteri.it\/es\/wp-json\/wp\/v2\/pages\/608\/revisions\/850"}],"up":[{"embeddable":true,"href":"https:\/\/consbahiablanca.esteri.it\/es\/wp-json\/wp\/v2\/pages\/214"}],"wp:attachment":[{"href":"https:\/\/consbahiablanca.esteri.it\/es\/wp-json\/wp\/v2\/media?parent=608"}],"curies":[{"name":"wp","href":"https:\/\/api.w.org\/{rel}","templated":true}]}}