{"id":611,"date":"2023-05-24T18:09:38","date_gmt":"2023-05-24T21:09:38","guid":{"rendered":"https:\/\/consbahiablanca.esteri.it\/?page_id=611"},"modified":"2026-03-31T11:39:02","modified_gmt":"2026-03-31T14:39:02","slug":"tarifas-consulares","status":"publish","type":"page","link":"https:\/\/consbahiablanca.esteri.it\/es\/servizi-consolari-e-visti\/servizi-per-il-cittadino-italiano\/tarifas-consulares\/","title":{"rendered":"Tarifas consulares"},"content":{"rendered":"<p><strong>ATENCION: El Consulado General aplica rigurosamente las siguientes <a href=\"https:\/\/consbahiablanca.esteri.it\/wp-content\/uploads\/2026\/01\/POLITICA-DE-PAGO-Y-DE-REEMBOLSO_.pdf\">pol\u00edticas de pago de tarifas consulares y de reembolso<\/a>. Cuando un usuario solicita un servicio <span style=\"text-decoration: underline;\">acepta tales condiciones y pol\u00edticas<\/span>.<\/strong><\/p>\n<p style=\"text-align: center;\"><a href=\"https:\/\/consbahiablanca.esteri.it\/wp-content\/uploads\/2026\/03\/TABELLA-DIRITTI-CONSOLARI-nuove-tariffe-dal-01.04.2026-al-30.06.2026.pdf\">TABELLA DIRITTI CONSOLARI (tarifas desde el 01.04.2026 al 30.06.2026)<\/a><\/p>\n<p>El titular del turno debe pagar el importe correspondiente por medio de<strong>\u00a0TRANSFERENCIA BANCARIA<\/strong><\/p>\n<p>El usuario deber\u00e1 realizar una transferencia bancaria <strong>EXCLUSIVAMENTE EN PESOS ARGENTINOS<\/strong>\u00a0a la siguiente cuenta corriente:<\/p>\n<p>CUENTA EN PESOS para la transferencia<\/p>\n<p>Titular: CONSULADO GENERAL DE ITALIA<\/p>\n<p>CBU: 03400531 00530009022001<\/p>\n<p>ALIAS: PINO.PADRE.CHACRA<\/p>\n<p>CUIT: 30-70766343-6<\/p>\n<p>N\u00ba de la cuenta en PESOS: 053-530009022-000<\/p>\n<p>Banca Patagonia S. A.<\/p>\n<p>Sucursal: Chiclana 326, 8000 Bah\u00eda Blanca (Bs. As.)<\/p>\n<p>Tipo de cuenta: cuenta corriente<\/p>\n<p><strong>ATENCI\u00d3N: el comprobante de la transferencia debe indicar expresamente el nombre de quien haya efectuado la transferencia o del usuario que solicita el servicio consular.<\/strong><\/p>\n<p><strong>&#8211; La transfer<\/strong><strong>encia debe ser realizada exclusivamente en las 48hs. anteriores a la fecha del turno.<\/strong><\/p>\n<p><strong>&#8211; En la causa\/motivo de la transferencia es necesario indicar el nominativo del titular del turno.<\/strong><\/p>\n<p><strong>ATENCI\u00d3N: No se admitir\u00e1, en ning\u00fan caso, el pago mediante dep\u00f3sito en la cuenta corriente del Consulado realizado por caja en el Banco.<\/strong><\/p>\n<p><strong>Desde el 01 de abril al 30 de junio<\/strong><\/p>\n<p><strong>CIUDADAN\u00cdA (Iure Sanguinis): 1.002.200,00 Pesos argentinos<\/strong><\/p>\n<p><strong>EMISI\u00d3N DE LA CARTA DE IDENTIDAD ELECTRONICA \u2013 CIE: 36.800,00 Pesos argentinos<\/strong><\/p>\n<p><strong>EMISI\u00d3N DEL PASAPORTE: 194.200<\/strong><strong>,00 Pesos argentinos.<\/strong><\/p>\n<p>&nbsp;<\/p>\n","protected":false},"excerpt":{"rendered":"ATENCION: El Consulado General aplica rigurosamente las siguientes pol\u00edticas de pago de tarifas consulares y de reembolso. Cuando un usuario solicita un servicio acepta tales condiciones y pol\u00edticas. TABELLA DIRITTI CONSOLARI (tarifas desde el 01.04.2026 al 30.06.2026) El titular del turno debe pagar el importe correspondiente por medio de\u00a0TRANSFERENCIA BANCARIA El usuario deber\u00e1 realizar una [&hellip;]","protected":false},"author":3,"featured_media":0,"parent":173,"menu_order":15,"comment_status":"closed","ping_status":"closed","template":"","meta":{"footnotes":""},"class_list":["post-611","page","type-page","status-publish","hentry"],"_links":{"self":[{"href":"https:\/\/consbahiablanca.esteri.it\/es\/wp-json\/wp\/v2\/pages\/611","targetHints":{"allow":["GET"]}}],"collection":[{"href":"https:\/\/consbahiablanca.esteri.it\/es\/wp-json\/wp\/v2\/pages"}],"about":[{"href":"https:\/\/consbahiablanca.esteri.it\/es\/wp-json\/wp\/v2\/types\/page"}],"author":[{"embeddable":true,"href":"https:\/\/consbahiablanca.esteri.it\/es\/wp-json\/wp\/v2\/users\/3"}],"replies":[{"embeddable":true,"href":"https:\/\/consbahiablanca.esteri.it\/es\/wp-json\/wp\/v2\/comments?post=611"}],"version-history":[{"count":7,"href":"https:\/\/consbahiablanca.esteri.it\/es\/wp-json\/wp\/v2\/pages\/611\/revisions"}],"predecessor-version":[{"id":13195,"href":"https:\/\/consbahiablanca.esteri.it\/es\/wp-json\/wp\/v2\/pages\/611\/revisions\/13195"}],"up":[{"embeddable":true,"href":"https:\/\/consbahiablanca.esteri.it\/es\/wp-json\/wp\/v2\/pages\/173"}],"wp:attachment":[{"href":"https:\/\/consbahiablanca.esteri.it\/es\/wp-json\/wp\/v2\/media?parent=611"}],"curies":[{"name":"wp","href":"https:\/\/api.w.org\/{rel}","templated":true}]}}