{"id":616,"date":"2023-05-24T18:24:22","date_gmt":"2023-05-24T21:24:22","guid":{"rendered":"https:\/\/consbahiablanca.esteri.it\/?page_id=616"},"modified":"2025-04-02T14:29:23","modified_gmt":"2025-04-02T17:29:23","slug":"ciudadania-por-reconstruccion","status":"publish","type":"page","link":"https:\/\/consbahiablanca.esteri.it\/es\/servizi-consolari-e-visti\/servizi-per-il-cittadino-straniero\/cittadinanza\/ciudadania-por-reconstruccion\/","title":{"rendered":"Ciudadan\u00eda por reconstrucci\u00f3n"},"content":{"rendered":"<p><strong>Con respecto a las normas sobre el reconocimiento de la ciudadan\u00eda \u201ciure sanguinis\u201d, invitamos a los usuarios a visualizar lo comunicado en el siguiente link: <a href=\"https:\/\/consbahiablanca.esteri.it\/es\/news\/dal_consolato\/2025\/03\/importante-modificaciones-en-la-normativa-sobre-la-ciudadania-ius-sanguinis\/\">https:\/\/consbahiablanca.esteri.it\/es\/news\/dal_consolato\/2025\/03\/importante-modificaciones-en-la-normativa-sobre-la-ciudadania-ius-sanguinis\/<\/a><\/strong><\/p>\n","protected":false},"excerpt":{"rendered":"Con respecto a las normas sobre el reconocimiento de la ciudadan\u00eda \u201ciure sanguinis\u201d, invitamos a los usuarios a visualizar lo comunicado en el siguiente link: https:\/\/consbahiablanca.esteri.it\/es\/news\/dal_consolato\/2025\/03\/importante-modificaciones-en-la-normativa-sobre-la-ciudadania-ius-sanguinis\/","protected":false},"author":3,"featured_media":0,"parent":224,"menu_order":1,"comment_status":"closed","ping_status":"closed","template":"","meta":{"footnotes":""},"class_list":["post-616","page","type-page","status-publish","hentry"],"_links":{"self":[{"href":"https:\/\/consbahiablanca.esteri.it\/es\/wp-json\/wp\/v2\/pages\/616","targetHints":{"allow":["GET"]}}],"collection":[{"href":"https:\/\/consbahiablanca.esteri.it\/es\/wp-json\/wp\/v2\/pages"}],"about":[{"href":"https:\/\/consbahiablanca.esteri.it\/es\/wp-json\/wp\/v2\/types\/page"}],"author":[{"embeddable":true,"href":"https:\/\/consbahiablanca.esteri.it\/es\/wp-json\/wp\/v2\/users\/3"}],"replies":[{"embeddable":true,"href":"https:\/\/consbahiablanca.esteri.it\/es\/wp-json\/wp\/v2\/comments?post=616"}],"version-history":[{"count":6,"href":"https:\/\/consbahiablanca.esteri.it\/es\/wp-json\/wp\/v2\/pages\/616\/revisions"}],"predecessor-version":[{"id":9065,"href":"https:\/\/consbahiablanca.esteri.it\/es\/wp-json\/wp\/v2\/pages\/616\/revisions\/9065"}],"up":[{"embeddable":true,"href":"https:\/\/consbahiablanca.esteri.it\/es\/wp-json\/wp\/v2\/pages\/224"}],"wp:attachment":[{"href":"https:\/\/consbahiablanca.esteri.it\/es\/wp-json\/wp\/v2\/media?parent=616"}],"curies":[{"name":"wp","href":"https:\/\/api.w.org\/{rel}","templated":true}]}}