{"id":630,"date":"2023-05-24T19:34:38","date_gmt":"2023-05-24T22:34:38","guid":{"rendered":"https:\/\/consbahiablanca.esteri.it\/?page_id=630"},"modified":"2025-06-30T14:43:24","modified_gmt":"2025-06-30T17:43:24","slug":"reconocimiento-bajo-leyes-especiales","status":"publish","type":"page","link":"https:\/\/consbahiablanca.esteri.it\/es\/servizi-consolari-e-visti\/servizi-per-il-cittadino-straniero\/cittadinanza\/reconocimiento-bajo-leyes-especiales\/","title":{"rendered":"Reconocimiento bajo leyes especiales"},"content":{"rendered":"<p data-start=\"68\" data-end=\"411\">La Ley del 14 de diciembre de 2000, n.\u00ba 379, prev\u00e9 el reconocimiento de la ciudadan\u00eda italiana a favor de las personas nacidas y residentes en los territorios del ex Imperio Austroh\u00fangaro y de sus descendientes que cumplan con los requisitos necesarios.<\/p>\n<p data-start=\"68\" data-end=\"411\">El plazo para acogerse a la Ley 379\/2000 venci\u00f3 el 19 de diciembre de 2010.<\/p>\n<p data-start=\"413\" data-end=\"630\">La Ley del 8 de marzo de 2006, n.\u00ba 124, prev\u00e9 el reconocimiento de la ciudadan\u00eda italiana a favor de los compatriotas que la perdieron por haber residido entre 1940 y 1947 en Istria, Fiume (Rijeka) y Dalmacia.<\/p>\n<p data-start=\"632\" data-end=\"1077\">El reconocimiento de la ciudadan\u00eda italiana con base en leyes especiales constituye una adquisici\u00f3n por beneficio de ley: por tanto, no es posible que el progenitor, ya reconocido como ciudadano, realice la declaraci\u00f3n de voluntad para la adquisici\u00f3n de la ciudadan\u00eda a favor del hijo menor, como prev\u00e9 el art\u00edculo 4, apartado 1-bis, de la Ley n.\u00ba 91\/1992, ya que el progenitor reconocido no es ciudadano italiano por nacimiento.<\/p>\n","protected":false},"excerpt":{"rendered":"La Ley del 14 de diciembre de 2000, n.\u00ba 379, prev\u00e9 el reconocimiento de la ciudadan\u00eda italiana a favor de las personas nacidas y residentes en los territorios del ex Imperio Austroh\u00fangaro y de sus descendientes que cumplan con los requisitos necesarios. El plazo para acogerse a la Ley 379\/2000 venci\u00f3 el 19 de diciembre [&hellip;]","protected":false},"author":3,"featured_media":0,"parent":224,"menu_order":15,"comment_status":"closed","ping_status":"closed","template":"","meta":{"footnotes":""},"class_list":["post-630","page","type-page","status-publish","hentry"],"_links":{"self":[{"href":"https:\/\/consbahiablanca.esteri.it\/es\/wp-json\/wp\/v2\/pages\/630","targetHints":{"allow":["GET"]}}],"collection":[{"href":"https:\/\/consbahiablanca.esteri.it\/es\/wp-json\/wp\/v2\/pages"}],"about":[{"href":"https:\/\/consbahiablanca.esteri.it\/es\/wp-json\/wp\/v2\/types\/page"}],"author":[{"embeddable":true,"href":"https:\/\/consbahiablanca.esteri.it\/es\/wp-json\/wp\/v2\/users\/3"}],"replies":[{"embeddable":true,"href":"https:\/\/consbahiablanca.esteri.it\/es\/wp-json\/wp\/v2\/comments?post=630"}],"version-history":[{"count":6,"href":"https:\/\/consbahiablanca.esteri.it\/es\/wp-json\/wp\/v2\/pages\/630\/revisions"}],"predecessor-version":[{"id":10289,"href":"https:\/\/consbahiablanca.esteri.it\/es\/wp-json\/wp\/v2\/pages\/630\/revisions\/10289"}],"up":[{"embeddable":true,"href":"https:\/\/consbahiablanca.esteri.it\/es\/wp-json\/wp\/v2\/pages\/224"}],"wp:attachment":[{"href":"https:\/\/consbahiablanca.esteri.it\/es\/wp-json\/wp\/v2\/media?parent=630"}],"curies":[{"name":"wp","href":"https:\/\/api.w.org\/{rel}","templated":true}]}}