{"id":633,"date":"2023-05-24T19:35:30","date_gmt":"2023-05-24T22:35:30","guid":{"rendered":"https:\/\/consbahiablanca.esteri.it\/?page_id=633"},"modified":"2025-07-25T16:02:08","modified_gmt":"2025-07-25T19:02:08","slug":"readquisicion-de-la-ciudadania","status":"publish","type":"page","link":"https:\/\/consbahiablanca.esteri.it\/es\/servizi-consolari-e-visti\/servizi-per-il-cittadino-straniero\/cittadinanza\/readquisicion-de-la-ciudadania\/","title":{"rendered":"Re-Adquisici\u00f3n de la ciudadan\u00eda \u2013 Art. 17 de la Ley n.\u00ba 91 de 1992, como modificado seg\u00fan el art. 1-ter, apartado 1, letra b), Decreto Ley n. 36\/2025"},"content":{"rendered":"<p><strong>La Ley n.\u00ba 74 del 23 de mayo de 2025<\/strong>\u00a0ha reabierto los plazos para la\u00a0<strong>readquisici\u00f3n de la ciudadan\u00eda italiana<\/strong>\u00a0a favor de\u00a0<strong>ex ciudadanos nacidos en Italia<\/strong>\u00a0o que\u00a0<strong>hayan residido en Italia por al menos dos a\u00f1os continuos<\/strong>, y que hayan\u00a0<strong>perdido la ciudadan\u00eda italiana no m\u00e1s all\u00e1 del 15 de agosto de 1992<\/strong>\u00a0en aplicaci\u00f3n del\u00a0<strong>art\u00edculo 8, n\u00fameros 1 y 2, o del art\u00edculo 12 de la Ley n.\u00ba 555 de 1912<\/strong>\u00a0(por naturalizaci\u00f3n en un pa\u00eds extranjero, renuncia a la ciudadan\u00eda tras la adquisici\u00f3n involuntaria de una ciudadan\u00eda extranjera, o por ser hijos menores convivientes de un progenitor que perdi\u00f3 la ciudadan\u00eda).<\/p>\n<p><strong>La posibilidad de readquisici\u00f3n no se aplica<\/strong>\u00a0a quienes hayan renunciado a la ciudadan\u00eda italiana (o la hayan perdido por otra causa)\u00a0<strong>a partir del 16 de agosto de 1992<\/strong>.<\/p>\n<p>Las declaraciones de readquisici\u00f3n podr\u00e1n presentarse entre el <strong>1 de julio de 2025 y el 31 de diciembre de 2027<\/strong>.<\/p>\n<p>De acuerdo con el\u00a0<strong>art\u00edculo 15 de la Ley n.\u00ba 91\/1992<\/strong>, el interesado\u00a0<strong>no adquiere nuevamente la ciudadan\u00eda desde la fecha de nacimiento<\/strong>, sino\u00a0<strong>a partir del d\u00eda siguiente a la presentaci\u00f3n de la declaraci\u00f3n<\/strong>.<\/p>\n<p><strong>Turnos<\/strong><\/p>\n<p>Para presentar la declaraci\u00f3n de readquisici\u00f3n de la ciudadan\u00eda es necesario:<\/p>\n<ol>\n<li>Obtener un turno virtual a trav\u00e9s del portal\u00a0<a href=\"https:\/\/prenotami.esteri.it\/\"><strong>Prenot@mi<\/strong><\/a>, seleccionando la opci\u00f3n \u201cReadquisici\u00f3n ex art. 17, Ley n. 91\/1992\u201d;<\/li>\n<li>Cargar en el sistema toda la documentaci\u00f3n indicada m\u00e1s abajo;<\/li>\n<li>Esperar el correo de convocatoria para firmar personalmente la declaraci\u00f3n en el Consulado General ante el Funcionario delegado y entregar la documentaci\u00f3n original completa.<\/li>\n<\/ol>\n<p>La persona interesada en adquirir nuevamente ciudadan\u00eda deber\u00e1 presentar:<\/p>\n<ol>\n<li>Documento de identidad v\u00e1lido emitido por la autoridad del pa\u00eds de ciudadan\u00eda actual;<\/li>\n<li>Acta de nacimiento:\n<ol>\n<li>en original, firmada y sellada por el Oficial del Registro Civil;<\/li>\n<li>apostillada si fue emitida en un pa\u00eds distinto de Italia o Argentina;<\/li>\n<li>traducida al italiano (la traducci\u00f3n debe realizarse en el Pa\u00eds donde se emiti\u00f3 el acta y legalizarse con el sello \u201cApostilla\u00bb previsto por la Convenci\u00f3n de la Haya del 5.10.1961 si no se hizo en Argentina);<\/li>\n<\/ol>\n<\/li>\n<\/ol>\n<p><strong>ESPECIFICACIONES DE LAS ACTAS ARGENTINAS <\/strong><\/p>\n<ol>\n<li>Actas emitidas digitalmente por la <strong>CIUDAD DE BUENOS AIRES<\/strong> y por las provincias de <strong>BUENOS AIRES, SANTA FE Y CORRIENTES<\/strong> con firma manuscrita o digital (tanto el acta como la firma digital deben ser emitidas por la Oficina del Registro Civil local), <strong>traducidas al italiano<\/strong>.<\/li>\n<li>Actas emitidas digitalmente por las provincias de <strong>MENDOZA,<\/strong> <strong>LA PAMPA, RIO NEGRO, NEUQU\u00c9N, CHUBUT, SANTA CRUZ Y TIERRA DEL FUEGO<\/strong> con firma digital (tanto el acta como la firma digital deben ser emitidas por la Oficina del Registro Civil local), deber\u00e1n presentarse con <strong>Apostilla digital emitida por el \u201cMinisterio de Relaciones Exteriores y Culto\u201d<\/strong> y traducci\u00f3n al italiano.<\/li>\n<\/ol>\n<p>4. Para los nacidos en el extranjero, <strong>certificado hist\u00f3rico de residencia <\/strong>emitido por el municipio italiano competente;<\/p>\n<p>5. <strong>Certificado hist\u00f3rico de ciudadan\u00eda<\/strong>;<\/p>\n<p>6. Documentaci\u00f3n que demuestre la causa y la fecha de la p\u00e9rdida de la ciudadan\u00eda (deber\u00e1 demostrarse la adquisici\u00f3n de la ciudadan\u00eda extranjera y, en los casos previstos, la renuncia a la italiana)<\/p>\n<p>En particular, el <strong>certificado de naturalizaci\u00f3n<\/strong> debe ser emitido por la autoridad competente (en Argentina, la \u201cC\u00e1mara Nacional Electoral\u201d).<\/p>\n<p>Si fue emitido en un Pa\u00eds distinto de Argentina, debe estar apostillado y traducido al italiano (la traducci\u00f3n debe realizarse en el pa\u00eds de emisi\u00f3n y legalizarse debidamente con el sello \u201cApostilla\u00bb previsto por la Convenci\u00f3n de la Haya del 5.10.1961).<\/p>\n<p><strong>Pago<\/strong><\/p>\n<p>Se recuerda que para la tramitaci\u00f3n de la solicitud de readquisici\u00f3n de la ciudadan\u00eda italiana se deben abonar derechos consulares por un importe de \u20ac250 (ART. 07C), a pagar en pesos argentinos al tipo de cambio consular oficial en la oficina consular y exclusivamente mediante transferencia bancaria.<\/p>\n<p>Este importe se exige por la tramitaci\u00f3n del expediente, independientemente del resultado. En caso de no reconocimiento, no se reembolsar\u00e1 el importe pagado.<\/p>\n<p>En el siguiente enlace podr\u00e1 consultar las tarifas consulares actualizadas y los datos bancarios del consulado &gt;&gt;&gt; <a href=\"https:\/\/consbahiablanca.esteri.it\/es\/servizi-consolari-e-visti\/servizi-per-il-cittadino-italiano\/tarifas-consulares\/\">https:\/\/consbahiablanca.esteri.it\/es\/servizi-consolari-e-visti\/servizi-per-il-cittadino-italiano\/tarifas-consulares\/<\/a><\/p>\n<p>La declaraci\u00f3n debe ser realizada\u00a0<strong>personalmente por el interesado<\/strong>.<\/p>\n","protected":false},"excerpt":{"rendered":"La Ley n.\u00ba 74 del 23 de mayo de 2025\u00a0ha reabierto los plazos para la\u00a0readquisici\u00f3n de la ciudadan\u00eda italiana\u00a0a favor de\u00a0ex ciudadanos nacidos en Italia\u00a0o que\u00a0hayan residido en Italia por al menos dos a\u00f1os continuos, y que hayan\u00a0perdido la ciudadan\u00eda italiana no m\u00e1s all\u00e1 del 15 de agosto de 1992\u00a0en aplicaci\u00f3n del\u00a0art\u00edculo 8, n\u00fameros 1 [&hellip;]","protected":false},"author":3,"featured_media":0,"parent":224,"menu_order":5,"comment_status":"closed","ping_status":"closed","template":"","meta":{"footnotes":""},"class_list":["post-633","page","type-page","status-publish","hentry"],"_links":{"self":[{"href":"https:\/\/consbahiablanca.esteri.it\/es\/wp-json\/wp\/v2\/pages\/633","targetHints":{"allow":["GET"]}}],"collection":[{"href":"https:\/\/consbahiablanca.esteri.it\/es\/wp-json\/wp\/v2\/pages"}],"about":[{"href":"https:\/\/consbahiablanca.esteri.it\/es\/wp-json\/wp\/v2\/types\/page"}],"author":[{"embeddable":true,"href":"https:\/\/consbahiablanca.esteri.it\/es\/wp-json\/wp\/v2\/users\/3"}],"replies":[{"embeddable":true,"href":"https:\/\/consbahiablanca.esteri.it\/es\/wp-json\/wp\/v2\/comments?post=633"}],"version-history":[{"count":6,"href":"https:\/\/consbahiablanca.esteri.it\/es\/wp-json\/wp\/v2\/pages\/633\/revisions"}],"predecessor-version":[{"id":10623,"href":"https:\/\/consbahiablanca.esteri.it\/es\/wp-json\/wp\/v2\/pages\/633\/revisions\/10623"}],"up":[{"embeddable":true,"href":"https:\/\/consbahiablanca.esteri.it\/es\/wp-json\/wp\/v2\/pages\/224"}],"wp:attachment":[{"href":"https:\/\/consbahiablanca.esteri.it\/es\/wp-json\/wp\/v2\/media?parent=633"}],"curies":[{"name":"wp","href":"https:\/\/api.w.org\/{rel}","templated":true}]}}