{"id":636,"date":"2023-05-24T19:36:27","date_gmt":"2023-05-24T22:36:27","guid":{"rendered":"https:\/\/consbahiablanca.esteri.it\/?page_id=636"},"modified":"2025-06-30T14:57:32","modified_gmt":"2025-06-30T17:57:32","slug":"certificato-di-non-rinuncia","status":"publish","type":"page","link":"https:\/\/consbahiablanca.esteri.it\/es\/servizi-consolari-e-visti\/servizi-per-il-cittadino-straniero\/cittadinanza\/certificato-di-non-rinuncia\/","title":{"rendered":"Certificato di \u201cnon rinuncia\u201d"},"content":{"rendered":"<p data-start=\"61\" data-end=\"541\">Si la persona interesada ha decidido establecer su residencia en Italia, las autoridades del municipio italiano son responsables del reconocimiento de la ciudadan\u00eda italiana.<br data-start=\"243\" data-end=\"246\" \/>Una vez registrada en el padr\u00f3n de residentes, la persona extranjera puede iniciar el procedimiento de reconocimiento de la ciudadan\u00eda <em data-start=\"383\" data-end=\"399\">iure sanguinis<\/em> (cuya duraci\u00f3n est\u00e1 establecida por la ley: 180 d\u00edas en total), presentando la documentaci\u00f3n indicada en la Circular K.28.1\/1991.<\/p>\n<p data-start=\"543\" data-end=\"712\">No es posible que el\/la interesado\/a se valga de un representante legal ni de otra persona en su lugar; debe estar presente personalmente en territorio italiano.<\/p>\n<p data-start=\"714\" data-end=\"1121\">La solicitud de emisi\u00f3n del Certificado de \u201cNo Renuncia\u201d o \u201cInexistencia de Renuncia\u201d es realizada directamente por el municipio italiano al consulado, exclusivamente por medio de PEC (correo electr\u00f3nico certificado) a la direcci\u00f3n <a class=\"focus--mouse\" href=\"mailto:citt.bahiablanca@cert.esteri.it\" data-focus-mouse=\"true\">citt.bahiablanca@cert.esteri.it<\/a><\/p>\n<p data-start=\"714\" data-end=\"1121\">La respuesta del consulado al municipio (no al interesado\/a) tambi\u00e9n se realiza \u00fanicamente a trav\u00e9s de PEC, siempre que la solicitud haya sido correctamente formulada.<\/p>\n<p data-start=\"1123\" data-end=\"1400\">Las personas interesadas no pueden contactar directamente con la oficina consular respecto a tr\u00e1mites llevados a cabo por municipios u otros consulados, ya que no se tiene conocimiento del desarrollo de esos procedimientos m\u00e1s all\u00e1 del \u00e1mbito de responsabilidad propio.<\/p>\n","protected":false},"excerpt":{"rendered":"Si la persona interesada ha decidido establecer su residencia en Italia, las autoridades del municipio italiano son responsables del reconocimiento de la ciudadan\u00eda italiana.Una vez registrada en el padr\u00f3n de residentes, la persona extranjera puede iniciar el procedimiento de reconocimiento de la ciudadan\u00eda iure sanguinis (cuya duraci\u00f3n est\u00e1 establecida por la ley: 180 d\u00edas en [&hellip;]","protected":false},"author":3,"featured_media":0,"parent":224,"menu_order":25,"comment_status":"closed","ping_status":"closed","template":"","meta":{"footnotes":""},"class_list":["post-636","page","type-page","status-publish","hentry"],"_links":{"self":[{"href":"https:\/\/consbahiablanca.esteri.it\/es\/wp-json\/wp\/v2\/pages\/636","targetHints":{"allow":["GET"]}}],"collection":[{"href":"https:\/\/consbahiablanca.esteri.it\/es\/wp-json\/wp\/v2\/pages"}],"about":[{"href":"https:\/\/consbahiablanca.esteri.it\/es\/wp-json\/wp\/v2\/types\/page"}],"author":[{"embeddable":true,"href":"https:\/\/consbahiablanca.esteri.it\/es\/wp-json\/wp\/v2\/users\/3"}],"replies":[{"embeddable":true,"href":"https:\/\/consbahiablanca.esteri.it\/es\/wp-json\/wp\/v2\/comments?post=636"}],"version-history":[{"count":6,"href":"https:\/\/consbahiablanca.esteri.it\/es\/wp-json\/wp\/v2\/pages\/636\/revisions"}],"predecessor-version":[{"id":10293,"href":"https:\/\/consbahiablanca.esteri.it\/es\/wp-json\/wp\/v2\/pages\/636\/revisions\/10293"}],"up":[{"embeddable":true,"href":"https:\/\/consbahiablanca.esteri.it\/es\/wp-json\/wp\/v2\/pages\/224"}],"wp:attachment":[{"href":"https:\/\/consbahiablanca.esteri.it\/es\/wp-json\/wp\/v2\/media?parent=636"}],"curies":[{"name":"wp","href":"https:\/\/api.w.org\/{rel}","templated":true}]}}