{"id":828,"date":"2023-05-24T20:39:17","date_gmt":"2023-05-24T23:39:17","guid":{"rendered":"https:\/\/consbahiablanca.esteri.it\/servizi-consolari-e-visti\/servizi-per-il-cittadino-italiano\/servizi-elettorali\/elezioni-europee\/"},"modified":"2024-09-17T11:16:34","modified_gmt":"2024-09-17T14:16:34","slug":"elezioni-europee","status":"publish","type":"page","link":"https:\/\/consbahiablanca.esteri.it\/es\/servizi-consolari-e-visti\/servizi-per-il-cittadino-italiano\/servizi-elettorali\/elezioni-europee\/","title":{"rendered":"Elecciones Europeas"},"content":{"rendered":"<p>La Ley 459\/2001 sobre el ejercicio del derecho de voto en el extranjero no se aplica a las elecciones europeas, que est\u00e1n reguladas por la Ley n\u00ba 18, del 24 de enero de 1979, y modificaciones posteriores.<\/p>\n<p>Por lo tanto, el sistema de voto por correo no se aplica a las elecciones europeas: los electores italianos elegibles y residentes permanentemente en los pa\u00edses de la Uni\u00f3n Europea pueden, de hecho, acudir a los colegios electorales espec\u00edficos establecidos localmente por nuestra red diplom\u00e1tico-consular.<\/p>\n<p>Los electores italianos residentes en el extranjero tambi\u00e9n pueden optar, dentro de los plazos establecidos por la ley, por votar a favor de los candidatos de su pa\u00eds de residencia; tambi\u00e9n pueden regresar a Italia aprovechando los beneficios en las tarifas de viaje y votar en su municipio de residencia.<\/p>\n","protected":false},"excerpt":{"rendered":"La Ley 459\/2001 sobre el ejercicio del derecho de voto en el extranjero no se aplica a las elecciones europeas, que est\u00e1n reguladas por la Ley n\u00ba 18, del 24 de enero de 1979, y modificaciones posteriores. Por lo tanto, el sistema de voto por correo no se aplica a las elecciones europeas: los electores [&hellip;]","protected":false},"author":3,"featured_media":0,"parent":216,"menu_order":10,"comment_status":"closed","ping_status":"closed","template":"","meta":{"footnotes":""},"class_list":["post-828","page","type-page","status-publish","hentry"],"_links":{"self":[{"href":"https:\/\/consbahiablanca.esteri.it\/es\/wp-json\/wp\/v2\/pages\/828","targetHints":{"allow":["GET"]}}],"collection":[{"href":"https:\/\/consbahiablanca.esteri.it\/es\/wp-json\/wp\/v2\/pages"}],"about":[{"href":"https:\/\/consbahiablanca.esteri.it\/es\/wp-json\/wp\/v2\/types\/page"}],"author":[{"embeddable":true,"href":"https:\/\/consbahiablanca.esteri.it\/es\/wp-json\/wp\/v2\/users\/3"}],"replies":[{"embeddable":true,"href":"https:\/\/consbahiablanca.esteri.it\/es\/wp-json\/wp\/v2\/comments?post=828"}],"version-history":[{"count":2,"href":"https:\/\/consbahiablanca.esteri.it\/es\/wp-json\/wp\/v2\/pages\/828\/revisions"}],"predecessor-version":[{"id":5133,"href":"https:\/\/consbahiablanca.esteri.it\/es\/wp-json\/wp\/v2\/pages\/828\/revisions\/5133"}],"up":[{"embeddable":true,"href":"https:\/\/consbahiablanca.esteri.it\/es\/wp-json\/wp\/v2\/pages\/216"}],"wp:attachment":[{"href":"https:\/\/consbahiablanca.esteri.it\/es\/wp-json\/wp\/v2\/media?parent=828"}],"curies":[{"name":"wp","href":"https:\/\/api.w.org\/{rel}","templated":true}]}}