{"id":859,"date":"2023-05-24T20:38:49","date_gmt":"2023-05-24T23:38:49","guid":{"rendered":"https:\/\/consbahiablanca.esteri.it\/servizi-consolari-e-visti\/servizi-per-il-cittadino-italiano\/servizi-elettorali\/referendum\/"},"modified":"2026-01-16T09:07:37","modified_gmt":"2026-01-16T12:07:37","slug":"referendum","status":"publish","type":"page","link":"https:\/\/consbahiablanca.esteri.it\/es\/servizi-consolari-e-visti\/servizi-per-il-cittadino-italiano\/servizi-elettorali\/referendum\/","title":{"rendered":"Referendum abrogativi 2025"},"content":{"rendered":"<p style=\"text-align: center;\"><strong>REFER\u00c9NDUMS DEROGATORIOS DEL 08-09\/06\/2025<\/strong><strong>\u00a0<\/strong><\/p>\n<p>Si no has recibido el sobre electoral, podr\u00e1s solicitar un duplicado a partir del 25 de mayo de 2025. <a href=\"https:\/\/consbahiablanca.esteri.it\/es\/news\/dal_consolato\/2025\/05\/referendums-abrogativos-2025-emision-de-duplicados\/\">Haga clic aqu\u00ed<\/a> para saber c\u00f3mo hacerlo.<\/p>\n<p><a class=\"\" href=\"https:\/\/consbahiablanca.esteri.it\/wp-content\/uploads\/2025\/05\/spagnolo-foglio-informativo-referendum-completo.pdf\" data-focus-mouse=\"false\">Haga clic aqu\u00ed <\/a>para descargar las instrucciones para votar.<\/p>\n<p style=\"text-align: center;\"><strong>\u00bfPor qu\u00e9 se vota?<\/strong><\/p>\n<p>Con los Decretos del Presidente de la Rep\u00fablica del 31\/03\/2025, publicados en la <em>Gazzetta Ufficiale<\/em>, Serie General, n. 75, del 31\/03\/2025, se han convocado 5 referendums derogatorios para:<\/p>\n<ol>\n<li><strong>Ciudadan\u00eda italiana<\/strong>: Reducci\u00f3n de 10 a 5 a\u00f1os del tiempo de residencia legal en Italia de los extranjeros mayores de edad no comunitarios para solicitar la concesi\u00f3n de la ciudadan\u00eda italiana.<\/li>\n<li><strong>Contrato de trabajo con tutela creciente &#8211; R\u00e9gimen de despidos ilegales<\/strong>: Abrogaci\u00f3n.<\/li>\n<li><strong>Peque\u00f1as empresas &#8211; despidos y la indemnizaci\u00f3n correspondiente<\/strong>: Abrogaci\u00f3n parcial.<\/li>\n<li><strong>Abrogaci\u00f3n parcial de normas relativas a la imposici\u00f3n de un t\u00e9rmino al contrato de trabajo subordinado, duraci\u00f3n m\u00e1xima y condiciones para pr\u00f3rrogas y renovaciones<\/strong>.<\/li>\n<li><strong>Exclusi\u00f3n de la responsabilidad solidaria del cliente, del contratista y del subcontratista por accidentes sufridos por el trabajador empleado en la empresa contratista o subcontratista, como consecuencia de los riesgos espec\u00edficos propios de la actividad de las empresas contratistas o subcontratistas<\/strong>: Abrogaci\u00f3n.<\/li>\n<\/ol>\n<p style=\"text-align: center;\"><strong>\u00bfQui\u00e9n puede votar en el extranjero?<\/strong><\/p>\n<ul>\n<li>Los votantes inscritos en el AIRE (Registro de Italianos Residentes en el Extranjero), que reciben directamente el sobre electoral en su direcci\u00f3n de residencia en el extranjero;<\/li>\n<li>Los italianos temporalmente en el extranjero por al menos tres meses, exclusivamente POR MOTIVOS DE TRABAJO, ESTUDIO O TRATAMIENTO M\u00c9DICO, y los familiares que convivan con ellos en el extranjero.<\/li>\n<\/ul>\n<p><strong>ATENCI\u00d3N<\/strong>: El votante temporalmente en el extranjero debe presentar una solicitud especial al Municipio italiano de residencia <strong>ANTES DEL 7 DE MAYO<\/strong> para recibir el sobre electoral.<\/p>\n<p style=\"text-align: center;\"><strong>\u00bfCu\u00e1ndo se vota?<\/strong><\/p>\n<ul>\n<li>En Italia, se vota el domingo 8 y lunes 9 de junio de 2025.<\/li>\n<li>Los votantes en el extranjero votan anticipadamente, por correo. Los sobres ser\u00e1n enviados a la direcci\u00f3n de residencia antes del 21 DE MAYO.<\/li>\n<\/ul>\n<p><strong>ATENCI\u00d3N<\/strong>: Los votantes que <strong>NO HAYAN RECIBIDO el sobre<\/strong> electoral ANTES DEL 25 DE MAYO podr\u00e1n contactar con su oficina consular para obtener un <strong>DUPLICADO.<\/strong><\/p>\n<p style=\"text-align: center;\"><strong>\u00bfC\u00f3mo se vota?<\/strong><\/p>\n<p>El voto se realiza por correo. Las papeletas deben ser reenviadas al consulado siguiendo cuidadosamente las instrucciones del folleto informativo incluido en el sobre electoral y utilizando exclusivamente el material proporcionado con el mismo. Solo se enviar\u00e1n a Italia para el escrutinio las papeletas votadas que sean recibidas en la oficina consular correspondiente <strong>ANTES Y NO M\u00c1S TARDE de las 16:00 horas locales del jueves 5 DE JUNIO.<\/strong><\/p>\n<p>&nbsp;<\/p>\n<p style=\"text-align: center;\"><strong>REFER\u00c9NDUMS DEROGATORIOS DEL 08-09\/06\/2025<\/strong><strong>\u00a0<\/strong><\/p>\n<p style=\"text-align: center;\"><strong>VOTO POR CORREO DE LOS CIUDADANOS ITALIANOS RESIDENTES EN EL EXTERIOR Y OPCI\u00d3N PARA EL VOTO EN ITALIA<\/strong><\/p>\n<p>Con decretos del Presidente de la Rep\u00fablica del 31\/03\/2025, publicados en la \u201cGazzetta Ufficiale\u201d del 31\/03\/2025, se fij\u00f3 la fecha de los refer\u00e9ndums derogatorios ex art. 75 de la Constituci\u00f3n para los d\u00edas 8 y 9 de junio de 2025.<\/p>\n<p>Se recuerda que <strong>el VOTO es un DERECHO <\/strong>tutelado por la Constituci\u00f3n Italiana y que, en base a la Ley n. 459 del 27 diciembre 2001, los ciudadanos italianos residentes en el exterior inscriptos en el padr\u00f3n electoral, pueden <strong>VOTAR POR CORREO<\/strong>, recibiendo el pliego electoral a su domicilio de residencia. Con este prop\u00f3sito, se recomienda controlar y regularizar la propia inscripci\u00f3n en los registros de la Oficina consular competente, recurriendo preferiblemente al portal online de los servicios consulares <a href=\"https:\/\/serviziconsolari.esteri.it\/ScoFE\/index.sco\"><strong>Fast It<\/strong><\/a><strong><u>.<\/u><\/strong><\/p>\n<p><strong>En alternativa al voto por correo, los electores inscriptos en el AIRE pueden ELEGIR VOTAR EN ITALIA EN LA COMUNA DE INSCRIPCI\u00d3N ELECTORAL, <u>comunicando por escrito la propia elecci\u00f3n (OPCI\u00d3N) al Consulado dentro del plazo de 10 d\u00edas desde la convocatoria a las elecciones.<\/u> <\/strong>Los electores que eligen votar en Italia en ocasi\u00f3n del pr\u00f3ximo refer\u00e9ndum recibir\u00e1n por parte de las respectivas Comunas italianas las postales-aviso para votar en las mesas electorales en Italia. La elecci\u00f3n (opci\u00f3n) de votar en Italia vale solo para el refer\u00e9ndum con respecto al cual la misma ha sido expresada.<\/p>\n<p>Se reitera que, de todos modos, <strong>la opci\u00f3n DEBE LLEGAR a la Oficina consular DENTRO DEL PLAZO DE LOS DIEZ D\u00cdAS DESDE LAS CONVOCATORIAS A LAS VOTACIONES, ES DECIR HASTA EL 10\/04\/2025. <\/strong>Dicha comunicaci\u00f3n puede ser presentada en carta simple y \u2013 para tener validez \u2013 debe contener nombre, apellido, fecha y lugar de nacimiento, lugar de residencia y <strong>firma<\/strong> del votante, acompa\u00f1ada por una copia del documento de identidad del declarante.<\/p>\n<p>Para dicha comunicaci\u00f3n se puede usar tambi\u00e9n el formulario correspondiente descargable desde la p\u00e1gina web del Ministerio de Asuntos Exteriores y de la Cooperaci\u00f3n Internacional (<a href=\"http:\/\/www.esteri.it\">www.esteri.it<\/a>) o desde la p\u00e1gina web de la propia Oficina consular de referencia (haga\u00a0<a href=\"https:\/\/consbahiablanca.esteri.it\/wp-content\/uploads\/2025\/04\/SPA-Modulo_di_opzione_Referendum_2025.doc\">click ac\u00e1<\/a> para descargarlo).<\/p>\n<p>El formulario, debidamente completado, firmado y acompa\u00f1ado por un documento de identidad, puede ser entregado\/enviado:<\/p>\n<ul>\n<li>Personalmente: ante el Consulado General de Italia en Bahia Blanca, Av. Alem 309 B8000FTR \u2013 Bah\u00eda Blanca de lunes a viernes de 9.00 h a 15.00 h;<\/li>\n<li>Por correo electr\u00f3nico: bahiablanca.elezioni@esteri.it<\/li>\n<\/ul>\n<p>Como prestablecido por la normativa vigente, <u>ser\u00e1 responsabilidad de los electores verificar que la comunicaci\u00f3n de opci\u00f3n enviada por correo haya sido recibida dentro del plazo \u00fatil por la Oficina consular correspondiente.<\/u> Las solicitudes recibidas posteriormente a la fecha l\u00edmite indicada NO se podr\u00e1n considerar como v\u00e1lidas.<\/p>\n<p>La elecci\u00f3n de votar en Italia puede ser sucesivamente <strong>REVOCADA <\/strong>con una comunicaci\u00f3n escrita que deber\u00e1 ser enviada o entregada a la Oficina consular con las mismas modalidades y <u>dentro del plazo establecido para el ejercicio de la opci\u00f3n.<\/u><\/p>\n<p>Si se elige votar en Italia, la Ley <strong>NO<\/strong> prev\u00e9 ning\u00fan tipo de devoluci\u00f3n por los gastos del viaje, pero s\u00ed facilitaciones arancelarias dentro del territorio italiano.<\/p>\n<p><strong>EL CONSULADO GENERAL DE ITALIA EN BAHIA BLANCA EST\u00c1 A DISPOSICI\u00d3N PARA ULTERIORES ACLARACIONES.<\/strong><\/p>\n<p>&nbsp;<\/p>\n<p>&nbsp;<\/p>\n<p>De conformidad con la Ley 459\/2001 y el Reglamento de aplicaci\u00f3n del Decreto Presidencial 104\/2003, los ciudadanos italianos residentes en el extranjero y registrados en la AIRE votan en la circunscripci\u00f3n Exterior para las elecciones de la C\u00e1mara de Diputados y del Senado de la Rep\u00fablica y para los referendos mencionados en los art\u00edculos 75 y 138 de la Constituci\u00f3n.<\/p>\n<p>&nbsp;<\/p>\n<p>Dentro de la <strong>Circunscripci\u00f3n Exterior<\/strong> se han identificado las siguientes cuatro divisiones:<\/p>\n<ul>\n<li>Europa, incluidos los territorios asi\u00e1ticos de la Federaci\u00f3n Rusa y Turqu\u00eda;<\/li>\n<li>Sudam\u00e9rica;<\/li>\n<li>Am\u00e9rica del Norte y Central;<\/li>\n<li>\u00c1frica, Asia, Ocean\u00eda y Ant\u00e1rtida.<\/li>\n<\/ul>\n<p>El n\u00famero total de parlamentarios elegidos en la circunscripci\u00f3n exterior es actualmente de 12 (8 diputados y 4 senadores).<\/p>\n<p>&nbsp;<\/p>\n<p><strong>CATEGOR\u00cdAS DE VOTANTES<\/strong><\/p>\n<ul>\n<li>Votan en el extranjero, <strong>los ciudadanos italianos residentes en el extranjero, inscriptos en AIRE y en las listas electorales<\/strong>, que hayan cumplido los 18 a\u00f1os de edad.<\/li>\n<li>Pueden votar por correspondencia en la Circunscripci\u00f3n Exterior, <strong>los ciudadanos italianos que, por motivos de trabajo, estudio o tratamiento m\u00e9dico, se encuentren TEMPORALMENTE durante un per\u00edodo de al menos tres meses en la fecha de realizaci\u00f3n de la misma consulta electoral<\/strong>, en un pa\u00eds extranjero en el que no est\u00e9n registrados como residentes de conformidad con la ley del 27 de octubre de 1988, n. 470. Los familiares que convivan con los compatriotas antes mencionados pueden votar mediante la misma modalidad. La opci\u00f3n firmada por el elector y acompa\u00f1ada de una copia de un documento de identidad v\u00e1lido debe llegar al municipio de registro electoral (NO a las oficinas consulares) antes del trig\u00e9simo segundo d\u00eda antes de la fecha de la consulta electoral en Italia. La solicitud puede ser revocada dentro del mismo plazo y es v\u00e1lida para una sola consulta.<\/li>\n<\/ul>\n<p>&nbsp;<\/p>\n<p>Para m\u00e1s informaci\u00f3n, <a href=\"https:\/\/www.esteri.it\/it\/servizi-consolari-e-visti\/italiani-all-estero\/votoestero\/elezionipolitiche\/\">haga clic aqu\u00ed<\/a><\/p>\n","protected":false},"excerpt":{"rendered":"REFER\u00c9NDUMS DEROGATORIOS DEL 08-09\/06\/2025\u00a0 Si no has recibido el sobre electoral, podr\u00e1s solicitar un duplicado a partir del 25 de mayo de 2025. Haga clic aqu\u00ed para saber c\u00f3mo hacerlo. Haga clic aqu\u00ed para descargar las instrucciones para votar. \u00bfPor qu\u00e9 se vota? Con los Decretos del Presidente de la Rep\u00fablica del 31\/03\/2025, publicados en [&hellip;]","protected":false},"author":3,"featured_media":0,"parent":216,"menu_order":5,"comment_status":"closed","ping_status":"closed","template":"","meta":{"footnotes":""},"class_list":["post-859","page","type-page","status-publish","hentry"],"_links":{"self":[{"href":"https:\/\/consbahiablanca.esteri.it\/es\/wp-json\/wp\/v2\/pages\/859","targetHints":{"allow":["GET"]}}],"collection":[{"href":"https:\/\/consbahiablanca.esteri.it\/es\/wp-json\/wp\/v2\/pages"}],"about":[{"href":"https:\/\/consbahiablanca.esteri.it\/es\/wp-json\/wp\/v2\/types\/page"}],"author":[{"embeddable":true,"href":"https:\/\/consbahiablanca.esteri.it\/es\/wp-json\/wp\/v2\/users\/3"}],"replies":[{"embeddable":true,"href":"https:\/\/consbahiablanca.esteri.it\/es\/wp-json\/wp\/v2\/comments?post=859"}],"version-history":[{"count":6,"href":"https:\/\/consbahiablanca.esteri.it\/es\/wp-json\/wp\/v2\/pages\/859\/revisions"}],"predecessor-version":[{"id":12760,"href":"https:\/\/consbahiablanca.esteri.it\/es\/wp-json\/wp\/v2\/pages\/859\/revisions\/12760"}],"up":[{"embeddable":true,"href":"https:\/\/consbahiablanca.esteri.it\/es\/wp-json\/wp\/v2\/pages\/216"}],"wp:attachment":[{"href":"https:\/\/consbahiablanca.esteri.it\/es\/wp-json\/wp\/v2\/media?parent=859"}],"curies":[{"name":"wp","href":"https:\/\/api.w.org\/{rel}","templated":true}]}}