{"id":862,"date":"2023-05-24T20:40:00","date_gmt":"2023-05-24T23:40:00","guid":{"rendered":"https:\/\/consbahiablanca.esteri.it\/servizi-consolari-e-visti\/servizi-per-il-cittadino-italiano\/servizi-elettorali\/elezioni-comites\/"},"modified":"2024-09-17T11:15:32","modified_gmt":"2024-09-17T14:15:32","slug":"elezioni-comites","status":"publish","type":"page","link":"https:\/\/consbahiablanca.esteri.it\/es\/servizi-consolari-e-visti\/servizi-per-il-cittadino-italiano\/servizi-elettorali\/elezioni-comites\/","title":{"rendered":"Elecciones Com.It.Es"},"content":{"rendered":"<div class=\"entry-content\">\n<p>Creados en 1985, los COM.IT.ES. son \u00f3rganos representativos de la comunidad italiana, elegidos directamente por los compatriotas residentes en el extranjero en cada circunscripci\u00f3n consular donde est\u00e9n inscritos al menos tres mil compatriotas en la lista actualizada a que se refiere el art. 5, apartado 1, de la Ley 459\/2001.<\/p>\n<p>En los distritos donde residen menos de tres mil ciudadanos italianos, los COM.IT.ES. pueden ser nombrados por la autoridad diplom\u00e1tico-consular.<\/p>\n<p>Los COM.IT.ES. est\u00e1n compuestos por 12 o 18 miembros, seg\u00fan sean elegidos en circunscripciones consulares con un n\u00famero inferior o superior a 100.000 compatriotas residentes, tal como aparece en la lista actualizada de ciudadanos italianos residentes en el extranjero.<\/p>\n<p>Adem\u00e1s de los miembros electos de ciudadan\u00eda italiana, los ciudadanos extranjeros de origen italiano pueden formar parte del COM.IT.ES. por cooptaci\u00f3n, en una cantidad que no exceda de un tercio de los miembros electos del COM.IT.ES. (4 o 6 miembros).<\/p>\n<p>De conformidad con el art. 1, co. 2 de la ley 286\/2003, los COM.IT.ES. son \u00f3rganos que representan a los italianos en el extranjero en las relaciones con las representaciones diplom\u00e1tico-consulares.<\/p>\n<p>Tambi\u00e9n a trav\u00e9s de estudios e investigaciones, contribuyen a identificar las necesidades de desarrollo social, cultural y civil de la comunidad de referencia; promueven, en colaboraci\u00f3n con la autoridad consular, con las regiones y las autoridades locales, as\u00ed como con los organismos, asociaciones y comit\u00e9s que operan dentro de la circunscripci\u00f3n consular, iniciativas adecuadas en asuntos relacionados con la vida social y cultural, con especial atenci\u00f3n a la participaci\u00f3n de los j\u00f3venes , igualdad de oportunidades, asistencia social y educativa, formaci\u00f3n profesional, recreaci\u00f3n, deporte y tiempo libre.<\/p>\n<p>Los COM.IT.ES. tambi\u00e9n est\u00e1n llamados a cooperar con la Autoridad Consular en la protecci\u00f3n de los derechos e intereses de los ciudadanos italianos que residen en la circunscripci\u00f3n consular.<\/p>\n<p>Tras las elecciones de diciembre de 2021, hoy funcionan 115 comit\u00e9s electivos en todo el mundo, de los cuales 9 son de reciente creaci\u00f3n y 3 fueron nombrados consularmente. Los 118 Comit\u00e9s est\u00e1n distribuidos de la siguiente manera: 55 est\u00e1n ubicados en Europa, 44 en Am\u00e9rica, 10 en Asia y Ocean\u00eda, 4 en Medio Oriente y 5 en \u00c1frica.<\/p>\n<\/div>\n","protected":false},"excerpt":{"rendered":"Creados en 1985, los COM.IT.ES. son \u00f3rganos representativos de la comunidad italiana, elegidos directamente por los compatriotas residentes en el extranjero en cada circunscripci\u00f3n consular donde est\u00e9n inscritos al menos tres mil compatriotas en la lista actualizada a que se refiere el art. 5, apartado 1, de la Ley 459\/2001. En los distritos donde residen [&hellip;]","protected":false},"author":3,"featured_media":0,"parent":216,"menu_order":15,"comment_status":"closed","ping_status":"closed","template":"","meta":{"footnotes":""},"class_list":["post-862","page","type-page","status-publish","hentry"],"_links":{"self":[{"href":"https:\/\/consbahiablanca.esteri.it\/es\/wp-json\/wp\/v2\/pages\/862","targetHints":{"allow":["GET"]}}],"collection":[{"href":"https:\/\/consbahiablanca.esteri.it\/es\/wp-json\/wp\/v2\/pages"}],"about":[{"href":"https:\/\/consbahiablanca.esteri.it\/es\/wp-json\/wp\/v2\/types\/page"}],"author":[{"embeddable":true,"href":"https:\/\/consbahiablanca.esteri.it\/es\/wp-json\/wp\/v2\/users\/3"}],"replies":[{"embeddable":true,"href":"https:\/\/consbahiablanca.esteri.it\/es\/wp-json\/wp\/v2\/comments?post=862"}],"version-history":[{"count":3,"href":"https:\/\/consbahiablanca.esteri.it\/es\/wp-json\/wp\/v2\/pages\/862\/revisions"}],"predecessor-version":[{"id":5131,"href":"https:\/\/consbahiablanca.esteri.it\/es\/wp-json\/wp\/v2\/pages\/862\/revisions\/5131"}],"up":[{"embeddable":true,"href":"https:\/\/consbahiablanca.esteri.it\/es\/wp-json\/wp\/v2\/pages\/216"}],"wp:attachment":[{"href":"https:\/\/consbahiablanca.esteri.it\/es\/wp-json\/wp\/v2\/media?parent=862"}],"curies":[{"name":"wp","href":"https:\/\/api.w.org\/{rel}","templated":true}]}}