{"id":864,"date":"2023-05-24T20:40:27","date_gmt":"2023-05-24T23:40:27","guid":{"rendered":"https:\/\/consbahiablanca.esteri.it\/servizi-consolari-e-visti\/servizi-per-il-cittadino-italiano\/servizi-elettorali\/elezioni-cgie\/"},"modified":"2024-09-17T11:18:46","modified_gmt":"2024-09-17T14:18:46","slug":"elezioni-cgie","status":"publish","type":"page","link":"https:\/\/consbahiablanca.esteri.it\/es\/servizi-consolari-e-visti\/servizi-per-il-cittadino-italiano\/servizi-elettorali\/elezioni-cgie\/","title":{"rendered":"Elecciones CGIE"},"content":{"rendered":"<div class=\"entry-content\">\n<p>El Consejo General de los Italianos en el Extranjero (C.G.I.E.), creado por la Ley n. 368 del 6 de noviembre de 1989 (modificado por \u00faltima vez por el DL del 24 de abril de 2014, n. 66, con las modificaciones de la Ley del 23 de junio de 2014, n. 89) y regido por el reglamento de implementaci\u00f3n mencionado en el D.P.R. del 14 de septiembre de 1998, n. 329, es un \u00f3rgano de consulta del Gobierno y del Parlamento sobre los principales temas de inter\u00e9s para los italianos en el extranjero.<\/p>\n<p>Su legitimidad representativa deriva de la elecci\u00f3n directa de los miembros de los Comit\u00e9s en el mundo y representa un paso importante en el proceso de desarrollo de la participaci\u00f3n activa en la vida pol\u00edtica del pa\u00eds por parte de las comunidades italianas en todo el mundo. Al mismo tiempo constituye el organismo imprescindible para su conexi\u00f3n permanente con Italia y sus instituciones.<\/p>\n<p>El CGIE est\u00e1 presidido por el Ministro de Asuntos Exteriores y, tras las modificaciones introducidas por la Ley 89\/2014, est\u00e1 compuesto por 63 Consejeros, de los cuales 43 representan a las comunidades italianas en el extranjero y 20 son nombrados por el Gobierno.<\/p>\n<p>Los representantes y expertos enumerados en el art\u00edculo 6, apartado 1, de la Ley del 6 de noviembre de 1989, n. 368, participan en los trabajos del CGIE, s\u00f3lo con derecho a voz. V\u00e9ase <a href=\"https:\/\/www.esteri.it\/wp-content\/uploads\/2023\/05\/NUOVA_VERSIONE_Decreto_nomina_Rappresentanti_ed_Esperti_CGIE_correzione_Firmato.pdf\">aqu\u00ed<\/a> el decreto ministerial n. 4111\/1569 del 23 de junio de 2022 que lleva su nombramiento.<\/p>\n<p>Los procedimientos de renovaci\u00f3n del CGIE, iniciados con la elecci\u00f3n de los miembros territoriales los d\u00edas 9 y 10 de abril de 2022, est\u00e1n a punto de finalizar. Consulte <a href=\"https:\/\/www.esteri.it\/wp-content\/uploads\/2022\/04\/Membri_territoriali_eletti_2022.docx\">aqu\u00ed<\/a> la lista de los 43 miembros territoriales.<\/p>\n<\/div>\n","protected":false},"excerpt":{"rendered":"El Consejo General de los Italianos en el Extranjero (C.G.I.E.), creado por la Ley n. 368 del 6 de noviembre de 1989 (modificado por \u00faltima vez por el DL del 24 de abril de 2014, n. 66, con las modificaciones de la Ley del 23 de junio de 2014, n. 89) y regido por el [&hellip;]","protected":false},"author":3,"featured_media":0,"parent":216,"menu_order":20,"comment_status":"closed","ping_status":"closed","template":"","meta":{"footnotes":""},"class_list":["post-864","page","type-page","status-publish","hentry"],"_links":{"self":[{"href":"https:\/\/consbahiablanca.esteri.it\/es\/wp-json\/wp\/v2\/pages\/864","targetHints":{"allow":["GET"]}}],"collection":[{"href":"https:\/\/consbahiablanca.esteri.it\/es\/wp-json\/wp\/v2\/pages"}],"about":[{"href":"https:\/\/consbahiablanca.esteri.it\/es\/wp-json\/wp\/v2\/types\/page"}],"author":[{"embeddable":true,"href":"https:\/\/consbahiablanca.esteri.it\/es\/wp-json\/wp\/v2\/users\/3"}],"replies":[{"embeddable":true,"href":"https:\/\/consbahiablanca.esteri.it\/es\/wp-json\/wp\/v2\/comments?post=864"}],"version-history":[{"count":2,"href":"https:\/\/consbahiablanca.esteri.it\/es\/wp-json\/wp\/v2\/pages\/864\/revisions"}],"predecessor-version":[{"id":5135,"href":"https:\/\/consbahiablanca.esteri.it\/es\/wp-json\/wp\/v2\/pages\/864\/revisions\/5135"}],"up":[{"embeddable":true,"href":"https:\/\/consbahiablanca.esteri.it\/es\/wp-json\/wp\/v2\/pages\/216"}],"wp:attachment":[{"href":"https:\/\/consbahiablanca.esteri.it\/es\/wp-json\/wp\/v2\/media?parent=864"}],"curies":[{"name":"wp","href":"https:\/\/api.w.org\/{rel}","templated":true}]}}