{"id":869,"date":"2023-05-24T20:24:44","date_gmt":"2023-05-24T23:24:44","guid":{"rendered":"https:\/\/consbahiablanca.esteri.it\/servizi-consolari-e-visti\/servizi-per-il-cittadino-italiano\/notarile\/rinnovo-patente-di-guida-italiana\/"},"modified":"2025-10-06T10:30:19","modified_gmt":"2025-10-06T13:30:19","slug":"rinnovo-patente-di-guida-italiana","status":"publish","type":"page","link":"https:\/\/consbahiablanca.esteri.it\/es\/servizi-consolari-e-visti\/servizi-per-il-cittadino-italiano\/notarile\/rinnovo-patente-di-guida-italiana\/","title":{"rendered":"Renovaci\u00f3n de la licencia de conducir italiana"},"content":{"rendered":"<p>La renovaci\u00f3n de la licencia de conducir italiana SOLO PUEDE SER SOLICITADA por ciudadanos italianos residentes en esta circunscripci\u00f3n consular y registrados regularmente en el AIRE, por ciudadanos que residan en el extranjero por un per\u00edodo m\u00ednimo de 6 meses, o por ciudadanos inscriptos en el archivo consular con el tr\u00e1mite de inscripci\u00f3n en el AIRE en curso.<\/p>\n<p>Para ser renovada en el Consulado, la licencia de conducir no debe haber caducado por m\u00e1s de 5 a\u00f1os. El interesado deber\u00e1 presentarse con:<\/p>\n<p>&#8211; un documento de identidad v\u00e1lido (DNI, pasaporte y\/o documento de identidad italiano);<\/p>\n<p>&#8211; prueba de residencia efectiva en la circunscripci\u00f3n consular (como DNI, aunque sea temporal, o servicios p\u00fablicos);<\/p>\n<p>&#8211; licencia de conducir original + 1 fotocopia;<\/p>\n<p>&#8211; recibo de pago (art. 66 cuadro de tasas consulares). Para el pago del servicio consular leer: <a href=\"https:\/\/consbahiablanca.esteri.it\/consolato_bahiablanca\/it\/i_servizi\/per_i_cittadini\/tariffe-consolari.html\">https:\/\/consbahiablanca.esteri.it\/consolato_bahiablanca\/it\/i_servizi\/per_i_cittadini\/tariffe-consolari.html<\/a>;<\/p>\n<p>&#8211; formulario <a href=\"https:\/\/consbahiablanca.esteri.it\/consolato_bahiablanca\/resource\/doc\/2023\/04\/modulo_richiesta_polisportello.pdf\">Polisportello<\/a>;<\/p>\n<p>&#8211; certificado m\u00e9dico emitido por un m\u00e9dico de referencia de este Consulado General;<\/p>\n<p>-dos fotograf\u00edas (tipo carnet).<\/p>\n<p>El certificado m\u00e9dico lo paga el solicitante y el costo debe abonarse directamente al m\u00e9dico.<\/p>\n<p><strong>M\u00e9dicos de referencia de este Consulado General para la renovaci\u00f3n de la licencia de conducir:<\/strong><\/p>\n<p><strong>Dra. Rosana Tupone (Bah\u00eda Blanca)<\/strong><\/p>\n<p>Tel\u00e9fono m\u00f3vil: 291 4126133<\/p>\n<p><strong>Dr. Gerardo Jose\u00b4 Deblauwe (Bahia Blanca)<\/strong><\/p>\n<p>Telefono: cel. 291 5088389<\/p>\n","protected":false},"excerpt":{"rendered":"La renovaci\u00f3n de la licencia de conducir italiana SOLO PUEDE SER SOLICITADA por ciudadanos italianos residentes en esta circunscripci\u00f3n consular y registrados regularmente en el AIRE, por ciudadanos que residan en el extranjero por un per\u00edodo m\u00ednimo de 6 meses, o por ciudadanos inscriptos en el archivo consular con el tr\u00e1mite de inscripci\u00f3n en el [&hellip;]","protected":false},"author":3,"featured_media":0,"parent":867,"menu_order":5,"comment_status":"closed","ping_status":"closed","template":"","meta":{"footnotes":""},"class_list":["post-869","page","type-page","status-publish","hentry"],"_links":{"self":[{"href":"https:\/\/consbahiablanca.esteri.it\/es\/wp-json\/wp\/v2\/pages\/869","targetHints":{"allow":["GET"]}}],"collection":[{"href":"https:\/\/consbahiablanca.esteri.it\/es\/wp-json\/wp\/v2\/pages"}],"about":[{"href":"https:\/\/consbahiablanca.esteri.it\/es\/wp-json\/wp\/v2\/types\/page"}],"author":[{"embeddable":true,"href":"https:\/\/consbahiablanca.esteri.it\/es\/wp-json\/wp\/v2\/users\/3"}],"replies":[{"embeddable":true,"href":"https:\/\/consbahiablanca.esteri.it\/es\/wp-json\/wp\/v2\/comments?post=869"}],"version-history":[{"count":6,"href":"https:\/\/consbahiablanca.esteri.it\/es\/wp-json\/wp\/v2\/pages\/869\/revisions"}],"predecessor-version":[{"id":11384,"href":"https:\/\/consbahiablanca.esteri.it\/es\/wp-json\/wp\/v2\/pages\/869\/revisions\/11384"}],"up":[{"embeddable":true,"href":"https:\/\/consbahiablanca.esteri.it\/es\/wp-json\/wp\/v2\/pages\/867"}],"wp:attachment":[{"href":"https:\/\/consbahiablanca.esteri.it\/es\/wp-json\/wp\/v2\/media?parent=869"}],"curies":[{"name":"wp","href":"https:\/\/api.w.org\/{rel}","templated":true}]}}