{"id":870,"date":"2023-05-24T20:25:15","date_gmt":"2023-05-24T23:25:15","guid":{"rendered":"https:\/\/consbahiablanca.esteri.it\/servizi-consolari-e-visti\/servizi-per-il-cittadino-italiano\/notarile\/procura\/"},"modified":"2024-09-17T11:26:52","modified_gmt":"2024-09-17T14:26:52","slug":"procura","status":"publish","type":"page","link":"https:\/\/consbahiablanca.esteri.it\/es\/servizi-consolari-e-visti\/servizi-per-il-cittadino-italiano\/notarile\/procura\/","title":{"rendered":"Poderes"},"content":{"rendered":"<p>El poder es un documento con el cual una persona (f\u00edsica o jur\u00eddica) otorga la facultad a otra persona para actuar en su nombre y representarlo para un prop\u00f3sito espec\u00edfico (por ejemplo, vender, comprar, administrar, hacer una donaci\u00f3n, aceptar una donaci\u00f3n, constituir o disolver empresas, etc.).<\/p>\n<p>Los poderes se dividen en dos categor\u00edas:<\/p>\n<ul>\n<li>\u00ab<strong>Poder General<\/strong>\u00bb (poder que se debe utilizar con extrema precauci\u00f3n dadas las amplias facultades que otorga al apoderado): poderdante + apoderado + 2 testigos con documento de identidad v\u00e1lido;<\/li>\n<li>\u00ab<strong>Poder Especial<\/strong>\u00bb; en este \u00faltimo caso, se debe especificar si se trata de:<\/li>\n<\/ul>\n<ol>\n<li>\u00a0poder especial para <strong>litigios<\/strong>: poderdante + apoderado (si fuese abogado, indicar tambi\u00e9n el domicilio del estudio jur\u00eddico) + datos personales completos o informaci\u00f3n de la persona o empresa contra quien actuar;<\/li>\n<li>poder especial para la <strong>compra o venta de <\/strong>bienes<strong> inmuebles<\/strong>: poderdante + apoderado + descripci\u00f3n del inmueble (ubicaci\u00f3n-composici\u00f3n), preferentemente con los datos catastrales;<\/li>\n<li>poder especial para la <strong>compra o venta de autom\u00f3viles\/motocicletas<\/strong>: poderdante + apoderado + descripci\u00f3n del autom\u00f3vil\/motocicleta (marca, modelo, matr\u00edcula);<\/li>\n<li>poder especial para la <strong>compra\/venta\/disoluci\u00f3n <\/strong>de una<strong> sociedad<\/strong>: poderdante + apoderado + descripci\u00f3n de la sociedad;<\/li>\n<li>poderes especiales para tr\u00e1mites de <strong>sucesi\u00f3n<\/strong> y\/o actos de <strong>aceptaci\u00f3n\/renuncia<\/strong> relativas a la <strong>herencia<\/strong>: poderdante + apoderado + bien sujeto a herencia + datos personales completos del \u00abde cujus\u00bb (pariente fallecido), incluyendo lugar y fecha de nacimiento y defunci\u00f3n, + 2 testigos con documento de identidad vigente;<\/li>\n<li>poder especial para <strong>donaci\u00f3n\/aceptaci\u00f3n de donaci\u00f3n<\/strong>: poderdante + apoderado + beneficiario de la donaci\u00f3n + descripci\u00f3n detallada de los bienes objeto de la donaci\u00f3n + 2 testigos con documento de identidad vigente;<\/li>\n<\/ol>\n","protected":false},"excerpt":{"rendered":"El poder es un documento con el cual una persona (f\u00edsica o jur\u00eddica) otorga la facultad a otra persona para actuar en su nombre y representarlo para un prop\u00f3sito espec\u00edfico (por ejemplo, vender, comprar, administrar, hacer una donaci\u00f3n, aceptar una donaci\u00f3n, constituir o disolver empresas, etc.). Los poderes se dividen en dos categor\u00edas: \u00abPoder General\u00bb [&hellip;]","protected":false},"author":3,"featured_media":0,"parent":867,"menu_order":10,"comment_status":"closed","ping_status":"closed","template":"","meta":{"footnotes":""},"class_list":["post-870","page","type-page","status-publish","hentry"],"_links":{"self":[{"href":"https:\/\/consbahiablanca.esteri.it\/es\/wp-json\/wp\/v2\/pages\/870","targetHints":{"allow":["GET"]}}],"collection":[{"href":"https:\/\/consbahiablanca.esteri.it\/es\/wp-json\/wp\/v2\/pages"}],"about":[{"href":"https:\/\/consbahiablanca.esteri.it\/es\/wp-json\/wp\/v2\/types\/page"}],"author":[{"embeddable":true,"href":"https:\/\/consbahiablanca.esteri.it\/es\/wp-json\/wp\/v2\/users\/3"}],"replies":[{"embeddable":true,"href":"https:\/\/consbahiablanca.esteri.it\/es\/wp-json\/wp\/v2\/comments?post=870"}],"version-history":[{"count":3,"href":"https:\/\/consbahiablanca.esteri.it\/es\/wp-json\/wp\/v2\/pages\/870\/revisions"}],"predecessor-version":[{"id":5140,"href":"https:\/\/consbahiablanca.esteri.it\/es\/wp-json\/wp\/v2\/pages\/870\/revisions\/5140"}],"up":[{"embeddable":true,"href":"https:\/\/consbahiablanca.esteri.it\/es\/wp-json\/wp\/v2\/pages\/867"}],"wp:attachment":[{"href":"https:\/\/consbahiablanca.esteri.it\/es\/wp-json\/wp\/v2\/media?parent=870"}],"curies":[{"name":"wp","href":"https:\/\/api.w.org\/{rel}","templated":true}]}}