{"id":871,"date":"2023-05-24T20:26:15","date_gmt":"2023-05-24T23:26:15","guid":{"rendered":"https:\/\/consbahiablanca.esteri.it\/servizi-consolari-e-visti\/servizi-per-il-cittadino-italiano\/notarile\/testamento-pubblico\/"},"modified":"2024-09-17T11:29:28","modified_gmt":"2024-09-17T14:29:28","slug":"testamento-pubblico","status":"publish","type":"page","link":"https:\/\/consbahiablanca.esteri.it\/es\/servizi-consolari-e-visti\/servizi-per-il-cittadino-italiano\/notarile\/testamento-pubblico\/","title":{"rendered":"Testamento p\u00fablico"},"content":{"rendered":"<p>Entre las actividades de la Oficina Notarial de un Consulado se encuentra la redacci\u00f3n de algunos documentos relativos a las declaraciones de \u00faltima voluntad de personas que se encuentran en el extranjero.<\/p>\n<p>El <strong>testamento p\u00fablico<\/strong> es la declaraci\u00f3n de voluntad que el testador presta ante un funcionario delegado para las funciones notariales, en presencia de dos testigos y redactada en forma escrita.<\/p>\n<p>En cambio, en un <strong>testamento secreto<\/strong> las funciones de la Oficina Notarial se limitan a la recepci\u00f3n formal del acta (cuyo contenido permanece secreto) y a su dep\u00f3sito en la Oficina.<\/p>\n<p>Finalmente, el <strong>testamento ol\u00f3grafo<\/strong> no requiere redacci\u00f3n por parte de un funcionario de la Oficina Notarial y puede depositarse en cualquier lugar y ante cualquier persona. Habitualmente, se deposita en la Oficina Notarial para evitar la posibilidad de su p\u00e9rdida y asegurar su publicaci\u00f3n inmediata al fallecer el testador.<\/p>\n","protected":false},"excerpt":{"rendered":"Entre las actividades de la Oficina Notarial de un Consulado se encuentra la redacci\u00f3n de algunos documentos relativos a las declaraciones de \u00faltima voluntad de personas que se encuentran en el extranjero. El testamento p\u00fablico es la declaraci\u00f3n de voluntad que el testador presta ante un funcionario delegado para las funciones notariales, en presencia de [&hellip;]","protected":false},"author":3,"featured_media":0,"parent":867,"menu_order":15,"comment_status":"closed","ping_status":"closed","template":"","meta":{"footnotes":""},"class_list":["post-871","page","type-page","status-publish","hentry"],"_links":{"self":[{"href":"https:\/\/consbahiablanca.esteri.it\/es\/wp-json\/wp\/v2\/pages\/871","targetHints":{"allow":["GET"]}}],"collection":[{"href":"https:\/\/consbahiablanca.esteri.it\/es\/wp-json\/wp\/v2\/pages"}],"about":[{"href":"https:\/\/consbahiablanca.esteri.it\/es\/wp-json\/wp\/v2\/types\/page"}],"author":[{"embeddable":true,"href":"https:\/\/consbahiablanca.esteri.it\/es\/wp-json\/wp\/v2\/users\/3"}],"replies":[{"embeddable":true,"href":"https:\/\/consbahiablanca.esteri.it\/es\/wp-json\/wp\/v2\/comments?post=871"}],"version-history":[{"count":2,"href":"https:\/\/consbahiablanca.esteri.it\/es\/wp-json\/wp\/v2\/pages\/871\/revisions"}],"predecessor-version":[{"id":5146,"href":"https:\/\/consbahiablanca.esteri.it\/es\/wp-json\/wp\/v2\/pages\/871\/revisions\/5146"}],"up":[{"embeddable":true,"href":"https:\/\/consbahiablanca.esteri.it\/es\/wp-json\/wp\/v2\/pages\/867"}],"wp:attachment":[{"href":"https:\/\/consbahiablanca.esteri.it\/es\/wp-json\/wp\/v2\/media?parent=871"}],"curies":[{"name":"wp","href":"https:\/\/api.w.org\/{rel}","templated":true}]}}