{"id":873,"date":"2023-05-24T20:27:47","date_gmt":"2023-05-24T23:27:47","guid":{"rendered":"https:\/\/consbahiablanca.esteri.it\/servizi-consolari-e-visti\/servizi-per-il-cittadino-italiano\/notarile\/attivita-di-autenticazione\/"},"modified":"2024-09-20T10:46:52","modified_gmt":"2024-09-20T13:46:52","slug":"attivita-di-autenticazione","status":"publish","type":"page","link":"https:\/\/consbahiablanca.esteri.it\/es\/servizi-consolari-e-visti\/servizi-per-il-cittadino-italiano\/notarile\/attivita-di-autenticazione\/","title":{"rendered":"Actividad de autentificaci\u00f3n"},"content":{"rendered":"<p><strong>Actividades de autenticaci\u00f3n<\/strong><\/p>\n<p>La actividad de autenticaci\u00f3n es normalmente realizada por un funcionario p\u00fablico del Consulado, pero tambi\u00e9n puede ser realizada por un funcionario delegado para funciones notariales. Se trata, en particular, de:<\/p>\n<p><strong>AUTENTICACI\u00d3N DE FIRMA:<\/strong> consiste en la certificaci\u00f3n por parte del funcionario p\u00fablico de la procedencia de un acto por parte de la persona que lo ha firmado. Para proceder con la autenticaci\u00f3n de la firma, es necesario presentarse personalmente en la Oficina Notarial con un documento de identificaci\u00f3n y su c\u00f3digo fiscal.<\/p>\n<p><strong>AUTENTICACI\u00d3N DE FOTOGRAF\u00cdA:<\/strong> para ello, es necesario presentarse personalmente en la Oficina Notarial con un documento de identificaci\u00f3n y tres fotograf\u00edas iguales.<\/p>\n<p><strong>LA AUTOCERTIFICACI\u00d3N<\/strong><\/p>\n<p>Por \u00abautocertificaci\u00f3n\u00bb se entiende \u00abla certificaci\u00f3n producida por el interesado en sustituci\u00f3n de la certificaci\u00f3n normal\u00bb (art. 2, ley 15\/1968). Representa, por lo tanto, la posibilidad para el ciudadano de proporcionar la misma informaci\u00f3n que se encuentra en un registro p\u00fablico de manera m\u00e1s sencilla y con menos cargas.<\/p>\n<p>La posibilidad de recurrir a la autocertificaci\u00f3n est\u00e1 concedida a todos los ciudadanos italianos y de los pa\u00edses europeos. La facultad de utilizar declaraciones sustitutivas se ha ampliado tambi\u00e9n a los ciudadanos extracomunitarios que residan legalmente en Italia, limitadamente a los datos verificables o certificables en Italia por sujetos p\u00fablicos.<\/p>\n<p>La autocertificaci\u00f3n y las declaraciones sustitutivas pueden ser utilizadas en las relaciones con la Administraci\u00f3n P\u00fablica y con los concesionarios y gestores de servicios p\u00fablicos. No pueden, en cambio, ser utilizadas en las relaciones entre particulares, salvo que estos consientan, ni ante la autoridad judicial en el ejercicio de funciones jurisdiccionales.<\/p>\n<p><strong>Certificados sustituidos por la autocertificaci\u00f3n<\/strong><\/p>\n<p>La autocertificaci\u00f3n puede ser sustituta de:<\/p>\n<p><strong>CERTIFICACIONES NORMALES<\/strong><\/p>\n<p>Se puede recurrir a la autocertificaci\u00f3n en los siguientes casos:<\/p>\n<ul>\n<li>fecha y lugar de nacimiento;<\/li>\n<li>residencia;<\/li>\n<li>ciudadan\u00eda;<\/li>\n<li>disfrute de derechos pol\u00edticos;<\/li>\n<li>estado de soltero, casado o viudo;<\/li>\n<li>estado de familia;<\/li>\n<li>existencia en vida;<\/li>\n<li>nacimiento del hijo;<\/li>\n<li>fallecimiento del c\u00f3nyuge, de un ascendente o descendiente;<\/li>\n<li>situaci\u00f3n respecto a las obligaciones militares;<\/li>\n<li>inscripci\u00f3n en registros o listas mantenidas por la Administraci\u00f3n P\u00fablica;<\/li>\n<li>t\u00edtulos de estudio adquiridos;<\/li>\n<li>cualificaciones profesionales;<\/li>\n<li>ex\u00e1menes universitarios y de estado;<\/li>\n<li>t\u00edtulos de especializaci\u00f3n;<\/li>\n<li>t\u00edtulos de habilitaci\u00f3n;<\/li>\n<li>t\u00edtulos de formaci\u00f3n;<\/li>\n<li>t\u00edtulos de actualizaci\u00f3n;<\/li>\n<li>t\u00edtulos de cualificaci\u00f3n t\u00e9cnica;<\/li>\n<li>situaci\u00f3n econ\u00f3mica o financiera, incluso a efectos de concesi\u00f3n de beneficios y ventajas de cualquier tipo previstos por leyes especiales;<\/li>\n<li>cumplimiento de obligaciones contributivas espec\u00edficas, indicando el monto;<\/li>\n<li>c\u00f3digo fiscal o n\u00famero de IVA;<\/li>\n<li>cualquier dato del registro tributario;<\/li>\n<li>estado de desempleo;<\/li>\n<li>condici\u00f3n de pensionado y categor\u00eda de pensi\u00f3n;<\/li>\n<li>condici\u00f3n de estudiante;<\/li>\n<li>condici\u00f3n de ama de casa;<\/li>\n<li>calidad de representante legal de personas f\u00edsicas o jur\u00eddicas, tutor, curador, etc.;<\/li>\n<li>inscripci\u00f3n en asociaciones o formaciones sociales de cualquier tipo;<\/li>\n<li>cumplimiento o no de las obligaciones militares, incluidos aquellos a los que se refiere el art. 77 del D.P.R. n. 237\/64, modificado por el art. 22 de la ley 958\/86;<\/li>\n<li>ausencia de condenas penales;<\/li>\n<li>calidad de carga familiar;<\/li>\n<li>todos los datos de conocimiento directo del interesado contenidos en los registros del estado civil.<\/li>\n<\/ul>\n<p><strong>Modalidades de la declaraci\u00f3n sustitutiva de certificados:<\/strong><\/p>\n<p>La declaraci\u00f3n sustitutiva de las certificaciones normales se puede hacer escribiendo en papel com\u00fan y firmando bajo la propia y exclusiva responsabilidad (no es necesario firmar ante el funcionario) o completando declaraciones sustitutivas. Adem\u00e1s, es posible transmitir documentos, actos y certificados por fax, correo o mediante medios telem\u00e1ticos e inform\u00e1ticos a las Administraciones P\u00fablicas.<\/p>\n<p><strong>ACTOS DE NOTORIEDAD<\/strong><\/p>\n<p>Los interesados pueden recurrir a la auto certificaci\u00f3n para todos los estados, hechos y cualidades personales que no sean certificables por parte de una administraci\u00f3n p\u00fablica, mediante la declaraci\u00f3n sustitutiva del acto de notoriedad seg\u00fan el art. 47 del DPR 445\/2000. Adem\u00e1s, la declaraci\u00f3n sustitutiva del acto de notoriedad puede referirse tambi\u00e9n a circunstancias relativas a otros sujetos, de las que el declarante tenga conocimiento directo, as\u00ed como la posibilidad de certificar la conformidad al original de una publicaci\u00f3n.<\/p>\n<p>La declaraci\u00f3n sustitutiva de actos notorios puede hacerse declarando hechos, estados o cualidades personales de conocimiento directo del interesado ante el funcionario competente para recibir la documentaci\u00f3n, o ante un notario, canciller, secretario comunal u otro funcionario designado por el alcalde. En caso de que se trate de estados, hechos y cualidades personales certificables o atestiguables por otro sujeto p\u00fablico, y la administraci\u00f3n considere necesario verificar la veracidad de las declaraciones, dispone de 15 d\u00edas desde las declaraciones para solicitar la documentaci\u00f3n necesaria.<\/p>\n<p><strong>Validez de las declaraciones sustitutivas de certificaciones normales y de actos notorios:<\/strong><\/p>\n<p>Las declaraciones sustitutivas tienen la misma validez que los actos que sustituyen. Normalmente, los certificados tienen validez durante seis meses desde la fecha en que fueron emitidos, salvo que normas legales o reglamentarias dispongan una validez superior. La validez de las certificaciones del registro civil y las relacionadas con el estado civil es prorrogable si el interesado declara que los datos contenidos en el certificado no han sufrido modificaciones y firma dicha declaraci\u00f3n. En cambio, los certificados y las declaraciones sustitutivas que atestiguan estados y hechos personales que no est\u00e1n sujetos a modificaciones (certificados de nacimiento, de muerte, t\u00edtulos de estudio, etc.) tienen validez ilimitada.<\/p>\n<p><strong>Casos en los que la auto certificaci\u00f3n NO est\u00e1 NUNCA admitida<\/strong><\/p>\n<p>La posibilidad de recurrir a la auto certificaci\u00f3n no est\u00e1 nunca admitida para los certificados:<\/p>\n<ul>\n<li>m\u00e9dicos;<\/li>\n<li>sanitarios;<\/li>\n<li>veterinarios;<\/li>\n<li>de origen;<\/li>\n<li>de conformidad con la UE;<\/li>\n<li>marcas;<\/li>\n<li>patentes.<\/li>\n<\/ul>\n<p><strong>Casos en los que la Administraci\u00f3n P\u00fablica NO PUEDE m\u00e1s solicitar certificaciones a los ciudadanos<\/strong><\/p>\n<p>En caso de que se deban certificar los datos relativos a apellido, nombre, lugar y fecha de nacimiento, ciudadan\u00eda, estado civil y residencia, la Administraci\u00f3n P\u00fablica no puede m\u00e1s solicitar certificaciones, sino que es suficiente la exhibici\u00f3n de un documento de identidad. La registraci\u00f3n de los datos se lleva a cabo a trav\u00e9s de la fotocopia no autenticada del documento mismo. Si el documento ya no es v\u00e1lido, el interesado debe declarar, al margen de la fotocopia, que los datos contenidos en el documento no han variado desde la fecha de emisi\u00f3n.<\/p>\n<p><strong>Sanciones para los ciudadanos que proporcionan declaraciones no veraces<\/strong><\/p>\n<p>Si las administraciones tienen dudas sobre la veracidad de las auto certificaciones, est\u00e1n obligadas a realizar los controles necesarios. En caso de que se detecten declaraciones falsas, la falsedad en los actos y el uso de actos falsos son sancionados conforme al c\u00f3digo penal y las leyes al respecto. Adem\u00e1s, el declarante pierde los beneficios eventualmente obtenidos gracias a disposiciones basadas en declaraciones no veraces.<\/p>\n<p><strong>Documentos de reconocimiento e identidad<\/strong><\/p>\n<p>En todos los casos en que se requiera un documento de identidad, este puede ser sustituido por un documento de reconocimiento equivalente. Son equivalentes a la carta de identidad:<\/p>\n<ul>\n<li>El pasaporte;<\/li>\n<li>La licencia de conducir;<\/li>\n<li>La licencia de navegaci\u00f3n;<\/li>\n<li>El libro de pensiones;<\/li>\n<li>El certificado de habilitaci\u00f3n para la conducci\u00f3n de instalaciones t\u00e9rmicas;<\/li>\n<li>El permiso de armas;<\/li>\n<li>Las tarjetas de reconocimiento emitidas por una Administraci\u00f3n del Estado, siempre que est\u00e9n dotadas de fotograf\u00eda y de sello u otra marca equivalente.<\/li>\n<\/ul>\n<p>En caso de que el documento est\u00e9 caducado, tambi\u00e9n puede ser presentado, con una declaraci\u00f3n del interesado en la fotocopia del documento de que los datos en \u00e9l contenidos no han cambiado.<\/p>\n<p>Para mayor informaci\u00f3n sobre servicios notariales. Hacer <a title=\"link alla pagina del sito MAE sui servizi notarili\" href=\"http:\/\/www.esteri.it\/MAE\/IT\/Italiani_nel_Mondo\/ServiziConsolari\/AttiNotarili\/\"><strong>click aqui<\/strong><\/a>.<\/p>\n","protected":false},"excerpt":{"rendered":"Actividades de autenticaci\u00f3n La actividad de autenticaci\u00f3n es normalmente realizada por un funcionario p\u00fablico del Consulado, pero tambi\u00e9n puede ser realizada por un funcionario delegado para funciones notariales. Se trata, en particular, de: AUTENTICACI\u00d3N DE FIRMA: consiste en la certificaci\u00f3n por parte del funcionario p\u00fablico de la procedencia de un acto por parte de la [&hellip;]","protected":false},"author":3,"featured_media":0,"parent":867,"menu_order":25,"comment_status":"closed","ping_status":"closed","template":"","meta":{"footnotes":""},"class_list":["post-873","page","type-page","status-publish","hentry"],"_links":{"self":[{"href":"https:\/\/consbahiablanca.esteri.it\/es\/wp-json\/wp\/v2\/pages\/873","targetHints":{"allow":["GET"]}}],"collection":[{"href":"https:\/\/consbahiablanca.esteri.it\/es\/wp-json\/wp\/v2\/pages"}],"about":[{"href":"https:\/\/consbahiablanca.esteri.it\/es\/wp-json\/wp\/v2\/types\/page"}],"author":[{"embeddable":true,"href":"https:\/\/consbahiablanca.esteri.it\/es\/wp-json\/wp\/v2\/users\/3"}],"replies":[{"embeddable":true,"href":"https:\/\/consbahiablanca.esteri.it\/es\/wp-json\/wp\/v2\/comments?post=873"}],"version-history":[{"count":6,"href":"https:\/\/consbahiablanca.esteri.it\/es\/wp-json\/wp\/v2\/pages\/873\/revisions"}],"predecessor-version":[{"id":5244,"href":"https:\/\/consbahiablanca.esteri.it\/es\/wp-json\/wp\/v2\/pages\/873\/revisions\/5244"}],"up":[{"embeddable":true,"href":"https:\/\/consbahiablanca.esteri.it\/es\/wp-json\/wp\/v2\/pages\/867"}],"wp:attachment":[{"href":"https:\/\/consbahiablanca.esteri.it\/es\/wp-json\/wp\/v2\/media?parent=873"}],"curies":[{"name":"wp","href":"https:\/\/api.w.org\/{rel}","templated":true}]}}