{"id":894,"date":"2023-09-27T12:16:03","date_gmt":"2023-09-27T15:16:03","guid":{"rendered":"https:\/\/consbahiablanca.esteri.it\/?page_id=894"},"modified":"2023-09-27T12:18:12","modified_gmt":"2023-09-27T15:18:12","slug":"funcionario-itinerante","status":"publish","type":"page","link":"https:\/\/consbahiablanca.esteri.it\/es\/servizi-consolari-e-visti\/servizi-per-il-cittadino-italiano\/passaporti-e-carte-didentita\/funcionario-itinerante\/","title":{"rendered":"Funcionario itinerante"},"content":{"rendered":"<p>El funcionario itinerante es un empleado del Consulado General equipado con una oficina m\u00f3vil <span class=\"Y2IQFc\" lang=\"es\">capaz de realizar recolecci\u00f3n de datos biom\u00e9tricos con el fin de expedir el pasaporte, evitando viajar a Bah\u00eda Blanca.<\/span><\/p>\n","protected":false},"excerpt":{"rendered":"El funcionario itinerante es un empleado del Consulado General equipado con una oficina m\u00f3vil capaz de realizar recolecci\u00f3n de datos biom\u00e9tricos con el fin de expedir el pasaporte, evitando viajar a Bah\u00eda Blanca.","protected":false},"author":3,"featured_media":0,"parent":174,"menu_order":5,"comment_status":"closed","ping_status":"closed","template":"","meta":{"footnotes":""},"class_list":["post-894","page","type-page","status-publish","hentry"],"_links":{"self":[{"href":"https:\/\/consbahiablanca.esteri.it\/es\/wp-json\/wp\/v2\/pages\/894","targetHints":{"allow":["GET"]}}],"collection":[{"href":"https:\/\/consbahiablanca.esteri.it\/es\/wp-json\/wp\/v2\/pages"}],"about":[{"href":"https:\/\/consbahiablanca.esteri.it\/es\/wp-json\/wp\/v2\/types\/page"}],"author":[{"embeddable":true,"href":"https:\/\/consbahiablanca.esteri.it\/es\/wp-json\/wp\/v2\/users\/3"}],"replies":[{"embeddable":true,"href":"https:\/\/consbahiablanca.esteri.it\/es\/wp-json\/wp\/v2\/comments?post=894"}],"version-history":[{"count":1,"href":"https:\/\/consbahiablanca.esteri.it\/es\/wp-json\/wp\/v2\/pages\/894\/revisions"}],"predecessor-version":[{"id":895,"href":"https:\/\/consbahiablanca.esteri.it\/es\/wp-json\/wp\/v2\/pages\/894\/revisions\/895"}],"up":[{"embeddable":true,"href":"https:\/\/consbahiablanca.esteri.it\/es\/wp-json\/wp\/v2\/pages\/174"}],"wp:attachment":[{"href":"https:\/\/consbahiablanca.esteri.it\/es\/wp-json\/wp\/v2\/media?parent=894"}],"curies":[{"name":"wp","href":"https:\/\/api.w.org\/{rel}","templated":true}]}}