{"id":9824,"date":"2025-05-27T11:15:21","date_gmt":"2025-05-27T14:15:21","guid":{"rendered":"https:\/\/consbahiablanca.esteri.it\/?page_id=9824"},"modified":"2026-03-05T12:32:33","modified_gmt":"2026-03-05T15:32:33","slug":"adquisicion-de-la-ciudadania-por-beneficio-de-ley-hijos-menores-nacidos-en-el-extranjero","status":"publish","type":"page","link":"https:\/\/consbahiablanca.esteri.it\/es\/servizi-consolari-e-visti\/servizi-per-il-cittadino-straniero\/cittadinanza\/adquisicion-de-la-ciudadania-por-beneficio-de-ley-hijos-menores-nacidos-en-el-extranjero\/","title":{"rendered":"Adquisici\u00f3n de la ciudadan\u00eda por \u201cbeneficio de ley\u201d (hijos menores nacidos en el extranjero)"},"content":{"rendered":"<h4 data-start=\"170\" data-end=\"201\"><strong data-start=\"175\" data-end=\"201\">Normativa y requisitos<\/strong><\/h4>\n<p data-start=\"203\" data-end=\"827\">En dos casos, previstos por el apartado 1-bis del art\u00edculo 4 de la Ley n. 91\/1992 y por el art\u00edculo 1, apartado 1-ter de la Ley n. 74\/2025, los <strong>hijos menores nacidos en el extranjero<\/strong> de un progenitor ciudadano que no transmite autom\u00e1ticamente la ciudadan\u00eda pueden adquirir la ciudadan\u00eda italiana por \u201cbeneficio de ley\u201d.<br data-start=\"522\" data-end=\"525\" \/>El <strong>menor<\/strong> que eventualmente se beneficie de esta disposici\u00f3n <strong>no ser\u00e1 ciudadano por nacimiento ni <em data-start=\"621\" data-end=\"637\">iure sanguinis<\/em><\/strong>.<br data-start=\"638\" data-end=\"641\" \/>Seg\u00fan el art\u00edculo 15 de la Ley n. 91\/1992, no adquirir\u00e1 la <strong>ciudadan\u00eda<\/strong> desde el d\u00eda de nacimiento, sino <strong>a partir del d\u00eda siguiente a la presentaci\u00f3n de la declaraci\u00f3n<\/strong> prevista por la ley.<\/p>\n<p data-start=\"203\" data-end=\"827\"><strong data-start=\"838\" data-end=\"894\">Primer Caso (art. 4, apartado 1-bis, Ley n. 91\/1992 y sucesivas modificaciones por apartado 513 del art\u00edculo 1 de la Ley de presupuesto para el a\u00f1o 2026)<\/strong><\/p>\n<p><strong>INSCRIPCI\u00d3N DE HIJOS NACIDOS O ADOPTADOS A PARTIR DEL 24\/05\/2025 (PLAZO DE TRES A\u00d1OS DESDE EL NACIMIENTO)<\/strong><\/p>\n<p data-start=\"992\" data-end=\"1041\">Requisitos que deben cumplirse <strong data-start=\"1023\" data-end=\"1040\">conjuntamente<\/strong>:<\/p>\n<ul data-start=\"1043\" data-end=\"2562\">\n<li data-start=\"1043\" data-end=\"1319\">\n<p data-start=\"1045\" data-end=\"1319\"><strong>uno de los padres es ciudadano italiano<\/strong> <span style=\"text-decoration: underline;\"><strong data-start=\"1091\" data-end=\"1109\">por nacimiento<\/strong><\/span>. Se excluyen los casos de ciudadanos por naturalizaci\u00f3n (art. 9 Ley 91\/1992), por beneficio de ley (art. 4), por matrimonio (art. 5 Ley 91\/1992 o art. 10 Ley 555\/1912), o por <em data-start=\"1296\" data-end=\"1316\">iuris communicatio<\/em>.<\/p>\n<\/li>\n<li data-start=\"1320\" data-end=\"2094\">\n<p data-start=\"1322\" data-end=\"1669\"><span style=\"text-decoration: underline;\"><strong>ambos<\/strong><\/span> padres (incluido el eventualmente extranjero) o el tutor deben presentar una <strong>declaraci\u00f3n de voluntad de adquisici\u00f3n de la ciudadan\u00eda dentro de tres a\u00f1os desde el nacimiento<\/strong> (o desde la fecha posterior en la que se establezca la filiaci\u00f3n con el ciudadano italiano o la adopci\u00f3n por parte del mismo mientras el hijo sea menor de edad). En caso de reconocimiento posterior de la filiaci\u00f3n por ambos progenitores ciudadanos italianos por nacimiento, el plazo de tres a\u00f1os comienza desde el <strong data-start=\"1824\" data-end=\"1849\">primer reconocimiento<\/strong>, ya que este transfiere la ciudadan\u00eda. Si primero reconoce un progenitor extranjero (o un ciudadano italiano no por nacimiento), el plazo de tres a\u00f1o comienza a partir del <strong data-start=\"2027\" data-end=\"2093\">reconocimiento del segundo progenitor ciudadano por nacimiento<\/strong>.<\/p>\n<\/li>\n<li data-start=\"2095\" data-end=\"2562\">\n<p data-start=\"2097\" data-end=\"2242\"><strong>La declaraci\u00f3n debe ser formal y presentada en persona ante un funcionario del Consulado General autorizado para funciones de Estado Civil. <\/strong>Si los padres no hacen la declaraci\u00f3n al mismo tiempo, se considerar\u00e1 v\u00e1lida a partir de la fecha en que declare el segundo progenitor. Si la filiaci\u00f3n (incluso adoptiva) es establecida con respecto a una sola persona (o el otro progenitor ha fallecido), ser\u00e1 suficiente la declaraci\u00f3n de un solo padre.<\/p>\n<\/li>\n<\/ul>\n<p data-start=\"2564\" data-end=\"2800\">Si el menor establece residencia legal en Italia, la declaraci\u00f3n podr\u00e1 presentarse incluso despu\u00e9s de los tres a\u00f1os desde el nacimiento, pero la residencia deber\u00e1 mantenerse durante al menos dos a\u00f1os consecutivos luego de la declaraci\u00f3n.<\/p>\n<p><span style=\"text-decoration: underline;\">En este Primer Caso, las instancias presentadas a partir del 1\u00b0 de enero 2026, la declaraci\u00f3n brindada por los progenitores es de car\u00e1cter gratuito.<\/span><\/p>\n<p>Para las <span style=\"text-decoration: underline;\">instancias presentadas hasta el 31 de diciembre 2025<\/span> permanece vigente el <span style=\"text-decoration: underline;\">pago de 250 euros a favor del Ministero dell\u2019Interno con transferencia bancaria,<\/span> con eventuales gastos a cargo de quien realiza la transferencia, con las modalidades indicadas a continuaci\u00f3n.<\/p>\n<p data-start=\"2564\" data-end=\"2800\"><strong data-start=\"2811\" data-end=\"2866\">Segundo Caso (art. 1, apartado 1-ter, D.L. 36\/2025)<\/strong><\/p>\n<p><strong>INSCRIPCI\u00d3N DE HIJOS MENORES A LA FECHA DE ENTRADA EN VIGOR DE LA LEY 74\/2025 (PLAZO HASTA EL 31\/05\/2029)<\/strong><\/p>\n<p data-start=\"2952\" data-end=\"3017\">Aplicable cuando se cumplan <strong data-start=\"2980\" data-end=\"2989\">todas<\/strong> las condiciones siguientes:<\/p>\n<ul data-start=\"3019\" data-end=\"3840\">\n<li data-start=\"3019\" data-end=\"3153\">\n<p data-start=\"3021\" data-end=\"3153\">ser <span style=\"text-decoration: underline;\"><strong>menor de edad a la fecha de entrada en vigor de la ley 74\/2025<\/strong><\/span>, es decir, no haber cumplido 18 a\u00f1os el <strong>24 de mayo de 2025<\/strong>;<\/p>\n<\/li>\n<li data-start=\"3154\" data-end=\"3554\">\n<p data-start=\"3156\" data-end=\"3307\">ser <strong>hijos de ciudadanos por nacimiento que se encuentren en las condiciones de las letras a), a-bis) y b) del art. 3-bis de la Ley 91\/1992<\/strong>, es decir, haber presentado la solicitud administrativa o judicial para el reconocimiento de la ciudadan\u00eda antes de las 23:59 (hora italiana) del 27 de marzo de 2025, o contar con un turno comunicado por el Consulado o por el Comune antes de esa fecha;<\/p>\n<\/li>\n<li data-start=\"3555\" data-end=\"3840\">la declaraci\u00f3n de los padres o del tutor legal deber\u00e1 ser presentada ante la Oficina Consular antes del 31 de mayo de 2029. En caso de que el interesado, menor a la fecha del 24 de mayo de 2025, haya alcanzado la mayor\u00eda de edad en ese lapso, deber\u00e1 presentar la declaraci\u00f3n personalmente dentro del mismo plazo.<\/li>\n<\/ul>\n<p><u>En este Segundo Caso, las instancias presentadas a partir del 1\u00b0 de enero de 2026, la declaraci\u00f3n brindada por los progenitores es de car\u00e1cter gratuito.<\/u><\/p>\n<p><u>Para las\u00a0instancias presentadas hasta el 31 de diciembre 2025\u00a0permanece vigente el\u00a0pago de 250 euros a favor del Ministero dell\u2019Interno con transferencia bancaria,\u00a0con eventuales gastos a cargo de quien realiza la transferencia, con las modalidades indicadas a continuaci\u00f3n.<\/u><\/p>\n<p data-start=\"3557\" data-end=\"3677\"><strong data-start=\"3851\" data-end=\"3869\">Pago requerido:<\/strong><\/p>\n<p data-start=\"3871\" data-end=\"4095\">Seguidamente, se encuentran los datos para realizar la transferencia bancaria:<\/p>\n<p>\u201cMinistero dell\u2019Interno D.L.C.I Cittadinanza\u201d<br \/>\n<strong>Nome della Banca:<\/strong>\u00a0Poste Italiane S.p.A.<br \/>\n<strong>Codice IBAN:<\/strong>\u00a0IT54D0760103200000000809020<br \/>\n<strong>Causale del versamento:<\/strong> Acquisto cittadinanza per beneficio di legge [nome e cognome del minore richiedente].<br \/>\n<strong>Codice BIC\/SWIFT di Poste Italiane:<\/strong>\u00a0 BPPIITRRXXX\u00a0<strong>(per bonifici esteri)<br \/>\nCodice BIC\/SWIFT: PIBPITRA (per operazioni del circuito EUROGIRO)<\/strong><\/p>\n<p>Cualquier solicitud de reembolso del pago de 250 euros indebida o err\u00f3neamente realizado mediante transferencia bancaria al Ministerio del Interior, debe presentarse al Consulado General de Italia en Bah\u00eda Blanca \u2013 <a href=\"mailto:aire.bahiablanca@esteri.it\">aire.bahiablanca@esteri.it<\/a> \u00a0mediante el siguiente <a href=\"https:\/\/consbahiablanca.esteri.it\/wp-content\/uploads\/2026\/01\/Modello-richiesta-rimborso-contributo-cittadinanza.pdf\">formulario<\/a>. El Consulado General remitir\u00e1 la solicitud al Ministerio del Interior correspondiente. Para m\u00e1s informaci\u00f3n sobre c\u00f3mo solicitar el reembolso, consulte el sitio web del Ministerio del Interior\u00a0<a href=\"https:\/\/libertaciviliimmigrazione.dlci.interno.gov.it\/notizie\/richiedere-il-rimborso-il-contributo-di-cittadinanza\">https:\/\/libertaciviliimmigrazione.dlci.interno.gov.it\/notizie\/richiedere-il-rimborso-il-contributo-di-cittadinanza<\/a><\/p>\n<p>&#8212;&#8212;<\/p>\n<p data-start=\"4548\" data-end=\"4675\">Las declaraciones deben realizarse <strong data-start=\"4583\" data-end=\"4613\">en persona en el Consulado<\/strong>, ante el funcionario delegado para funciones de Estado Civil.<\/p>\n<p data-start=\"4677\" data-end=\"4773\">El Consulado General ha habilitado dos nuevos servicios en el portal <strong data-start=\"4746\" data-end=\"4773\">Fast It (Stato Civile):<\/strong><\/p>\n<ul>\n<li data-start=\"4677\" data-end=\"4773\">Atto di nascita \u2013 Art. 4, c. 1-bis L. 91\/1992<\/li>\n<li data-start=\"4677\" data-end=\"4773\">Atto di nascita \u2013 Art. 1, c. 1-ter D.L. 36\/2025<\/li>\n<\/ul>\n<p>En el primer servicio (Atto di nascita \u2013 Art. 4, c. 1-bis L. 91\/1992) se deben cargar las solicitudes correspondientes al primer caso descrito m\u00e1s arriba.<\/p>\n<p>En el segundo servicio (Atto di nascita \u2013 Art. 1, c. 1-ter D.L. 36\/2025) se deben cargar las solicitudes correspondientes al segundo caso descrito. <span style=\"text-decoration: underline;\"><strong>El vencimiento para la presentaci\u00f3n de la declaraci\u00f3n, en este segundo caso, es el 31 de mayo de 2029.<\/strong><\/span><\/p>\n<p>&nbsp;<\/p>\n<p><strong>Documentaci\u00f3n a presentar (a trav\u00e9s del portal Fast-It)<\/strong><\/p>\n<ol data-start=\"5117\" data-end=\"6352\" data-is-last-node=\"\" data-is-only-node=\"\">\n<li data-start=\"5117\" data-end=\"5273\">\n<p data-start=\"5120\" data-end=\"5273\"><a href=\"https:\/\/consbahiablanca.esteri.it\/wp-content\/uploads\/2025\/07\/FORMULARIO-ANAGRAFICO.pdf\">Formulario anagr\u00e1fico actualizado<\/a>, completado en todas sus partes y firmado por ambos padres (el campo del Comune puede dejarse vac\u00edo si no se conoce);<\/p>\n<\/li>\n<li data-start=\"5274\" data-end=\"5397\">\n<p data-start=\"5277\" data-end=\"5397\">Copia del <strong>DNI (anverso y reverso) vigente de ambos padres y del\/de los hijo\/s<\/strong> para quienes se presenta la declaraci\u00f3n;<\/p>\n<\/li>\n<li data-start=\"5398\" data-end=\"5935\">\n<p data-start=\"5401\" data-end=\"5935\"><strong>Prueba de <span style=\"text-decoration: underline;\">residencia<\/span><\/strong> en esta circunscripci\u00f3n consular: facturas de servicios (luz, gas, internet, cable), certificados escolares o universitarios, inscripci\u00f3n a obra social o factura mensual, contrato de alquiler a nombre del solicitante, recibos de pago de alquiler, inscripci\u00f3n en colegios profesionales, recibo de sueldo o inscripci\u00f3n en AFIP como aut\u00f3nomo, certificados de ANSES si corresponde.<\/p>\n<\/li>\n<\/ol>\n<p data-start=\"5401\" data-end=\"5935\"><strong data-start=\"5807\" data-end=\"5824\">No se aceptan<\/strong>: licencias de conducir, certificados policiales de domicilio, tasas municipales\/provinciales o de veh\u00edculos (<a href=\"https:\/\/consbahiablanca.esteri.it\/wp-content\/uploads\/2025\/12\/Comprovanti-di-residenza.pdf\">comprovanti di residenza<\/a>)<\/p>\n<p data-start=\"5939\" data-end=\"6022\">4. <strong>Recibo del pago de 250 euros <\/strong>(<u>en el Primer y Segundo Caso s\u00f3lo para solicitudes presentadas hasta el 31 de diciembre de 2025<\/u>), efectuado en beneficio del Ministero dell\u2019Interno (se recuerda que, en caso de efectuar declaraciones por m\u00e1s de un hijo, deber\u00e1 efectuarse un pago por cada hijo menor);<\/p>\n<p data-start=\"5939\" data-end=\"6022\">5. <strong>Acta de nacimiento original del menor, apostillada y traducida al italiano<\/strong>;<\/p>\n<p data-start=\"5939\" data-end=\"6022\">6.<strong data-start=\"6107\" data-end=\"6196\"> Solo para residentes que hayan reconstruido\/obtenido la ciudadan\u00eda en este Consulado:<\/strong>\u00a0<a href=\"https:\/\/consbahiablanca.esteri.it\/wp-content\/uploads\/2025\/06\/dichiarazione-sostitutiva-di-certificazione-facsimile-1.docx\">Declaraci\u00f3n sustitutiva de certificaci\u00f3n<\/a>\u00a0firmada por uno de los padres declarantes, donde se declara ser ciudadano italiano por nacimiento y estar debidamente registrado en este Consulado. <span style=\"text-decoration: underline;\"><strong>Ser\u00e1 verificada<\/strong><\/span> antes de convocar a los padres;<\/p>\n<p data-start=\"5939\" data-end=\"6022\">7.<span style=\"text-decoration: underline;\"><strong data-start=\"6439\" data-end=\"6518\"> Solo para residentes que NO hayan obtenido la ciudadan\u00eda en este Consulado:<\/strong><\/span> <strong>Acta de nacimiento completa o certificado de ciudadan\u00eda que acredite el estatus de ciudadano italiano por nacimiento<\/strong> de uno de los padres, emitido por el Comune o Consulado competente, junto con <strong>documentaci\u00f3n adicional<\/strong> que pruebe la ciudadan\u00eda conforme al art. 3-bis, apartado 1, letras a), a-bis) o b) de la Ley 91\/1992 (por ejemplo: resoluci\u00f3n administrativa anterior al 28\/03\/2025, prueba de turno confirmado antes de esa fecha, sentencia judicial de reconocimiento emitida antes del 28\/03\/2025). En caso de no contar con el acta de nacimiento o con el certificado de ciudadan\u00eda, es posible presentar una <a href=\"https:\/\/consbahiablanca.esteri.it\/wp-content\/uploads\/2025\/06\/dichiarazione-sostitutiva-di-certificazione-facsimile-1.docx\">Declaraci\u00f3n sustitutiva de certificaci\u00f3n<\/a> declarando en qu\u00e9 Sede Consular o Comune fue reconstruida la ciudadan\u00eda;<\/p>\n<p data-start=\"5939\" data-end=\"6022\">8. <span style=\"text-decoration: underline;\">En caso de fallecimiento de uno de los padres:<\/span> <strong>acta de defunci\u00f3n<\/strong>. Si el fallecido es el ciudadano italiano, el acta deber\u00e1 estar traducida al italiano.<\/p>\n<p data-start=\"5939\" data-end=\"6022\">Una vez cargada correctamente toda la documentaci\u00f3n, <strong>la Oficina<\/strong> la analizar\u00e1 y, tras verificar su completitud, <strong>enviar\u00e1 una comunicaci\u00f3n a los solicitantes para que se presenten personalmente en el Consulado para firmar la declaraci\u00f3n<\/strong>.<\/p>\n<p data-start=\"7429\" data-end=\"7614\"><span style=\"text-decoration: underline;\"><strong>Ambos padres deber\u00e1n firmar presencialmente la declaraci\u00f3n de voluntad de adquisici\u00f3n de la ciudadan\u00eda italiana a favor del\/de los hijo\/s menor\/es ante el funcionario consular delegado.<\/strong><\/span><\/p>\n<p data-start=\"7429\" data-end=\"7614\">Si uno de los padres no asiste a la cita, <strong>el procedimiento no se concluir\u00e1 hasta que firme el segundo padre. El menor adquirir\u00e1 la ciudadan\u00eda italiana a partir del d\u00eda siguiente a la segunda declaraci\u00f3n.<\/strong><\/p>\n<p data-start=\"7832\" data-end=\"7979\">En caso de que el menor al 24\/05\/2025 haya cumplido 18 a\u00f1os entre el 25\/05\/2025 y el 31\/05\/2026, <strong>deber\u00e1 presentar personalmente la declaraci\u00f3n<\/strong>.<\/p>\n<p data-start=\"5401\" data-end=\"5935\">\n","protected":false},"excerpt":{"rendered":"Normativa y requisitos En dos casos, previstos por el apartado 1-bis del art\u00edculo 4 de la Ley n. 91\/1992 y por el art\u00edculo 1, apartado 1-ter de la Ley n. 74\/2025, los hijos menores nacidos en el extranjero de un progenitor ciudadano que no transmite autom\u00e1ticamente la ciudadan\u00eda pueden adquirir la ciudadan\u00eda italiana por \u201cbeneficio [&hellip;]","protected":false},"author":5,"featured_media":0,"parent":224,"menu_order":1,"comment_status":"closed","ping_status":"closed","template":"","meta":{"footnotes":""},"class_list":["post-9824","page","type-page","status-publish","hentry"],"_links":{"self":[{"href":"https:\/\/consbahiablanca.esteri.it\/es\/wp-json\/wp\/v2\/pages\/9824","targetHints":{"allow":["GET"]}}],"collection":[{"href":"https:\/\/consbahiablanca.esteri.it\/es\/wp-json\/wp\/v2\/pages"}],"about":[{"href":"https:\/\/consbahiablanca.esteri.it\/es\/wp-json\/wp\/v2\/types\/page"}],"author":[{"embeddable":true,"href":"https:\/\/consbahiablanca.esteri.it\/es\/wp-json\/wp\/v2\/users\/5"}],"replies":[{"embeddable":true,"href":"https:\/\/consbahiablanca.esteri.it\/es\/wp-json\/wp\/v2\/comments?post=9824"}],"version-history":[{"count":7,"href":"https:\/\/consbahiablanca.esteri.it\/es\/wp-json\/wp\/v2\/pages\/9824\/revisions"}],"predecessor-version":[{"id":13100,"href":"https:\/\/consbahiablanca.esteri.it\/es\/wp-json\/wp\/v2\/pages\/9824\/revisions\/13100"}],"up":[{"embeddable":true,"href":"https:\/\/consbahiablanca.esteri.it\/es\/wp-json\/wp\/v2\/pages\/224"}],"wp:attachment":[{"href":"https:\/\/consbahiablanca.esteri.it\/es\/wp-json\/wp\/v2\/media?parent=9824"}],"curies":[{"name":"wp","href":"https:\/\/api.w.org\/{rel}","templated":true}]}}