{"id":9830,"date":"2025-05-27T12:23:42","date_gmt":"2025-05-27T15:23:42","guid":{"rendered":"https:\/\/consbahiablanca.esteri.it\/?page_id=9830"},"modified":"2025-07-25T16:04:18","modified_gmt":"2025-07-25T19:04:18","slug":"acquisto-della-cittadinanza-di-figli-minori-conviventi-con-genitore-non-cittadino-dalla-nascita","status":"publish","type":"page","link":"https:\/\/consbahiablanca.esteri.it\/es\/servizi-consolari-e-visti\/servizi-per-il-cittadino-straniero\/cittadinanza\/acquisto-della-cittadinanza-di-figli-minori-conviventi-con-genitore-non-cittadino-dalla-nascita\/","title":{"rendered":"Adquisici\u00f3n de la ciudadan\u00eda por parte de hijos menores que conviven con un progenitor no ciudadano desde el nacimiento"},"content":{"rendered":"<p data-start=\"61\" data-end=\"581\">El art\u00edculo 14 de la Ley n.\u00ba 91\/1992, modificado por el Decreto-Ley n.\u00ba 36\/2025, tal como fue convertido en la Ley n.\u00ba 74\/2025, establece que, para adquirir la ciudadan\u00eda por esta v\u00eda, <strong>el hijo de ciudadanos italianos no desde el nacimiento debe haber estado legalmente residenciado en Italia durante al menos dos a\u00f1os continuos al momento de la adquisici\u00f3n o readquisici\u00f3n de la ciudadan\u00eda italiana por parte del progenitor<\/strong> (si el hijo tiene menos de dos a\u00f1os, debe haber residido en Italia desde su nacimiento).<\/p>\n<p data-start=\"583\" data-end=\"601\">Se especifica que:<\/p>\n<ul data-start=\"603\" data-end=\"1821\">\n<li data-start=\"603\" data-end=\"1051\">\n<p data-start=\"605\" data-end=\"1051\">En caso de que el tr\u00e1mite de reconocimiento de la ciudadan\u00eda <em data-start=\"666\" data-end=\"687\">iure communicatione<\/em> se encuadre, por la forma de presentaci\u00f3n, dentro de las excepciones previstas en las letras a), a-bis) o b) del art\u00edculo 3-bis de la Ley n.\u00ba 91\/1992 (es decir, solicitud \u2014administrativa o judicial\u2014 presentada hasta el 27 de marzo de 2025, o solicitud presentada en el marco de una cita fijada hasta el 27 de marzo de 2025), se aplicar\u00e1 la normativa anterior.<\/p>\n<\/li>\n<li data-start=\"1053\" data-end=\"1365\">\n<p data-start=\"1055\" data-end=\"1365\">Si el tr\u00e1mite de reconocimiento de la ciudadan\u00eda <em data-start=\"1104\" data-end=\"1125\">iure communicatione<\/em> ha sido presentado a partir del 28 de marzo de 2025, es necesario que el progenitor que transmite la ciudadan\u00eda sea exclusivamente ciudadano italiano o que haya residido en Italia durante dos a\u00f1os antes del nacimiento del hijo.<\/p>\n<\/li>\n<li data-start=\"1367\" data-end=\"1821\">\n<p data-start=\"1369\" data-end=\"1821\">Si <strong>la adquisici\u00f3n o readquisici\u00f3n de la ciudadan\u00eda por parte del progenitor ocurre a partir del 24 de mayo de 2025<\/strong>, el hijo que conviva con el progenitor que adquiere o readquiere la ciudadan\u00eda italiana debe haber residido en Italia durante al menos dos a\u00f1os antes de la naturalizaci\u00f3n del progenitor. <strong>En este caso, la competencia para verificar la adquisici\u00f3n de la ciudadan\u00eda por parte del menor ser\u00e1 de la Comuna italiana de residencia<\/strong>.<\/p>\n<\/li>\n<\/ul>\n","protected":false},"excerpt":{"rendered":"El art\u00edculo 14 de la Ley n.\u00ba 91\/1992, modificado por el Decreto-Ley n.\u00ba 36\/2025, tal como fue convertido en la Ley n.\u00ba 74\/2025, establece que, para adquirir la ciudadan\u00eda por esta v\u00eda, el hijo de ciudadanos italianos no desde el nacimiento debe haber estado legalmente residenciado en Italia durante al menos dos a\u00f1os continuos al [&hellip;]","protected":false},"author":5,"featured_media":0,"parent":224,"menu_order":2,"comment_status":"closed","ping_status":"closed","template":"","meta":{"footnotes":""},"class_list":["post-9830","page","type-page","status-publish","hentry"],"_links":{"self":[{"href":"https:\/\/consbahiablanca.esteri.it\/es\/wp-json\/wp\/v2\/pages\/9830","targetHints":{"allow":["GET"]}}],"collection":[{"href":"https:\/\/consbahiablanca.esteri.it\/es\/wp-json\/wp\/v2\/pages"}],"about":[{"href":"https:\/\/consbahiablanca.esteri.it\/es\/wp-json\/wp\/v2\/types\/page"}],"author":[{"embeddable":true,"href":"https:\/\/consbahiablanca.esteri.it\/es\/wp-json\/wp\/v2\/users\/5"}],"replies":[{"embeddable":true,"href":"https:\/\/consbahiablanca.esteri.it\/es\/wp-json\/wp\/v2\/comments?post=9830"}],"version-history":[{"count":4,"href":"https:\/\/consbahiablanca.esteri.it\/es\/wp-json\/wp\/v2\/pages\/9830\/revisions"}],"predecessor-version":[{"id":10279,"href":"https:\/\/consbahiablanca.esteri.it\/es\/wp-json\/wp\/v2\/pages\/9830\/revisions\/10279"}],"up":[{"embeddable":true,"href":"https:\/\/consbahiablanca.esteri.it\/es\/wp-json\/wp\/v2\/pages\/224"}],"wp:attachment":[{"href":"https:\/\/consbahiablanca.esteri.it\/es\/wp-json\/wp\/v2\/media?parent=9830"}],"curies":[{"name":"wp","href":"https:\/\/api.w.org\/{rel}","templated":true}]}}