{"id":10756,"date":"2025-08-22T13:20:32","date_gmt":"2025-08-22T16:20:32","guid":{"rendered":"https:\/\/consbahiablanca.esteri.it\/?page_id=10756"},"modified":"2025-08-22T13:27:09","modified_gmt":"2025-08-22T16:27:09","slug":"dichiarazione-di-valore-titoli-di-studio","status":"publish","type":"page","link":"https:\/\/consbahiablanca.esteri.it\/it\/servizi-consolari-e-visti\/servizi-per-il-cittadino-straniero\/dichiarazione-di-valore-titoli-di-studio\/","title":{"rendered":"Dichiarazione di valore titoli di studio"},"content":{"rendered":"<p><strong>La Dichiarazione di Valore deve essere richiesta presso il Consolato territorialmente competente<\/strong>, ovvero nel territorio in cui \u00e8 stato rilasciato il titolo di studio (vedi Circoscrizione Consolare di Bah\u00eda Blanca:<br \/>\n<a href=\"https:\/\/consbahiablanca.esteri.it\/consolato_bahiablanca\/es\/il_consolato\/la_rete_consolare\/la-rete-consolare.html\">https:\/\/consbahiablanca.esteri.it\/consolato_bahiablanca\/es\/il_consolato\/la_rete_consolare\/la-rete-consolare.html<\/a>).<\/p>\n<p>\u00c8 importante chiarire che\u00a0<strong>la Dichiarazione di Valore non implica alcun riconoscimento, equipollenza o omologazione del titolo di studio cui si fa riferimento; si tratta di un documento di natura esclusivamente informativa<\/strong>, la cui unica finalit\u00e0 \u00e8 descrivere il valore acquisito dal titolo di studio nel Paese d\u2019origine. Il riconoscimento o l\u2019equipollenza dei titoli sono di competenza delle specifiche Autorit\u00e0 italiane.<\/p>\n<p>Il titolo deve essere stato rilasciato all\u2019interno della Circoscrizione Consolare di Bah\u00eda Blanca e deve riportare la media finale.<\/p>\n<p>\u00c8 necessario presentare la seguente documentazione:<\/p>\n<p><strong>Nel caso di titolo di scuola secondaria:<\/strong><\/p>\n<ul>\n<li>Titolo e certificato analitico originale con Apostilla dell\u2019Aia (Ministero delle Relazioni Estere, Commercio Internazionale e Culto) e relativa traduzione effettuata da un traduttore pubblico iscritto all\u2019albo. (\u00c8 possibile consultare un elenco di traduttori con firma registrata presso questo Consolato al seguente link: <a href=\"https:\/\/consbahiablanca.esteri.it\/it\/servizi-consolari-e-visti\/servizi-per-il-cittadino-straniero\/traduzione-e-legalizzazione-dei-documenti\/\">Traduzione e legalizzazione dei documenti \u2013 Consolato Generale d&#8217;Italia Bahia Blanca<\/a>. Come indicato nel link, la firma del traduttore deve essere legalizzata dal Collegio dei Traduttori competente e successivamente apostillata.)<\/li>\n<li>Una copia del documento d\u2019identit\u00e0 (DNI) del\/della richiedente;<\/li>\n<li>Modulo <a href=\"https:\/\/consbahiablanca.esteri.it\/wp-content\/uploads\/2025\/05\/MODULO-RICHIESTA-POLISPORTELLO-aggiornato-2025.pdf\">Polisportello<\/a>, compilato con i propri dati personali, datato e firmato in originale;<\/li>\n<li>La ricevuta di pagamento per la Dichiarazione di Valore (consultare gli importi aggiornati e le modalit\u00e0 di pagamento dell\u2019Art. 66 al seguente link:<br \/>\n<a href=\"https:\/\/consbahiablanca.esteri.it\/consolato_bahiablanca\/it\/i_servizi\/per_i_cittadini\/tariffe-consolari.html\">https:\/\/consbahiablanca.esteri.it\/consolato_bahiablanca\/it\/i_servizi\/per_i_cittadini\/tariffe-consolari.html<\/a>).<br \/>\n<strong>Attenzione: NON effettuare il pagamento fino a quando non verr\u00e0 confermata l\u2019assegnazione dell\u2019appuntamento e inviate le indicazioni pertinenti.<\/strong><\/li>\n<\/ul>\n<p><strong>Nel caso di titolo universitario \/ terziario o titolo di specializzazione post-secondaria (di durata biennale o triennale):<\/strong><\/p>\n<p>E\u2019 necessario che l\u2019interessato si informi direttamente con l\u2019istituzione italiana che chiede la dichiarazione di valore se ha bisogno anche della dichiarazione di valore del titolo secondario, oppure se ha bisogno solo della dichiarazione di valore di livello universitario\/terziario o titolo di specializzazione post-secondaria (di durata biennale o triennale). Questa Sede non \u00e8 responsabile per eventuali richieste in Italia di dichiarazioni di valore integrative.<\/p>\n<ul>\n<li>Titolo e certificato analitico originale con Apostilla dell\u2019Aia (Ministero delle Relazioni Estere e Culto) e relativa traduzione effettuata da un traduttore pubblico iscritto all\u2019albo (come sopra indicato);<\/li>\n<li>Una copia del documento d\u2019identit\u00e0 (DNI) del\/della richiedente;<\/li>\n<li><strong>Programmi di studio<\/strong>\u00a0del corso\/laurea per ogni materia (timbro e numerazione dell\u2019Istituzione competente) \u2013\u00a0<strong>non \u00e8 necessaria n\u00e9 legalizzazione n\u00e9 traduzione<\/strong>;<\/li>\n<li><strong>Certificazione originale su carta intestata<\/strong>\u00a0rilasciata dall\u2019Universit\u00e0\/Istituto, che indichi gli anni previsti di studio per il conseguimento del titolo, l\u2019anno di inizio e quello di fine corso \u2013\u00a0<strong>non \u00e8 necessaria n\u00e9 legalizzazione n\u00e9 traduzione<\/strong>;<\/li>\n<li><strong>Certificazione originale su carta intestata<\/strong>\u00a0dell\u2019Universit\u00e0\/Istituto, che specifichi il valore legale del titolo ottenuto e la risoluzione del piano di studi \u2013\u00a0<strong>non \u00e8 necessaria n\u00e9 legalizzazione n\u00e9 traduzione<\/strong>;<\/li>\n<li>In caso di titoli post-secondari\u00a0<strong>(non universitari)<\/strong>\u00a0rilasciati da istituzioni private, \u00e8 necessario presentare una copia della risoluzione ministeriale argentina che ne riconosca la validit\u00e0 \u2013\u00a0non serve legalizzazione n\u00e9 traduzione;<\/li>\n<li>Se la Dichiarazione di Valore \u00e8 richiesta per ottenere il riconoscimento professionale o accademico in Italia, \u00e8 necessario presentare\u00a0<strong>una certificazione rilasciata dall\u2019Autorit\u00e0 competente<\/strong>\u00a0in cui risulti l\u2019iscrizione all\u2019Albo professionale e il relativo numero di registrazione, in originale, con Apostilla dell\u2019Aia e traduzione in italiano da parte di traduttore pubblico (valgono le stesse regole sopra riportate);<\/li>\n<li>Modulo <a href=\"https:\/\/consbahiablanca.esteri.it\/wp-content\/uploads\/2025\/05\/MODULO-RICHIESTA-POLISPORTELLO-aggiornato-2025.pdf\">Polisportello<\/a>\u00a0compilato con i propri dati personali, datato e firmato in originale;<\/li>\n<li>La ricevuta di pagamento per la Dichiarazione di Valore (consultare tariffe e modalit\u00e0 all\u2019Art. 66:\u00a0<a href=\"https:\/\/consbahiablanca.esteri.it\/consolato_bahiablanca\/it\/i_servizi\/per_i_cittadini\/tariffe-consolari.html\">tariffe consolari<\/a>).<br \/>\n<strong>Attenzione: NON effettuare il pagamento fino a quando non verr\u00e0 confermata l\u2019assegnazione dell\u2019appuntamento.<\/strong><\/li>\n<\/ul>\n<p><strong>La documentazione deve essere inviata e presentata presso il Consolato nell\u2019ordine indicato.<\/strong><\/p>\n<p>Al momento dell\u2019invio della scansione,\u00a0<strong>\u00e8 necessario indicare nel testo dell\u2019e-mail:<\/strong><\/p>\n<ol>\n<li>Denominazione del titolo per il quale si richiede la Dichiarazione di Valore. In caso di titolo universitario o superiore, indicare la\u00a0<strong>durata legale del corso<\/strong>;<\/li>\n<li>In caso di titolo universitario, specificare\u00a0<strong>gli studi che hanno dato accesso all\u2019universit\u00e0<\/strong>: scuola primaria, secondaria, terziaria, studi all\u2019estero, ecc. Indicare\u00a0<strong>quale istituzione ha rilasciato il titolo di accesso<\/strong>;<\/li>\n<li><strong>Motivo per cui si richiede la Dichiarazione di Valore<\/strong>: prosecuzione degli studi, omologazione o riconoscimento del titolo per fini lavorativi o professionali.<\/li>\n<\/ol>\n<p><strong>Nota:<\/strong>\u00a0la procedura \u00e8\u00a0<strong>gratuita<\/strong>\u00a0in caso di motivazioni di studio documentate (ad esempio, lettera di accettazione dell\u2019universit\u00e0, iscrizione, e-mail formale dell\u2019universit\u00e0 che richiede la Dichiarazione di Valore, ecc.).<\/p>\n<p>La documentazione pu\u00f2 essere presentata anche da un\u2019altra persona,\u00a0<strong>purch\u00e9 munita di delega firmata dal\/dalla richiedente<\/strong>.<\/p>\n<p>\u00c8 necessario\u00a0<strong>inviare preventivamente<\/strong>\u00a0copia della documentazione via e-mail per verifica a questo stesso indirizzo,\u00a0<strong>preferibilmente in formato PDF<\/strong>.<br \/>\n(<strong>IMPORTANTE<\/strong>:\u00a0<strong>non<\/strong>\u00a0\u00e8 possibile aprire link di Google Drive o simili.)<br \/>\nUna volta effettuata la verifica, verr\u00e0 assegnato un appuntamento per la presentazione degli originali.<\/p>\n<p><strong>Importante:<\/strong>\u00a0il rilascio della Dichiarazione di Valore richiede\u00a0<strong>7 giorni<\/strong>\u00a0lavorativi dalla ricezione della documentazione originale.<\/p>\n<p><strong>In assenza della documentazione sopra elencata, il Consolato Generale NON potr\u00e0 rilasciare la Dichiarazione di Valore.<\/strong><\/p>\n<p>L\u2019indirizzo e-mail da utilizzare per il servizio \u201cDichiarazione di Valore\u201d \u00e8:\u00a0<strong><a href=\"mailto:notarile.bahiablanca@esteri.it\">notarile.bahiablanca@esteri.it<\/a><\/strong><\/p>\n","protected":false},"excerpt":{"rendered":"La Dichiarazione di Valore deve essere richiesta presso il Consolato territorialmente competente, ovvero nel territorio in cui \u00e8 stato rilasciato il titolo di studio (vedi Circoscrizione Consolare di Bah\u00eda Blanca: https:\/\/consbahiablanca.esteri.it\/consolato_bahiablanca\/es\/il_consolato\/la_rete_consolare\/la-rete-consolare.html). \u00c8 importante chiarire che\u00a0la Dichiarazione di Valore non implica alcun riconoscimento, equipollenza o omologazione del titolo di studio cui si fa riferimento; si tratta [&hellip;]","protected":false},"author":5,"featured_media":0,"parent":62,"menu_order":10,"comment_status":"closed","ping_status":"closed","template":"","meta":{"footnotes":""},"class_list":["post-10756","page","type-page","status-publish","hentry"],"_links":{"self":[{"href":"https:\/\/consbahiablanca.esteri.it\/it\/wp-json\/wp\/v2\/pages\/10756","targetHints":{"allow":["GET"]}}],"collection":[{"href":"https:\/\/consbahiablanca.esteri.it\/it\/wp-json\/wp\/v2\/pages"}],"about":[{"href":"https:\/\/consbahiablanca.esteri.it\/it\/wp-json\/wp\/v2\/types\/page"}],"author":[{"embeddable":true,"href":"https:\/\/consbahiablanca.esteri.it\/it\/wp-json\/wp\/v2\/users\/5"}],"replies":[{"embeddable":true,"href":"https:\/\/consbahiablanca.esteri.it\/it\/wp-json\/wp\/v2\/comments?post=10756"}],"version-history":[{"count":3,"href":"https:\/\/consbahiablanca.esteri.it\/it\/wp-json\/wp\/v2\/pages\/10756\/revisions"}],"predecessor-version":[{"id":10767,"href":"https:\/\/consbahiablanca.esteri.it\/it\/wp-json\/wp\/v2\/pages\/10756\/revisions\/10767"}],"up":[{"embeddable":true,"href":"https:\/\/consbahiablanca.esteri.it\/it\/wp-json\/wp\/v2\/pages\/62"}],"wp:attachment":[{"href":"https:\/\/consbahiablanca.esteri.it\/it\/wp-json\/wp\/v2\/media?parent=10756"}],"curies":[{"name":"wp","href":"https:\/\/api.w.org\/{rel}","templated":true}]}}