{"id":304,"date":"2023-05-24T17:39:04","date_gmt":"2023-05-24T15:39:04","guid":{"rendered":"https:\/\/consbahiablanca.esteri.it\/?page_id=304"},"modified":"2025-02-28T12:48:03","modified_gmt":"2025-02-28T15:48:03","slug":"cambio-di-residenza","status":"publish","type":"page","link":"https:\/\/consbahiablanca.esteri.it\/it\/servizi-consolari-e-visti\/servizi-per-il-cittadino-italiano\/anagrafe-degli-italiani-residenti-allestero-aire\/cambio-di-residenza\/","title":{"rendered":"Cambio di residenza"},"content":{"rendered":"<p>I cittadini iscritti all&#8217;A.I.R.E. devono mantenere aggiornata la propria posizione anagrafica, comunicando tempestivamente all&#8217;Ufficio Consolare competente qualsiasi variazione della residenza all&#8217;estero.<\/p>\n<p>La comunicazione deve essere effettuata <strong>esclusivamente on-line<\/strong>, tramite il portale <a href=\"https:\/\/serviziconsolarionline.esteri.it\/ScoFE\/index.sco\"><strong><i>Fast It<\/i><\/strong><\/a><i> <\/i>dei Servizi Consolari Online.<\/p>\n<p><strong>IMPORTANTE:<\/strong> Ogni cittadino italiano maggiorenne dovr\u00e0 presentare la propria richiesta individuale intestata a proprio nome. Si precisa che anche se riportato nel modulo il nome del coniuge convivente, quest&#8217;ultimo\/a dovr\u00e0 a sua volta procedere individualmente con analoga richiesta e documentazione.<\/p>\n<ul>\n<li>fotocopia del D.N.I. con indirizzo aggiornato di tutti i familiari conviventi;<\/li>\n<li>documentazione comprovante l\u2019effettiva residenza (fattura di un&#8217;utenza domestica a proprio nome: luce, gas, tel. fisso, assicurazione sanitaria, TV via cavo, Internet, ricevuta dello stipendio, affitto, ecc). Non si accettano fatture dell\u2019acqua o cellulari n\u00e9 tasse o certificati rilasciati dalla Polizia.<\/li>\n<\/ul>\n<p>Prima di avviare la procedura on-line, si consiglia di disporre dei seguenti documenti da allegare (scansionati in .pdf) e di leggere le relative istruzioni.<\/p>\n<p><strong>DOCUMENTAZIONE DA ALLEGARE<\/strong><\/p>\n<p><strong>ALLEGATO 1<\/strong><\/p>\n<ul>\n<li>Modulo debitamente <strong>compilato e sottoscritto a mano<\/strong> (non si accettano firme digitali o firme create con un computer). Il modulo si crea on-line dalla piattaforma durante la richiesta. L&#8217;utente lo deve scaricare, stampare, sottoscrivere e scansionare.<\/li>\n<li>Se sulla dichiarazione risultano minori con cittadinanza italiana, l&#8217;altro genitore no cittadino UE dovr\u00e0 presentare il relativo <a href=\"https:\/\/consbahiablanca.esteri.it\/wp-content\/uploads\/2023\/09\/assenso_iscrizione-variazione_aire.docx\">assenso<\/a> per l&#8217;aggiornamento dell&#8217;indirizzo dei minori, firmando davanti ad un notaio pubblico, solo nel caso in cui i genitori <strong>NON<\/strong> siano sposati e non convivano (indirizzo diverso sul DNI).<\/li>\n<li>Questo assenso deve essere presentato in originale, inviandolo per posta o consegnandolo personalmente (casella della posta o guardia in portineria) in Consolato, in una busta indirizzata all&#8217;ufficio AIRE; oppure, presentandolo presso un&#8217;ufficio della <a href=\"https:\/\/consbahiablanca.esteri.it\/it\/chi-siamo\/la-rete-consolare\/\">Rete Consolare Onoraria della Circoscrizione<\/a>.<\/li>\n<li>Invece, se l&#8217;altro genitore \u00e8 cittadino UE non convivente, dovr\u00e0 compilare e firmare il formulario di <a href=\"https:\/\/consbahiablanca.esteri.it\/wp-content\/uploads\/2025\/02\/modello_unico_-_aggiornamento_-_iscrizione_aire_sc-aire.doc\">Modello unico aggiornamento iscrizione AIRE<\/a>\u00a0e questo dovr\u00e0 essere allegato alla richiesta in <a href=\"https:\/\/serviziconsolari.esteri.it\/ScoFE\/index.sco\">Fast It<\/a>.<\/li>\n<li>Se il formulario \u00e8 incompleto o le informazioni non sono corrette, la richiesta sar\u00e0 rifiutata e si dovr\u00e0 presentarne una nuova.<\/li>\n<\/ul>\n<p><strong>ALLEGATO 2<\/strong><\/p>\n<ul>\n<li>Copia dei documenti d\u2019identit\u00e0 DNI in corso di validit\u00e0 di tutti i membri della famiglia conviventi dichiarati, fronte e retro.<\/li>\n<\/ul>\n<p><strong>ALLEGATO 3<\/strong><\/p>\n<ul>\n<li><a href=\"https:\/\/consbahiablanca.esteri.it\/wp-content\/uploads\/2023\/09\/comprovanti_di_residenza.aire_.doc\">Prova di residenza<\/a>: recente (massimo tre mesi) a nome del richiedente maggiorenne, comprovante la residenza nella circoscrizione consolare. Deve recare nell\u2019intestazione il nome e l\u2019indirizzo dell\u2019interessato. Nel caso di persone coniugate, sar\u00e0 accettata la prova di residenza del coniuge, a patto che il Consolato sia in possesso dell\u2019atto di matrimonio. Se non si \u00e8 in possesso di una prova di residenza intestata al richiedente\/coniuge, <span style=\"text-decoration: underline;\"><strong>non sar\u00e0 possibile richiedere l\u2019iscrizione AIRE<\/strong><\/span>.<\/li>\n<\/ul>\n<p><strong>ALLEGATO 4 (obbligatorio solo per chi ha chiesto il riconoscimento della cittadinanza in Italia e chiede l&#8217;iscrizione AIRE per la prima volta)<\/strong><\/p>\n<p>Documenti italiani: passaporto, carta d\u2019identit\u00e0, estratto dell\u2019atto di nascita, estremi di trascrizione dell\u2019atto, Decreto di concessione cittadinanza, etc.<\/p>\n<p><strong>IMPORTANTE: chi abbia richiesto la cittadinanza italiana <em>iure sanguinis<\/em> tramite Sentenza giudiziaria in Italia e si iscrivono su AIRE per la prima volta<\/strong>, oltre agli allegati menzionati che si devono presentare tramite FastIt, dovranno presentare la copia autentica della Sentenza, inviandola tramite posta tradizionale o consegnandola personalmente (casella della posta o guardia in portineria) in Consolato; oppure presentandolo presso uno degli Uffici dipendenti della Rete Consolare Onoraria della circoscrizione. In alternativa, l&#8217;avvocato dovr\u00e0 inviare la Sentenza tramite PEC con firma digitale.<\/p>\n<p>Se gli atti si trovano nelle mani del richiedente (sono stati restituiti dall&#8217;avvocato), dovranno essere presentati in originale in Consolato per poter trasmettergli al Comune italiano competente.<\/p>\n<p>Se invece gli atti sono stati inviati dall&#8217;avvocato al Comune competente per la trascizione, si dovr\u00e0 presentare copia dell&#8217;estratto dell&#8217;atto di nascita.<\/p>\n<p><strong>Istruzioni operative<\/strong><\/p>\n<p><strong>IMPORTANTE: <\/strong>se lei viene da un&#8217;altra circoscrizione ed ha gi\u00e0 un utente sul portale FAST IT, tramite il quale visualizza la sua scheda con le informazioni registrate nella sede precedente, dovr\u00e0 richiedere il servizio &#8220;Comunicare un cambio di indirizzo&#8221; e seguire il punto 6 delle istruzioni operative. Se invece NON visualizza la scheda della sede precedente, dovr\u00e0 cancellare l&#8217;utente attuale e crearne uno nuovo (pu\u00f2 utilizzare la stessa casella di posta elettronica e la stessa password, se preferisce), dichiarando l&#8217;indirizzo in questa circoscrizione e seguendo le istruzioni riportate di seguito.<\/p>\n<p>1. Registrarsi come utente su <a href=\"https:\/\/serviziconsolarionline.esteri.it\/ScoFE\/index.sco\"><strong><i>Fast It<\/i><\/strong><\/a>.<\/p>\n<p>2. Attivare l\u2019account.<\/p>\n<p>3. Accedere al portale.<\/p>\n<p>4. Cliccare su <em>Anagrafe consolare e AIRE<\/em>.<\/p>\n<p>5. Cliccare su <em>Comunicare la variazione della propria residenza<\/em>.<\/p>\n<p>6. Compilare tutti i campi richiesti.<\/p>\n<p>7. Allegare la documentazione richiesta (ALLEGATI 1, 2, 3 e 4) ed inviare la comunicazione.<\/p>\n<p>8. Attendere e-mail di conferma da parte del Consolato.<\/p>\n<p><strong>IMPORTANTE<\/strong>: il portale FAST IT consente di inviare risposte per mail all&#8217;utente; queste sono unidirezionali e si utilizzano al fine di comunicare possibili rifiuti o problemi con i documenti presentati. <strong>NON si dar\u00e0 risposta ad eventuali conversazioni iniziate tramite il portale.<\/strong><\/p>\n<p>L&#8217;interessato potr\u00e0 accedere ad altri servizi consolari quando avr\u00e0 ricevuto via e-mail conferma da parte dell&#8217;Ufficio di Anagrafe del Consolato di conclusione della procedura (indipendentemente dello stato della procedura sul portale FAST IT) oppure quando lo stato della procedura sul portale sia &#8220;Inviato al Comune&#8221;.<\/p>\n<p>Si ricorda che il termine massimo di legge per la lavorazione delle pratiche di iscrizione\/aggiornamento AIRE \u00e8 di <strong>180 giorni<\/strong> a partire dalla presentazione della domanda completa di tutti i documenti necessari.<\/p>\n<p>La richiesta non si intende automaticamente accettata: verr\u00e0 comunicato in tempo reale lo stato di avanzamento della richiesta e sar\u00e0 segnalato il suo completamento mediante una comunicazione direttamente inviata all\u2019interessato via e-mail (stato finale della procedura &#8220;Inviato al Comune&#8221;).<\/p>\n<p>Qualora la domanda risultasse incompleta, la richiesta di documenti integrativi e di eventuali ulteriori informazioni verr\u00e0 effettuata direttamente agli interessati, e si dovr\u00e0 presentare una nuova domanda.<\/p>\n<p><strong>IMPORTANTE: <\/strong>lo stato &#8220;Non iscritto&#8221;, nella sezione &#8220;AIRE&#8221;, potrebbe non riflettere completamente la situazione reale. Questo \u00e8 valido, in particolare, per chi non ha inviato la richiesta di iscrizione tramite il portale dei Servizi Consolari.<\/p>\n<p><strong>IMPORTANTE:<\/strong> Si informa che il numero PIN richiamato nel portale Fast It non \u00e8 necessario per comunicare la variazione della propria residenza. Si precisa inoltre che le funzioni del portale che necessitano del PIN non sono ancora abilitate. Non appena questo servizio sar\u00e0 reso disponibile, l\u2019informazione verr\u00e0 pubblicata sulla pagina web del Consolato.<\/p>\n","protected":false},"excerpt":{"rendered":"I cittadini iscritti all&#8217;A.I.R.E. devono mantenere aggiornata la propria posizione anagrafica, comunicando tempestivamente all&#8217;Ufficio Consolare competente qualsiasi variazione della residenza all&#8217;estero. La comunicazione deve essere effettuata esclusivamente on-line, tramite il portale Fast It dei Servizi Consolari Online. IMPORTANTE: Ogni cittadino italiano maggiorenne dovr\u00e0 presentare la propria richiesta individuale intestata a proprio nome. Si precisa che [&hellip;]","protected":false},"author":3,"featured_media":0,"parent":85,"menu_order":20,"comment_status":"closed","ping_status":"closed","template":"","meta":{"footnotes":""},"class_list":["post-304","page","type-page","status-publish","hentry"],"_links":{"self":[{"href":"https:\/\/consbahiablanca.esteri.it\/it\/wp-json\/wp\/v2\/pages\/304","targetHints":{"allow":["GET"]}}],"collection":[{"href":"https:\/\/consbahiablanca.esteri.it\/it\/wp-json\/wp\/v2\/pages"}],"about":[{"href":"https:\/\/consbahiablanca.esteri.it\/it\/wp-json\/wp\/v2\/types\/page"}],"author":[{"embeddable":true,"href":"https:\/\/consbahiablanca.esteri.it\/it\/wp-json\/wp\/v2\/users\/3"}],"replies":[{"embeddable":true,"href":"https:\/\/consbahiablanca.esteri.it\/it\/wp-json\/wp\/v2\/comments?post=304"}],"version-history":[{"count":6,"href":"https:\/\/consbahiablanca.esteri.it\/it\/wp-json\/wp\/v2\/pages\/304\/revisions"}],"predecessor-version":[{"id":8828,"href":"https:\/\/consbahiablanca.esteri.it\/it\/wp-json\/wp\/v2\/pages\/304\/revisions\/8828"}],"up":[{"embeddable":true,"href":"https:\/\/consbahiablanca.esteri.it\/it\/wp-json\/wp\/v2\/pages\/85"}],"wp:attachment":[{"href":"https:\/\/consbahiablanca.esteri.it\/it\/wp-json\/wp\/v2\/media?parent=304"}],"curies":[{"name":"wp","href":"https:\/\/api.w.org\/{rel}","templated":true}]}}