{"id":317,"date":"2023-05-24T17:57:33","date_gmt":"2023-05-24T15:57:33","guid":{"rendered":"https:\/\/consbahiablanca.esteri.it\/?page_id=317"},"modified":"2024-11-19T13:01:24","modified_gmt":"2024-11-19T16:01:24","slug":"matrimonio","status":"publish","type":"page","link":"https:\/\/consbahiablanca.esteri.it\/it\/servizi-consolari-e-visti\/servizi-per-il-cittadino-italiano\/stato-civile\/matrimonio\/","title":{"rendered":"Matrimonio"},"content":{"rendered":"<p><strong>Perch\u00e9 il matrimonio celebrato all&#8217;estero abbia valore in Italia, deve essere trascritto nella Comuna italiana competente.<\/strong><\/p>\n<p>Per registrare il matrimonio, \u00e8 necessario presentare:<\/p>\n<ul>\n<li>Modulo di aggiornamento dati \u201c<a href=\"https:\/\/consbahiablanca.esteri.it\/wp-content\/uploads\/2023\/09\/MODELLO-UNICO-AGGIORNAMENTO-ISCRIZIONE-AIRE-SC.pdf\"><i>Modello Unico di iscrizione\/aggiornamento AIRE<\/i><\/a>\u201d completo in tutte le sue parti, indicando i figli minorenni, senza lasciare caselle vuote, datato e firmato.<\/li>\n<li>Atto di matrimonio in originale (non certificato), emesso dal Registro Civile, con traduzione integrale in italiano.<\/li>\n<\/ul>\n<p><strong>Prove di residenza<\/strong><br \/>\nFotocopia del documento d&#8217;identit\u00e0 dei membri del nucleo familiare con indirizzo aggiornato.<br \/>\nIn base alle disposizioni dell&#8217;articolo 3 del Decreto Legislativo 223\/2012, i cittadini italiani all&#8217;estero devono allegare alla richiesta di iscrizione\/variazione nell&#8217;AIRE (Anagrafe degli Italiani Residenti all&#8217;Estero) documentazione che permetta di comprovare la residenza.<\/p>\n<p>\u00c8 possibile presentare:<\/p>\n<ul>\n<li>Bollette dei servizi residenziali (luce, gas, telefono fisso, TV via cavo, internet).<\/li>\n<li>Busta paga, certificato di lavoro rilasciato dal datore di lavoro o attestato di iscrizione come monotributista \u2013 solo nel caso di lavoratore autonomo.<\/li>\n<li>Certificato o attestato di affiliazione a un ente previdenziale (o bolletta mensile).<\/li>\n<li>Contratto di locazione.<\/li>\n<li>Certificato di studente regolare.<\/li>\n<\/ul>\n<p>Non sono accettati: imposte, certificati di polizia, bollette dell\u2019acqua, bollette di telefonia mobile o assicurazioni.<\/p>\n<p>Se \u00e8 divorziato, non \u00e8 sufficiente presentare l&#8217;atto di matrimonio con l&#8217;annotazione marginale. \u00c8 necessario presentare la sentenza completa; consultare le istruzioni nella sezione Trasmissione della sentenza di divorzio.<\/p>\n<p><strong>IMPORTANTE:<\/strong> tutti i matrimoni contratti devono essere trasmessi in Italia; non \u00e8 possibile trasmettere un matrimonio se non sono stati registrati i matrimoni precedenti e le sentenze di divorzio corrispondenti.<\/p>\n","protected":false},"excerpt":{"rendered":"Perch\u00e9 il matrimonio celebrato all&#8217;estero abbia valore in Italia, deve essere trascritto nella Comuna italiana competente. Per registrare il matrimonio, \u00e8 necessario presentare: Modulo di aggiornamento dati \u201cModello Unico di iscrizione\/aggiornamento AIRE\u201d completo in tutte le sue parti, indicando i figli minorenni, senza lasciare caselle vuote, datato e firmato. Atto di matrimonio in originale (non [&hellip;]","protected":false},"author":3,"featured_media":0,"parent":86,"menu_order":10,"comment_status":"closed","ping_status":"closed","template":"","meta":{"footnotes":""},"class_list":["post-317","page","type-page","status-publish","hentry"],"_links":{"self":[{"href":"https:\/\/consbahiablanca.esteri.it\/it\/wp-json\/wp\/v2\/pages\/317","targetHints":{"allow":["GET"]}}],"collection":[{"href":"https:\/\/consbahiablanca.esteri.it\/it\/wp-json\/wp\/v2\/pages"}],"about":[{"href":"https:\/\/consbahiablanca.esteri.it\/it\/wp-json\/wp\/v2\/types\/page"}],"author":[{"embeddable":true,"href":"https:\/\/consbahiablanca.esteri.it\/it\/wp-json\/wp\/v2\/users\/3"}],"replies":[{"embeddable":true,"href":"https:\/\/consbahiablanca.esteri.it\/it\/wp-json\/wp\/v2\/comments?post=317"}],"version-history":[{"count":4,"href":"https:\/\/consbahiablanca.esteri.it\/it\/wp-json\/wp\/v2\/pages\/317\/revisions"}],"predecessor-version":[{"id":6123,"href":"https:\/\/consbahiablanca.esteri.it\/it\/wp-json\/wp\/v2\/pages\/317\/revisions\/6123"}],"up":[{"embeddable":true,"href":"https:\/\/consbahiablanca.esteri.it\/it\/wp-json\/wp\/v2\/pages\/86"}],"wp:attachment":[{"href":"https:\/\/consbahiablanca.esteri.it\/it\/wp-json\/wp\/v2\/media?parent=317"}],"curies":[{"name":"wp","href":"https:\/\/api.w.org\/{rel}","templated":true}]}}