{"id":319,"date":"2023-05-24T17:58:49","date_gmt":"2023-05-24T15:58:49","guid":{"rendered":"https:\/\/consbahiablanca.esteri.it\/?page_id=319"},"modified":"2024-09-23T12:59:31","modified_gmt":"2024-09-23T15:59:31","slug":"unione-civile","status":"publish","type":"page","link":"https:\/\/consbahiablanca.esteri.it\/it\/servizi-consolari-e-visti\/servizi-per-il-cittadino-italiano\/stato-civile\/unione-civile\/","title":{"rendered":"Unione civile"},"content":{"rendered":"<div class=\"flex max-w-full flex-col flex-grow\">\n<div class=\"min-h-[20px] text-message flex w-full flex-col items-end gap-2 whitespace-normal break-words [.text-message+&amp;]:mt-5\" dir=\"auto\" data-message-author-role=\"assistant\" data-message-id=\"99161627-622f-46aa-b053-c4cc99fab878\">\n<div class=\"flex w-full flex-col gap-1 empty:hidden first:pt-[3px]\">\n<div class=\"markdown prose w-full break-words dark:prose-invert light\">\n<p><strong>Matrimonio egualitario<\/strong><\/p>\n<p>A partire dall&#8217;entrata in vigore del Decreto n. 144 del 23 luglio 2016 del Presidente del Consiglio dei Ministri, pubblicato nella GU n. 175 del 28 luglio 2016 e con efficacia a partire dal 29\/07\/2016, \u00e8 possibile richiedere l&#8217;iscrizione dei matrimoni tra persone dello stesso genere celebrati nella Repubblica Argentina, in virt\u00f9 della legge n. 76 del 20 maggio 2016, nel registro provvisorio delle unioni civili istituito nei Comuni italiani. \u00c8 importante sottolineare che il cittadino italiano che qui o in un altro Stato (fuori dall&#8217;Italia) ha contratto matrimonio o unione civile secondo la legge locale, anche prima dell&#8217;entrata in vigore della legge 76\/2016, ha l&#8217;obbligo di informare la sede consolare competente per residenza.<\/p>\n<p>Per poter registrare il matrimonio tra persone dello stesso genere, \u00e8 necessario presentare la seguente documentazione:<\/p>\n<ul>\n<li>Modulo di aggiornamento dati \u201c<a href=\"https:\/\/consbahiablanca.esteri.it\/wp-content\/uploads\/2023\/09\/MODELLO-UNICO-AGGIORNAMENTO-ISCRIZIONE-AIRE-SC.pdf\"><i>Modello Unico di iscrizione\/aggiornamento AIRE<\/i><\/a>\u201d completo in tutte le sue parti, dichiarando i figli minori, senza lasciare caselle vuote, datato e firmato.<\/li>\n<li>Copie dei documenti d&#8217;identit\u00e0 del nucleo familiare.<\/li>\n<li>Atto di matrimonio in originale (\u201cnon certificati\u201d), emesso dal Registro Civile, con traduzione integrale in italiano.<\/li>\n<li>Prova di residenza.<\/li>\n<\/ul>\n<p>In virt\u00f9 delle disposizioni dell&#8217;articolo 3 del Decreto Legislativo 223\/2012, i cittadini italiani all&#8217;estero devono accompagnare la loro richiesta di iscrizione\/variazione nell&#8217;AIRE (Registro degli Italiani all&#8217;Estero) con documentazione che permetta di comprovare il loro domicilio di residenza.<\/p>\n<p>\u00c8 possibile presentare:<\/p>\n<ul>\n<li>Bollette di servizi residenziali (luce, gas, telefono fisso, TV via cavo, internet).<\/li>\n<li>Busta paga, certificato di lavoro rilasciato dal datore di lavoro o attestato di iscrizione come lavoratore autonomo \u2013 solo in caso di lavoratore autonomo.<\/li>\n<li>Certificato o attestato di affiliazione a un ente di assistenza sanitaria (o bolletta mensile);<\/li>\n<li>Contratto di affitto;<\/li>\n<li>Certificato di studente regolare.<\/li>\n<\/ul>\n<p>Non sono accettati documenti fiscali, certificati di polizia, bollette dell&#8217;acqua, bollette di telefonia mobile o assicurazioni.<\/p>\n<p><strong>Se \u00e8 divorziato, non \u00e8 sufficiente presentare l&#8217;atto di matrimonio con l&#8217;annotazione marginale. Dovr\u00e0 presentare la sentenza completa; vedere le istruzioni nella sezione Trasmissione della sentenza di divorzio.<\/strong><\/p>\n<\/div>\n<\/div>\n<\/div>\n<\/div>\n<div class=\"mb-2 flex gap-3 empty:hidden -ml-2\">\n<div class=\"items-center justify-start rounded-xl p-1 flex\">\n<div class=\"flex items-center\"><button class=\"rounded-lg text-token-text-secondary hover:bg-token-main-surface-secondary\" aria-label=\"Copiar\" data-testid=\"copy-turn-action-button\"><\/button><\/p>\n<div class=\"flex items-center pb-0\"><\/div>\n<\/div>\n<\/div>\n<\/div>\n<p>&nbsp;<\/p>\n","protected":false},"excerpt":{"rendered":"Matrimonio egualitario A partire dall&#8217;entrata in vigore del Decreto n. 144 del 23 luglio 2016 del Presidente del Consiglio dei Ministri, pubblicato nella GU n. 175 del 28 luglio 2016 e con efficacia a partire dal 29\/07\/2016, \u00e8 possibile richiedere l&#8217;iscrizione dei matrimoni tra persone dello stesso genere celebrati nella Repubblica Argentina, in virt\u00f9 della [&hellip;]","protected":false},"author":3,"featured_media":0,"parent":86,"menu_order":15,"comment_status":"closed","ping_status":"closed","template":"","meta":{"footnotes":""},"class_list":["post-319","page","type-page","status-publish","hentry"],"_links":{"self":[{"href":"https:\/\/consbahiablanca.esteri.it\/it\/wp-json\/wp\/v2\/pages\/319","targetHints":{"allow":["GET"]}}],"collection":[{"href":"https:\/\/consbahiablanca.esteri.it\/it\/wp-json\/wp\/v2\/pages"}],"about":[{"href":"https:\/\/consbahiablanca.esteri.it\/it\/wp-json\/wp\/v2\/types\/page"}],"author":[{"embeddable":true,"href":"https:\/\/consbahiablanca.esteri.it\/it\/wp-json\/wp\/v2\/users\/3"}],"replies":[{"embeddable":true,"href":"https:\/\/consbahiablanca.esteri.it\/it\/wp-json\/wp\/v2\/comments?post=319"}],"version-history":[{"count":3,"href":"https:\/\/consbahiablanca.esteri.it\/it\/wp-json\/wp\/v2\/pages\/319\/revisions"}],"predecessor-version":[{"id":5309,"href":"https:\/\/consbahiablanca.esteri.it\/it\/wp-json\/wp\/v2\/pages\/319\/revisions\/5309"}],"up":[{"embeddable":true,"href":"https:\/\/consbahiablanca.esteri.it\/it\/wp-json\/wp\/v2\/pages\/86"}],"wp:attachment":[{"href":"https:\/\/consbahiablanca.esteri.it\/it\/wp-json\/wp\/v2\/media?parent=319"}],"curies":[{"name":"wp","href":"https:\/\/api.w.org\/{rel}","templated":true}]}}