{"id":35,"date":"2023-04-03T19:15:30","date_gmt":"2023-04-03T17:15:30","guid":{"rendered":"https:\/\/consolatozurigo.esteri.it\/?page_id=35"},"modified":"2023-09-28T13:22:50","modified_gmt":"2023-09-28T16:22:50","slug":"la-sede","status":"publish","type":"page","link":"https:\/\/consbahiablanca.esteri.it\/it\/chi-siamo\/la-sede\/","title":{"rendered":"La Sede"},"content":{"rendered":"<p style=\"text-align: center;\"><img loading=\"lazy\" decoding=\"async\" class=\"alignnone wp-image-505 img-fluid\" src=\"https:\/\/consbahiablanca.esteri.it\/wp-content\/uploads\/2023\/08\/Consolato-per-sito3-300x196.jpg\" alt=\"\" width=\"466\" height=\"304\" srcset=\"https:\/\/consbahiablanca.esteri.it\/wp-content\/uploads\/2023\/08\/Consolato-per-sito3-300x196.jpg 300w, https:\/\/consbahiablanca.esteri.it\/wp-content\/uploads\/2023\/08\/Consolato-per-sito3-768x501.jpg 768w, https:\/\/consbahiablanca.esteri.it\/wp-content\/uploads\/2023\/08\/Consolato-per-sito3.jpg 896w\" sizes=\"auto, (max-width: 466px) 100vw, 466px\" \/><\/p>\n<div class=\"entry-content\">\n<p style=\"text-align: center;\">La sede del Consolato Generale d&#8217;Italia a Bah\u00eda Blanca si trova in:<\/p>\n<p style=\"text-align: center;\">Avenida Leandro Niceforo Alem, 309 (8000) Bah\u00eda Blanca<\/p>\n<p>Rispondiamo dal luned\u00ec al venerd\u00ec dalle ore 9.30 alle 13.30 al seguente numero di telefono: 0054 9 291 442 8255 (no SMS) Causa elevato traffico telefonico, se l&#8217;attesa supera i 5 minuti si prega di richiamare<\/p>\n<p>La nostra mail istituzionale \u00e8: consolato.bahiablanca@esteri.it<\/p>\n<p>Ed il nostro indirizzo di Posta Elettronica Certificata \u00e8: con.bahiablanca@cert.esteri.it<\/p>\n<\/div>\n","protected":false},"excerpt":{"rendered":"La sede del Consolato Generale d&#8217;Italia a Bah\u00eda Blanca si trova in: Avenida Leandro Niceforo Alem, 309 (8000) Bah\u00eda Blanca Rispondiamo dal luned\u00ec al venerd\u00ec dalle ore 9.30 alle 13.30 al seguente numero di telefono: 0054 9 291 442 8255 (no SMS) Causa elevato traffico telefonico, se l&#8217;attesa supera i 5 minuti si prega di [&hellip;]","protected":false},"author":1,"featured_media":0,"parent":13,"menu_order":2,"comment_status":"closed","ping_status":"closed","template":"","meta":{"footnotes":""},"class_list":["post-35","page","type-page","status-publish","hentry"],"_links":{"self":[{"href":"https:\/\/consbahiablanca.esteri.it\/it\/wp-json\/wp\/v2\/pages\/35","targetHints":{"allow":["GET"]}}],"collection":[{"href":"https:\/\/consbahiablanca.esteri.it\/it\/wp-json\/wp\/v2\/pages"}],"about":[{"href":"https:\/\/consbahiablanca.esteri.it\/it\/wp-json\/wp\/v2\/types\/page"}],"author":[{"embeddable":true,"href":"https:\/\/consbahiablanca.esteri.it\/it\/wp-json\/wp\/v2\/users\/1"}],"replies":[{"embeddable":true,"href":"https:\/\/consbahiablanca.esteri.it\/it\/wp-json\/wp\/v2\/comments?post=35"}],"version-history":[{"count":6,"href":"https:\/\/consbahiablanca.esteri.it\/it\/wp-json\/wp\/v2\/pages\/35\/revisions"}],"predecessor-version":[{"id":952,"href":"https:\/\/consbahiablanca.esteri.it\/it\/wp-json\/wp\/v2\/pages\/35\/revisions\/952"}],"up":[{"embeddable":true,"href":"https:\/\/consbahiablanca.esteri.it\/it\/wp-json\/wp\/v2\/pages\/13"}],"wp:attachment":[{"href":"https:\/\/consbahiablanca.esteri.it\/it\/wp-json\/wp\/v2\/media?parent=35"}],"curies":[{"name":"wp","href":"https:\/\/api.w.org\/{rel}","templated":true}]}}