{"id":363,"date":"2023-05-24T20:25:15","date_gmt":"2023-05-24T18:25:15","guid":{"rendered":"https:\/\/consbahiablanca.esteri.it\/?page_id=363"},"modified":"2023-09-26T20:52:53","modified_gmt":"2023-09-26T18:52:53","slug":"procura","status":"publish","type":"page","link":"https:\/\/consbahiablanca.esteri.it\/it\/servizi-consolari-e-visti\/servizi-per-il-cittadino-italiano\/notarile\/procura\/","title":{"rendered":"Procura"},"content":{"rendered":"<p>La procura \u00e8 un atto con il quale si d\u00e0 la facolt\u00e0 ad un\u2019altra persona di agire in propria vece e rappresentanza ed a compiere gli atti necessari per raggiungere un determinato scopo (es. vendere, acquistare, amministrare, fare donazione, accettare donazione, costituire o sciogliere societ\u00e0, richiedere pubblicazioni di matrimonio, ecc.).<\/p>\n<p>Le procure si dividono in due categorie:<\/p>\n<ul>\n<li>&#8220;<strong>Procura Generale<\/strong>&#8221; (procura da utilizzare con estrema cautela dati gli ampissimi poteri che conferisce al mandatario): mandante + mandatario + 2 testimoni muniti di documento d\u2019identit\u00e0 valido;<\/li>\n<li>&#8220;<strong>Procura Speciale<\/strong>&#8220;; in quest&#8217;ultimo caso specificare se si tratta di:<br \/>\na)\u00a0procura speciale alle <strong>Liti<\/strong>: mandante + mandatario (poich\u00e9 trattasi di un avvocato, fornire anche sede dello Studio legale) + generalit\u00e0 complete o estremi della persona o societ\u00e0 contro cui agire;<br \/>\nb)\u00a0procura speciale per <strong>acquisto o vendita<\/strong> beni <strong>immobili<\/strong>: mandante + mandatario + descrizione dell&#8217;immobile (ubicazione-composizione) preferibilmente con gli estremi catastali;<br \/>\nc)\u00a0procura speciale per <strong>acquisto o vendita autoveicoli\/motocicli<\/strong>: mandante + mandatario + descrizione del veicolo\/motociclo (marca, modello, targa);<br \/>\nd)\u00a0procura speciale per <strong>acquisto\/vendita\/scioglimento<\/strong> di <strong>societ\u00e0<\/strong> : mandante + mandatario + descrizione della societ\u00e0;<br \/>\ne)\u00a0procure speciali per pratiche di <strong>successione<\/strong> e\/o atti di <strong>accettazione\/rinuncia<\/strong> relativi a <strong>eredit\u00e0:<\/strong> mandante + mandatario + bene oggetto dell&#8217;eredit\u00e0 + generalit\u00e0 complete del &#8220;de cujus&#8221; (congiunto deceduto), compresi luogo e data di nascita e di decesso, + 2 testimoni muniti di documento d\u2019identit\u00e0 valido;<br \/>\nf)\u00a0procura speciale per <strong>donazione\/accettazione di donazione<\/strong>: mandante + mandatario + beneficiario della donazione + descrizione dettagliata dei beni oggetto della donazione + 2 testimoni muniti di documento d\u2019identit\u00e0 valido;<\/li>\n<\/ul>\n","protected":false},"excerpt":{"rendered":"La procura \u00e8 un atto con il quale si d\u00e0 la facolt\u00e0 ad un\u2019altra persona di agire in propria vece e rappresentanza ed a compiere gli atti necessari per raggiungere un determinato scopo (es. vendere, acquistare, amministrare, fare donazione, accettare donazione, costituire o sciogliere societ\u00e0, richiedere pubblicazioni di matrimonio, ecc.). Le procure si dividono in [&hellip;]","protected":false},"author":3,"featured_media":0,"parent":359,"menu_order":10,"comment_status":"closed","ping_status":"closed","template":"","meta":{"footnotes":""},"class_list":["post-363","page","type-page","status-publish","hentry"],"_links":{"self":[{"href":"https:\/\/consbahiablanca.esteri.it\/it\/wp-json\/wp\/v2\/pages\/363","targetHints":{"allow":["GET"]}}],"collection":[{"href":"https:\/\/consbahiablanca.esteri.it\/it\/wp-json\/wp\/v2\/pages"}],"about":[{"href":"https:\/\/consbahiablanca.esteri.it\/it\/wp-json\/wp\/v2\/types\/page"}],"author":[{"embeddable":true,"href":"https:\/\/consbahiablanca.esteri.it\/it\/wp-json\/wp\/v2\/users\/3"}],"replies":[{"embeddable":true,"href":"https:\/\/consbahiablanca.esteri.it\/it\/wp-json\/wp\/v2\/comments?post=363"}],"version-history":[{"count":1,"href":"https:\/\/consbahiablanca.esteri.it\/it\/wp-json\/wp\/v2\/pages\/363\/revisions"}],"predecessor-version":[{"id":364,"href":"https:\/\/consbahiablanca.esteri.it\/it\/wp-json\/wp\/v2\/pages\/363\/revisions\/364"}],"up":[{"embeddable":true,"href":"https:\/\/consbahiablanca.esteri.it\/it\/wp-json\/wp\/v2\/pages\/359"}],"wp:attachment":[{"href":"https:\/\/consbahiablanca.esteri.it\/it\/wp-json\/wp\/v2\/media?parent=363"}],"curies":[{"name":"wp","href":"https:\/\/api.w.org\/{rel}","templated":true}]}}